{"id":106,"date":"2018-11-17T02:07:21","date_gmt":"2018-11-17T01:07:21","guid":{"rendered":"https:\/\/lecercleetlecarre.wordpress.com\/?page_id=106"},"modified":"2024-06-29T22:04:13","modified_gmt":"2024-06-29T20:04:13","slug":"formations-en-qigong-ymaa","status":"publish","type":"page","link":"https:\/\/lecercleetlecarre.fr\/index.php\/formations-en-qigong-ymaa\/","title":{"rendered":"Formations en Q\u00ecg\u014dng YMAA"},"content":{"rendered":"\n<h3 class=\"wp-block-heading\"><strong>Sant\u00e9, martial et spirituel : tous les aspects importants du <a href=\"https:\/\/lecercleetlecarre.fr\/index.php\/qi-gong\/\" target=\"_blank\" rel=\"noreferrer noopener\">Q\u00ecg\u014dng<\/a> sont abord\u00e9s dans <a rel=\"noreferrer noopener\" href=\"https:\/\/lecercleetlecarre.fr\/index.php\/le-programme-de-notre-cursus-complet-de-qigong-ymaa\/\" target=\"_blank\">notre cursus YMAA<\/a>&nbsp;!<\/strong><\/h3>\n\n\n\n<p><strong><a rel=\"noreferrer noopener\" href=\"https:\/\/lecercleetlecarre.fr\/index.php\/ecole-ymaa-paris-nord\/\" target=\"_blank\">L&#8217;\u00e9cole YMAA Paris Nord<\/a><\/strong> est heureuse de vous proposer des s\u00e9minaires de formation (dont <a href=\"https:\/\/lecercleetlecarre.fr\/index.php\/le-programme-de-notre-cursus-complet-de-qigong-ymaa\/\" target=\"_blank\" rel=\"noreferrer noopener\">un cursus complet sur 3 ans<\/a>) touchant aux domaines suivants :<\/p>\n\n\n\n<p>&#8211; L&#8217;entretien de la <strong>sant\u00e9<\/strong>, de notre <strong>colonne vert\u00e9brale<\/strong> et de notre <strong>bio-batterie<\/strong><\/p>\n\n\n\n<p>&#8211; Le&nbsp;<strong>q\u00ecg\u014dng th\u00e9rapeutique<\/strong> pour renforcer et aider nos tendons, ainsi que nos organes internes<\/p>\n\n\n\n<p>&#8211; Le&nbsp;<strong>q\u00ecg\u014dng martial<\/strong> pour d\u00e9velopper et renforcer nos possibilit\u00e9s physiques, notamment musculaires et articulaires, afin de d\u00e9velopper puissance et endurance<\/p>\n\n\n\n<p>&#8211; Le <strong>massage&nbsp;q\u00ecg\u014dng<\/strong> et ses bienfaits, notamment en termes de relaxation, de d\u00e9blocage de n\u0153uds de q\u00ec et de circulation \u00e9nerg\u00e9tique<\/p>\n\n\n\n<p>&#8211; La <strong>m\u00e9ditation&nbsp;q\u00ecg\u014dng<\/strong>, afin de calmer nos pens\u00e9es et nos \u00e9motions pour pouvoir b\u00e9n\u00e9ficier de plus et d&#8217;une meilleure \u00e9nergie, en nous reconnectant \u00e0 nous-m\u00eame, ainsi qu&#8217;\u00e0 l&#8217;Univers et \u00e0 la Nature&#8230; ce qui nous redonne acc\u00e8s \u00e0 notre Spiritualit\u00e9.<\/p>\n\n\n\n<figure class=\"wp-block-image\"><img loading=\"lazy\" decoding=\"async\" width=\"1024\" height=\"768\" src=\"https:\/\/lecercleetlecarre.fr\/wp-content\/uploads\/2019\/09\/IMG_3065-1024x768.jpg\" alt=\"\" class=\"wp-image-1293\" srcset=\"https:\/\/lecercleetlecarre.fr\/wp-content\/uploads\/2019\/09\/IMG_3065-1024x768.jpg 1024w, https:\/\/lecercleetlecarre.fr\/wp-content\/uploads\/2019\/09\/IMG_3065-300x225.jpg 300w, https:\/\/lecercleetlecarre.fr\/wp-content\/uploads\/2019\/09\/IMG_3065-768x576.jpg 768w, https:\/\/lecercleetlecarre.fr\/wp-content\/uploads\/2019\/09\/IMG_3065-676x507.jpg 676w\" sizes=\"auto, (max-width: 1024px) 100vw, 1024px\" \/><figcaption class=\"wp-element-caption\">La photo souvenir de famille 2019 avec le Ma\u00eetre, comme chaque \u00e9t\u00e9, depuis 2011&#8230;<\/figcaption><\/figure>\n\n\n\n<p>Vous trouverez plus de d\u00e9tail sur les pages suivantes :<\/p>\n\n\n\n<ul class=\"wp-block-list\">\n<li><strong><a rel=\"noreferrer noopener\" href=\"https:\/\/lecercleetlecarre.fr\/index.php\/les-specificites-du-qigong-de-lecole-ymaa\/\" target=\"_blank\">Les sp\u00e9cificit\u00e9s du Q\u00ecg\u014dng de l\u2019\u00e9cole YMAA<\/a><\/strong><\/li>\n\n\n\n<li><span style=\"font-size:1em;font-weight:600;\"><a rel=\"noreferrer noopener\" href=\"https:\/\/lecercleetlecarre.fr\/index.php\/le-programme-de-notre-cursus-complet-de-qigong-ymaa\/\" target=\"_blank\">Le programme de notre cursus complet de Q\u00ecg\u014dng YMAA<\/a><\/span><\/li>\n\n\n\n<li><strong><a href=\"https:\/\/lecercleetlecarre.fr\/index.php\/intervenants-lieux-horaires-et-tarifs-des-seminaires-ymaa-paris-nord\/\" data-type=\"link\" data-id=\"https:\/\/lecercleetlecarre.fr\/index.php\/intervenants-lieux-horaires-et-tarifs-des-seminaires-ymaa-paris-nord\/\">Lieux, horaires, tarifs et <strong>intervenant<\/strong>s des s\u00e9minaires YMAA Paris Nord<\/a><\/strong><\/li>\n\n\n\n<li><strong><a rel=\"noreferrer noopener\" href=\"https:\/\/lecercleetlecarre.fr\/index.php\/sinscrire-a-un-stage-un-seminaire-ou-au-cursus\/\" target=\"_blank\">S\u2019inscrire \u00e0 un stage, un s\u00e9minaire ou au&nbsp;cursus<\/a><\/strong><\/li>\n<\/ul>\n\n\n\n<p><\/p>\n","protected":false},"excerpt":{"rendered":"<p>Sant\u00e9, martial et spirituel : tous les aspects importants du Q\u00ecg\u014dng sont abord\u00e9s dans notre cursus YMAA&nbsp;! L&#8217;\u00e9cole YMAA Paris Nord est heureuse de vous proposer des s\u00e9minaires de formation &hellip; <a href=\"https:\/\/lecercleetlecarre.fr\/index.php\/formations-en-qigong-ymaa\/\" class=\"more-link\">Lire la suite de <span class=\"screen-reader-text\">Formations en Q\u00ecg\u014dng YMAA<\/span><\/a><\/p>\n","protected":false},"author":3,"featured_media":35,"parent":0,"menu_order":0,"comment_status":"closed","ping_status":"closed","template":"","meta":{"_s2mail":"yes","_EventAllDay":false,"_EventTimezone":"","_EventStartDate":"","_EventEndDate":"","_EventStartDateUTC":"","_EventEndDateUTC":"","_EventShowMap":false,"_EventShowMapLink":false,"_EventURL":"","_EventCost":"","_EventCostDescription":"","_EventCurrencySymbol":"","_EventCurrencyCode":"","_EventCurrencyPosition":"","_EventDateTimeSeparator":"","_EventTimeRangeSeparator":"","_EventOrganizerID":[],"_EventVenueID":[],"_OrganizerEmail":"","_OrganizerPhone":"","_OrganizerWebsite":"","_VenueAddress":"","_VenueCity":"","_VenueCountry":"","_VenueProvince":"","_VenueState":"","_VenueZip":"","_VenuePhone":"","_VenueURL":"","_VenueStateProvince":"","_VenueLat":"","_VenueLng":"","_VenueShowMap":false,"_VenueShowMapLink":false,"footnotes":""},"class_list":["post-106","page","type-page","status-publish","has-post-thumbnail","hentry"],"_links":{"self":[{"href":"https:\/\/lecercleetlecarre.fr\/index.php\/wp-json\/wp\/v2\/pages\/106","targetHints":{"allow":["GET"]}}],"collection":[{"href":"https:\/\/lecercleetlecarre.fr\/index.php\/wp-json\/wp\/v2\/pages"}],"about":[{"href":"https:\/\/lecercleetlecarre.fr\/index.php\/wp-json\/wp\/v2\/types\/page"}],"author":[{"embeddable":true,"href":"https:\/\/lecercleetlecarre.fr\/index.php\/wp-json\/wp\/v2\/users\/3"}],"replies":[{"embeddable":true,"href":"https:\/\/lecercleetlecarre.fr\/index.php\/wp-json\/wp\/v2\/comments?post=106"}],"version-history":[{"count":14,"href":"https:\/\/lecercleetlecarre.fr\/index.php\/wp-json\/wp\/v2\/pages\/106\/revisions"}],"predecessor-version":[{"id":4318,"href":"https:\/\/lecercleetlecarre.fr\/index.php\/wp-json\/wp\/v2\/pages\/106\/revisions\/4318"}],"wp:featuredmedia":[{"embeddable":true,"href":"https:\/\/lecercleetlecarre.fr\/index.php\/wp-json\/wp\/v2\/media\/35"}],"wp:attachment":[{"href":"https:\/\/lecercleetlecarre.fr\/index.php\/wp-json\/wp\/v2\/media?parent=106"}],"curies":[{"name":"wp","href":"https:\/\/api.w.org\/{rel}","templated":true}]}}