{"id":1527,"date":"2019-10-04T15:07:35","date_gmt":"2019-10-04T13:07:35","guid":{"rendered":"https:\/\/lecercleetlecarre.fr\/?page_id=1527"},"modified":"2022-09-06T01:16:09","modified_gmt":"2022-09-05T23:16:09","slug":"reiki-trahison-ou-tradition","status":"publish","type":"page","link":"https:\/\/lecercleetlecarre.fr\/index.php\/reiki-trahison-ou-tradition\/","title":{"rendered":"Le Reiki contemporain : Trahison ou Tradition ?"},"content":{"rendered":"\n<p>Le mot &#8220;<strong>Tradition<\/strong>&#8221; vient du <strong>latin <\/strong><em><strong>tradere<\/strong><\/em>, compos\u00e9 de <em>trans<\/em> (&#8220;\u00e0 travers&#8221;) et de <em>dare<\/em> (&#8220;donner&#8221;) ; il signifie &#8220;<em>faire passer \u00e0 un autre<\/em>&#8221; et donc, selon le Gaffiot : &#8220;<em>transmettre, confier, remettre, et par suite abandonner<\/em>&#8220;. Le m\u00eame verbe latin <em>tradere<\/em> est \u00e9galement <strong>\u00e0 l&#8217;origine d&#8217;un autre mot fran\u00e7ais<\/strong> bien connu : &#8220;<strong>Trahison<\/strong>&#8221; ! En ce sens la Tradition est toujours une Trahison&#8230; et la Trahison est toujours une Tradition !!! C&#8217;est \u00e9videmment vrai pour le Reiki.<\/p>\n\n\n\n<p>De ce <strong>double sens \u00e9tymologique<\/strong> jaillit donc la question de l&#8217;utilisation juste du terme &#8220;Traditionnel&#8221; pour parler d&#8217;une pratique de Reiki et du rapport consubstantiel de cette Tradition avec une forme de Trahison, c&#8217;est-\u00e0-dire de l&#8217;abandon du legs historique de Mikao Usui pour faire&#8230; autre chose, ce qui n&#8217;est ni bien, ni mal en soi.<\/p>\n\n\n\n<h3 class=\"wp-block-heading\">Le legs historique de Mikao Usui : de la l\u00e9gende \u00e0 l&#8217;archive<\/h3>\n\n\n\n<p><strong>L&#8217;histoire du Reiki diffus\u00e9e \u00e0 l&#8217;\u00e9poque des pionniers occidentaux<\/strong> du Reiki dans les ann\u00e9es 1990, et notamment celle de Mikao Usui, a surtout \u00e9t\u00e9 fond\u00e9es sur <strong>les \u00e9crits de Fran Brown<\/strong>, une amie de Takata faisant partie de ses 20 Ma\u00eetres-Enseignants. Malheureusement, ceux qui ont cherch\u00e9 \u00e0 <strong>creuser un peu plus factuellement ses histoires<\/strong> (en bons historiens) se sont vite aper\u00e7us qu&#8217;elles \u00e9taient pour le moins&#8230; <strong>approximatives, si ce n&#8217;est erron\u00e9es, voire fabriqu\u00e9es de toute pi\u00e8ce<\/strong> (les documents d&#8217;archives ne permettent pas du tout de corroborer certains aspects, voire les d\u00e9mentent carr\u00e9ment) ! Il est vrai que <strong>la l\u00e9gende est toujours accommodante<\/strong> pour qui sait l&#8217;utiliser ou la cr\u00e9er pour son propre profit ; elle a aussi l&#8217;avantage d&#8217;\u00eatre <strong>floue<\/strong> et de <strong>pouvoir changer<\/strong> au fur et \u00e0 mesure, <strong>\u00e9pousant ainsi au mieux nos int\u00e9r\u00eats du moment<\/strong>. C&#8217;est du moins l&#8217;<strong>usage rh\u00e9torique<\/strong> que ne manquera pas d&#8217;en faire tout bon sophiste, notamment les sophistes modernes que sont les marketeurs.<\/p>\n\n\n\n<p>Nous avons ainsi <strong>quantit\u00e9 de l\u00e9gendes circulant sur le Reiki<\/strong> (parfois \u00e0 peine croyables, si ce n&#8217;est cr\u00e9dibles) et certains courants sont tr\u00e8s prompts \u00e0 vouloir &#8220;r\u00e9tablir la v\u00e9rit\u00e9&#8221;&#8230; mais sur certains pans seulement, <strong>laissant de c\u00f4t\u00e9 d&#8217;autres pans qui les d\u00e9rangent<\/strong> et ne viennent pas corroborer (voire contredisent) certaines des pratiques qu&#8217;ils sugg\u00e8rent, ce qui n&#8217;est rien d&#8217;autre que de la malhonn\u00eatet\u00e9 intellectuelle et c&#8217;est bien dommage car <strong>il y a de la place pour tout le monde en Reiki<\/strong> : du Reiki <strong>issu essentiellement d&#8217;Usui<\/strong> et de ses pratiques historiques, comme du <strong>Reiki venu d&#8217;ailleurs (non Usui)<\/strong> ou encore du <strong>Reiki ayant tellement chang\u00e9<\/strong> qu&#8217;il n&#8217;est plus fond\u00e9 sur les bases traditionnelles jet\u00e9s par Usui mais sur d&#8217;autres, <strong>ouvrant ainsi la voie \u00e0 de nouvelles traditions<\/strong> (g\u00e9n\u00e9ralement depuis les ann\u00e9es 2000), comme c&#8217;est le cas pour le Reiki &#8220;modernis\u00e9&#8221; (Hirochi Doi) ou le Reiki &#8220;Bunseki&#8221; de la FFRT (Christian Mortier &amp; Estelle Ivanez).<\/p>\n\n\n\n<p><strong>Mikao Usui<\/strong> (\u81fc\u4e95\u7515\u7537, 15\/08\/1865 \u2013 09\/03\/1926), le fondateur de notre branche du Reiki, n&#8217;a dispens\u00e9 et transmis son enseignement que durant une p\u00e9riode d&#8217;un peu moins de 4 ans seulement (1922-1926)&#8230; Il a ainsi pu <strong><span style=\"text-decoration: underline;\">jeter les bases explicites d&#8217;une approche &#8220;Reiki Usui&#8221;<\/span><\/strong> (<em>gokai<\/em>, <em>gassh\u014d<\/em>, <em>reiji h\u014d<\/em>, <em>chiry\u014d<\/em>, <em>reiju<\/em>), mais il n\u2019a <strong>pas r\u00e9ellement eu le temps d\u2019instituer une Tradition fermement codifi\u00e9e<\/strong> : ce seront apparemment les Shihan et pr\u00e9sidents de la Gakkai qui le feront graduellement, bien que la structure d&#8217;ensemble provienne directement d&#8217;Usui sensei lui-m\u00eame (selon les documents d&#8217;archives et les t\u00e9moignages nous \u00e9tant parvenus), tout comme les 5 pr\u00e9ceptes (<em><strong>gokai<\/strong><\/em>). On conna\u00eet ainsi bien, historiquement, <strong>certaines des grandes pratiques embl\u00e9matiques et av\u00e9r\u00e9es<\/strong> <strong>d&#8217;Usui sensei<\/strong> comme <em><strong>gassh\u014d<\/strong><\/em><strong> <\/strong>ou <em><strong>reiju<\/strong><\/em><strong> <\/strong>(il y a de <em>tr\u00e8s nombreux t\u00e9moignages historiques<\/em>, ce qui montre \u00e0 quel point elles \u00e9taient importantes pour Usui sensei), mais il a \u00e9galement laiss\u00e9s <em>quelques \u00e9crits<\/em> (red\u00e9couverts \u00e0 la fin des ann\u00e9es 1990), dont un manuel de traitement simple et pr\u00e9cis (\u00e0 l&#8217;usage des d\u00e9butants) sur le <em><strong>chiry\u014d<\/strong><\/em> (on en retrouvera l&#8217;influence tr\u00e8s visible dans le manuel d\u00e9butant d&#8217;Hayasahi, puis dans le &#8220;traitement fondamental&#8221; de Takata). Quant \u00e0 <em><strong>reiji h\u014d<\/strong><\/em>, elle n&#8217;a toujours \u00e9t\u00e9 abord\u00e9e qu&#8217;\u00e0 partir du 2\u00e8me Degr\u00e9 (Okuden), et ce dans toutes les lign\u00e9es japonaises issues d&#8217;Usui et rest\u00e9es au Japon (la Gakkai, les Yamaguchi, etc.).<\/p>\n\n\n\n<p>Plut\u00f4t qu&#8217;une Tradition, <strong>Mikao Usui a ainsi plut\u00f4t initi\u00e9&nbsp;une lign\u00e9e ou une filiation, au travers des 20 Reijusha\/Shihan<\/strong> qu&#8217;il avait compl\u00e8tement form\u00e9 (dont Ch\u016bjir\u014d Hayashi, l\u2019initiateur de Takata, fut le dernier \u00e0 recevoir ce titre d\u2019Usui) : c&#8217;est par eux que le legs historique de Mikao Usui a \u00e9t\u00e9 transmis aux g\u00e9n\u00e9rations suivantes.<\/p>\n\n\n\n<h3 class=\"wp-block-heading\">Tradition et modernit\u00e9 : \u00e9volutions positives ou \u00e9garements ?<\/h3>\n\n\n\n<p>De ce fait, sauf \u00e0 suivre directement les enseignements de la Gakkai au Japon, <strong>l\u2019appellation &#8220;Reiki Traditionnel&#8221; est impropre&nbsp;et&nbsp;usurp\u00e9e<\/strong>, puisque ce qui y est propos\u00e9 n&#8217;est&nbsp;<strong><em>qu&#8217;une cr\u00e9ation ou qu&#8217;une recr\u00e9ation moderne<\/em><\/strong>&nbsp;(\u00e0 partir des ann\u00e9es 2000-2010, le plus souvent). Le mot \u201cTraditionnel\u201d est alors surtout utilis\u00e9 de fa\u00e7on marketing et&nbsp;<em>non n\u00e9cessairement dans le sens du respect des enseignements et techniques historiques d\u2019Usui sensei<\/em>.<\/p>\n\n\n\n<p>Si certains&nbsp;<a href=\"https:\/\/lecercleetlecarre.fr\/index.php\/les-grands-courants-du-reiki-aujourdhui\/\"><strong>courants du Reiki<\/strong><\/a>&nbsp;se pr\u00e9tendent \u201ctraditionnels\u201d (voire \u201cjaponais\u201d ou m\u00eame \u201ctib\u00e9tain\u201d, etc.), d\u2019autres courants (pourtant issus d\u2019authentiques japonais ayant appris le Reiki au Japon \u00e0 la Gakkai, et non d\u2019occidentaux ayant appris le Reiki occidental en occident) ne se cachent absolument pas&nbsp;<strong>des \u00e9volutions et changements qu\u2019ils ont apport\u00e9s \u00e0 la forme de Reiki qu\u2019ils transmettent<\/strong>&nbsp;(<em>ce que fait quasiment tout le monde<\/em>\u2026).<\/p>\n\n\n<div class=\"wp-block-image\">\n<figure class=\"aligncenter\"><img loading=\"lazy\" decoding=\"async\" width=\"194\" height=\"300\" src=\"https:\/\/lecercleetlecarre.fr\/wp-content\/uploads\/2019\/09\/Gendai-Reiki-Cover.jpg\" alt=\"\" class=\"wp-image-1329\"\/><\/figure>\n<\/div>\n\n\n<p>Ils utilisent d&#8217;ailleurs clairement l\u2019expression \u201c<strong>Reiki moderne<\/strong>\u201d&nbsp;<strong>(Gendai Reiki)<\/strong>&nbsp;: c\u2019est notamment le cas d\u2019<em>Hiroshi Doi<\/em> (on peut voir ci-dessus la couverture d\u2019un de ses livres traduit en anglais) ; ce dernier est pourtant l\u2019un des tr\u00e8s rares japonais \u00e0 avoir <em>appris,&nbsp;pendant une dizaine d\u2019ann\u00e9es, le Reiki dispens\u00e9 par la Gakkai<\/em>&nbsp;<em>au Japon<\/em>, apr\u00e8s avoir appris le Reiki occidentalis\u00e9. Hiroshi Doi distingue d\u2019ailleurs dans ses enseignements ce qu\u2019il a re\u00e7u de la Tradition \u00e0 la Gakkai au Japon (<strong>Dent\u014d Reiki<\/strong>, c\u2019est-\u00e0-dire litt\u00e9ralement &#8220;<strong>Reiki Traditionnel<\/strong>&#8220;, le seul pouvant l\u00e9gitimement pr\u00e9tendre \u00e0 ce titre\u2026) de ce qu\u2019il a ajout\u00e9, enlev\u00e9, chang\u00e9 ou modifi\u00e9 (Gendai Reiki)\u2026 parfois de fa\u00e7on assez significative !<\/p>\n\n\n\n<p>C\u2019est tout simplement&nbsp;<strong>honn\u00eate que de reconna\u00eetre que la forme de Reiki que l\u2019on transmet a \u00e9volu\u00e9 depuis Mikao Usui<\/strong>&nbsp;(un peu, voire vraiment beaucoup) et n\u2019est certainement plus la forme originelle dispens\u00e9e par Mikao Usui, m\u00eame si elle en est plus ou moins issue. \u00c0 part \u00e9ventuellement le Reiki enseign\u00e9 par la Gakkai au Japon (ultra-confidentiel),&nbsp;<strong>le seul enseignement disponible du Reiki aujourd\u2019hui est un enseignement moderne et modifi\u00e9 par rapport \u00e0 ses origines<\/strong>. Modifi\u00e9, donc perverti ? Pas n\u00e9cessairement, mais c\u2019est un risque r\u00e9el. Est-ce grave ? Cela d\u00e9pend&#8230;<\/p>\n\n\n\n<h3 class=\"wp-block-heading\">Pour que vous puissiez authentiquement trouver le Reiki qui vous correspond<\/h3>\n\n\n\n<p>Le\u00a0<strong>Reiki<\/strong>\u00a0tel qu\u2019il nous est parvenu depuis le fondateur est donc d\u2019abord une affaire de lign\u00e9e,\u00a0<strong>une transmission de certains principes, de certaines pratiques et m\u00e9thodes<\/strong>\u00a0(<strong><em>gokai<\/em><\/strong>, <em><strong>gassh\u014d<\/strong><\/em>, <em><strong>reiji h\u014d<\/strong><\/em>, <em><strong>chiry\u014d<\/strong><\/em>, <em><strong>reiju<\/strong><\/em>) \u00e0 des \u00e9l\u00e8ves qui, \u00e0 leur tour, leurs feront prendre\u00a0<strong>une forme personnalis\u00e9e<\/strong>\u2026 et y\u00a0<strong>ajouteront leurs propres recherches et d\u00e9couvertes !<\/strong>\u00a0En ce sens, la \u201cTradition\u201d est toujours une Trahison (ce que l\u2019on fait n\u2019est plus exactement ce que l\u2019on a re\u00e7u, ce qui prouve \u00e9galement que l\u2019art est vivant)\u2026 Mais ne dit-on pas \u00e9galement qu\u2019il faut que tout change pour que l\u2019essentiel demeure ? C&#8217;est-\u00e0-dire que <strong>le principe perdure, mais ne cesse de s&#8217;adapter dans de nouveaux contextes<\/strong>&#8230; plut\u00f4t que de se scl\u00e9roser dans une forme rigide et fig\u00e9e et finir par mourir et dispara\u00eetre en raison de son inadaptation (comme c&#8217;est, semble-t-il, malheureusement la tendance actuelle avec la transmission du Reiki par la Gakkai au Japon). Mais <strong>encore faut-il que le principe ou l&#8217;essence perdure<\/strong>.<\/p>\n\n\n<div class=\"wp-block-image\">\n<figure class=\"aligncenter\"><img loading=\"lazy\" decoding=\"async\" width=\"520\" height=\"400\" src=\"https:\/\/lecercleetlecarre.fr\/wp-content\/uploads\/2019\/09\/xfraude_espiritual_pagespeed_i.jpg\" alt=\"\" class=\"wp-image-1330\" srcset=\"https:\/\/lecercleetlecarre.fr\/wp-content\/uploads\/2019\/09\/xfraude_espiritual_pagespeed_i.jpg 520w, https:\/\/lecercleetlecarre.fr\/wp-content\/uploads\/2019\/09\/xfraude_espiritual_pagespeed_i-300x231.jpg 300w\" sizes=\"auto, (max-width: 520px) 100vw, 520px\" \/><figcaption>https:\/\/es.sott.net\/article\/40136-6-Signos-de-fraude-espiritual<\/figcaption><\/figure>\n<\/div>\n\n\n<p><strong>Les Traditions sont vivantes<\/strong>&nbsp;(\u00e9volutives) et peuvent se bonifier, mais cela n\u2019est malheureusement pas si fr\u00e9quent que cela\u2026 Chacun pr\u00e9tend d\u2019ailleurs en avoir saisi l\u2019essence, mais&nbsp;<strong>les diff\u00e9rentes versions du Reiki sont bien souvent contradictoires<\/strong>&nbsp;<strong>et surtout en concurrence<\/strong>, ce qui est <strong>tr\u00e8s loin de l\u2019Amour inconditionnel<\/strong>. Les humains ne sont pourtant qu\u2019une seule et m\u00eame famille, personne n\u2019a le monopole de la Spiritualit\u00e9 et de sa pratique. Et, surtout en Reiki, nous devrions nous rappeler que <strong>nous provenons de la m\u00eame source<\/strong> : les enseignements et les techniques qui constituent le legs historique de<strong> <\/strong>Mikao Usui&#8230; Mieux vaudrait donc nous rassembler autour de ce que nous avons en commun, pour continuer \u00e0 avancer, chercher et innover ensemble ; et <strong>ce que nous avons en commun, c&#8217;est justement l&#8217;h\u00e9ritage historique de Mikao Usui<\/strong>.<\/p>\n\n\n\n<h3 class=\"wp-block-heading\">\u00c0 la recherche de &#8220;votre&#8221; Reiki !<\/h3>\n\n\n\n<p>Comment, d\u00e8s lors,&nbsp;<strong>faire le tri parmi les diff\u00e9rentes pratiques du Reiki<\/strong>&nbsp;que l\u2019on voit fleurir ici et l\u00e0 ? Il vous appartiendra <strong>de vous faire votre propre id\u00e9e<\/strong>&nbsp;et de&nbsp;<strong>chercher pour trouver ce qui vous correspond le mieux<\/strong>. Et si cela vous correspond, cela sera bien ainsi ! \ud83d\ude00<\/p>\n\n\n<div class=\"wp-block-image\">\n<figure class=\"aligncenter\"><img loading=\"lazy\" decoding=\"async\" width=\"1024\" height=\"683\" src=\"https:\/\/lecercleetlecarre.fr\/wp-content\/uploads\/2019\/09\/Boxing-fist-1024x683.jpg\" alt=\"\" class=\"wp-image-1331\" srcset=\"https:\/\/lecercleetlecarre.fr\/wp-content\/uploads\/2019\/09\/Boxing-fist-1024x683.jpg 1024w, https:\/\/lecercleetlecarre.fr\/wp-content\/uploads\/2019\/09\/Boxing-fist-300x200.jpg 300w, https:\/\/lecercleetlecarre.fr\/wp-content\/uploads\/2019\/09\/Boxing-fist-768x512.jpg 768w, https:\/\/lecercleetlecarre.fr\/wp-content\/uploads\/2019\/09\/Boxing-fist-676x451.jpg 676w, https:\/\/lecercleetlecarre.fr\/wp-content\/uploads\/2019\/09\/Boxing-fist.jpg 1278w\" sizes=\"auto, (max-width: 1024px) 100vw, 1024px\" \/><figcaption>Heu, vous \u00eates s\u00fbr\u2026 ? \u00c7a marche vraiment ? Parce que du Reiki de combat, j&#8217;ai comme un doute&#8230;<\/figcaption><\/figure>\n<\/div>\n\n\n<p>Pour ce faire, vous pouvez&nbsp;<strong>chercher \u00e0 clairement identifier le projet<\/strong>&nbsp;derri\u00e8re tel ou tel <a href=\"https:\/\/lecercleetlecarre.fr\/index.php\/les-grands-courants-du-reiki-aujourdhui\/\">courant du Reiki<\/a>,&nbsp;<strong>sa coh\u00e9rence et ses effets visibles<\/strong>&nbsp;(int\u00e9rieurs, mais aussi ext\u00e9rieurs). Si le Reiki permet une transformation ou une \u00e9volution (physique, \u00e9motionnelle ou spirituelle), il finit toujours&nbsp;<em><strong>in\u00e9vitablement&nbsp;<\/strong><\/em>par y avoir&nbsp;<strong>des effets visibles et tangibles<\/strong>\u2026 Quels sont ceux de votre courant ou de votre \u00e9cole ? Sont-ils coh\u00e9rents et suffisants par rapport au projet ou aux promesses affich\u00e9s ? Par rapport \u00e0 vos attentes ? Sont-ils cr\u00e9dibles, r\u00e9ellement indubitables et sont-ils r\u00e9p\u00e9tables r\u00e9guli\u00e8rement ? En avez-vous \u00e9t\u00e9 vous-m\u00eame le t\u00e9moin, l&#8217;avez vous personnellement exp\u00e9riment\u00e9 et v\u00e9cu ? Si vous avez r\u00e9pondu &#8220;<em>oui<\/em>&#8221; \u00e0 toutes ces questions, vous avez pu <strong>faire votre choix en connaissance de cause et c&#8217;est tout ce qui compte<\/strong>.<\/p>\n\n\n\n<p><strong>Se poser ces questions vous permettra \u00e9galement d\u2019\u00e9valuer la solidit\u00e9 de votre pratique du Reiki<\/strong>, et de ne pas s\u2019endormir sur ou de se laisser aveugler par la croyance,&nbsp;<em>a priori<\/em>&nbsp;et sans aucune&nbsp;<strong>v\u00e9rification&nbsp;<\/strong>(syndrome de la grenouille qui n\u2019est pas sortie de son puits et ne conna\u00eet que lui) que mon \u00e9cole est la seule et l\u2019unique&#8230; et, surtout, qu\u2019elle \u201clave plus blanc\u201d. Rien d\u2019humain n\u2019est jamais parfait, m\u00eame quand c\u2019est bien\u2026 Nous avons vu bien <strong>trop d&#8217;\u00e9crits p\u00e9remptoires, dogmatiques, si ce n&#8217;est sectaires<\/strong> sur le Reiki (notamment en provenance de ceux qui disent, justement, vouloir les chasser) et <strong>l&#8217;essence du Reiki n&#8217;est pas du tout de cette nature<\/strong>.<\/p>\n\n\n\n<h3 class=\"wp-block-heading\">L&#8217;essence du Reiki : l&#8217;Amour&#8230;<\/h3>\n\n\n\n<p>En tant qu\u2019<strong><span style=\"text-decoration: underline;\">\u00e9cole spirituelle<\/span><\/strong>, le Reiki enseigne&nbsp;<strong>l\u2019Amour de tout et de tous<\/strong>, ce qui conduit in\u00e9luctablement \u00e0&nbsp;<strong>plus de modestie, plus de lucidit\u00e9\u2026 et moins d\u2019Ego et d\u2019aveuglement<\/strong>. Le moins que l\u2019on puisse dire est que la communaut\u00e9 Reiki, dans son ensemble, a encore beaucoup de travail pour\u2026&nbsp;<strong>apprendre l\u2019essence du Reiki<\/strong>. Notre \u00e9cole ne fait \u00e9videmment pas exception, mais nous essayons d\u2019y cultiver le sens de&nbsp;<a href=\"https:\/\/lecercleetlecarre.fr\/index.php\/humour\/\"><strong>l\u2019humour<\/strong><\/a>. <strong>Rire plus et de bon c\u0153ur permet de s&#8217;ouvrir et d&#8217;accueillir tout le monde<\/strong>, quelle que soit sa compr\u00e9hension du moment. <strong><span style=\"text-decoration: underline;\">Le Reiki est v\u00e9ritablement fait pour tout le monde<\/span><\/strong> et c&#8217;est aussi en cela qu&#8217;il est unique, simple, mais profond.<\/p>\n\n\n\n<p><strong>L\u2019essence du Reiki, c\u2019est l\u2019Amour inconditionnel<\/strong>&nbsp;qui est la source de l\u2019\u00e9nergie spirituelle\u2026 mais l\u2019Amour inconditionnel ne rend&nbsp;<strong>ni aveugle, ni cr\u00e9dule, ni m\u00eame laxiste<\/strong> ; on retrouve l\u00e0 l&#8217;enseignement de toutes les grandes Traditions spirituelles. Nous sommes&nbsp;<strong>responsables&nbsp;<\/strong>de tout ce que nous faisons et de tout ce que nous ne faisons pas : les deux ont de r\u00e9elles cons\u00e9quences. On aime l\u2019autre m\u00eame lorsqu\u2019il fait des erreurs ou des horreurs, mais ses erreurs ou horreurs ne sont gu\u00e8re aimables\u2026 Que les graines de l\u2019Amour inconditionnel puisse&nbsp;<strong>ouvrir votre C\u0153ur<\/strong>, lui permettre d\u2019<strong>apprendre de la Vie<\/strong>&nbsp;et de&nbsp;<strong>vous \u00e9lever Spirituellement<\/strong>. La croissance et le d\u00e9veloppement spirituels sont des processus que l\u2019on peut accompagner, mais que l\u2019on ne peut pas h\u00e2ter. Comme le disait Laozi : &#8220;<em>m\u00eame une marche de mille lieues commence par le premier pas<\/em>&#8220;. <strong>Et si le Reiki vous aidait \u00e0 faire un pas de plus vers l&#8217;Amour ?<\/strong><\/p>\n\n\n<div class=\"wp-block-image\">\n<figure class=\"aligncenter\"><img loading=\"lazy\" decoding=\"async\" width=\"825\" height=\"510\" src=\"https:\/\/lecercleetlecarre.fr\/wp-content\/uploads\/2019\/09\/amour_inconditionnel.jpg\" alt=\"\" class=\"wp-image-1334\" srcset=\"https:\/\/lecercleetlecarre.fr\/wp-content\/uploads\/2019\/09\/amour_inconditionnel.jpg 825w, https:\/\/lecercleetlecarre.fr\/wp-content\/uploads\/2019\/09\/amour_inconditionnel-300x185.jpg 300w, https:\/\/lecercleetlecarre.fr\/wp-content\/uploads\/2019\/09\/amour_inconditionnel-768x475.jpg 768w, https:\/\/lecercleetlecarre.fr\/wp-content\/uploads\/2019\/09\/amour_inconditionnel-676x418.jpg 676w\" sizes=\"auto, (max-width: 825px) 100vw, 825px\" \/><figcaption>\u201cFaites de ce monde un vivant jardin d\u2019Amour\u2026 et non d\u2019illusions\u201d (LM)<\/figcaption><\/figure>\n<\/div>","protected":false},"excerpt":{"rendered":"<p>Le mot &#8220;Tradition&#8221; vient du latin tradere, compos\u00e9 de trans (&#8220;\u00e0 travers&#8221;) et de dare (&#8220;donner&#8221;) ; il signifie &#8220;faire passer \u00e0 un autre&#8221; et donc, selon le Gaffiot : &hellip; <a href=\"https:\/\/lecercleetlecarre.fr\/index.php\/reiki-trahison-ou-tradition\/\" class=\"more-link\">Lire la suite de <span class=\"screen-reader-text\">Le Reiki contemporain : Trahison ou Tradition ?<\/span><\/a><\/p>\n","protected":false},"author":3,"featured_media":0,"parent":0,"menu_order":0,"comment_status":"closed","ping_status":"closed","template":"","meta":{"_s2mail":"yes","_EventAllDay":false,"_EventTimezone":"","_EventStartDate":"","_EventEndDate":"","_EventStartDateUTC":"","_EventEndDateUTC":"","_EventShowMap":false,"_EventShowMapLink":false,"_EventURL":"","_EventCost":"","_EventCostDescription":"","_EventCurrencySymbol":"","_EventCurrencyCode":"","_EventCurrencyPosition":"","_EventDateTimeSeparator":"","_EventTimeRangeSeparator":"","_EventOrganizerID":[],"_EventVenueID":[],"_OrganizerEmail":"","_OrganizerPhone":"","_OrganizerWebsite":"","_VenueAddress":"","_VenueCity":"","_VenueCountry":"","_VenueProvince":"","_VenueState":"","_VenueZip":"","_VenuePhone":"","_VenueURL":"","_VenueStateProvince":"","_VenueLat":"","_VenueLng":"","_VenueShowMap":false,"_VenueShowMapLink":false,"footnotes":""},"class_list":["post-1527","page","type-page","status-publish","hentry"],"_links":{"self":[{"href":"https:\/\/lecercleetlecarre.fr\/index.php\/wp-json\/wp\/v2\/pages\/1527","targetHints":{"allow":["GET"]}}],"collection":[{"href":"https:\/\/lecercleetlecarre.fr\/index.php\/wp-json\/wp\/v2\/pages"}],"about":[{"href":"https:\/\/lecercleetlecarre.fr\/index.php\/wp-json\/wp\/v2\/types\/page"}],"author":[{"embeddable":true,"href":"https:\/\/lecercleetlecarre.fr\/index.php\/wp-json\/wp\/v2\/users\/3"}],"replies":[{"embeddable":true,"href":"https:\/\/lecercleetlecarre.fr\/index.php\/wp-json\/wp\/v2\/comments?post=1527"}],"version-history":[{"count":83,"href":"https:\/\/lecercleetlecarre.fr\/index.php\/wp-json\/wp\/v2\/pages\/1527\/revisions"}],"predecessor-version":[{"id":3372,"href":"https:\/\/lecercleetlecarre.fr\/index.php\/wp-json\/wp\/v2\/pages\/1527\/revisions\/3372"}],"wp:attachment":[{"href":"https:\/\/lecercleetlecarre.fr\/index.php\/wp-json\/wp\/v2\/media?parent=1527"}],"curies":[{"name":"wp","href":"https:\/\/api.w.org\/{rel}","templated":true}]}}