{"id":155,"date":"2018-11-22T23:33:57","date_gmt":"2018-11-22T22:33:57","guid":{"rendered":"https:\/\/lecercleetlecarre.wordpress.com\/?page_id=155"},"modified":"2020-09-15T01:12:46","modified_gmt":"2020-09-14T23:12:46","slug":"qui-sommes-nous","status":"publish","type":"page","link":"https:\/\/lecercleetlecarre.fr\/index.php\/qui-sommes-nous\/","title":{"rendered":"Qui sommes-nous ?"},"content":{"rendered":"\n<figure class=\"wp-block-image\"><img loading=\"lazy\" decoding=\"async\" width=\"1054\" height=\"1071\" src=\"http:\/\/lecerclecq.cluster021.hosting.ovh.net\/wp-content\/uploads\/2018\/11\/logo-lcc2b2.png\" alt=\"\" class=\"wp-image-172\" srcset=\"https:\/\/lecercleetlecarre.fr\/wp-content\/uploads\/2018\/11\/logo-lcc2b2.png 1054w, https:\/\/lecercleetlecarre.fr\/wp-content\/uploads\/2018\/11\/logo-lcc2b2-295x300.png 295w, https:\/\/lecercleetlecarre.fr\/wp-content\/uploads\/2018\/11\/logo-lcc2b2-768x780.png 768w, https:\/\/lecercleetlecarre.fr\/wp-content\/uploads\/2018\/11\/logo-lcc2b2-1008x1024.png 1008w, https:\/\/lecercleetlecarre.fr\/wp-content\/uploads\/2018\/11\/logo-lcc2b2-676x687.png 676w\" sizes=\"auto, (max-width: 1054px) 100vw, 1054px\" \/><\/figure>\n\n\n\n<p>L&#8217;association&nbsp;<strong>le Cercle et le Carr\u00e9<\/strong>&nbsp;tire son nom des <strong>polarit\u00e9s \u00e9nerg\u00e9tiques majeures de l&#8217;Univers<\/strong>, vues sous l&#8217;angle de la g\u00e9om\u00e9trie sacr\u00e9e : rond comme le Ciel, carr\u00e9 comme la Terre. \u00c0 leur intersection se trouve <strong>l&#8217;Homme<\/strong>, habitant du monde du milieu, <strong>entre Ciel et Terre<\/strong>&#8230; Le flux vital (q\u00ec, \u6c23) se d\u00e9ploie et son fonctionnement (D\u00e0o, \u9053) donne naissance au <strong>y\u012bn <\/strong>et au <strong>y\u00e1ng<\/strong>, dont il faut <strong>pr\u00e9server l&#8217;harmonie pour entretenir la Vie<\/strong> <strong>corporelle<\/strong> (y\u01ceng sh\u0113ng, \u990a\u751f) <strong>et notre Esprit<\/strong> (y\u01ceng sh\u00e9n, \u990a\u795e).<\/p>\n\n\n\n<p>Garder <strong>les pieds sur terre<\/strong>, pousser&nbsp;<strong>la t\u00eate dans les nuages<\/strong>, afin de <strong>toucher le ciel et les \u00e9toiles. <\/strong>S&#8217;ouvrir \u00e0 plus grand que soi : la Nature, l&#8217;Univers, le Divin&#8230;telle est notre philosophie ! Nos pratiques conjuguent <strong><u>le Corps et l&#8217;Esprit<\/u><\/strong> afin de <strong>permettre l&#8217;harmonie Ciel-Terre du y\u012bn et du y\u00e1ng<\/strong>. Si nos activit\u00e9s ou projets vous int\u00e9ressent, n&#8217;h\u00e9sitez pas \u00e0 nous rejoindre.<\/p>\n\n\n\n<p>Notre association a pour objet&nbsp;la pratique, l&#8217;enseignement, la formation \u00e0 et la promotion des <strong>disciplines et arts \u00e9nerg\u00e9tiques, martiaux et spirituels<\/strong> d&#8217;orient et d&#8217;occident&nbsp; : <a href=\"https:\/\/lecercleetlecarre.fr\/index.php\/qi-gong\/\" target=\"_blank\" rel=\"noreferrer noopener\">Q\u00ecg\u014dng<\/a> et <a href=\"https:\/\/lecercleetlecarre.fr\/index.php\/taijiquan\/\" target=\"_blank\" rel=\"noreferrer noopener\">T\u00e0ij\u00edqu\u00e1n<\/a>, <a href=\"https:\/\/lecercleetlecarre.fr\/index.php\/meditation-sheng-zhen\/\" target=\"_blank\" rel=\"noreferrer noopener\">M\u00e9ditation Sh\u00e8ng Zh\u0113n<\/a>, <a href=\"https:\/\/lecercleetlecarre.fr\/index.php\/reiki\/\" target=\"_blank\" rel=\"noreferrer noopener\">Reiki<\/a>, <a href=\"https:\/\/lecercleetlecarre.fr\/index.php\/geobiologie\/\" target=\"_blank\" rel=\"noreferrer noopener\">G\u00e9obiologie<\/a>, Chamanisme, etc&#8230;<\/p>\n\n\n\n<p>L&#8217;id\u00e9e de l&#8217;association est de permettre \u00e0 ses adh\u00e9rents d&#8217;<strong>acc\u00e9der au c\u0153ur de ces diff\u00e9rentes disciplines<\/strong>, usuellement s\u00e9par\u00e9es, sans toutefois les confondre. Chaque discipline se caract\u00e9rise par une ou plusieurs perspectives typiques, ainsi que par des m\u00e9thodes d&#8217;action qui lui sont propres et forment son identit\u00e9 (ancrage culturel, spatial et temporel).<\/p>\n\n\n\n<p>L&#8217;un des objectifs de l&#8217;association&nbsp;<strong>le Cercle et le Carr\u00e9<\/strong> est de <strong>fournir un cadre permettant de penser et de pratiquer ces disciplines conjointement :&nbsp;<\/strong><\/p>\n\n\n\n<ul class=\"wp-block-list\"><li>les&nbsp;situer dans le&nbsp;<strong>panorama global <\/strong>au sein duquel elles s&#8217;int\u00e8grent,&nbsp;<\/li><li>respecter leurs <strong>sp\u00e9cificit\u00e9s et identit\u00e9s propres<\/strong>,<\/li><li>mettre en lumi\u00e8re leurs <strong>points communs<\/strong> et leurs&nbsp;<strong>convergences<\/strong>, afin de pouvoir appr\u00e9hender leur <strong>Unit\u00e9<\/strong>.<\/li><\/ul>\n\n\n\n<p>&#8230; et <strong>prendre du plaisir \u00e0 pratiquer<\/strong>, individuellement ou collectivement !!!<\/p>\n\n\n\n<p>L&#8217;enseignement du <a rel=\"noreferrer noopener\" href=\"https:\/\/lecercleetlecarre.fr\/index.php\/qi-gong\/\" target=\"_blank\">Q\u00ecg\u014dng<\/a> et du <a rel=\"noreferrer noopener\" href=\"https:\/\/lecercleetlecarre.fr\/index.php\/taijiquan\/\" target=\"_blank\">T\u00e0ij\u00edqu\u00e1n<\/a> de l&#8217;\u00e9cole YMAA que nous proposons se fait sous l&#8217;\u00e9gide de l&#8217;\u00e9cole affili\u00e9e que nous avons fond\u00e9e : la <strong><a rel=\"noreferrer noopener\" href=\"https:\/\/lecercleetlecarre.fr\/index.php\/ecole-ymaa-paris-nord\/\" target=\"_blank\">YMAA Paris Nord<\/a><\/strong>.<\/p>\n","protected":false},"excerpt":{"rendered":"<p>L&#8217;association&nbsp;le Cercle et le Carr\u00e9&nbsp;tire son nom des polarit\u00e9s \u00e9nerg\u00e9tiques majeures de l&#8217;Univers, vues sous l&#8217;angle de la g\u00e9om\u00e9trie sacr\u00e9e : rond comme le Ciel, carr\u00e9 comme la Terre. \u00c0 &hellip; <a href=\"https:\/\/lecercleetlecarre.fr\/index.php\/qui-sommes-nous\/\" class=\"more-link\">Lire la suite de <span class=\"screen-reader-text\">Qui sommes-nous ?<\/span><\/a><\/p>\n","protected":false},"author":3,"featured_media":0,"parent":0,"menu_order":0,"comment_status":"closed","ping_status":"closed","template":"","meta":{"_s2mail":"yes","_EventAllDay":false,"_EventTimezone":"","_EventStartDate":"","_EventEndDate":"","_EventStartDateUTC":"","_EventEndDateUTC":"","_EventShowMap":false,"_EventShowMapLink":false,"_EventURL":"","_EventCost":"","_EventCostDescription":"","_EventCurrencySymbol":"","_EventCurrencyCode":"","_EventCurrencyPosition":"","_EventDateTimeSeparator":"","_EventTimeRangeSeparator":"","_EventOrganizerID":[],"_EventVenueID":[],"_OrganizerEmail":"","_OrganizerPhone":"","_OrganizerWebsite":"","_VenueAddress":"","_VenueCity":"","_VenueCountry":"","_VenueProvince":"","_VenueState":"","_VenueZip":"","_VenuePhone":"","_VenueURL":"","_VenueStateProvince":"","_VenueLat":"","_VenueLng":"","_VenueShowMap":false,"_VenueShowMapLink":false,"footnotes":""},"class_list":["post-155","page","type-page","status-publish","hentry"],"_links":{"self":[{"href":"https:\/\/lecercleetlecarre.fr\/index.php\/wp-json\/wp\/v2\/pages\/155","targetHints":{"allow":["GET"]}}],"collection":[{"href":"https:\/\/lecercleetlecarre.fr\/index.php\/wp-json\/wp\/v2\/pages"}],"about":[{"href":"https:\/\/lecercleetlecarre.fr\/index.php\/wp-json\/wp\/v2\/types\/page"}],"author":[{"embeddable":true,"href":"https:\/\/lecercleetlecarre.fr\/index.php\/wp-json\/wp\/v2\/users\/3"}],"replies":[{"embeddable":true,"href":"https:\/\/lecercleetlecarre.fr\/index.php\/wp-json\/wp\/v2\/comments?post=155"}],"version-history":[{"count":7,"href":"https:\/\/lecercleetlecarre.fr\/index.php\/wp-json\/wp\/v2\/pages\/155\/revisions"}],"predecessor-version":[{"id":2572,"href":"https:\/\/lecercleetlecarre.fr\/index.php\/wp-json\/wp\/v2\/pages\/155\/revisions\/2572"}],"wp:attachment":[{"href":"https:\/\/lecercleetlecarre.fr\/index.php\/wp-json\/wp\/v2\/media?parent=155"}],"curies":[{"name":"wp","href":"https:\/\/api.w.org\/{rel}","templated":true}]}}