{"id":1745,"date":"2019-10-21T21:41:03","date_gmt":"2019-10-21T19:41:03","guid":{"rendered":"https:\/\/lecercleetlecarre.fr\/?page_id=1745"},"modified":"2022-09-06T02:32:04","modified_gmt":"2022-09-06T00:32:04","slug":"questions-frequentes-sur-le-reiki","status":"publish","type":"page","link":"https:\/\/lecercleetlecarre.fr\/index.php\/questions-frequentes-sur-le-reiki\/","title":{"rendered":"5 questions fr\u00e9quentes sur le Reiki"},"content":{"rendered":"\n<figure class=\"wp-block-image\"><img loading=\"lazy\" decoding=\"async\" width=\"1024\" height=\"768\" src=\"https:\/\/lecercleetlecarre.fr\/wp-content\/uploads\/2019\/10\/2017-11-24-08-57-49-1200x900-violet-1024x768.jpg\" alt=\"\" class=\"wp-image-1756\" srcset=\"https:\/\/lecercleetlecarre.fr\/wp-content\/uploads\/2019\/10\/2017-11-24-08-57-49-1200x900-violet-1024x768.jpg 1024w, https:\/\/lecercleetlecarre.fr\/wp-content\/uploads\/2019\/10\/2017-11-24-08-57-49-1200x900-violet-300x225.jpg 300w, https:\/\/lecercleetlecarre.fr\/wp-content\/uploads\/2019\/10\/2017-11-24-08-57-49-1200x900-violet-768x576.jpg 768w, https:\/\/lecercleetlecarre.fr\/wp-content\/uploads\/2019\/10\/2017-11-24-08-57-49-1200x900-violet-676x507.jpg 676w, https:\/\/lecercleetlecarre.fr\/wp-content\/uploads\/2019\/10\/2017-11-24-08-57-49-1200x900-violet.jpg 1200w\" sizes=\"auto, (max-width: 1024px) 100vw, 1024px\" \/><figcaption>Le lotus \u00e9panoui symbolise le C\u0153ur ouvert, le violet est la couleur de la Spiritualit\u00e9<\/figcaption><\/figure>\n\n\n\n<h2 class=\"wp-block-heading\">1) Le <a href=\"https:\/\/lecercleetlecarre.fr\/index.php\/reiki\/\">Reiki<\/a> est-il accessible \u00e0 tout le monde ou y a-t-il des pr\u00e9-requis pour \u00eatre initi\u00e9 ?&nbsp; <\/h2>\n\n\n\n<p>L&#8217;initiation au 1er Degr\u00e9 du Reiki est <strong>accessible \u00e0 tout le monde, sans aucun pr\u00e9-requis<\/strong> ; il suffit juste d&#8217;<strong>\u00eatre int\u00e9ress\u00e9 et curieux<\/strong> et d&#8217;<strong>avoir envie de se faire du bien !<\/strong><\/p>\n\n\n\n<p>Toutes les connaissances sur l&#8217;\u00e9nerg\u00e9tique du corps humain et la spiritualit\u00e9 sont \u00e9videmment les bienvenues, mais elle ne sont pas n\u00e9cessaires et le savoir indispensable est transmis durant le week-end d&#8217;initiation au Degr\u00e9 du Reiki correspondant. Ceux-ci d\u00e9bouchent sur <strong>une exp\u00e9rience personnelle et tangible<\/strong>, de premi\u00e8re main, <strong>v\u00e9cue dans votre Corps, dans votre C\u0153ur et votre Esprit<\/strong>. <\/p>\n\n\n\n<p>La <strong>d\u00e9marche d&#8217;initiation<\/strong> permet une <strong>ouverture graduelle de conscience<\/strong>, d\u00e9bouchant sur la <strong>reconnexion avec le monde \u00e9nerg\u00e9tique et spirituel<\/strong> que notre culture occidentale nous a trop souvent appris \u00e0 oublier ou \u00e0 ignorer, et donc \u00e0 m\u00e9conna\u00eetre. L&#8217;initiation au Reiki est l&#8217;occasion de <strong>red\u00e9couvrir ces aspects profonds et primordiaux de notre \u00catre<\/strong>, dont les aspects mat\u00e9riels ne repr\u00e9sentent qu&#8217;une certaine partie&#8230;<\/p>\n\n\n<div class=\"wp-block-image\">\n<figure class=\"aligncenter\"><img loading=\"lazy\" decoding=\"async\" width=\"1024\" height=\"682\" src=\"https:\/\/lecercleetlecarre.fr\/wp-content\/uploads\/2019\/10\/green_water_landscape_flow_waterfall-1024x682.jpg\" alt=\"\" class=\"wp-image-1750\" srcset=\"https:\/\/lecercleetlecarre.fr\/wp-content\/uploads\/2019\/10\/green_water_landscape_flow_waterfall-1024x682.jpg 1024w, https:\/\/lecercleetlecarre.fr\/wp-content\/uploads\/2019\/10\/green_water_landscape_flow_waterfall-300x200.jpg 300w, https:\/\/lecercleetlecarre.fr\/wp-content\/uploads\/2019\/10\/green_water_landscape_flow_waterfall-768x512.jpg 768w, https:\/\/lecercleetlecarre.fr\/wp-content\/uploads\/2019\/10\/green_water_landscape_flow_waterfall-676x450.jpg 676w, https:\/\/lecercleetlecarre.fr\/wp-content\/uploads\/2019\/10\/green_water_landscape_flow_waterfall.jpg 1600w\" sizes=\"auto, (max-width: 1024px) 100vw, 1024px\" \/><figcaption>Laissez le Reiki couler jusqu&#8217;\u00e0 vous et l&#8217;Amour remplir votre C\u0153ur&#8230;<\/figcaption><\/figure>\n<\/div>\n\n\n<h2 class=\"wp-block-heading\">2) Comment se d\u00e9roule une initiation au 1er Degr\u00e9 du <a href=\"https:\/\/lecercleetlecarre.fr\/index.php\/reiki\/\">Reiki<\/a> ? <\/h2>\n\n\n\n<p>L&#8217;initiation, dans notre association, se d\u00e9roule usuellement <strong>sur un week-end <\/strong>(2 jours), afin de prendre le temps de d\u00e9couvrir, d&#8217;explorer et d&#8217;approfondir ce qui y est transmis. D&#8217;autres proposent des initiations sur une seule journ\u00e9e, voire sur une demi-journ\u00e9e ! D&#8217;exp\u00e9rience, c&#8217;est bien trop court pour <strong>que les participants aient r\u00e9ellement le temps d&#8217;assimiler le contenu, les pratiques et l&#8217;exp\u00e9rience re\u00e7ues<\/strong> lors du week-end d&#8217;initiation \u00e0 un Degr\u00e9 : la dur\u00e9e ne fait pas tout, mais un minimum est n\u00e9cessaire, sauf \u00e0 amputer d&#8217;une bonne partie du contenu&#8230; Certains Ma\u00eetre-Enseignants enseignait parfois le 1er Degr\u00e9 sur une p\u00e9riode de 4 \u00e0 5 jours cons\u00e9cutifs ; cette dur\u00e9e est sans doute un peu longue, mais elle permet de faire un travail approfondi en pr\u00e9sentiel, ce qui est toujours une bonne chose. Le <strong>format sur 2 jours<\/strong> est celui qui <strong>convient le mieux \u00e0 la grande majorit\u00e9 des participants<\/strong>.<\/p>\n\n\n\n<p>Le week-end d&#8217;initiation au 1er Degr\u00e9 du Reiki que nous proposons consiste en <strong>une d\u00e9couverte <\/strong>personnelle de ce qu&#8217;est le Reiki, de fa\u00e7on <strong>th\u00e9orique, puis pratique <\/strong>: la <strong>d\u00e9marche spirituelle<\/strong> du Reiki, l&#8217;Homme entre Ciel et Terre (\u00e9nergie, sant\u00e9 et spiritualit\u00e9), <strong>les 5 pr\u00e9ceptes du Reiki Usui<\/strong> (<em>Gokai<\/em>) et leur importance, la <strong>m\u00e9ditation Reiki<\/strong> (<em>Gassh\u014d<\/em>), les positions des mains et <strong>l&#8217;auto-traitement Reiki<\/strong> (<em>Ji Chiry\u014d<\/em> ; une pratique d&#8217;une demi-heure environ que tous ceux que je connais appr\u00e9cient pour le bien-\u00eatre qu&#8217;elle procure), <strong>la relaxation sur table<\/strong> (travail sur un Receveur \u00e0 qui l&#8217;on transmet du Reiki) et d&#8217;autres choses encore !<\/p>\n\n\n\n<p>\u00c0 cela s&#8217;ajoute <strong>plusieurs s\u00e9ances individuelles d&#8217;initiation<\/strong> (une s\u00e9ance personnelle permettant d&#8217;<strong>aider le participant \u00e0 se reconnecter \u00e0 la dimension spirituelle<\/strong> et d&#8217;<strong>hyperactiver sa capacit\u00e9 \u00e0 ressentir physiquement et \u00e0 canaliser<\/strong> cette \u00e9nergie d&#8217;Amour inconditionnel qu&#8217;est le Reiki). On les nomme <em>Reiju <\/em>en japonais.<\/p>\n\n\n\n<p>Une place significative est faite \u00e0 la <strong>pratique sur soi et sur l&#8217;autre<\/strong>, afin de d\u00e9velopper<strong> <em>une exp\u00e9rience personnelle et profonde, ce qu&#8217;un livre ou une vid\u00e9o ne pourront jamais apporter<\/em><\/strong>. L&#8217;objectif est que les initi\u00e9s au 1er Degr\u00e9 du Reiki puissent repartir chez eux et <strong>pratiquer de fa\u00e7on autonome<\/strong> ; on leur demande d&#8217;ailleurs de prendre un <strong>engagement de pratique de 21 jours<\/strong> <strong>de l&#8217;auto-traitement<\/strong> (voir ci-dessus) apr\u00e8s l&#8217;initiation : toute <strong>discipline spirituelle<\/strong> demande un (tout petit) peu de discipline.<\/p>\n\n\n\n<p>Par ailleurs, pour celles et ceux qui voudraient s&#8217;initier aux Degr\u00e9s ult\u00e9rieurs, il sera demand\u00e9 \u00e9galement d&#8217;avoir fait <strong>un volume de pratique suffisant<\/strong> pour s&#8217;assurer que le Degr\u00e9 pr\u00e9c\u00e9demment est suffisamment bien compris et assimil\u00e9 (d\u00e9marche de l&#8217;apprentissage), ce qui permet de passer \u00e0 la suite. Nous pr\u00e9cisons tous ces aspects \u00e0 la fin de chaque Degr\u00e9.<\/p>\n\n\n\n<figure class=\"wp-block-image\"><img loading=\"lazy\" decoding=\"async\" width=\"1000\" height=\"676\" src=\"https:\/\/lecercleetlecarre.fr\/wp-content\/uploads\/2019\/10\/Looking-at-the-not-so-distant-sun.jpg\" alt=\"\" class=\"wp-image-1754\" srcset=\"https:\/\/lecercleetlecarre.fr\/wp-content\/uploads\/2019\/10\/Looking-at-the-not-so-distant-sun.jpg 1000w, https:\/\/lecercleetlecarre.fr\/wp-content\/uploads\/2019\/10\/Looking-at-the-not-so-distant-sun-300x203.jpg 300w, https:\/\/lecercleetlecarre.fr\/wp-content\/uploads\/2019\/10\/Looking-at-the-not-so-distant-sun-768x519.jpg 768w, https:\/\/lecercleetlecarre.fr\/wp-content\/uploads\/2019\/10\/Looking-at-the-not-so-distant-sun-676x457.jpg 676w\" sizes=\"auto, (max-width: 1000px) 100vw, 1000px\" \/><figcaption>Percevoir la Lumi\u00e8re l\u00e0 o\u00f9 elle est&#8230;<\/figcaption><\/figure>\n\n\n\n<h2 class=\"wp-block-heading\">3) Est-on en mesure de &#8220;traiter des personnes&#8221; en <a href=\"https:\/\/lecercleetlecarre.fr\/index.php\/reiki\/\">Reiki<\/a> ? <\/h2>\n\n\n\n<p>La r\u00e9ponse est oui, mais il est important de rappeler que le traitement que l&#8217;on donne <strong>en Reiki<\/strong> (\u00e0 soi-m\u00eame ou sur un receveur demandeur) n&#8217;est pas de m\u00eame nature que ceux de m\u00e9decine occidentale : il s&#8217;agit d&#8217;<strong>un traitement spirituel<\/strong> <strong>non m\u00e9dical<\/strong>. On parle d&#8217;ailleurs souvent de &#8220;<strong>soin Reiki<\/strong>&#8220;, tout simplement parce qu&#8217;en Reiki <strong>on prend soin des gens<\/strong> : on leur apporte du <strong>bien-\u00eatre<\/strong>, voire du &#8220;<strong>mieux-\u00eatre<\/strong>&#8221; ; on peut aussi faire un soin chez une esth\u00e9ticienne, mais le Reiki ne se situe pas sur le m\u00eame plan&#8230;<\/p>\n\n\n\n<p>Le ressenti que l&#8217;initi\u00e9 au Reiki d\u00e9veloppe peut le conduire \u00e0 faire <strong>une forme de bilan \u00e9nerg\u00e9tique<\/strong>, afin d&#8217;<strong>harmoniser l&#8217;\u00e9nergie spirituelle du receveur<\/strong>, mais ceci n&#8217;est <strong>pas un diagnostic m\u00e9dical<\/strong>, c&#8217;est-\u00e0-dire une pratique r\u00e9serv\u00e9e en France \u00e0 la m\u00e9decine occidentale ; cette derni\u00e8re poss\u00e8de en effet le monopole l\u00e9gal de toute pratique m\u00e9dicale depuis la loi du 19 Vent\u00f4se de l&#8217;An XI (10 mars 1803), dont le premier objectif \u00e9tait de mettre un terme au charlatanisme. Les r\u00e9sultats d&#8217;une pratique doivent d\u00e9sormais \u00eatre prouv\u00e9s par <strong>des preuves mat\u00e9rielles objectives<\/strong> (et selon les canons de la science moderne), ce qui n&#8217;est \u00e9videmment pas directement le domaine des <strong>ph\u00e9nom\u00e8nes \u00e9nerg\u00e9tiques subjectifs<\/strong> des plans \u00e9motionnels et spirituels (un peu comme si on demandait de prouver la couleur \u00e0 l&#8217;aide de ph\u00e9nom\u00e8nes sonores, il y a bien un lien, mais il sera compliqu\u00e9 \u00e0 montrer en prenant le probl\u00e8me par ce bout-l\u00e0). En cas de <strong>probl\u00e8me de sant\u00e9<\/strong> (maladie), il faut <strong>consulter un praticien de m\u00e9decine occidentale<\/strong> en France (qui plus est inscrit au tableau d\u00e9partemental de l&#8217;Ordre).<\/p>\n\n\n<div class=\"wp-block-image\">\n<figure class=\"aligncenter\"><img loading=\"lazy\" decoding=\"async\" width=\"626\" height=\"406\" src=\"https:\/\/lecercleetlecarre.fr\/wp-content\/uploads\/2019\/10\/therapist-giving-reiki-treatment-woman_13339-301030.jpg\" alt=\"\" class=\"wp-image-1774\" srcset=\"https:\/\/lecercleetlecarre.fr\/wp-content\/uploads\/2019\/10\/therapist-giving-reiki-treatment-woman_13339-301030.jpg 626w, https:\/\/lecercleetlecarre.fr\/wp-content\/uploads\/2019\/10\/therapist-giving-reiki-treatment-woman_13339-301030-300x195.jpg 300w\" sizes=\"auto, (max-width: 626px) 100vw, 626px\" \/><figcaption>Pratique de la Relaxation sur table : laissez votre Esprit se d\u00e9tendre et abandonnez-vous au bien-\u00eatre&#8230;<\/figcaption><\/figure>\n<\/div>\n\n\n<h2 class=\"wp-block-heading\">4) Doit-on \u00eatre initi\u00e9 aux 4 Degr\u00e9s (et dans l&#8217;ordre) pour pouvoir faire un soin <a href=\"https:\/\/lecercleetlecarre.fr\/index.php\/reiki\/\">Reiki<\/a> ?<\/h2>\n\n\n\n<p><strong>Non, vous n&#8217;avez besoin que du 1er Degr\u00e9 !<\/strong> \u00c0 l&#8217;issue du 1er Degr\u00e9, vous serez d&#8217;ores et d\u00e9j\u00e0 en mesure d&#8217;effectuer <strong>sur vous-m\u00eame ou sur une personne demandeuse<\/strong> un soin Reiki (&#8220;auto-traitement&#8221; ou &#8220;relaxation sur table&#8221;). <strong>De tous les Degr\u00e9s, c&#8217;est le 1er (la fondation), qui est le plus important<\/strong>, pour commencer \u00e0 nous ouvrir \u00e0 l&#8217;Amour inconditionnel et laisser la Joie du C\u0153ur se diffuser dans nos vies.  <\/p>\n\n\n\n<p><strong>Chaque Degr\u00e9 vous permet d&#8217;approfondir votre ressenti et votre compr\u00e9hension des ph\u00e9nom\u00e8nes \u00e9nerg\u00e9tiques et spirituels<\/strong>, et ainsi d&#8217;aller du <em>physique <\/em>(le 1er Degr\u00e9), \u00e0 <em>l&#8217;\u00e9motionnel<\/em> (le 2\u00e8me Degr\u00e9), puis au <em>Spirituel<\/em> (3\u00e8me Degr\u00e9) ; le 4\u00e8me Degr\u00e9 est un peu \u00e0 part : il vous apprend \u00e0 initier d&#8217;autres personnes au Reiki et correspond donc \u00e0 <em>un choix de vie personnel <\/em>(la transmission n&#8217;est pas le projet de vie et la vocation de tout le monde) ; le Reiki doit avoir un sens profond pour les personnes qui s&#8217;engagent dans une telle d\u00e9marche. <\/p>\n\n\n\n<p>On voit qu&#8217;il y a ainsi <strong>une logique de progression des Degr\u00e9s<\/strong>, c&#8217;est la raison pour laquelle <strong>les initiations se font dans cet ordre<\/strong> et qu&#8217;il faut avoir \u00e9t\u00e9 initi\u00e9 au Degr\u00e9 pr\u00e9c\u00e9dent pour pouvoir \u00eatre initi\u00e9 au Degr\u00e9 suivant. <strong>Rien n&#8217;oblige \u00e0 suivre tous les Degr\u00e9s<\/strong> et l&#8217;initiation au 1er Degr\u00e9 n&#8217;oblige aucunement \u00e0 poursuivre ; il est cependant <strong>souvent conseill\u00e9 de faire \u00e9galement le 2\u00e8me Degr\u00e9<\/strong>, qui permet de <strong>rentrer plus profond\u00e9ment dans la pratique du Reiki<\/strong>. Dans tous les cas, ce choix vous appartient : <strong>venez si le C\u0153ur vous en dit !<\/strong><\/p>\n\n\n<div class=\"wp-block-image\">\n<figure class=\"aligncenter\"><img loading=\"lazy\" decoding=\"async\" width=\"501\" height=\"349\" src=\"https:\/\/lecercleetlecarre.fr\/wp-content\/uploads\/2019\/10\/Reiki-Usui-Kanjis.jpg\" alt=\"\" class=\"wp-image-1778\" srcset=\"https:\/\/lecercleetlecarre.fr\/wp-content\/uploads\/2019\/10\/Reiki-Usui-Kanjis.jpg 501w, https:\/\/lecercleetlecarre.fr\/wp-content\/uploads\/2019\/10\/Reiki-Usui-Kanjis-300x209.jpg 300w\" sizes=\"auto, (max-width: 501px) 100vw, 501px\" \/><figcaption>\u00c0 la d\u00e9couverte de l&#8217;\u00e9nergie spirituelle et de ses effets&#8230;<\/figcaption><\/figure>\n<\/div>\n\n\n<h2 class=\"wp-block-heading\">5) Le Reiki est-il une secte dangereuse ? Une pratique de magie noire ? Une forme de parasitage par des entit\u00e9s ?<\/h2>\n\n\n\n<p>Au risque de d\u00e9cevoir certains, la r\u00e9ponse est&#8230; <strong>non, pas du tout !<\/strong> Mais pour comprendre la sobri\u00e9t\u00e9 de cette r\u00e9ponse, il va nous falloir reprendre les choses en d\u00e9tail et, puisqu&#8217;<strong>il s&#8217;agit d&#8217;argumenter et non d&#8217;ass\u00e9ner<\/strong> : nous allons devoir nous \u00e9tendre un peu sur cette grande question, c&#8217;est pourquoi nous avons d\u00fb y consacrer un long d\u00e9veloppement sur la page &#8220;<em><a rel=\"noreferrer noopener\" href=\"https:\/\/lecercleetlecarre.fr\/index.php\/faut-il-avoir-peur-du-reiki\/\" target=\"_blank\">faut-il avoir peur du Reiki ?<\/a><\/em>&#8220;, d\u00e9sol\u00e9&#8230;<\/p>\n\n\n<div class=\"wp-block-image\">\n<figure class=\"aligncenter size-large\"><img loading=\"lazy\" decoding=\"async\" width=\"270\" height=\"280\" src=\"https:\/\/lecercleetlecarre.fr\/wp-content\/uploads\/2020\/09\/peur-reiki.jpg\" alt=\"\" class=\"wp-image-2467\"\/><\/figure>\n<\/div>","protected":false},"excerpt":{"rendered":"<p>1) Le Reiki est-il accessible \u00e0 tout le monde ou y a-t-il des pr\u00e9-requis pour \u00eatre initi\u00e9 ?&nbsp; L&#8217;initiation au 1er Degr\u00e9 du Reiki est accessible \u00e0 tout le monde, &hellip; <a href=\"https:\/\/lecercleetlecarre.fr\/index.php\/questions-frequentes-sur-le-reiki\/\" class=\"more-link\">Lire la suite de <span class=\"screen-reader-text\">5 questions fr\u00e9quentes sur le Reiki<\/span><\/a><\/p>\n","protected":false},"author":3,"featured_media":1748,"parent":0,"menu_order":0,"comment_status":"closed","ping_status":"closed","template":"","meta":{"_s2mail":"yes","_EventAllDay":false,"_EventTimezone":"","_EventStartDate":"","_EventEndDate":"","_EventStartDateUTC":"","_EventEndDateUTC":"","_EventShowMap":false,"_EventShowMapLink":false,"_EventURL":"","_EventCost":"","_EventCostDescription":"","_EventCurrencySymbol":"","_EventCurrencyCode":"","_EventCurrencyPosition":"","_EventDateTimeSeparator":"","_EventTimeRangeSeparator":"","_EventOrganizerID":[],"_EventVenueID":[],"_OrganizerEmail":"","_OrganizerPhone":"","_OrganizerWebsite":"","_VenueAddress":"","_VenueCity":"","_VenueCountry":"","_VenueProvince":"","_VenueState":"","_VenueZip":"","_VenuePhone":"","_VenueURL":"","_VenueStateProvince":"","_VenueLat":"","_VenueLng":"","_VenueShowMap":false,"_VenueShowMapLink":false,"footnotes":""},"class_list":["post-1745","page","type-page","status-publish","has-post-thumbnail","hentry"],"_links":{"self":[{"href":"https:\/\/lecercleetlecarre.fr\/index.php\/wp-json\/wp\/v2\/pages\/1745","targetHints":{"allow":["GET"]}}],"collection":[{"href":"https:\/\/lecercleetlecarre.fr\/index.php\/wp-json\/wp\/v2\/pages"}],"about":[{"href":"https:\/\/lecercleetlecarre.fr\/index.php\/wp-json\/wp\/v2\/types\/page"}],"author":[{"embeddable":true,"href":"https:\/\/lecercleetlecarre.fr\/index.php\/wp-json\/wp\/v2\/users\/3"}],"replies":[{"embeddable":true,"href":"https:\/\/lecercleetlecarre.fr\/index.php\/wp-json\/wp\/v2\/comments?post=1745"}],"version-history":[{"count":59,"href":"https:\/\/lecercleetlecarre.fr\/index.php\/wp-json\/wp\/v2\/pages\/1745\/revisions"}],"predecessor-version":[{"id":3382,"href":"https:\/\/lecercleetlecarre.fr\/index.php\/wp-json\/wp\/v2\/pages\/1745\/revisions\/3382"}],"wp:featuredmedia":[{"embeddable":true,"href":"https:\/\/lecercleetlecarre.fr\/index.php\/wp-json\/wp\/v2\/media\/1748"}],"wp:attachment":[{"href":"https:\/\/lecercleetlecarre.fr\/index.php\/wp-json\/wp\/v2\/media?parent=1745"}],"curies":[{"name":"wp","href":"https:\/\/api.w.org\/{rel}","templated":true}]}}