{"id":1959,"date":"2020-02-18T12:07:08","date_gmt":"2020-02-18T11:07:08","guid":{"rendered":"https:\/\/lecercleetlecarre.fr\/?page_id=1959"},"modified":"2024-07-08T23:28:27","modified_gmt":"2024-07-08T21:28:27","slug":"ecole-ymaa-paris-nord","status":"publish","type":"page","link":"https:\/\/lecercleetlecarre.fr\/index.php\/ecole-ymaa-paris-nord\/","title":{"rendered":"\u00c9cole YMAA Paris Nord"},"content":{"rendered":"\n<p><strong><a href=\"https:\/\/ymaainternational.com\/about\/\">L&#8217;\u00e9cole YMAA<\/a><\/strong> de <a href=\"https:\/\/lecercleetlecarre.fr\/index.php\/lecole-de-maitre-yang-ymaa\/\"><strong>Ma\u00eetre Y\u00e1ng Jwing-Ming<\/strong><\/a> est <strong>une \u00e9cole r\u00e9put\u00e9e d&#8217;Arts Martiaux chinois internes et externes<\/strong> (Kung fu Shaolin du Long Poing et de la Grue Blanche, <strong><a rel=\"noreferrer noopener\" href=\"https:\/\/lecercleetlecarre.fr\/index.php\/taijiquan\/\" target=\"_blank\">T\u00e0ij\u00edqu\u00e1n<\/a><\/strong> martial et de sant\u00e9) <strong>et de<\/strong> <strong><a rel=\"noreferrer noopener\" href=\"https:\/\/lecercleetlecarre.fr\/index.php\/qi-gong\/\" target=\"_blank\">Q\u00ecg\u014dng<\/a><\/strong> (martial, th\u00e9rapeutique et spirituel). Cliquer sur le lien pour retrouver <strong><a href=\"https:\/\/ymaainternational.com\/location\/\">toutes les \u00e9coles YMAA actives de part le monde<\/a><\/strong>. <\/p>\n\n\n\n<p>L&#8217;Association <strong><em>le Cercle et le Carr\u00e9<\/em><\/strong> est, depuis septembre 2019, une \u00e9cole officielle de la YMAA : <strong>la YMAA Paris Nord<\/strong> !<\/p>\n\n\n<div class=\"wp-block-image is-resized\">\n<figure class=\"aligncenter size-large\"><img loading=\"lazy\" decoding=\"async\" width=\"300\" height=\"466\" src=\"https:\/\/lecercleetlecarre.fr\/wp-content\/uploads\/2020\/02\/YMAA-PN-Logo-mini.jpg\" alt=\"\" class=\"wp-image-1966\" style=\"aspect-ratio:0.6437768240343348;width:143px;height:auto\" srcset=\"https:\/\/lecercleetlecarre.fr\/wp-content\/uploads\/2020\/02\/YMAA-PN-Logo-mini.jpg 300w, https:\/\/lecercleetlecarre.fr\/wp-content\/uploads\/2020\/02\/YMAA-PN-Logo-mini-193x300.jpg 193w\" sizes=\"auto, (max-width: 300px) 100vw, 300px\" \/><\/figure>\n<\/div>\n\n\n<p><\/p>\n\n\n\n<h2 class=\"wp-block-heading\">Un enseignement <strong><span style=\"text-decoration: underline;\"><em>complet<\/em><\/span><\/strong> du <a rel=\"noreferrer noopener\" href=\"https:\/\/ymaaschool.com\/learn\/category\/qigong\" target=\"_blank\">programme de <strong>Q\u00ecg\u014dng<\/strong> de l&#8217;\u00e9cole YMAA<\/a><\/h2>\n\n\n<div class=\"wp-block-image\">\n<figure class=\"aligncenter size-large is-resized\"><img decoding=\"async\" src=\"https:\/\/ymaaschool.com\/images\/course\/qigong\/qgfoundation.jpg\" alt=\"\" style=\"aspect-ratio:1.3358778625954197;width:286px;height:auto\"\/><\/figure>\n<\/div>\n\n\n<p><\/p>\n\n\n\n<p>La YMAA Paris Nord est la seule \u00e9cole, en dehors de Ma\u00eetre Y\u00e1ng bien \u00e9videmment, a proposer <strong><em>l&#8217;enseignement de la totalit\u00e9 des <a rel=\"noreferrer noopener\" href=\"https:\/\/lecercleetlecarre.fr\/index.php\/le-programme-de-notre-cursus-complet-de-qigong-ymaa\/\" target=\"_blank\">8 niveaux<\/a> originels de <a rel=\"noreferrer noopener\" href=\"https:\/\/lecercleetlecarre.fr\/index.php\/qi-gong\/\" target=\"_blank\">Q\u00ecg\u014dng<\/a><\/em><\/strong> qu&#8217;il a d\u00e9velopp\u00e9s.<\/p>\n\n\n\n<p>L&#8217;enseignement s&#8217;effectue sous forme de <a rel=\"noreferrer noopener\" href=\"https:\/\/lecercleetlecarre.fr\/index.php\/cours-hebdomadaire\/\" target=\"_blank\">cours hebdomadaires<\/a> et de <a rel=\"noreferrer noopener\" href=\"https:\/\/lecercleetlecarre.fr\/index.php\/le-programme-de-notre-cursus-complet-de-qigong-ymaa\/\" target=\"_blank\">s\u00e9minaires de week-end<\/a>, soit dans le cadre d&#8217;une <a rel=\"noreferrer noopener\" href=\"https:\/\/lecercleetlecarre.fr\/index.php\/le-programme-de-notre-cursus-complet-de-qigong-ymaa\/\" target=\"_blank\">formation compl\u00e8te en Q\u00ecg\u014dng YMAA d&#8217;une dur\u00e9e de 3 ans<\/a>, soit \u00e0 la carte en fonction de <a rel=\"noreferrer noopener\" href=\"https:\/\/lecercleetlecarre.fr\/index.php\/les-seminaires-de-qigong-ymaa-donnes-cette-annee\/\" target=\"_blank\">votre int\u00e9r\u00eat pour un th\u00e8me particulier<\/a>.<\/p>\n\n\n\n<p><\/p>\n\n\n\n<h2 class=\"wp-block-heading\">Un enseignement conforme au <a rel=\"noreferrer noopener\" href=\"https:\/\/ymaaschool.com\/learn\/category\/tai-chi\" target=\"_blank\">programme de <strong>T\u00e0ij\u00edqu\u00e1n<\/strong> de l&#8217;\u00e9cole YMAA<\/a><\/h2>\n\n\n<div class=\"wp-block-image\">\n<figure class=\"aligncenter size-large is-resized\"><img decoding=\"async\" src=\"https:\/\/ymaaschool.com\/images\/course\/taichi.jpg\" alt=\"\" style=\"aspect-ratio:1.3333333333333333;width:293px;height:auto\"\/><\/figure>\n<\/div>\n\n\n<p><\/p>\n\n\n\n<p>La YMAA Paris Nord propose<em> <strong>l&#8217;enseignement \u00e0 main nu, seul ou avec partenaire<\/strong><\/em>, du <strong><em><a rel=\"noreferrer noopener\" href=\"https:\/\/lecercleetlecarre.fr\/index.php\/taijiquan\/\" target=\"_blank\">T\u00e0ij\u00edqu\u00e1n de style Y\u00e1ng<\/a><\/em><\/strong> de l&#8217;\u00e9cole YMAA.<\/p>\n\n\n\n<p>L&#8217;enseignement s&#8217;effectue sous forme de <a rel=\"noreferrer noopener\" href=\"https:\/\/lecercleetlecarre.fr\/index.php\/cours-hebdo-de-taijiquan-ecole-ymaa-paris-nord\/\" target=\"_blank\">cours hebdomadaires<\/a> et de<em><strong> <\/strong><\/em><a rel=\"noreferrer noopener\" href=\"https:\/\/lecercleetlecarre.fr\/index.php\/events\/\" target=\"_blank\">stages de week-end<\/a> : entrainement fondamental (postures, structure, enracinement, etc.), pratique du T\u00e0ij\u00ed Q\u00ecg\u014dng<em>,<\/em> s\u00e9quence individuelle en trois parties (grand encha\u00eenement), pouss\u00e9es de mains, travail \u00e0 deux&#8230;<\/p>\n","protected":false},"excerpt":{"rendered":"<p>L&#8217;\u00e9cole YMAA de Ma\u00eetre Y\u00e1ng Jwing-Ming est une \u00e9cole r\u00e9put\u00e9e d&#8217;Arts Martiaux chinois internes et externes (Kung fu Shaolin du Long Poing et de la Grue Blanche, T\u00e0ij\u00edqu\u00e1n martial et &hellip; <a href=\"https:\/\/lecercleetlecarre.fr\/index.php\/ecole-ymaa-paris-nord\/\" class=\"more-link\">Lire la suite de <span class=\"screen-reader-text\">\u00c9cole YMAA Paris Nord<\/span><\/a><\/p>\n","protected":false},"author":3,"featured_media":0,"parent":0,"menu_order":0,"comment_status":"closed","ping_status":"closed","template":"","meta":{"_s2mail":"yes","_EventAllDay":false,"_EventTimezone":"","_EventStartDate":"","_EventEndDate":"","_EventStartDateUTC":"","_EventEndDateUTC":"","_EventShowMap":false,"_EventShowMapLink":false,"_EventURL":"","_EventCost":"","_EventCostDescription":"","_EventCurrencySymbol":"","_EventCurrencyCode":"","_EventCurrencyPosition":"","_EventDateTimeSeparator":"","_EventTimeRangeSeparator":"","_EventOrganizerID":[],"_EventVenueID":[0],"_OrganizerEmail":"","_OrganizerPhone":"","_OrganizerWebsite":"","_VenueAddress":"","_VenueCity":"","_VenueCountry":"","_VenueProvince":"","_VenueState":"","_VenueZip":"","_VenuePhone":"","_VenueURL":"","_VenueStateProvince":"","_VenueLat":"","_VenueLng":"","_VenueShowMap":false,"_VenueShowMapLink":false,"footnotes":""},"class_list":["post-1959","page","type-page","status-publish","hentry"],"_links":{"self":[{"href":"https:\/\/lecercleetlecarre.fr\/index.php\/wp-json\/wp\/v2\/pages\/1959","targetHints":{"allow":["GET"]}}],"collection":[{"href":"https:\/\/lecercleetlecarre.fr\/index.php\/wp-json\/wp\/v2\/pages"}],"about":[{"href":"https:\/\/lecercleetlecarre.fr\/index.php\/wp-json\/wp\/v2\/types\/page"}],"author":[{"embeddable":true,"href":"https:\/\/lecercleetlecarre.fr\/index.php\/wp-json\/wp\/v2\/users\/3"}],"replies":[{"embeddable":true,"href":"https:\/\/lecercleetlecarre.fr\/index.php\/wp-json\/wp\/v2\/comments?post=1959"}],"version-history":[{"count":23,"href":"https:\/\/lecercleetlecarre.fr\/index.php\/wp-json\/wp\/v2\/pages\/1959\/revisions"}],"predecessor-version":[{"id":4380,"href":"https:\/\/lecercleetlecarre.fr\/index.php\/wp-json\/wp\/v2\/pages\/1959\/revisions\/4380"}],"wp:attachment":[{"href":"https:\/\/lecercleetlecarre.fr\/index.php\/wp-json\/wp\/v2\/media?parent=1959"}],"curies":[{"name":"wp","href":"https:\/\/api.w.org\/{rel}","templated":true}]}}