{"id":2016,"date":"2020-04-11T23:11:35","date_gmt":"2020-04-11T21:11:35","guid":{"rendered":"https:\/\/lecercleetlecarre.fr\/?page_id=2016"},"modified":"2020-07-27T22:19:27","modified_gmt":"2020-07-27T20:19:27","slug":"coronavirus-les-conseils-qigong-de-maitre-yang","status":"publish","type":"page","link":"https:\/\/lecercleetlecarre.fr\/index.php\/coronavirus-les-conseils-qigong-de-maitre-yang\/","title":{"rendered":"(Corona) virus : les conseils Q\u00ecg\u014dng de Ma\u00eetre Y\u00e1ng"},"content":{"rendered":"\n<div class=\"wp-block-image\"><figure class=\"aligncenter size-large is-resized\"><img loading=\"lazy\" decoding=\"async\" src=\"https:\/\/lecercleetlecarre.fr\/wp-content\/uploads\/2020\/04\/Coronavirus-structure.jpg\" alt=\"\" class=\"wp-image-2043\" width=\"415\" height=\"185\" srcset=\"https:\/\/lecercleetlecarre.fr\/wp-content\/uploads\/2020\/04\/Coronavirus-structure.jpg 596w, https:\/\/lecercleetlecarre.fr\/wp-content\/uploads\/2020\/04\/Coronavirus-structure-300x134.jpg 300w\" sizes=\"auto, (max-width: 415px) 100vw, 415px\" \/><\/figure><\/div>\n\n\n\n<p>Comme de nombreux Ma\u00eetres de <a rel=\"noreferrer noopener\" href=\"https:\/\/lecercleetlecarre.fr\/index.php\/qi-gong\/\" target=\"_blank\"><strong>Q\u00ecg\u014dng<\/strong><\/a>, <strong><a rel=\"noreferrer noopener\" href=\"https:\/\/lecercleetlecarre.fr\/index.php\/lecole-de-maitre-yang-ymaa\/\" target=\"_blank\">Ma\u00eetre Y\u00e1ng<\/a><\/strong> s&#8217;est pench\u00e9 sur la crise sanitaire li\u00e9e au Coronavirus et s&#8217;est demand\u00e9 <strong>ce qu&#8217;il conviendrait de faire, \u00e0 l&#8217;aune de son exp\u00e9rience<\/strong>. C&#8217;est ce qui l&#8217;a pouss\u00e9 \u00e0 \u00e9crire une s\u00e9rie de <em><strong>trois articles et deux w\u00e9binaires<\/strong><\/em> sur ce sujet : &#8220;<em><strong><span style=\"text-decoration: underline;\">Les conseils du Dr. Yang<\/span><\/strong><\/em>&#8220;. Docteur en ing\u00e9nierie m\u00e9canique, il nous fait ainsi profiter de sa compr\u00e9hension unique des ph\u00e9nom\u00e8nes \u00e9nerg\u00e9tiques, alliant connaissances occidentales et orientales.<\/p>\n\n\n\n<p>En termes de <strong><em>pr\u00e9vention<\/em><\/strong> <strong><em>d&#8217;un risque type virus ou pand\u00e9mie<\/em><\/strong>, la marche \u00e0 suivre semble assez \u00e9vidente : <strong><em>renforcer notre syst\u00e8me immunitaire !<\/em><\/strong><\/p>\n\n\n\n<div class=\"wp-block-image\"><figure class=\"aligncenter size-large is-resized\"><img loading=\"lazy\" decoding=\"async\" src=\"https:\/\/lecercleetlecarre.fr\/wp-content\/uploads\/2020\/04\/improves-immune-system.png\" alt=\"\" class=\"wp-image-2045\" width=\"481\" height=\"238\" srcset=\"https:\/\/lecercleetlecarre.fr\/wp-content\/uploads\/2020\/04\/improves-immune-system.png 382w, https:\/\/lecercleetlecarre.fr\/wp-content\/uploads\/2020\/04\/improves-immune-system-300x148.png 300w\" sizes=\"auto, (max-width: 481px) 100vw, 481px\" \/><figcaption><em><strong>Le Q\u00ecg\u014dng pour renforcer notre syst\u00e8me immunitaire<\/strong><\/em><\/figcaption><\/figure><\/div>\n\n\n\n<p>La diff\u00e9rence avec d&#8217;autres conseils de type Q\u00ecg\u014dng ? <strong>Ma\u00eetre Y\u00e1ng explique point par point pourquoi <\/strong>il conseille de faire telle ou telle chose et dans quel ordre.<\/p>\n\n\n\n<p>Plus qu&#8217;une simple suggestion de pratiques \u00e0 effectuer (g\u00e9n\u00e9ralement sans justification particuli\u00e8re autre que des g\u00e9n\u00e9ralit\u00e9s), il s&#8217;agit ici d&#8217;<strong><span style=\"text-decoration: underline;\">une proposition construite rationnellement<\/span><\/strong>, \u00e0 partir de la th\u00e9orie du Q\u00ecg\u014dng que Ma\u00eetre Y\u00e1ng Jwing-Ming a d\u00e9velopp\u00e9e au cours de ces quarante derni\u00e8res ann\u00e9es&#8230; Cette th\u00e9orie, ainsi que toutes les pratiques associ\u00e9es qu&#8217;il conseille, reposent sur les fondements qui sont enseign\u00e9s en d\u00e9tails dans le cadre de notre <strong><a rel=\"noreferrer noopener\" href=\"https:\/\/lecercleetlecarre.fr\/index.php\/notre-formation\/\" target=\"_blank\">formation en Q\u00ecg\u014dng YMAA<\/a><\/strong> et de <strong><a rel=\"noreferrer noopener\" href=\"https:\/\/lecercleetlecarre.fr\/index.php\/cours-seminaires-cursus-ymaa\/\" target=\"_blank\">nos s\u00e9minaires<\/a><\/strong>, ainsi que lors des <a rel=\"noreferrer noopener\" href=\"https:\/\/lecercleetlecarre.fr\/index.php\/cours-hebdomadaire\/\" target=\"_blank\"><strong>cours hebdomadaires<\/strong><\/a> que nous dispensons \u00e0 Paris, pr\u00e8s de Gare du Nord.<\/p>\n\n\n\n<p>Ma\u00eetre Y\u00e1ng avait demand\u00e9 \u00e0 ce que ses textes soient <strong>traduits en fran\u00e7ais<\/strong> et toute l&#8217;\u00e9quipe de la YMAA Paris Nord s&#8217;y est mise ! <strong><em>Un grand merci \u00e0 toute l&#8217;\u00e9quipe pour son beau travail collectif !<\/em><\/strong><\/p>\n\n\n\n<div class=\"wp-block-image\"><figure class=\"aligncenter size-large is-resized\"><img loading=\"lazy\" decoding=\"async\" src=\"https:\/\/lecercleetlecarre.fr\/wp-content\/uploads\/2020\/02\/YMAA-PN-Logo-mini.jpg\" alt=\"\" class=\"wp-image-1966\" width=\"74\" height=\"115\" srcset=\"https:\/\/lecercleetlecarre.fr\/wp-content\/uploads\/2020\/02\/YMAA-PN-Logo-mini.jpg 300w, https:\/\/lecercleetlecarre.fr\/wp-content\/uploads\/2020\/02\/YMAA-PN-Logo-mini-193x300.jpg 193w\" sizes=\"auto, (max-width: 74px) 100vw, 74px\" \/><\/figure><\/div>\n\n\n\n<p>Vous trouverez donc ci-dessous les liens, soit vers la version originale en anglais, soit vers la version fran\u00e7aise traduite par nos soins. <em>N&#8217;h\u00e9sitez pas \u00e0 nous faire part de vos r\u00e9actions, remarques ou suggestions !<\/em> Au plaisir de vous rencontrer.<\/p>\n\n\n\n<ul class=\"wp-block-list\"><li><strong>Version Traduite<\/strong> \u00a9 par la <strong><a rel=\"noreferrer noopener\" href=\"https:\/\/lecercleetlecarre.fr\/index.php\/ecole-ymaa-paris-nord\/\" target=\"_blank\">YMAA Paris Nord<\/a><\/strong> (en fran\u00e7ais)<\/li><\/ul>\n\n\n\n<ol class=\"wp-block-list\"><li><strong><a rel=\"noreferrer noopener\" href=\"https:\/\/lecercleetlecarre.fr\/wp-content\/uploads\/2020\/04\/1-Yang-2020-La-pand\u00e9mie-du-coronavirus-\u2013-Il-est-temps-de-se-r\u00e9veiller-YMAA-Paris-Nord.pdf\" target=\"_blank\">La pand\u00e9mie du coronavirus \u2013 Il est temps de se r\u00e9veiller<\/a><\/strong><\/li><li><a rel=\"noreferrer noopener\" href=\"https:\/\/lecercleetlecarre.fr\/wp-content\/uploads\/2020\/04\/2-Yang-2020-Les-fondements-scientifiques-du-secret-de-la-jeunesse-de-la-Chine-ancienne-YMAA-Paris-Nord.pdf\" target=\"_blank\"><strong>Les fondements scientifiques du secret de la jeunesse de la Chine ancienne<\/strong><\/a><\/li><li><a href=\"https:\/\/lecercleetlecarre.fr\/wp-content\/uploads\/2020\/06\/3-Yang-2020-Comment-stimuler-votre-syst\u00e8me-immunitaire-YMAA-Paris-Nord.pdf\" target=\"_blank\" rel=\"noreferrer noopener\"><strong>Comment stimuler votre syst\u00e8me immunitaire<\/strong><\/a><\/li><\/ol>\n\n\n\n<ul class=\"wp-block-list\"><li><strong>Version Originale<\/strong> (en anglais) par <strong><a rel=\"noreferrer noopener\" href=\"https:\/\/lecercleetlecarre.fr\/index.php\/lecole-de-maitre-yang-ymaa\/\" target=\"_blank\">Ma\u00eetre Y\u00e1ng<\/a><\/strong><\/li><\/ul>\n\n\n\n<ol class=\"wp-block-list\"><li><strong><a rel=\"noreferrer noopener\" href=\"https:\/\/lecercleetlecarre.fr\/wp-content\/uploads\/2020\/04\/1-Yang-2020-La-pand%C3%A9mie-du-coronavirus-%E2%80%93-Il-est-temps-de-se-r%C3%A9veiller-YMAA-Paris-Nord.pdf\" target=\"_blank\"><strong><\/strong><\/a><strong><a rel=\"noreferrer noopener\" href=\"https:\/\/4c8e5784-9083-49c1-b3c0-e11893baf16d.filesusr.com\/ugd\/c665f8_9da067dc4db34520a402e2c911e8aac9.pdf\" target=\"_blank\">Coronavirus Crisis &#8211; Time to Awaken<\/a><\/strong><\/strong><\/li><li><a rel=\"noreferrer noopener\" href=\"https:\/\/lecercleetlecarre.fr\/wp-content\/uploads\/2020\/04\/2-Yang-2020-Les-fondements-scientifiques-du-secret-de-la-jeunesse-de-la-Chine-ancienne-YMAA-Paris-Nord.pdf\" target=\"_blank\"><strong><strong><\/strong><\/strong><\/a><strong><strong><a rel=\"noreferrer noopener\" href=\"https:\/\/4c8e5784-9083-49c1-b3c0-e11893baf16d.filesusr.com\/ugd\/c665f8_6284e8f7d80f4068bcd56185db0b9026.pdf\" target=\"_blank\">Scientific Foundation of the Ancient Secret of Youth<\/a><\/strong><\/strong><\/li><li><a rel=\"noreferrer noopener\" href=\"https:\/\/lecercleetlecarre.fr\/wp-content\/uploads\/2020\/06\/3-Yang-2020-Comment-stimuler-votre-syst%C3%A8me-immunitaire-YMAA-Paris-Nord.pdf\" target=\"_blank\"><strong><strong><\/strong><\/strong><\/a><strong><strong><a rel=\"noreferrer noopener\" href=\"https:\/\/4c8e5784-9083-49c1-b3c0-e11893baf16d.filesusr.com\/ugd\/c665f8_3fccadb4e2e745e98b419abae489fc35.pdf\" target=\"_blank\">How to Boost\/Condition Your Immune System<\/a><\/strong><\/strong><\/li><\/ol>\n\n\n\n<ul class=\"wp-block-list\"><li><strong>W\u00e9binaires<\/strong> (en anglais ; payant) par <strong><a rel=\"noreferrer noopener\" href=\"https:\/\/lecercleetlecarre.fr\/index.php\/lecole-de-maitre-yang-ymaa\/\" target=\"_blank\">Ma\u00eetre Y\u00e1ng<\/a><\/strong><\/li><\/ul>\n\n\n\n<ol class=\"wp-block-list\"><li><a href=\"https:\/\/vimeo.com\/ondemand\/longevity2020\" target=\"_blank\" rel=\"noreferrer noopener\">https:\/\/vimeo.com\/ondemand\/longevity2020<\/a><\/li><\/ol>\n\n\n\n<p>Visiter le site : <a href=\"https:\/\/barkingrabbit.square.site\/\" target=\"_blank\" rel=\"noreferrer noopener\">https:\/\/barkingrabbit.square.site\/<\/a><\/p>\n","protected":false},"excerpt":{"rendered":"<p>Comme de nombreux Ma\u00eetres de Q\u00ecg\u014dng, Ma\u00eetre Y\u00e1ng s&#8217;est pench\u00e9 sur la crise sanitaire li\u00e9e au Coronavirus et s&#8217;est demand\u00e9 ce qu&#8217;il conviendrait de faire, \u00e0 l&#8217;aune de son exp\u00e9rience. &hellip; <a href=\"https:\/\/lecercleetlecarre.fr\/index.php\/coronavirus-les-conseils-qigong-de-maitre-yang\/\" class=\"more-link\">Lire la suite de <span class=\"screen-reader-text\">(Corona) virus : les conseils Q\u00ecg\u014dng de Ma\u00eetre Y\u00e1ng<\/span><\/a><\/p>\n","protected":false},"author":3,"featured_media":0,"parent":0,"menu_order":0,"comment_status":"closed","ping_status":"closed","template":"","meta":{"_s2mail":"yes","_EventAllDay":false,"_EventTimezone":"","_EventStartDate":"","_EventEndDate":"","_EventStartDateUTC":"","_EventEndDateUTC":"","_EventShowMap":false,"_EventShowMapLink":false,"_EventURL":"","_EventCost":"","_EventCostDescription":"","_EventCurrencySymbol":"","_EventCurrencyCode":"","_EventCurrencyPosition":"","_EventDateTimeSeparator":"","_EventTimeRangeSeparator":"","_EventOrganizerID":[],"_EventVenueID":[0],"_OrganizerEmail":"","_OrganizerPhone":"","_OrganizerWebsite":"","_VenueAddress":"","_VenueCity":"","_VenueCountry":"","_VenueProvince":"","_VenueState":"","_VenueZip":"","_VenuePhone":"","_VenueURL":"","_VenueStateProvince":"","_VenueLat":"","_VenueLng":"","_VenueShowMap":false,"_VenueShowMapLink":false,"footnotes":""},"class_list":["post-2016","page","type-page","status-publish","hentry"],"_links":{"self":[{"href":"https:\/\/lecercleetlecarre.fr\/index.php\/wp-json\/wp\/v2\/pages\/2016","targetHints":{"allow":["GET"]}}],"collection":[{"href":"https:\/\/lecercleetlecarre.fr\/index.php\/wp-json\/wp\/v2\/pages"}],"about":[{"href":"https:\/\/lecercleetlecarre.fr\/index.php\/wp-json\/wp\/v2\/types\/page"}],"author":[{"embeddable":true,"href":"https:\/\/lecercleetlecarre.fr\/index.php\/wp-json\/wp\/v2\/users\/3"}],"replies":[{"embeddable":true,"href":"https:\/\/lecercleetlecarre.fr\/index.php\/wp-json\/wp\/v2\/comments?post=2016"}],"version-history":[{"count":42,"href":"https:\/\/lecercleetlecarre.fr\/index.php\/wp-json\/wp\/v2\/pages\/2016\/revisions"}],"predecessor-version":[{"id":2305,"href":"https:\/\/lecercleetlecarre.fr\/index.php\/wp-json\/wp\/v2\/pages\/2016\/revisions\/2305"}],"wp:attachment":[{"href":"https:\/\/lecercleetlecarre.fr\/index.php\/wp-json\/wp\/v2\/media?parent=2016"}],"curies":[{"name":"wp","href":"https:\/\/api.w.org\/{rel}","templated":true}]}}