{"id":203,"date":"2018-11-23T02:07:39","date_gmt":"2018-11-23T01:07:39","guid":{"rendered":"https:\/\/lecercleetlecarre.wordpress.com\/?page_id=203"},"modified":"2025-09-30T12:00:01","modified_gmt":"2025-09-30T10:00:01","slug":"cours-hebdomadaire","status":"publish","type":"page","link":"https:\/\/lecercleetlecarre.fr\/index.php\/cours-hebdomadaire\/","title":{"rendered":"Cours hebdo de Q\u00ecg\u014dng (\u00e9cole YMAA Paris Nord)"},"content":{"rendered":"\n<p class=\"has-medium-font-size\">Tous les <strong>mercredis de 20h00 \u00e0 21h30<\/strong>, Laurent (Full Instructor YMAA en Q\u00ecg\u014dng) vous propose, au <em>Centre Anima<\/em>, un&nbsp;<strong>cours hebdomadaire d&#8217;1h30 <\/strong>de <strong><span style=\"text-decoration:underline;\"><a rel=\"noreferrer noopener\" href=\"https:\/\/lecercleetlecarre.fr\/index.php\/qi-gong\/\" target=\"_blank\">Q\u00ecg\u014dng<\/a><\/span><\/strong><span style=\"text-decoration:underline;\"> <\/span><strong><span style=\"text-decoration:underline;\">martial souple et de sant\u00e9<\/span><\/strong> (bien-\u00eatre et relaxation, Q\u00ecg\u014dng de la colonne, Q\u00ecg\u014dng des 4 saisons, Q\u00ecg\u014dng de d\u00e9veloppement et de renforcement des jambes et du tronc).<\/p>\n\n\n\n<p class=\"has-medium-font-size\">C&#8217;est l&#8217;un des deux cours hebdomadaires de <em>l&#8217;\u00e9cole YMAA Paris Nord<\/em>, avec celui de <strong><a href=\"https:\/\/lecercleetlecarre.fr\/index.php\/cours-hebdo-de-taijiquan-ecole-ymaa-paris-nord\/\" target=\"_blank\" rel=\"noreferrer noopener\">T\u00e0ij\u00edqu\u00e1n<\/a><\/strong>. Venez d\u00e9couvrir <strong>le plaisir et les bienfaits du mouvement corporel \u00e9nerg\u00e9tique<\/strong>, dans sa <strong>souplesse<\/strong>, sa <strong>d\u00e9tente<\/strong> et sa <strong>bonne humeur<\/strong> :<\/p>\n\n\n\n<ul class=\"wp-block-list\">\n<li>Retrouvez votre amplitude avec un <strong>mouvement libre, puissant et naturel<\/strong> !<\/li>\n\n\n\n<li>Retrouvez une <strong>bonne circulation de votre \u00e9nergie<\/strong> dans toutes les parties de votre corps !<\/li>\n\n\n\n<li>Am\u00e9liorez la <strong>qualit\u00e9 de vos muscles, tendons et de vos articulations<\/strong> !<\/li>\n\n\n\n<li>D\u00e9veloppez votre <strong>ancrage<\/strong>, votre <strong>sant\u00e9<\/strong> et votre <strong>vitalit\u00e9<\/strong> !<\/li>\n\n\n\n<li>D\u00e9veloppez votre <strong>sensibilit\u00e9 \u00e9nerg\u00e9tique<\/strong> !<\/li>\n\n\n\n<li>Apaisez votre <strong>Esprit <\/strong>et installez-vous dans <strong>la tranquillit\u00e9 et le bien-\u00eatre<\/strong> !<\/li>\n<\/ul>\n\n\n\n<figure class=\"wp-block-image\"><img loading=\"lazy\" decoding=\"async\" width=\"4128\" height=\"2322\" src=\"http:\/\/lecerclecq.cluster021.hosting.ovh.net\/wp-content\/uploads\/2019\/05\/2017-ymaa-rc-lm-gazebo.jpg\" alt=\"\" class=\"wp-image-1039\" srcset=\"https:\/\/lecercleetlecarre.fr\/wp-content\/uploads\/2019\/05\/2017-ymaa-rc-lm-gazebo.jpg 4128w, https:\/\/lecercleetlecarre.fr\/wp-content\/uploads\/2019\/05\/2017-ymaa-rc-lm-gazebo-300x169.jpg 300w, https:\/\/lecercleetlecarre.fr\/wp-content\/uploads\/2019\/05\/2017-ymaa-rc-lm-gazebo-768x432.jpg 768w, https:\/\/lecercleetlecarre.fr\/wp-content\/uploads\/2019\/05\/2017-ymaa-rc-lm-gazebo-1024x576.jpg 1024w, https:\/\/lecercleetlecarre.fr\/wp-content\/uploads\/2019\/05\/2017-ymaa-rc-lm-gazebo-676x380.jpg 676w\" sizes=\"auto, (max-width: 4128px) 100vw, 4128px\" \/><\/figure>\n\n\n\n<ul class=\"wp-block-list\">\n<li><strong>Jour et horaire<\/strong> du cours hebdo : <strong><em><span style=\"text-decoration: underline;\">les mercredi de 20h00 \u00e0 21h30<\/span><\/em><\/strong><\/li>\n\n\n\n<li><strong>Reprise des cours<\/strong> 2025-2026 : <em><em><em><em>mercredi<\/em><\/em><\/em> 03\/09\/2025<\/em><\/li>\n\n\n\n<li><strong>Fin des cours<\/strong> 2024-2025 : <em><em><em><em>mercredi<\/em><\/em><\/em> 08\/07\/202<\/em>6<\/li>\n\n\n\n<li><em>Entra\u00eenements libres<\/em>, sous votre propre responsabilit\u00e9 (lorsque la salle est ouverte) : possibles de juillet \u00e0 septembre, ainsi qu&#8217;en cas d&#8217;absence de Laurent durant l&#8217;ann\u00e9e (nous contacter)<\/li>\n<\/ul>\n\n\n\n<p><strong><span style=\"text-decoration: underline;\">Plusieurs formules tarifaires possibles<\/span> (rajouter 15\u20ac de cotisation \u00e0 notre Association et 35\u20ac de frais de <a href=\"https:\/\/lecercleetlecarre.fr\/index.php\/la-licence-federale-ffaemc\/\">Licence FFAEMC<\/a>) :<\/strong><\/p>\n\n\n\n<ul class=\"wp-block-list\">\n<li><strong>Un premier <em>cours d&#8217;essai OFFERT<\/em>, sur simple demande !<\/strong><\/li>\n\n\n\n<li><strong>Carnet de <span style=\"text-decoration: underline;\">10 s\u00e9ances<\/span> collectives d&#8217;1h30 de Q\u00ecg\u014dng<\/strong> (forfait valable 4 mois, de date \u00e0 date) :         <strong>210 \u20ac<\/strong>&nbsp;(d\u00e9ductible des forfaits si inscription \u00e0 l&#8217;ann\u00e9e), soit <strong>14\u20ac\/h<\/strong><\/li>\n\n\n\n<li><strong>Inscription <span style=\"text-decoration: underline;\"><strong>Q\u00ecg\u014dng<\/strong> \u00e0 l&#8217;ann\u00e9e<\/span><\/strong> (possibilit\u00e9 d&#8217;\u00e9taler la cotisation sous formes de 2 \u00e9ch\u00e9ances semestrielles) : <strong>440 \u20ac<\/strong> (soit une <em>r\u00e9duction de 233&nbsp;\u20ac <\/em>pour 33 s\u00e9ances), soit environ <strong>9\u20ac\/h<\/strong><\/li>\n\n\n\n<li><strong><strong>Inscription <span style=\"text-decoration: underline;\">Q\u00ecg\u014dng + <strong><span style=\"text-decoration: underline;\">un cours de <\/span><\/strong>T\u00e0ij\u00edqu\u00e1n \u00e0 l&#8217;ann\u00e9e<\/span><\/strong> : <strong>760 \u20ac<\/strong>&nbsp;(soit une <em>r\u00e9duction suppl\u00e9mentaire de 140 \u20ac<\/em> pour 33 s\u00e9ances), soit&nbsp;environ <strong>7,9\u20ac\/h<\/strong><\/strong> (possibilit\u00e9 d&#8217;\u00e9taler le paiement sous formes de 2 \u00e9ch\u00e9ances semestrielles S1 470 \u20ac et S2 310 \u20ac). Nous contacter pour deux cours de T\u00e0ij\u00edqu\u00e1n et plus.<\/li>\n\n\n\n<li>Prix d&#8217;<strong>1 cours collectif ponctuel<\/strong>&nbsp;d&#8217;1h30 (<strong><strong>Q\u00ecg\u014dng<\/strong><\/strong>) =&gt;&nbsp;<strong>25 \u20ac<\/strong>&nbsp;(d\u00e9ductible des forfaits si inscription)<\/li>\n\n\n\n<li>Prix d&#8217;<strong>1 cours&nbsp;individuel<\/strong> d&#8217;1h00 (tous sujets possibles) : nous consulter<\/li>\n<\/ul>\n\n\n\n<p class=\"has-medium-font-size\">N&#8217;h\u00e9sitez pas \u00e0 nous <a href=\"https:\/\/lecercleetlecarre.fr\/index.php\/contact\/\" target=\"_blank\" rel=\"noreferrer noopener\">contacter<\/a> pour en savoir plus !<\/p>\n\n\n\n<p><\/p>\n\n\n\n<h2 class=\"wp-block-heading\">Informations pratiques<\/h2>\n\n\n\n<p>Ce cours vous est propos\u00e9 par la <strong><a rel=\"noreferrer noopener\" href=\"https:\/\/lecercleetlecarre.fr\/index.php\/ecole-ymaa-paris-nord\/\" target=\"_blank\">YMAA Paris Nord<\/a><\/strong>, affili\u00e9e \u00e0 <a href=\"https:\/\/lecercleetlecarre.fr\/index.php\/lecole-de-maitre-yang-ymaa\/\" target=\"_blank\" rel=\"noreferrer noopener\">l&#8217;\u00e9cole YMAA de Ma\u00eetre Y\u00e1ng Jwing-Ming<\/a><\/p>\n\n\n<div class=\"wp-block-image\">\n<figure class=\"alignleft size-large is-resized\"><img loading=\"lazy\" decoding=\"async\" width=\"269\" height=\"1024\" src=\"https:\/\/lecercleetlecarre.fr\/wp-content\/uploads\/2024\/09\/Capture-decran-2024-09-03-a-16.49.22-269x1024.png\" alt=\"\" class=\"wp-image-4418\" style=\"aspect-ratio:0.2626953125;width:117px;height:auto\" srcset=\"https:\/\/lecercleetlecarre.fr\/wp-content\/uploads\/2024\/09\/Capture-decran-2024-09-03-a-16.49.22-269x1024.png 269w, https:\/\/lecercleetlecarre.fr\/wp-content\/uploads\/2024\/09\/Capture-decran-2024-09-03-a-16.49.22-79x300.png 79w, https:\/\/lecercleetlecarre.fr\/wp-content\/uploads\/2024\/09\/Capture-decran-2024-09-03-a-16.49.22-403x1536.png 403w, https:\/\/lecercleetlecarre.fr\/wp-content\/uploads\/2024\/09\/Capture-decran-2024-09-03-a-16.49.22.png 426w\" sizes=\"auto, (max-width: 269px) 100vw, 269px\" \/><\/figure>\n<\/div>\n\n\n<p class=\"has-medium-font-size\">Lieu :&nbsp;<strong><a href=\"https:\/\/www.centreanima.com\/centre-yoga-gym-douce-paris\">Centre Anima<\/a><\/strong>&nbsp; &nbsp; &nbsp; &nbsp; &nbsp; &nbsp;<br>31, rue de Maubeuge &#8211; 75009 Paris&nbsp; &nbsp; &nbsp; &nbsp; &nbsp; &nbsp; &nbsp; &nbsp; &nbsp; &nbsp; &nbsp; &nbsp; &nbsp; &nbsp; &nbsp; &nbsp; &nbsp; &nbsp; &nbsp; &nbsp; &nbsp; &nbsp; &nbsp; &nbsp;&nbsp;<\/p>\n\n\n\n<p>M\u00e9tro <strong>Cadet&nbsp;<\/strong>(Ligne 7)<br>RER <strong>Gare du Nord&nbsp;<\/strong>(Ligne B)<br>Bus <strong>26<\/strong>, <strong>42<\/strong>, <strong>43<\/strong>, <strong>85<\/strong> (arr\u00eat <strong>Maubeuge-Rochechouart<\/strong>)<\/p>\n\n\n\n<p>Si la porte n&#8217;est pas ouverte, sonner \u00e0 &#8220;Centre Anima&#8221;, passer la porte, <strong>aller au fond de la cour<\/strong>, prendre la porte et <strong>rentrer dans le couloir<\/strong> ; <strong>aller jusque devant les escaliers<\/strong>, puis ouvrir la porte qui est juste \u00e0 votre gauche : vous \u00eates au&nbsp;Centre Anima&nbsp;! La Petite Salle se trouve imm\u00e9diatement apr\u00e8s le hall d&#8217;entr\u00e9e (1\u00e8re porte \u00e0 droite), la <strong>Grande Salle<\/strong>&nbsp;(le lieu du cours) au bout du couloir \u00e0 gauche, et au milieu et sur votre droite, deux portes qui ouvrent sur les vestiaires femmes et hommes.<\/p>\n\n\n\n<p><\/p>\n","protected":false},"excerpt":{"rendered":"<p>Tous les mercredis de 20h00 \u00e0 21h30, Laurent (Full Instructor YMAA en Q\u00ecg\u014dng) vous propose, au Centre Anima, un&nbsp;cours hebdomadaire d&#8217;1h30 de Q\u00ecg\u014dng martial souple et de sant\u00e9 (bien-\u00eatre et &hellip; <a href=\"https:\/\/lecercleetlecarre.fr\/index.php\/cours-hebdomadaire\/\" class=\"more-link\">Lire la suite de <span class=\"screen-reader-text\">Cours hebdo de Q\u00ecg\u014dng (\u00e9cole YMAA Paris Nord)<\/span><\/a><\/p>\n","protected":false},"author":3,"featured_media":35,"parent":0,"menu_order":0,"comment_status":"closed","ping_status":"closed","template":"","meta":{"_s2mail":"yes","_EventAllDay":false,"_EventTimezone":"","_EventStartDate":"","_EventEndDate":"","_EventStartDateUTC":"","_EventEndDateUTC":"","_EventShowMap":false,"_EventShowMapLink":false,"_EventURL":"","_EventCost":"","_EventCostDescription":"","_EventCurrencySymbol":"","_EventCurrencyCode":"","_EventCurrencyPosition":"","_EventDateTimeSeparator":"","_EventTimeRangeSeparator":"","_EventOrganizerID":[],"_EventVenueID":[],"_OrganizerEmail":"","_OrganizerPhone":"","_OrganizerWebsite":"","_VenueAddress":"","_VenueCity":"","_VenueCountry":"","_VenueProvince":"","_VenueState":"","_VenueZip":"","_VenuePhone":"","_VenueURL":"","_VenueStateProvince":"","_VenueLat":"","_VenueLng":"","_VenueShowMap":false,"_VenueShowMapLink":false,"footnotes":""},"class_list":["post-203","page","type-page","status-publish","has-post-thumbnail","hentry"],"_links":{"self":[{"href":"https:\/\/lecercleetlecarre.fr\/index.php\/wp-json\/wp\/v2\/pages\/203","targetHints":{"allow":["GET"]}}],"collection":[{"href":"https:\/\/lecercleetlecarre.fr\/index.php\/wp-json\/wp\/v2\/pages"}],"about":[{"href":"https:\/\/lecercleetlecarre.fr\/index.php\/wp-json\/wp\/v2\/types\/page"}],"author":[{"embeddable":true,"href":"https:\/\/lecercleetlecarre.fr\/index.php\/wp-json\/wp\/v2\/users\/3"}],"replies":[{"embeddable":true,"href":"https:\/\/lecercleetlecarre.fr\/index.php\/wp-json\/wp\/v2\/comments?post=203"}],"version-history":[{"count":50,"href":"https:\/\/lecercleetlecarre.fr\/index.php\/wp-json\/wp\/v2\/pages\/203\/revisions"}],"predecessor-version":[{"id":5178,"href":"https:\/\/lecercleetlecarre.fr\/index.php\/wp-json\/wp\/v2\/pages\/203\/revisions\/5178"}],"wp:featuredmedia":[{"embeddable":true,"href":"https:\/\/lecercleetlecarre.fr\/index.php\/wp-json\/wp\/v2\/media\/35"}],"wp:attachment":[{"href":"https:\/\/lecercleetlecarre.fr\/index.php\/wp-json\/wp\/v2\/media?parent=203"}],"curies":[{"name":"wp","href":"https:\/\/api.w.org\/{rel}","templated":true}]}}