{"id":2100,"date":"2020-04-21T15:55:20","date_gmt":"2020-04-21T13:55:20","guid":{"rendered":"https:\/\/lecercleetlecarre.fr\/?page_id=2100"},"modified":"2021-12-06T16:09:32","modified_gmt":"2021-12-06T15:09:32","slug":"le-programme-de-notre-cursus-complet-de-qigong-ymaa","status":"publish","type":"page","link":"https:\/\/lecercleetlecarre.fr\/index.php\/le-programme-de-notre-cursus-complet-de-qigong-ymaa\/","title":{"rendered":"Le programme de notre cursus complet de Q\u00ecg\u014dng YMAA"},"content":{"rendered":"\n<h2 class=\"wp-block-heading\">Les 8 niveaux du&nbsp;Q\u00ecg\u014dng YMAA<\/h2>\n\n\n\n<p><a rel=\"noreferrer noopener\" href=\"https:\/\/lecercleetlecarre.fr\/index.php\/lecole-de-maitre-yang-ymaa\/\" target=\"_blank\">Ma\u00eetre Y\u00e1ng<\/a> a con\u00e7u son&nbsp;<strong>cursus de <a rel=\"noreferrer noopener\" href=\"https:\/\/lecercleetlecarre.fr\/index.php\/qi-gong\/\" target=\"_blank\">Q\u00ecg\u014dng<\/a>&nbsp;en 8 niveaux<\/strong>,&nbsp;qui sont moins des &#8220;niveaux&#8221; en tant que tel, \u00e0 suivre dans un ordre tr\u00e8s strict et pr\u00e9cis, que <strong><span style=\"text-decoration: underline;\">des \u00e9tapes progressives<\/span> en termes de&nbsp;difficult\u00e9 et de technicit\u00e9<\/strong>. Ils permettent de couvrir efficacement <a rel=\"noreferrer noopener\" href=\"https:\/\/ymaaschool.com\/learn\/category\/qigong\" target=\"_blank\">l\u2019ensemble de ce que l\u2019\u00e9cole YMAA propose en Q\u00ecg\u014dng<\/a>. Pour diff\u00e9rentes raisons historiques, Ma\u00eetre Y\u00e1ng n&#8217;enseigne plus aujourd&#8217;hui le Niveau 6, mais nous avons d\u00e9cid\u00e9 de le r\u00e9tablir, dans une forme r\u00e9solument tourn\u00e9es vers le Q\u00ecg\u014dng et qui correspond \u00e0 notre exp\u00e9rience.<\/p>\n\n\n\n<ul class=\"wp-block-list\"><li>Niveau 1 : Fondements th\u00e9oriques et pratiques du Q\u00ecg\u014dng<\/li><li>Niveau 2 : Q\u00ecg\u014dng th\u00e9rapeutique et d&#8217;entretien de la sant\u00e9<\/li><li>Niveau 3 : Q\u00ecg\u014dng martial rigide et dur<\/li><li>Niveau 4 : Q\u00ecg\u014dng martial souple et doux<\/li><li>Niveau 5 : Massage Q\u00ecg\u014dng g\u00e9n\u00e9raliste<\/li><li>Niveau 6 : Introduction au massage Tu\u012bn\u00e1  <\/li><li>Niveau 7 :  La Petite Circulation (tour microcosmique) et l&#8217;alchimie interne<\/li><li>Niveau 8 :  La <em>Transformation des Muscles et Tendons<\/em> &amp; le <em>Nettoyage des Moelles et du Cerveau<\/em>, ainsi que la Grande Circulation (tour macrocosmique)<\/li><\/ul>\n\n\n\n<div class=\"wp-block-image\"><figure class=\"aligncenter\"><img loading=\"lazy\" decoding=\"async\" width=\"1024\" height=\"768\" src=\"https:\/\/lecercleetlecarre.fr\/wp-content\/uploads\/2019\/09\/1056-1024x768.jpg\" alt=\"\" class=\"wp-image-1295\" srcset=\"https:\/\/lecercleetlecarre.fr\/wp-content\/uploads\/2019\/09\/1056-1024x768.jpg 1024w, https:\/\/lecercleetlecarre.fr\/wp-content\/uploads\/2019\/09\/1056-300x225.jpg 300w, https:\/\/lecercleetlecarre.fr\/wp-content\/uploads\/2019\/09\/1056-768x576.jpg 768w, https:\/\/lecercleetlecarre.fr\/wp-content\/uploads\/2019\/09\/1056-676x507.jpg 676w\" sizes=\"auto, (max-width: 1024px) 100vw, 1024px\" \/><figcaption>YMAA Retreat Center &#8211; \u00c9t\u00e9 2017<\/figcaption><\/figure><\/div>\n\n\n\n<h2 class=\"wp-block-heading\">Les 8 niveaux couverts en une vingtaine de week-ends parisiens<\/h2>\n\n\n\n<p>Le cursus que proposait Ma\u00eetre Y\u00e1ng <strong>en Californie<\/strong>, au <a rel=\"noreferrer noopener\" href=\"https:\/\/www.ymaaretreatcenter.org\/\" target=\"_blank\">YMAA Retreat Center<\/a>, se d\u00e9roulait normalement sous forme de <strong>5 jours de s\u00e9minaire consacr\u00e9s \u00e0 un unique niveau<\/strong> (4 jours de formation proprement dit, plus un cinqui\u00e8me de r\u00e9vision et d&#8217;assimilation du niveau).<\/p>\n\n\n\n<p>Ce format &#8220;<em>un s\u00e9minaire de 5 jours couvre un niveau complet<\/em>&#8221; n\u2019est malheureusement pas transposable en France, \u00e0 l\u2019heure actuelle : des <strong>week-ends \u00e0 Paris<\/strong> ont alors \u00e9t\u00e9 privil\u00e9gi\u00e9s <strong>pour des raisons pratiques <\/strong>(l&#8217;adresse de la salle sera pr\u00e9cis\u00e9e en cliquant sur l&#8217;\u00e9v\u00e9nement correspondant, dans la colonne de droite du site).<\/p>\n\n\n\n<p>La <strong><a rel=\"noreferrer noopener\" href=\"https:\/\/lecercleetlecarre.fr\/index.php\/ecole-ymaa-paris-nord\/\" target=\"_blank\">YMAA Paris Nord<\/a><\/strong> a ainsi <strong>r\u00e9parti chacun des 8 niveaux sur un ensemble de 1 \u00e0 4 week-ends<\/strong>, cr\u00e9ant ainsi un nouveau format o\u00f9 &#8220;<em>plusieurs s\u00e9minaires de deux jours permettent de couvrir un niveau complet<\/em>&#8221; :<strong> parfois avec plus de temps consacr\u00e9<\/strong> \u00e0 certains sujets (foisonnants et avec une grande vari\u00e9t\u00e9 de pratiques), <strong>parfois avec moins de temps consacr\u00e9<\/strong> (lorsque le sujet a, en fait, d\u00e9j\u00e0 \u00e9t\u00e9 largement abord\u00e9 dans d&#8217;autres niveaux connexes et o\u00f9 il n&#8217;y a alors besoin que de faire de simples rappels, avant d&#8217;introduire de nouvelles notions et\/ou pratiques, ce qui permet de gagner du temps). <\/p>\n\n\n\n<p><strong>L&#8217;ensemble de ces s\u00e9minaires<\/strong> (une vingtaine de week-ends parisiens)  vient former&nbsp;un <strong>cursus complet d&#8217;enseignement du Q\u00ecg\u014dng YMAA<\/strong> prenant place sur une dur\u00e9e de <strong>3 ann\u00e9es<\/strong>, avec <strong>7 \u00e0 8 week-ends par an<\/strong>.<\/p>\n\n\n\n<p><strong><em>Attention<\/em><\/strong>&#8230; :<\/p>\n\n\n\n<ul class=\"wp-block-list\"><li>Les <strong>week-ends permettant de couvrir un niveau complet<\/strong> ne sont <strong><span style=\"text-decoration: underline;\">pas n\u00e9cessairement directement \u00e0 la suite les uns des autres<\/span><\/strong>&#8230; En effet, pour une meilleure int\u00e9gration p\u00e9dagogique et un \u00e9quilibre des pratiques,&nbsp;<strong><em>les diff\u00e9rents morceaux d\u2019un m\u00eame niveau peuvent avoir \u00e9t\u00e9 r\u00e9parties sur les 3 ann\u00e9es<\/em><\/strong>, ce qui signifie que d&#8217;autres week-ends (traitant d&#8217;autres niveaux) peuvent venir s&#8217;intercaler entre eux. Si un niveau sp\u00e9cifique vous int\u00e9resse en particulier, regardez bien le programme ci-dessous.<\/li><li><strong>Chaque s\u00e9minaire de week-end ne sera <span style=\"text-decoration: underline;\">propos\u00e9 qu\u2019une fois tous les 3 ans<\/span>&nbsp;<\/strong>: ne ratez pas le coche ! <em>Seuls les deux week-ends du <strong>Niveau 1<\/strong> <strong>(N1P1 et N1P2)<\/strong> seront propos\u00e9s <strong>\u00e0 deux reprises durant les 3 ans<\/strong><\/em> (en Premi\u00e8re et Deuxi\u00e8me ann\u00e9e, o\u00f9 l&#8217;ont peut encore rejoindre le cursus, mais plus en Troisi\u00e8me ann\u00e9e).<\/li><li>Voir la page : <strong><a href=\"https:\/\/lecercleetlecarre.fr\/index.php\/peut-on-commencer-un-niveau-sans-avoir-fait-ou-fini-le-precedent\/\" target=\"_blank\" rel=\"noreferrer noopener\">Peut-on commencer un niveau sans avoir fait ou fini le pr\u00e9c\u00e9dent ?<\/a><\/strong><\/li><\/ul>\n\n\n\n<p><\/p>\n\n\n\n<h2 class=\"wp-block-heading\"><span style=\"text-decoration: underline;\">Le cursus complet d&#8217;enseignement du Q\u00ecg\u014dng YMAA Paris Nord<\/span><\/h2>\n\n\n\n<h3 class=\"wp-block-heading\"><strong><em>Premi\u00e8re ann\u00e9e<\/em> : Fondements th\u00e9oriques et pratiques fondamentales du Q\u00ecg\u014dng<\/strong><\/h3>\n\n\n\n<p>L&#8217;attention sera port\u00e9e sur <strong>la d\u00e9couverte et la circulation du q\u00ec<\/strong> (m\u00e9ridiens, respiration, etc.), ainsi que <strong>les utilisations et applications du q\u00ec et du Q\u00ecg\u014dng<\/strong> (d\u00e9couverte et affinement de nos ressentis int\u00e9rieurs et ext\u00e9rieurs). On y enseigne toutes <strong>les pratiques fondatrices de l&#8217;\u00e9cole <\/strong>(<strong><span style=\"text-decoration: underline;\">Niveau 1<\/span><\/strong>) et qui servent de <strong><span style=\"text-decoration: underline;\">socle<\/span><\/strong> \u00e0 la suite des enseignements (ce niveau est <em>obligatoire <\/em>avant de pouvoir en commencer un autre). La ma\u00eetrise graduelle de ce socle permet de <strong><span style=\"text-decoration: underline;\">cultiver son \u00e9nergie<\/span><\/strong> (en quantit\u00e9 comme en qualit\u00e9) et est le garant d&#8217;une <strong><em>meilleure sant\u00e9<\/em><\/strong> \u00e0 la fois <strong><em>physique et \u00e9motionnelle<\/em><\/strong> ; ces pratiques vont venir <strong><em>ouvrir la porte de la spiritualit\u00e9<\/em><\/strong> et de notre <strong><em>lien intime avec la Nature<\/em><\/strong>.<\/p>\n\n\n\n<ul class=\"wp-block-list\"><li><strong>N1P1&nbsp;:<\/strong> <strong>Fondements <\/strong>th\u00e9oriques et pratiques du q\u00ecg\u014dng (\u6c23\u529f\u57fa\u790e, q\u00ecg\u014dng j\u012bch\u01d4)&nbsp;&#8211; sant\u00e9 et \u00e9nergie de la <strong>colonne vert\u00e9brale<\/strong> et du <strong>d\u0101nti\u00e1n<\/strong> (\u4e39\u7530)<\/li><\/ul>\n\n\n\n<ul class=\"wp-block-list\"><li><strong>N1P2<\/strong> <strong>:<\/strong> <strong>Respiration q\u00ecg\u014dng<\/strong>, m\u00e9ditation de la <strong>Respiration Embryonnaire <\/strong>(\u80ce\u606f, t\u0101i x\u012b) &amp; Marches m\u00e9ditatives (\u7d4c\u884c, j\u012bng x\u00edng) &#8211; calme, paix et \u00e9nergie<\/li><\/ul>\n\n\n\n<ul class=\"wp-block-list\"><li><strong>N2P1 :<\/strong> Bases du&nbsp;<strong>q\u00ecg\u014dng th\u00e9rapeutique<\/strong>&nbsp;(\u4fdd\u5065\u6c23\u529f, b\u01ceo ji\u00e0n q\u00ecg\u014dng) &#8211; concepts fondamentaux, <strong>Q\u00ecg\u014dng des m\u00e9ridiens<\/strong> (\u5341\u4e8c\u7d93, sh\u00ed\u00e8r j\u012bng) et <strong>Huit Pi\u00e8ces de Brocart debout<\/strong> (\u516b\u6bb5\u9326, b\u0101 du\u00e0n j\u01d0n)<\/li><\/ul>\n\n\n\n<ul class=\"wp-block-list\"><li><strong>N2P2 :<\/strong> <strong>Q\u00ecg\u014dng&nbsp;th\u00e9rapeutique<\/strong> des <strong>4 saisons<\/strong> (\u56db\u5b63\u529f, s\u00ec j\u00ec g\u014dng) &#8211; maintenir, soulager et nourrir son corps et ses organes internes tout au long de l\u2019ann\u00e9e<\/li><\/ul>\n\n\n\n<ul class=\"wp-block-list\"><li><strong>N4P1 <\/strong>: Introduction au <strong>q\u00ecg\u014dng martial souple et doux<\/strong> (\u8edf\u529f, ru\u01cen g\u014dng) &#8211; fondations du <strong>T\u00e0ij\u00ed q\u00ecg\u014dng<\/strong> (\u592a\u6975\u6c23\u529f) pour d\u00e9velopper ou r\u00e9parer ses articulations<\/li><\/ul>\n\n\n\n<ul class=\"wp-block-list\"><li><strong>N4P2&nbsp;:<\/strong>&nbsp;Q\u00ecg\u014dng de la <strong>boule de&nbsp;T\u00e0ij\u00ed<\/strong> (\u592a\u6975\u7403,&nbsp;T\u00e0ij\u00ed qi\u00fa) &#8211; pratiques et th\u00e9ories fondamentales,&nbsp;sans et avec la boule, pour entretenir et d\u00e9velopper tout son corps<\/li><\/ul>\n\n\n\n<ul class=\"wp-block-list\"><li><strong>N4P3 :<\/strong>&nbsp;Q\u00ecg\u014dng de la <strong>boule de&nbsp;T\u00e0ij\u00ed<\/strong> (\u592a\u6975\u7403,&nbsp;T\u00e0ij\u00ed qi\u00fa) &#8211; approfondissements et d\u00e9veloppement de la pratique libre pour manifester la puissance dans la d\u00e9tente<\/li><\/ul>\n\n\n\n<h3 class=\"wp-block-heading\"><strong><em>Deuxi\u00e8me ann\u00e9e<\/em> : Approfondissement des bases du Q\u00ecg\u014dng<\/strong> et d\u00e9veloppement \u00e9nerg\u00e9tique<\/h3>\n\n\n\n<p>Le programme se concentrera sur le <strong>d\u00e9veloppement ext\u00e9rieur &amp; int\u00e9rieur du Corps et de l\u2019Esprit<\/strong> (renforcement musculaire et articulaire, d\u00e9tente profonde, d\u00e9but de l&#8217;alchimie interne), par une <strong>intensification<\/strong> et une <strong>meilleure pr\u00e9cision de la circulation du q\u00ec<\/strong> (sur soi-m\u00eame et sur partenaire). Capitalisant sur les bases de Premi\u00e8re Ann\u00e9e, l&#8217;accent sera port\u00e9 sur <strong>la mise en \u00e9tat Q\u00ecg\u014dng<\/strong> de soi-m\u00eame (m\u00e9ditation) et d&#8217;autrui (massage) afin de <strong><em>se lib\u00e9rer des blocages \u00e9nerg\u00e9tiques<\/em> <\/strong>superficiels et plus profonds. Gr\u00e2ce aux pratiques nous ayant permis de <strong><span style=\"text-decoration: underline;\">cultiver de fa\u00e7on abondante une meilleure \u00e9nergie<\/span><\/strong>, le corps continue de <strong><em>se r\u00e9g\u00e9n\u00e9rer<\/em><\/strong>, de <strong><em>se d\u00e9velopper<\/em><\/strong> et d&#8217;<strong><em>accro\u00eetre sa circulation \u00e9nerg\u00e9tique physiologique<\/em><\/strong> (conditionnement).<\/p>\n\n\n\n<ul class=\"wp-block-list\"><li><strong>N1P1<\/strong> <strong>:<\/strong>&nbsp;Fondements th\u00e9oriques et pratiques du q\u00ecg\u014dng (\u6c23\u529f\u57fa\u790e, q\u00ecg\u014dng j\u012bch\u01d4) &#8211; sant\u00e9 et \u00e9nergie de la <strong>colonne vert\u00e9brale<\/strong> et du <strong>d\u0101nti\u00e1n<\/strong> (\u4e39\u7530)<\/li><\/ul>\n\n\n\n<ul class=\"wp-block-list\"><li><strong>N1P2 :<\/strong> <strong>Respiration q\u00ecg\u014dng<\/strong>, m\u00e9ditation de la <strong>Respiration Embryonnaire<\/strong> (\u80ce\u606f, t\u0101i x\u012b) &amp; Marches m\u00e9ditatives (\u7d4c\u884c, j\u012bng x\u00edng) &#8211; calme, paix et \u00e9nergie<\/li><\/ul>\n\n\n\n<ul class=\"wp-block-list\"><li><strong>N5P1 :<\/strong> <strong>Massage q\u00ecg\u014dng g\u00e9n\u00e9ral<\/strong> (\u666e\u901a\u6309\u6469, p\u01d4t\u014dng \u00e0nm\u00f3) &#8211; th\u00e9orie du massage q\u00ecg\u014dng, auto-massages, massage de d\u00e9tente d\u2019un partenaire<\/li><\/ul>\n\n\n\n<ul class=\"wp-block-list\"><li><strong>N5P2 :<\/strong>&nbsp;<strong>Massage q\u00ecg\u014dng g\u00e9n\u00e9ral<\/strong> (\u666e\u901a\u6309\u6469, p\u01d4t\u014dng \u00e0nm\u00f3) &#8211; approfondissement, massage des points \u00e9nerg\u00e9tiques (\u9ede\u7a74, di\u01cen xu\u00e9), massage de relaxation profonde&nbsp;d\u2019un partenaire<\/li><\/ul>\n\n\n\n<ul class=\"wp-block-list\"><li><strong>N4P4<\/strong> <strong>:<\/strong> <strong>Q\u00ecg\u014dng martial souple et doux<\/strong>&nbsp;(\u8edf\u529f, ru\u01cen g\u014dng) du style de la <strong>Grue Blanche<\/strong> (\u767d\u9db4, b\u00e1i h\u00e8) &#8211; puissance, l\u00e9g\u00e8ret\u00e9 et vol de la Grue<\/li><\/ul>\n\n\n\n<ul class=\"wp-block-list\"><li><strong>N3&nbsp;:<\/strong> <strong>Q\u00ecg\u014dng martial rigide et dur<\/strong> (\u786c\u529f, y\u00ecng g\u014dng) de&nbsp;<strong>D\u00e1m\u00f3<\/strong> (\u9054\u6469) et du style de la <strong>Grue Blanche<\/strong> (\u767d\u9db4, b\u00e1i h\u00e8) &#8211; force, endurance et routines de poings<\/li><\/ul>\n\n\n\n<ul class=\"wp-block-list\"><li><strong>N7P1<\/strong> <strong>:<\/strong> M\u00e9ditation de la <strong>Petite Circulation C\u00e9leste<\/strong> (\u5c0f\u5468\u5929, xi\u01ceo zh\u014du ti\u0101n) &#8211; th\u00e9orie fondamentale, pratiques pr\u00e9paratoires et&nbsp;pratique de la &#8220;toute petite circulation&#8221;<\/li><\/ul>\n\n\n\n<ul class=\"wp-block-list\"><li><strong>N7P2<\/strong> <strong>:<\/strong>&nbsp;M\u00e9ditation de la <strong>Petite Circulation C\u00e9leste<\/strong> (\u5c0f\u5468\u5929, xi\u01ceo zh\u014du ti\u0101n) &#8211; transformation des muscles\/tendons, portes &amp; passes, et pratique de la&nbsp;&#8220;petite circulation compl\u00e8te&#8221;<\/li><\/ul>\n\n\n\n<h3 class=\"wp-block-heading\"><strong><em>Troisi\u00e8me ann\u00e9e<\/em> : Pratiques Q\u00ecg\u014dng de niveau interm\u00e9diaire<\/strong> et connexion avec les \u00e9nergies de la Nature<\/h3>\n\n\n\n<p>Cette derni\u00e8re ann\u00e9e se consacrera \u00e0 l&#8217;<strong>Alchimie Int\u00e9rieure<\/strong> (am\u00e9lioration de la physiologie \u00e9nerg\u00e9tique) et \u00e0 l&#8217;<strong>\u00e9mission\/manipulation du q\u00ec<\/strong> int\u00e9rieur &amp; ext\u00e9rieur (combinaison de l&#8217;interne et de l&#8217;externe). Cette derni\u00e8re ann\u00e9e verra <strong>l&#8217;ach\u00e8vement d&#8217;une base solide en Q\u00ecg\u014dng<\/strong> permettant d&#8217;<strong>utiliser l&#8217;\u00e9nergie cultiv\u00e9e<\/strong> en premi\u00e8re et deuxi\u00e8me ann\u00e9e, afin de <strong><span style=\"text-decoration: underline;\">raffiner cette \u00e9nergie<\/span><\/strong>. Ceci permettra de <strong><em>r\u00e9g\u00e9n\u00e9rer<\/em><\/strong> et de <strong><em>renforcer<\/em><\/strong> <em><strong>ses tissus<\/strong><\/em><strong> <\/strong>(muscles, tendons, os, moelles) et <strong><em>ses organes internes<\/em><\/strong> (d\u00e9blocage et r\u00e9g\u00e9n\u00e9ration), mais aussi de proc\u00e9der \u00e0 des <strong><em>\u00e9changes de q\u00ec harmonieux avec l&#8217;ext\u00e9rieur<\/em><\/strong>, afin de permettre \u00e0 soi et aux autres d&#8217;\u00eatre en phase avec les cycles naturels et leurs \u00e9nergies (reconnexion avec le Ciel et la Terre). Ce faisant le <strong><em>d\u00e9veloppement spirituel<\/em><\/strong> se met naturellement en place, respectant la libert\u00e9 et les choix de chacun.<\/p>\n\n\n\n<ul class=\"wp-block-list\"><li><strong>N6P1 :<\/strong> Introduction au <strong>massage Tu\u012bn\u00e1<\/strong> (\u63a8\u62ff\u6309\u6469\u5165\u9580,&nbsp;tu\u012bn\u00e1 \u00e0nm\u00f3 r\u00f9m\u00e9n) &#8211; techniques tu\u012bn\u00e1 fondamentales (\u57fa\u672c\u63a8\u62ff\u6cd5, j\u012b b\u011bn tu\u012bn\u00e1 f\u01ce), mobilisations simples et protocoles de traitements de quelques probl\u00e8mes internes et externes communs<\/li><\/ul>\n\n\n\n<ul class=\"wp-block-list\"><li><strong>N6P2 : <\/strong>Introduction au <strong>q\u00ecg\u014dng&nbsp;tu\u012bn\u00e1<\/strong> (\u6c23\u529f\u63a8\u62ff\u5165\u9580,&nbsp;q\u00ecg\u014dng tu\u012bn\u00e1 r\u00f9m\u00e9n) &#8211; techniques de d\u00e9veloppement et de massage du q\u00ec (\u6c23\u6309\u6469\u6cd5, q\u00ec \u00e0nm\u00f3 f\u01ce), sur soi-m\u00eame et sur partenaire<\/li><\/ul>\n\n\n\n<ul class=\"wp-block-list\"><li><strong>N2P3&nbsp;:<\/strong> <strong>Q\u00ecg\u014dng&nbsp;th\u00e9rapeutique<\/strong> des <strong>5 animaux<\/strong> (\u4e94\u79bd\u6232, w\u01d4 q\u00edn x\u00ec) &#8211; le Tigre et le Cerf\/Biche, pour la force sereine et la long\u00e9vit\u00e9<\/li><\/ul>\n\n\n\n<ul class=\"wp-block-list\"><li><strong>N2P4&nbsp;:<\/strong>&nbsp;<strong>Q\u00ecg\u014dng&nbsp;th\u00e9rapeutique<\/strong> des <strong>5 animaux<\/strong> (\u4e94\u79bd\u6232, w\u01d4 q\u00edn x\u00ec) &#8211; l\u2019Ours, le Singe et l\u2019Oiseau, pour l\u2019harmonie et la joie<\/li><\/ul>\n\n\n\n<ul class=\"wp-block-list\"><li><strong>N8P1 :<\/strong> <strong>Les deux classiques de D\u00e1m\u00f3<\/strong>&nbsp;(\u9054\u6469\u4e8c\u7d93) &#8211; th\u00e9orie et pratiques g\u00e9n\u00e9rales du Classique de la <strong>Transformation des Muscles\/Tendons<\/strong> (\u6613\u7b4b\u7d93, y\u00ec j\u012bn j\u012bng) pour la force, l\u2019endurance et la sant\u00e9<\/li><\/ul>\n\n\n\n<ul class=\"wp-block-list\"><li><strong>N8P2 :<\/strong>&nbsp;<strong>Les deux classiques de D\u00e1m\u00f3<\/strong> (\u9054\u6469\u4e8c\u7d93) &#8211; th\u00e9orie et pratiques g\u00e9n\u00e9rales du Classique du <strong>Nettoyage des Moelles\/Cerveau<\/strong> (\u6d17\u9ad3\u7d93, x\u01d0 su\u01d0 j\u012bng) pour le bien \u00eatre, la long\u00e9vit\u00e9 et la spiritualit\u00e9<\/li><\/ul>\n\n\n\n<ul class=\"wp-block-list\"><li><strong>N8P3 :<\/strong> M\u00e9ditations et pratiques de la <strong>Grande Circulation C\u00e9leste<\/strong>&nbsp;(\u5927\u5468\u5929, d\u00e0 zh\u014du ti\u0101n) &#8211; circulations et \u00e9changes de q\u00ec avec la Nature et un partenaire, connexion \u00e0 l\u2019Univers<\/li><\/ul>\n","protected":false},"excerpt":{"rendered":"<p>Les 8 niveaux du&nbsp;Q\u00ecg\u014dng YMAA Ma\u00eetre Y\u00e1ng a con\u00e7u son&nbsp;cursus de Q\u00ecg\u014dng&nbsp;en 8 niveaux,&nbsp;qui sont moins des &#8220;niveaux&#8221; en tant que tel, \u00e0 suivre dans un ordre tr\u00e8s strict et &hellip; <a href=\"https:\/\/lecercleetlecarre.fr\/index.php\/le-programme-de-notre-cursus-complet-de-qigong-ymaa\/\" class=\"more-link\">Lire la suite de <span class=\"screen-reader-text\">Le programme de notre cursus complet de Q\u00ecg\u014dng YMAA<\/span><\/a><\/p>\n","protected":false},"author":3,"featured_media":0,"parent":0,"menu_order":0,"comment_status":"closed","ping_status":"closed","template":"","meta":{"_s2mail":"yes","_EventAllDay":false,"_EventTimezone":"","_EventStartDate":"","_EventEndDate":"","_EventStartDateUTC":"","_EventEndDateUTC":"","_EventShowMap":false,"_EventShowMapLink":false,"_EventURL":"","_EventCost":"","_EventCostDescription":"","_EventCurrencySymbol":"","_EventCurrencyCode":"","_EventCurrencyPosition":"","_EventDateTimeSeparator":"","_EventTimeRangeSeparator":"","_EventOrganizerID":[],"_EventVenueID":[0],"_OrganizerEmail":"","_OrganizerPhone":"","_OrganizerWebsite":"","_VenueAddress":"","_VenueCity":"","_VenueCountry":"","_VenueProvince":"","_VenueState":"","_VenueZip":"","_VenuePhone":"","_VenueURL":"","_VenueStateProvince":"","_VenueLat":"","_VenueLng":"","_VenueShowMap":false,"_VenueShowMapLink":false,"footnotes":""},"class_list":["post-2100","page","type-page","status-publish","hentry"],"_links":{"self":[{"href":"https:\/\/lecercleetlecarre.fr\/index.php\/wp-json\/wp\/v2\/pages\/2100","targetHints":{"allow":["GET"]}}],"collection":[{"href":"https:\/\/lecercleetlecarre.fr\/index.php\/wp-json\/wp\/v2\/pages"}],"about":[{"href":"https:\/\/lecercleetlecarre.fr\/index.php\/wp-json\/wp\/v2\/types\/page"}],"author":[{"embeddable":true,"href":"https:\/\/lecercleetlecarre.fr\/index.php\/wp-json\/wp\/v2\/users\/3"}],"replies":[{"embeddable":true,"href":"https:\/\/lecercleetlecarre.fr\/index.php\/wp-json\/wp\/v2\/comments?post=2100"}],"version-history":[{"count":31,"href":"https:\/\/lecercleetlecarre.fr\/index.php\/wp-json\/wp\/v2\/pages\/2100\/revisions"}],"predecessor-version":[{"id":3067,"href":"https:\/\/lecercleetlecarre.fr\/index.php\/wp-json\/wp\/v2\/pages\/2100\/revisions\/3067"}],"wp:attachment":[{"href":"https:\/\/lecercleetlecarre.fr\/index.php\/wp-json\/wp\/v2\/media?parent=2100"}],"curies":[{"name":"wp","href":"https:\/\/api.w.org\/{rel}","templated":true}]}}