{"id":252,"date":"2018-11-25T22:48:45","date_gmt":"2018-11-25T21:48:45","guid":{"rendered":"https:\/\/lecercleetlecarre.wordpress.com\/?page_id=252"},"modified":"2025-06-10T00:37:09","modified_gmt":"2025-06-09T22:37:09","slug":"lecole-de-maitre-yang-ymaa","status":"publish","type":"page","link":"https:\/\/lecercleetlecarre.fr\/index.php\/lecole-de-maitre-yang-ymaa\/","title":{"rendered":"Y\u00e1ng Jwing-Ming et son \u00e9cole : la YMAA"},"content":{"rendered":"<div class=\"wp-block-image\">\n<figure class=\"aligncenter size-large is-resized\"><a href=\"https:\/\/lecercleetlecarre.fr\/wp-content\/uploads\/2018\/11\/ymaa-rc-yjm-with-tjq-sword.jpg\"><img loading=\"lazy\" decoding=\"async\" width=\"800\" height=\"960\" src=\"https:\/\/lecercleetlecarre.fr\/wp-content\/uploads\/2018\/11\/ymaa-rc-yjm-with-tjq-sword.jpg\" alt=\"\" class=\"wp-image-355\" style=\"width:-885px;height:-1061px\" srcset=\"https:\/\/lecercleetlecarre.fr\/wp-content\/uploads\/2018\/11\/ymaa-rc-yjm-with-tjq-sword.jpg 800w, https:\/\/lecercleetlecarre.fr\/wp-content\/uploads\/2018\/11\/ymaa-rc-yjm-with-tjq-sword-250x300.jpg 250w, https:\/\/lecercleetlecarre.fr\/wp-content\/uploads\/2018\/11\/ymaa-rc-yjm-with-tjq-sword-768x922.jpg 768w, https:\/\/lecercleetlecarre.fr\/wp-content\/uploads\/2018\/11\/ymaa-rc-yjm-with-tjq-sword-676x811.jpg 676w\" sizes=\"auto, (max-width: 800px) 100vw, 800px\" \/><\/a><\/figure>\n<\/div>\n\n\n<p><\/p>\n\n\n\n<p><strong><a href=\"https:\/\/ymaa.com\/publishing\/author\/dr-yang-jwing-ming\">Y\u00e1ng&nbsp;Jwing-Ming<\/a><\/strong> (\u694a\u4fca\u654f) est un <a href=\"https:\/\/lecercleetlecarre.fr\/index.php\/nos-maitres\/\">Ma\u00eetre<\/a> d&#8217;<a href=\"https:\/\/legacy.ymaa.com\/articles\/history\/history-chinese-martial-arts\">Arts Martiaux chinois<\/a> et de <a href=\"https:\/\/legacy.ymaa.com\/articles\/history\/history-qigong\"><strong>Q\u00ecg\u014dng<\/strong><\/a> (\u6c23\u529f) originaire de Taiwan, o\u00f9 il est n\u00e9 le 11\/08\/1946. Il r\u00e9side depuis la fin des ann\u00e9es 1970 aux \u00c9tats-Unis, o\u00f9 il a fond\u00e9 sa propre <strong>\u00e9cole<\/strong>, la <strong>YMAA<\/strong> (Yang&#8217;s Martial Art Association), afin de pouvoir <strong>pr\u00e9server et diffuser le vaste savoir th\u00e9orique et pratique dont il est d\u00e9positaire<\/strong> (cliquer sur le lien suivant pour voir <a href=\"https:\/\/ymaaschool.com\/learn\/\">l&#8217;ensemble des contenus enseign\u00e9s dans l&#8217;\u00e9cole<\/a>). \u00c0 pr\u00e8s de 80 ans, apr\u00e8s avoir enseign\u00e9 au <em><a href=\"https:\/\/www.ymaaretreatcenter.org\/\">YMAA Retreat Center<\/a><\/em> <em><a href=\"https:\/\/www.ymaaretreatcenter.org\/\">YMAA Retreat Center<\/a><\/em>, Ma\u00eetre Y\u00e1ng poursuit sa transmission en Californie du Nord \u00e0 <em>Yang Family Heights<\/em> (cliquer sur le lien pour voir son <a href=\"https:\/\/yangjwingming.com\/\">site personnel<\/a>).<\/p>\n\n\n\n<p><\/p>\n\n\n\n<h3 class=\"wp-block-heading\">Un Ma\u00eetre de Grue Blanche&#8230;<\/h3>\n\n\n<div class=\"wp-block-image\">\n<figure class=\"aligncenter size-large\"><img loading=\"lazy\" decoding=\"async\" width=\"300\" height=\"244\" src=\"https:\/\/lecercleetlecarre.fr\/wp-content\/uploads\/2018\/11\/yjm-white-crane.jpg\" alt=\"\" class=\"wp-image-468\"\/><\/figure>\n<\/div>\n\n\n<p><\/p>\n\n\n\n<p>Il est&nbsp;d&#8217;abord <strong>un ma\u00eetre de <em><a href=\"https:\/\/legacy.ymaa.com\/articles\/white-crane-gongfu-part-1\">Grue Blanche<\/a><\/em><\/strong>&nbsp;(\u767d\u9db4\u62f3, b\u00e1ih\u00e8qu\u00e1n), un <strong>art martial chinois<\/strong>&nbsp;<br>issue du style du Sh\u00e0ol\u00edn&nbsp;du sud (\u5357\u5c11\u6797,&nbsp;n\u00e1n Sh\u00e0ol\u00edn). Cet art \u00e0 la particularit\u00e9 d&#8217;\u00eatre \u00e0 la&nbsp;fois <strong>externe <\/strong>(importance accord\u00e9e aux aspects y\u00e1ng : force, vitesse et d\u00e9veloppement du corps physique) <strong><em>et<\/em><\/strong>&nbsp;<strong>interne <\/strong>(importance accord\u00e9e aux aspects y\u012bn : souplesse, flexibilit\u00e9 et d\u00e9veloppement du corps \u00e9nerg\u00e9tique).<\/p>\n\n\n<div class=\"wp-block-image\">\n<figure class=\"aligncenter size-large\"><img loading=\"lazy\" decoding=\"async\" width=\"230\" height=\"153\" src=\"https:\/\/lecercleetlecarre.fr\/wp-content\/uploads\/2021\/06\/YJM-White-crane-MA.jpg\" alt=\"\" class=\"wp-image-2910\"\/><\/figure>\n<\/div>\n\n\n<p><\/p>\n\n\n\n<p>Ma\u00eetre Y\u00e1ng sera l&#8217;un des plus jeunes disciples de <strong>Ma\u00eetre&nbsp;Cheng Gin-gsao<\/strong> (\u66fe\u91d1\u7076, Z\u0113ng J\u012bnz\u00e0o, en p\u012bny\u012bn), qui, par son exemplarit\u00e9, <strong>marquera durablement sa vie<\/strong>, lui inculquant <a href=\"https:\/\/legacy.ymaa.com\/articles\/martial-arts\/morality\">des valeurs et principes moraux des arts martiaux<\/a> (\u6b66\u5fb7, w\u01d4d\u00e9) qu&#8217;il a toujours mis en avant dans ses enseignements&#8230; mais \u00e9galement dans son propre comportement :<\/p>\n\n\n\n<ul class=\"wp-block-list\">\n<li><strong>Moralit\u00e9\/vertu des actes <\/strong>(\u5fb7\u884c, d\u00e9 x\u00edng ; cultiver sa relation aux autres, servir et devenir juste) : <em>Humilit\u00e9<\/em>&nbsp;(\u8b19\u865b, qi\u0101nx\u016b), <em>Respect <\/em>(\u5c0a\u656c, z\u016bnj\u00ecng), <em>Droiture <\/em>(\u6b63\u7fa9, zh\u00e8ngy\u00ec), <em>Fiabilit\u00e9&nbsp;<\/em>(\u4fe1\u7528, x\u00ecny\u00f2ng) et <em>Loyaut\u00e9&nbsp;<\/em>(\u5fe0\u8aa0, zh\u014dngch\u00e9ng) =&gt; <em>le plus important pour que le Ma\u00eetre enseigne<\/em> !<\/li>\n\n\n\n<li><strong>Moralit\u00e9\/vertu de l&#8217;esprit <\/strong>(\u54c1\u5fb7, p\u01d0n d\u00e9 ; se cultiver soi-m\u00eame, apprendre et devenir sage) : <em>Volont\u00e9\/D\u00e9termination&nbsp;<\/em>(\u610f\u5fd7, y\u00eczh\u00ec), <em>Endurance\/Patience<\/em> (\u5fcd\u8010, r\u011bnn\u00e0i), <em>Pers\u00e9v\u00e9rance<\/em>\/<em>Volont\u00e9<\/em> (\u6bc5\u529b, y\u00ecl\u00ec), <em>Pers\u00e9v\u00e9rance<\/em>\/<em>Constance<\/em>&nbsp;(\u6046\u5fc3, h\u00e9ngx\u012bn) et <em>Courage<\/em> (\u52c7\u6562, y\u01d2ngg\u01cen) =&gt; <em>le plus important pour que le Disciple chemine avec Sagesse<\/em><\/li>\n<\/ul>\n\n\n\n<figure class=\"wp-block-image size-large\"><img loading=\"lazy\" decoding=\"async\" width=\"934\" height=\"596\" src=\"https:\/\/lecercleetlecarre.fr\/wp-content\/uploads\/2018\/11\/ymaa-boston-kung-fu-martial-moralities_orig.jpg\" alt=\"\" class=\"wp-image-359\" srcset=\"https:\/\/lecercleetlecarre.fr\/wp-content\/uploads\/2018\/11\/ymaa-boston-kung-fu-martial-moralities_orig.jpg 934w, https:\/\/lecercleetlecarre.fr\/wp-content\/uploads\/2018\/11\/ymaa-boston-kung-fu-martial-moralities_orig-300x191.jpg 300w, https:\/\/lecercleetlecarre.fr\/wp-content\/uploads\/2018\/11\/ymaa-boston-kung-fu-martial-moralities_orig-768x490.jpg 768w, https:\/\/lecercleetlecarre.fr\/wp-content\/uploads\/2018\/11\/ymaa-boston-kung-fu-martial-moralities_orig-676x431.jpg 676w\" sizes=\"auto, (max-width: 934px) 100vw, 934px\" \/><\/figure>\n\n\n\n<h3 class=\"wp-block-heading\">&#8230;mais aussi de <strong>Q\u00ecg\u014dng<\/strong>, <strong>T\u00e0ij\u00edqu\u00e1n et de&nbsp;<\/strong>Long Poing !<\/h3>\n\n\n\n<p>Peu avant sa mort (un AVC, cons\u00e9quence du c\u00f4t\u00e9 y\u00e1ng de l&#8217;entra\u00eenement \u00e0 la Grue Blanche), Ma\u00eetre Cheng indiquera au jeune&nbsp;Y\u00e1ng de&nbsp;<strong>continuer \u00e0 rechercher le c\u00f4t\u00e9 y\u012bn de l&#8217;art<\/strong>, afin de pouvoir \u00e9quilibrer les deux aspects. Ce c\u00f4t\u00e9 y\u012bn, c&#8217;est bien \u00e9videmment le&nbsp;<strong><a href=\"https:\/\/legacy.ymaa.com\/articles\/2014\/01\/an-introduction-to-qi-and-qigong\">Q\u00ecg\u014dng<\/a><\/strong>&nbsp;et Ma\u00eetre Y\u00e1ng en avait acquis de bonnes bases en pratiquant la Grue Blanche ! Ma\u00eetre Y\u00e1ng a ainsi naturellement&nbsp;<strong>pass\u00e9 sa vie \u00e0 collecter des textes et des informations et \u00e0 tester des pratiques<\/strong>, jusqu&#8217;\u00e0 ce qu&#8217;il soit en mesure de fournir&nbsp;<strong>une carte panoramique<\/strong>&nbsp;permettant de savoir o\u00f9 est quoi, et comment l&#8217;ensemble s&#8217;articule. Cette recherche d&#8217;une vie sera le terreau de&nbsp;&nbsp;<strong>l&#8217;enseignement en 8 Niveaux du&nbsp;Q\u00ecg\u014dng de l&#8217;\u00e9cole YMAA<\/strong>, fond\u00e9 sur le Niveau 1, qui en donne tous les <a href=\"https:\/\/legacy.ymaa.com\/articles\/qigong-training-theory\">fondements th\u00e9oriques et pratiques<\/a>&#8230; on ne saurait trop insister sur son importance en termes de fondation.<\/p>\n\n\n<div class=\"wp-block-image\">\n<figure class=\"aligncenter size-large is-resized\"><img loading=\"lazy\" decoding=\"async\" width=\"1024\" height=\"576\" src=\"https:\/\/lecercleetlecarre.fr\/wp-content\/uploads\/2020\/06\/YJM-Teaching-5-regulations-1024x576.jpg\" alt=\"\" class=\"wp-image-2244\" style=\"width:494px;height:277px\" srcset=\"https:\/\/lecercleetlecarre.fr\/wp-content\/uploads\/2020\/06\/YJM-Teaching-5-regulations-1024x576.jpg 1024w, https:\/\/lecercleetlecarre.fr\/wp-content\/uploads\/2020\/06\/YJM-Teaching-5-regulations-300x169.jpg 300w, https:\/\/lecercleetlecarre.fr\/wp-content\/uploads\/2020\/06\/YJM-Teaching-5-regulations-768x432.jpg 768w, https:\/\/lecercleetlecarre.fr\/wp-content\/uploads\/2020\/06\/YJM-Teaching-5-regulations-676x380.jpg 676w, https:\/\/lecercleetlecarre.fr\/wp-content\/uploads\/2020\/06\/YJM-Teaching-5-regulations.jpg 1280w\" sizes=\"auto, (max-width: 1024px) 100vw, 1024px\" \/><\/figure>\n<\/div>\n\n\n<p><\/p>\n\n\n\n<p>Par ailleurs, les <strong>vicissitudes de la vie dans le Taiwan des ann\u00e9es 1960<\/strong> (famines chroniques causant chez Ma\u00eetre&nbsp;Y\u00e1ng de nombreux ulc\u00e8res \u00e0 l&#8217;estomac) pouss\u00e8rent Ma\u00eetre Cheng \u00e0 indiquer au &#8220;petit&nbsp;Y\u00e1ng&#8221; un ma\u00eetre d&#8217;un autre art, <strong>Ma\u00eetre G\u0101o T\u0101o <\/strong>(\u9ad8\u6fe4, Kao Tao en ta\u00efwanais ; 1932-2024), qui pourrait sans doute l&#8217;aider. Cet art, c&#8217;\u00e9tait le&nbsp;<strong><a href=\"https:\/\/lecercleetlecarre.fr\/index.php\/taijiquan\/\">T\u00e0ij\u00edqu\u00e1n<\/a><\/strong> (\u592a\u6975\u62f3) de style Y\u00e1ng, qui, bien qu&#8217;il le d\u00e9testa pendant son adolescence, ne le quittera plus tout au long de sa vie. Le&nbsp;T\u00e0ij\u00edqu\u00e1n est l&#8217;un des 3 grands arts martiaux&nbsp;<strong>internes<\/strong>&nbsp;chinois. Tous les arts martiaux internes chinois accordent une place pr\u00e9pond\u00e9rante \u00e0 la&nbsp;<strong>relaxation dans le mouvement<\/strong>&nbsp;destin\u00e9e \u00e0 permettre une&nbsp;<strong>circulation optimale du q\u00ec<\/strong>&nbsp;lors des&nbsp;<strong>frappes martiales souples et fouett\u00e9es<\/strong>&nbsp;que l&#8217;on appelle alors&nbsp;<a href=\"https:\/\/legacy.ymaa.com\/articles\/2015\/07\/the-different-jing-and-their-applications\">f\u0101j\u00ecng<\/a>&nbsp;(\u767c\u7d93) ou lors de man\u0153uvre de&nbsp;<strong>neutralisation de l&#8217;\u00e9nergie \u00e9mise par l&#8217;adversaire<\/strong>&nbsp;(\u5316\u7d93, hu\u00e0 j\u00ecng).&nbsp;<strong>Tout aussi excellente martialement que pour la sant\u00e9<\/strong>, la pratique du T\u00e0ij\u00edqu\u00e1n permit \u00e0&nbsp;Ma\u00eetre&nbsp;Y\u00e1ng de&nbsp;<a href=\"https:\/\/legacy.ymaa.com\/articles\/2016\/06\/reflections-on-taijiquan\">se gu\u00e9rir progressivement de ses ulc\u00e8res \u00e0 l&#8217;estomac<\/a>.&nbsp;<\/p>\n\n\n<div class=\"wp-block-image\">\n<figure class=\"aligncenter size-large is-resized\"><img loading=\"lazy\" decoding=\"async\" width=\"736\" height=\"414\" src=\"https:\/\/lecercleetlecarre.fr\/wp-content\/uploads\/2018\/11\/tjq-sword-yjm.jpg\" alt=\"\" class=\"wp-image-344\" style=\"width:556px;height:313px\" srcset=\"https:\/\/lecercleetlecarre.fr\/wp-content\/uploads\/2018\/11\/tjq-sword-yjm.jpg 736w, https:\/\/lecercleetlecarre.fr\/wp-content\/uploads\/2018\/11\/tjq-sword-yjm-300x169.jpg 300w, https:\/\/lecercleetlecarre.fr\/wp-content\/uploads\/2018\/11\/tjq-sword-yjm-676x380.jpg 676w\" sizes=\"auto, (max-width: 736px) 100vw, 736px\" \/><\/figure>\n<\/div>\n\n\n<p><\/p>\n\n\n\n<p>Vint ensuite la p\u00e9riode du service militaire obligatoire et sa p\u00e9riode au <em>Tamkang college<\/em>&nbsp;de l&#8217;arm\u00e9e de l&#8217;air. Un ma\u00eetre de <strong>Long Poing<\/strong>, <strong>Ma\u00eetre&nbsp;L\u01d0 M\u00e0oq\u012bng <\/strong>(\u674e\u8302\u6e05 ; 1927-2024), y enseignait et il en deviendra rapidement l&#8217;\u00e9l\u00e8ve, l&#8217;assistant et le disciple. Le&nbsp;<strong><em><a href=\"https:\/\/legacy.ymaa.com\/articles\/history-of-shaolin-long-fist-kung-fu\">Long Poing<\/a><\/em><\/strong>&nbsp;(\u9577\u62f3, ch\u00e1ngqu\u00e1n) : un style <strong>externe <\/strong>de Sh\u00e0ol\u00edn du nord (\u5317\u5c11\u6797, b\u011bi Sh\u00e0ol\u00edn). L&#8217;accent est mis sur la&nbsp;<strong>puissance<\/strong>&nbsp;et la&nbsp;<strong>vitesse<\/strong>, ce qui implique une certaine&nbsp;<strong>tension musculaire<\/strong>&nbsp;destin\u00e9es \u00e0 produire des&nbsp;<strong>frappes martiales rigides et fortes<\/strong>. La g\u00e9n\u00e9ration et l&#8217;utilisation du q\u00ec qui y sont faites est locale, ce qui fait qu&#8217;on peut consid\u00e9rer le Long Poing comme une forme d&#8217;\u00e9lixir externe&nbsp;(\u5916\u4e39, w\u00e0i d\u0101n). Sa pratique intensive n&#8217;est pas sans danger : il y a un vrai risque de syndrome de dispersion de l&#8217;\u00e9nergie (s\u01cen gong), ce dont \u00e9tait justement mort son Ma\u00eetre de Grue Blanche.<\/p>\n\n\n<div class=\"wp-block-image\">\n<figure class=\"aligncenter size-large\"><img loading=\"lazy\" decoding=\"async\" width=\"281\" height=\"320\" src=\"https:\/\/lecercleetlecarre.fr\/wp-content\/uploads\/2018\/11\/yjm-long-fist.jpg\" alt=\"\" class=\"wp-image-473\" srcset=\"https:\/\/lecercleetlecarre.fr\/wp-content\/uploads\/2018\/11\/yjm-long-fist.jpg 281w, https:\/\/lecercleetlecarre.fr\/wp-content\/uploads\/2018\/11\/yjm-long-fist-263x300.jpg 263w\" sizes=\"auto, (max-width: 281px) 100vw, 281px\" \/><\/figure>\n<\/div>\n\n\n<p><\/p>\n\n\n\n<p>Ma\u00eetre&nbsp;Y\u00e1ng se retrouvera ainsi dans une <strong>situation exceptionnelle pour l&#8217;\u00e9poque<\/strong>, avec <strong>officiellement 3 Ma\u00eetres<\/strong>, alors que la norme \u00e9tait beaucoup plus conservatrices, mais telle n&#8217;\u00e9tait pas celle de Ma\u00eetre Cheng, beaucoup plus ouverts, et sans qui tout cela n&#8217;aurait pas \u00e9t\u00e9 simplement possible ! Ma\u00eetre&nbsp;Y\u00e1ng a lui aussi gard\u00e9 une telle attitude ouverte.<\/p>\n\n\n<div class=\"wp-block-image\">\n<figure class=\"aligncenter size-full\"><img loading=\"lazy\" decoding=\"async\" width=\"435\" height=\"268\" src=\"https:\/\/lecercleetlecarre.fr\/wp-content\/uploads\/2023\/11\/YJM-his-masters.jpg\" alt=\"\" class=\"wp-image-4080\" srcset=\"https:\/\/lecercleetlecarre.fr\/wp-content\/uploads\/2023\/11\/YJM-his-masters.jpg 435w, https:\/\/lecercleetlecarre.fr\/wp-content\/uploads\/2023\/11\/YJM-his-masters-300x185.jpg 300w\" sizes=\"auto, (max-width: 435px) 100vw, 435px\" \/><figcaption class=\"wp-element-caption\">Ma\u00eetre&nbsp;Y\u00e1ng et ses Ma\u00eetres&#8230; qui refusaient tous d&#8217;\u00eatre appel\u00e9s ainsi ! Au centre, <strong>Ma\u00eetre Z\u0113ng<\/strong> ; \u00e0 gauche, <strong>Ma\u00eetre L\u01d0<\/strong> ; \u00e0 droite, <strong>Ma\u00eetre G\u0101o<\/strong> ; en-dessous, Ma\u00eetre Y\u00e1ng, honorant ainsi ce qu&#8217;il a re\u00e7u de ses 3 Ma\u00eetres&#8230;<\/figcaption><\/figure>\n<\/div>\n\n\n<p class=\"has-medium-font-size\">&#8220;<em>I want to lead Chinese martial artists in the West back to their roots and help them regain their original high level of skill and public respect. I also wish to bring Qigong training to the Western world and have it accepted by the Western medical society once and for all.<\/em>&#8220;<\/p>\n\n\n\n<p class=\"has-text-align-right has-medium-font-size\"><em>Dr. Y\u00e1ng, Jwing-Ming<\/em><\/p>\n\n\n\n<figure class=\"wp-block-embed is-type-video is-provider-youtube wp-block-embed-youtube wp-embed-aspect-4-3 wp-has-aspect-ratio\"><div class=\"wp-block-embed__wrapper\">\n<iframe loading=\"lazy\" title=\"Dr. Yang, Jwing-Ming Biography (YMAA) Yang&#039;s Martial Arts Association\" width=\"676\" height=\"507\" src=\"https:\/\/www.youtube.com\/embed\/Oh24dgPClIA?feature=oembed\" frameborder=\"0\" allow=\"accelerometer; autoplay; clipboard-write; encrypted-media; gyroscope; picture-in-picture; web-share\" referrerpolicy=\"strict-origin-when-cross-origin\" allowfullscreen><\/iframe>\n<\/div><\/figure>\n\n\n\n<p><\/p>\n\n\n\n<h2 class=\"wp-block-heading\">La d\u00e9marche de Ma\u00eetre Y\u00e1ng : cr\u00e9er un pont entre l&#8217;Est et l&#8217;Ouest !<\/h2>\n\n\n\n<p>Si Ma\u00eetre&nbsp;Y\u00e1ng est originaire de Taiwan, il partira rapidement \u00e9tudier l&#8217;<strong>ing\u00e9nierie m\u00e9canique<\/strong> \u00e0 l&#8217;Universit\u00e9 de Perdue. Il se sp\u00e9cialisera dans les <strong>lasers<\/strong>, sujet sur lequel il soutiendra sa th\u00e8se de doctorat (<strong>PhD<\/strong>) et il est ainsi d&#8217;usage (am\u00e9ricain) de l&#8217;appeler Dr.&nbsp;Y\u00e1ng, en raison de son doctorat d&#8217;ing\u00e9nierie m\u00e9canique (il n&#8217;est pas m\u00e9decin). Il poss\u00e8de ainsi une excellente connaissance de la <strong>physique moderne<\/strong>.<\/p>\n\n\n\n<p>Ma\u00eetre&nbsp;Y\u00e1ng cherchera \u00e0 mettre en \u00e9vidence les <strong>liens <\/strong>qui existent <strong>entre les enseignements Traditionnels de la culture chinoise<\/strong> dans laquelle il a grandit et ceux qu&#8217;il a acquis en \u00e9tudiant <strong>les sciences occidentales<\/strong>, au premier chef desquels se trouve la Physique (m\u00e9canique classique et quantique, \u00e9lectromagn\u00e9tisme, etc.). C&#8217;est ainsi qu&#8217;il <strong><a href=\"https:\/\/legacy.ymaa.com\/articles\/2018\/05\/qigong-theory-the-roots-in-the-garden\">explique et interpr\u00e8te de nombreux ph\u00e9nom\u00e8nes \u00e9nerg\u00e9tiques<\/a><\/strong>&nbsp;de fa\u00e7on simple et les \u00e9claire d&#8217;un jour nouveau et novateur, permettant un approfondissement r\u00e9el de la pratique, o\u00f9 <strong>les aspects mat\u00e9riels, \u00e9nerg\u00e9tiques et spirituels sont \u00e9troitement li\u00e9s<\/strong>.<\/p>\n\n\n\n<p>Le vecteur de ce rapprochement de l&#8217;Est et de l&#8217;Ouest, de la cr\u00e9ation d&#8217;un pont vivant entre orient et occident sera indubitablement l&#8217;\u00e9cole internationale qu&#8217;il mettra progressivement en place : la <strong>Yang&#8217;s Martial Art Association (YMAA)<\/strong>.<\/p>\n\n\n<div class=\"wp-block-image\">\n<figure class=\"aligncenter size-large\"><img loading=\"lazy\" decoding=\"async\" width=\"252\" height=\"86\" src=\"https:\/\/lecercleetlecarre.fr\/wp-content\/uploads\/2018\/11\/ymaa-logo-plain.gif\" alt=\"\" class=\"wp-image-475\"\/><\/figure>\n<\/div>\n\n\n<p><\/p>\n\n\n\n<p>Les personnes souhaitant avoir une id\u00e9e de l&#8217;\u00e9tendue de ce qui est propos\u00e9 dans <strong><a href=\"https:\/\/legacy.ymaa.com\/training\">l&#8217;\u00e9cole YMAA<\/a><\/strong> peuvent cliquer sur le lien. La YMAA est pr\u00e9sente un peu partout dans le monde et notamment en <a href=\"https:\/\/www.ymaafrance.com\/\">France<\/a> et \u00e0 <a href=\"http:\/\/ymaatrainingcamp.wixsite.com\/ymaaparis\">Paris<\/a> (cliquer sur le lien suivant pour voir <a href=\"https:\/\/ymaaschool.com\/locations\">l&#8217;ensemble des \u00e9coles YMAA<\/a>).<\/p>\n","protected":false},"excerpt":{"rendered":"<p>EXTRAIT !<\/p>\n","protected":false},"author":3,"featured_media":353,"parent":0,"menu_order":0,"comment_status":"closed","ping_status":"closed","template":"","meta":{"_s2mail":"yes","_EventAllDay":false,"_EventTimezone":"","_EventStartDate":"","_EventEndDate":"","_EventStartDateUTC":"","_EventEndDateUTC":"","_EventShowMap":false,"_EventShowMapLink":false,"_EventURL":"","_EventCost":"","_EventCostDescription":"","_EventCurrencySymbol":"","_EventCurrencyCode":"","_EventCurrencyPosition":"","_EventDateTimeSeparator":"","_EventTimeRangeSeparator":"","_EventOrganizerID":[],"_EventVenueID":[],"_OrganizerEmail":"","_OrganizerPhone":"","_OrganizerWebsite":"","_VenueAddress":"","_VenueCity":"","_VenueCountry":"","_VenueProvince":"","_VenueState":"","_VenueZip":"","_VenuePhone":"","_VenueURL":"","_VenueStateProvince":"","_VenueLat":"","_VenueLng":"","_VenueShowMap":false,"_VenueShowMapLink":false,"footnotes":""},"class_list":["post-252","page","type-page","status-publish","has-post-thumbnail","hentry"],"_links":{"self":[{"href":"https:\/\/lecercleetlecarre.fr\/index.php\/wp-json\/wp\/v2\/pages\/252","targetHints":{"allow":["GET"]}}],"collection":[{"href":"https:\/\/lecercleetlecarre.fr\/index.php\/wp-json\/wp\/v2\/pages"}],"about":[{"href":"https:\/\/lecercleetlecarre.fr\/index.php\/wp-json\/wp\/v2\/types\/page"}],"author":[{"embeddable":true,"href":"https:\/\/lecercleetlecarre.fr\/index.php\/wp-json\/wp\/v2\/users\/3"}],"replies":[{"embeddable":true,"href":"https:\/\/lecercleetlecarre.fr\/index.php\/wp-json\/wp\/v2\/comments?post=252"}],"version-history":[{"count":25,"href":"https:\/\/lecercleetlecarre.fr\/index.php\/wp-json\/wp\/v2\/pages\/252\/revisions"}],"predecessor-version":[{"id":4893,"href":"https:\/\/lecercleetlecarre.fr\/index.php\/wp-json\/wp\/v2\/pages\/252\/revisions\/4893"}],"wp:featuredmedia":[{"embeddable":true,"href":"https:\/\/lecercleetlecarre.fr\/index.php\/wp-json\/wp\/v2\/media\/353"}],"wp:attachment":[{"href":"https:\/\/lecercleetlecarre.fr\/index.php\/wp-json\/wp\/v2\/media?parent=252"}],"curies":[{"name":"wp","href":"https:\/\/api.w.org\/{rel}","templated":true}]}}