{"id":2617,"date":"2020-09-21T22:22:16","date_gmt":"2020-09-21T20:22:16","guid":{"rendered":"https:\/\/lecercleetlecarre.fr\/?page_id=2617"},"modified":"2020-09-21T22:22:16","modified_gmt":"2020-09-21T20:22:16","slug":"citations-circulaires-et-carres","status":"publish","type":"page","link":"https:\/\/lecercleetlecarre.fr\/index.php\/citations-circulaires-et-carres\/","title":{"rendered":"Citations circulaires et carr\u00e9s&#8230;"},"content":{"rendered":"\n<p>Cette page a vocation \u00e0 s&#8217;\u00e9toffer progressivement au fur et \u00e0 mesure de nos d\u00e9couvertes de textes inspirants en lien avec l&#8217;esprit de l&#8217;association Le Cercle et Le Carr\u00e9.<\/p>\n\n\n\n<p>Nous commencerons par une unique citation du <em><strong>Hu\u00e1ngd\u00ec N\u00e8ij\u012bng<\/strong><\/em> (\u9ec3\u5e1d\u5167\u7d93\/\u9ec4\u5e1d\u5185\u7ecf, le <em>Classique Interne de l&#8217;Empereur Jaune<\/em>). Dans sa premi\u00e8re qu&#8217;est le <strong><em>S\u00f9w\u00e8n<\/em><\/strong> (\u7d20\u554f\/\u7d20\u95ee, les <em>Questions pures et simples<\/em>&#8230; avec un sens de directes, brutes, natures, telles quelles), au <strong>Chapitre 5<\/strong>, il est \u00e9crit que : &#8220;<em>Celui qui sait faire un diagnostic observe les couleurs et palpe les m\u00e9ridiens, il distingue d&#8217;abord le y\u012bn et le y\u00e1ng. Il examine le pur et le trouble, il conna\u00eet le lieu <\/em>[NdT : du probl\u00e8me]<em>. Il per\u00e7oit les probl\u00e8mes respiratoires et \u00e9coute les sons, il sait ce dont on souffre. <strong>Il examine et soup\u00e8se le Compas et l&#8217;\u00c9querre, il sait ce qui gouverne la maladie<\/strong><\/em>&#8220;. Cette traduction personnelle essaye de coller au mieux de nos capacit\u00e9s au texte chinois , tout en s&#8217;inspirant \u00e7\u00e0 et l\u00e0 des traductions du m\u00eame passage par Albert Husson en 1973 (dans son livre) et Jean-Sylvain Prot (dans un post Facebook) du 21\/09\/2020.<\/p>\n\n\n\n<p>Toute traduction est toujours perfectible et incompl\u00e8te, notamment parce que le traducteur trahi toujours en interpr\u00e9tant, au moins un peu, \u00e0 sa propre sauce, en fonction de son point de vue propre. Nous n&#8217;\u00e9chappons pas \u00e0 la r\u00e8gle, m\u00eame si nous avons essay\u00e9 de trahir le moins possible le texte originel et d&#8217;y \u00eatre le plus fid\u00e8le que nous avons pu. Nous n&#8217;aborderons ici qu&#8217;une unique question de traduction du passage en gras (\u6b0a\u8861\u898f\u77e9\/\u6743\u8861\u89c4\u77e9, qu\u00e1nh\u00e9ng gu\u012bju).<\/p>\n\n\n\n<p>Le premier terme (\u6b0a\u8861\/\u6743\u8861, <strong>qu\u00e1nh\u00e9ng<\/strong>) indique que l&#8217;on a l&#8217;autorit\u00e9\/le pouvoir\/le droit qui nous permet de peser\/mesurer, ce qui suppose examen, enqu\u00eate et d\u00e9lib\u00e9ration, raison pour laquelle nous l&#8217;avons traduit par &#8220;<strong>soupeser<\/strong>&#8220;, plut\u00f4t que &#8220;peser&#8221; le pour et le contre, m\u00eame s&#8217;il y a aussi de \u00e7a ; toutefois, il n&#8217;y a pas le moindre fil \u00e0 plomb mentionn\u00e9, m\u00eame si celui-ci est li\u00e9 au poids. Le deuxi\u00e8me terme (\u898f\u77e9\/\u89c4\u77e9, <strong>gu\u012bju<\/strong>) indique le Compas et l&#8217;\u00c9querre du charpentier, ce qui est une expression toute faite en chinois venue \u00e0 d\u00e9signer les r\u00e8gles ou les normes \u00e9tablies, quand on compare \u00e0 une r\u00e9f\u00e9rence connue, comme par exemple le m\u00e8tre-\u00e9talon, mais \u00e9galement aux coutumes et usages, \u00e0 ce qui se fait en pratique. <strong>Le compas<\/strong>, par <strong>le Cercle <\/strong>qu&#8217;il permet de tracer, indique la r\u00e8gle et comment r\u00e9guler et r\u00e9gulariser, notamment les aspects c\u00e9lestes comme ceux du q\u00ec ; <strong>l&#8217;\u00e9querre <\/strong>du charpentier, par les angles et <strong>le Carr\u00e9<\/strong> qu&#8217;elle permet de tracer, indique \u00e9galement la r\u00e8gle et comment r\u00e9guler, mais aussi le r\u00e9sultat de ce processus qu&#8217;est la forme, l&#8217;aspect typiquement substantiel et terrestre caract\u00e9ristique du sang.<\/p>\n\n\n\n<p>Au fond, celui qui conna\u00eet <strong>le Ciel et la Terre<\/strong> conna\u00eet ce qui fa\u00e7onne l&#8217;entre-deux du monde de l&#8217;Homme. Comment ne pourrait-il alors pas <strong>percevoir le y\u012bn et le y\u00e1ng et donc r\u00e9gulariser le q\u00ec et le sang ?<\/strong> C&#8217;est bien l&#8217;une des d\u00e9finitions les plus classiques de la <strong>m\u00e9decine chinoise<\/strong>.<\/p>\n","protected":false},"excerpt":{"rendered":"<p>Cette page a vocation \u00e0 s&#8217;\u00e9toffer progressivement au fur et \u00e0 mesure de nos d\u00e9couvertes de textes inspirants en lien avec l&#8217;esprit de l&#8217;association Le Cercle et Le Carr\u00e9. Nous &hellip; <a href=\"https:\/\/lecercleetlecarre.fr\/index.php\/citations-circulaires-et-carres\/\" class=\"more-link\">Lire la suite de <span class=\"screen-reader-text\">Citations circulaires et carr\u00e9s&#8230;<\/span><\/a><\/p>\n","protected":false},"author":3,"featured_media":0,"parent":0,"menu_order":0,"comment_status":"closed","ping_status":"closed","template":"","meta":{"_s2mail":"yes","_EventAllDay":false,"_EventTimezone":"","_EventStartDate":"","_EventEndDate":"","_EventStartDateUTC":"","_EventEndDateUTC":"","_EventShowMap":false,"_EventShowMapLink":false,"_EventURL":"","_EventCost":"","_EventCostDescription":"","_EventCurrencySymbol":"","_EventCurrencyCode":"","_EventCurrencyPosition":"","_EventDateTimeSeparator":"","_EventTimeRangeSeparator":"","_EventOrganizerID":[],"_EventVenueID":[0],"_OrganizerEmail":"","_OrganizerPhone":"","_OrganizerWebsite":"","_VenueAddress":"","_VenueCity":"","_VenueCountry":"","_VenueProvince":"","_VenueState":"","_VenueZip":"","_VenuePhone":"","_VenueURL":"","_VenueStateProvince":"","_VenueLat":"","_VenueLng":"","_VenueShowMap":false,"_VenueShowMapLink":false,"footnotes":""},"class_list":["post-2617","page","type-page","status-publish","hentry"],"_links":{"self":[{"href":"https:\/\/lecercleetlecarre.fr\/index.php\/wp-json\/wp\/v2\/pages\/2617","targetHints":{"allow":["GET"]}}],"collection":[{"href":"https:\/\/lecercleetlecarre.fr\/index.php\/wp-json\/wp\/v2\/pages"}],"about":[{"href":"https:\/\/lecercleetlecarre.fr\/index.php\/wp-json\/wp\/v2\/types\/page"}],"author":[{"embeddable":true,"href":"https:\/\/lecercleetlecarre.fr\/index.php\/wp-json\/wp\/v2\/users\/3"}],"replies":[{"embeddable":true,"href":"https:\/\/lecercleetlecarre.fr\/index.php\/wp-json\/wp\/v2\/comments?post=2617"}],"version-history":[{"count":1,"href":"https:\/\/lecercleetlecarre.fr\/index.php\/wp-json\/wp\/v2\/pages\/2617\/revisions"}],"predecessor-version":[{"id":2618,"href":"https:\/\/lecercleetlecarre.fr\/index.php\/wp-json\/wp\/v2\/pages\/2617\/revisions\/2618"}],"wp:attachment":[{"href":"https:\/\/lecercleetlecarre.fr\/index.php\/wp-json\/wp\/v2\/media?parent=2617"}],"curies":[{"name":"wp","href":"https:\/\/api.w.org\/{rel}","templated":true}]}}