{"id":2625,"date":"2020-09-29T01:42:02","date_gmt":"2020-09-28T23:42:02","guid":{"rendered":"https:\/\/lecercleetlecarre.fr\/?page_id=2625"},"modified":"2025-01-20T19:21:44","modified_gmt":"2025-01-20T18:21:44","slug":"formation-en-geobiologie","status":"publish","type":"page","link":"https:\/\/lecercleetlecarre.fr\/index.php\/formation-en-geobiologie\/","title":{"rendered":"Formation en G\u00e9obiologie"},"content":{"rendered":"\n<p>Notre association compte proposer une <strong>formation compl\u00e8te et modulable<\/strong> en <a href=\"https:\/\/lecercleetlecarre.fr\/index.php\/geobiologie\/\" target=\"_blank\" rel=\"noreferrer noopener\">g\u00e9obiologie<\/a>, \u00e0 compter de 2024. Nous traiterons de la diversit\u00e9 des ph\u00e9nom\u00e8nes Telluriques, Cosmiques et Cosmotelluriques. Nos enseignants appartiennent aux <strong>trois grands courants de la g\u00e9obiologie francophone<\/strong> (\u00e9cole Bonvin-Montercy-Cl\u00e9ment, \u00e9cole Prat et \u00e9cole Cardinaux), ce qui permet de varier les points de vue, et de relativiser tout en les compl\u00e9tant, afin de disposer d&#8217;une <strong>mani\u00e8re de travailler ancr\u00e9e et s\u00e9rieuse<\/strong>.<\/p>\n\n\n<div class=\"wp-block-image\">\n<figure class=\"aligncenter size-large\"><img loading=\"lazy\" decoding=\"async\" width=\"1024\" height=\"682\" src=\"https:\/\/lecercleetlecarre.fr\/wp-content\/uploads\/2020\/09\/Arbre-maitre-1024x682.jpeg\" alt=\"\" class=\"wp-image-2634\" srcset=\"https:\/\/lecercleetlecarre.fr\/wp-content\/uploads\/2020\/09\/Arbre-maitre-1024x682.jpeg 1024w, https:\/\/lecercleetlecarre.fr\/wp-content\/uploads\/2020\/09\/Arbre-maitre-300x200.jpeg 300w, https:\/\/lecercleetlecarre.fr\/wp-content\/uploads\/2020\/09\/Arbre-maitre-768x512.jpeg 768w, https:\/\/lecercleetlecarre.fr\/wp-content\/uploads\/2020\/09\/Arbre-maitre-1536x1024.jpeg 1536w, https:\/\/lecercleetlecarre.fr\/wp-content\/uploads\/2020\/09\/Arbre-maitre-676x451.jpeg 676w, https:\/\/lecercleetlecarre.fr\/wp-content\/uploads\/2020\/09\/Arbre-maitre.jpeg 2000w\" sizes=\"auto, (max-width: 1024px) 100vw, 1024px\" \/><\/figure>\n<\/div>\n\n\n<p>Elle comportera \u00e9galement <strong>2 cycles<\/strong> r\u00e9partis sur au moins deux ann\u00e9es chacun :<\/p>\n\n\n\n<ol class=\"wp-block-list\">\n<li><strong>D\u00e9couverte de la g\u00e9obiologie<\/strong> : compr\u00e9hension, perception et d\u00e9tection des ph\u00e9nom\u00e8nes g\u00e9obiologiques (se familiariser avec la g\u00e9obiologie naturelle afin de pouvoir reconna\u00eetre les premiers signes de perturbation g\u00e9obiologique d&#8217;un lieu et d\u00e9couvrir la g\u00e9obiologie particuli\u00e8re et positive des Lieux Sacr\u00e9s)<\/li>\n\n\n\n<li><strong>G\u00e9obiologie appliqu\u00e9e<\/strong> : ciblage, correction et harmonisation des ph\u00e9nom\u00e8nes g\u00e9obiologiques (savoir modifier la g\u00e9obiologie d&#8217;un lieu afin de pouvoir r\u00e9tablir son \u00e9quilibre et lui permettre de monter en vibrations, comme dans le cas des Lieux Sacr\u00e9s)<\/li>\n<\/ol>\n\n\n\n<figure class=\"wp-block-image size-large\"><img loading=\"lazy\" decoding=\"async\" width=\"800\" height=\"445\" src=\"https:\/\/lecercleetlecarre.fr\/wp-content\/uploads\/2020\/09\/cafe-sante-geobiologie-sante-habitat-ressources-plurielles.jpg\" alt=\"\" class=\"wp-image-2630\" srcset=\"https:\/\/lecercleetlecarre.fr\/wp-content\/uploads\/2020\/09\/cafe-sante-geobiologie-sante-habitat-ressources-plurielles.jpg 800w, https:\/\/lecercleetlecarre.fr\/wp-content\/uploads\/2020\/09\/cafe-sante-geobiologie-sante-habitat-ressources-plurielles-300x167.jpg 300w, https:\/\/lecercleetlecarre.fr\/wp-content\/uploads\/2020\/09\/cafe-sante-geobiologie-sante-habitat-ressources-plurielles-768x427.jpg 768w, https:\/\/lecercleetlecarre.fr\/wp-content\/uploads\/2020\/09\/cafe-sante-geobiologie-sante-habitat-ressources-plurielles-676x376.jpg 676w\" sizes=\"auto, (max-width: 800px) 100vw, 800px\" \/><figcaption class=\"wp-element-caption\">Image provenant du site http:\/\/ressources-plurielles.com\/wp-content\/uploads\/2017\/02\/cafe-sante-g%C3%A9obiologie-sant%C3%A9-habitat-ressources-plurielles.jpg<\/figcaption><\/figure>\n\n\n\n<p>Chaque cycle comportera <strong>3 aspects<\/strong> :<\/p>\n\n\n\n<ol class=\"wp-block-list\">\n<li><strong>Tronc Commun<\/strong> : 3 s\u00e9minaires donnant les <strong>fondements th\u00e9oriques et pratiques<\/strong> et servant de soubassement aux autres s\u00e9minaires<\/li>\n\n\n\n<li><strong>S\u00e9minaires de Sp\u00e9cialisation<\/strong> : plusieurs s\u00e9minaires optionnels permettant d&#8217;<strong>approfondir certains th\u00e8mes<\/strong> <strong>importants<\/strong> li\u00e9s \u00e0 la g\u00e9obiologie (radiesth\u00e9sie, g\u00e9om\u00e9trie sacr\u00e9e, eau, etc.), et qui seront ouverts en fonction de la demande<\/li>\n\n\n\n<li><strong>Visites de lieu et Exp\u00e9rimentations sur site<\/strong> : exploration, ressentis, utilisation et \u00e9ventuellement r\u00e9harmonisation de certains endroits afin d&#8217;acqu\u00e9rir et de <strong>d\u00e9velopper son exp\u00e9rience concr\u00e8te et pratique<\/strong> de la g\u00e9obiologie<\/li>\n<\/ol>\n\n\n\n<figure class=\"wp-block-image size-large\"><img loading=\"lazy\" decoding=\"async\" width=\"940\" height=\"274\" src=\"https:\/\/lecercleetlecarre.fr\/wp-content\/uploads\/2020\/09\/Stonehenge.jpg\" alt=\"\" class=\"wp-image-2632\" srcset=\"https:\/\/lecercleetlecarre.fr\/wp-content\/uploads\/2020\/09\/Stonehenge.jpg 940w, https:\/\/lecercleetlecarre.fr\/wp-content\/uploads\/2020\/09\/Stonehenge-300x87.jpg 300w, https:\/\/lecercleetlecarre.fr\/wp-content\/uploads\/2020\/09\/Stonehenge-768x224.jpg 768w, https:\/\/lecercleetlecarre.fr\/wp-content\/uploads\/2020\/09\/Stonehenge-676x197.jpg 676w\" sizes=\"auto, (max-width: 940px) 100vw, 940px\" \/><\/figure>\n","protected":false},"excerpt":{"rendered":"<p>Notre association compte proposer une formation compl\u00e8te et modulable en g\u00e9obiologie, \u00e0 compter de 2024. Nous traiterons de la diversit\u00e9 des ph\u00e9nom\u00e8nes Telluriques, Cosmiques et Cosmotelluriques. Nos enseignants appartiennent aux &hellip; <a href=\"https:\/\/lecercleetlecarre.fr\/index.php\/formation-en-geobiologie\/\" class=\"more-link\">Lire la suite de <span class=\"screen-reader-text\">Formation en G\u00e9obiologie<\/span><\/a><\/p>\n","protected":false},"author":3,"featured_media":1748,"parent":0,"menu_order":0,"comment_status":"closed","ping_status":"closed","template":"","meta":{"_s2mail":"yes","_EventAllDay":false,"_EventTimezone":"","_EventStartDate":"","_EventEndDate":"","_EventStartDateUTC":"","_EventEndDateUTC":"","_EventShowMap":false,"_EventShowMapLink":false,"_EventURL":"","_EventCost":"","_EventCostDescription":"","_EventCurrencySymbol":"","_EventCurrencyCode":"","_EventCurrencyPosition":"","_EventDateTimeSeparator":"","_EventTimeRangeSeparator":"","_EventOrganizerID":[],"_EventVenueID":[0],"_OrganizerEmail":"","_OrganizerPhone":"","_OrganizerWebsite":"","_VenueAddress":"","_VenueCity":"","_VenueCountry":"","_VenueProvince":"","_VenueState":"","_VenueZip":"","_VenuePhone":"","_VenueURL":"","_VenueStateProvince":"","_VenueLat":"","_VenueLng":"","_VenueShowMap":false,"_VenueShowMapLink":false,"footnotes":""},"class_list":["post-2625","page","type-page","status-publish","has-post-thumbnail","hentry"],"_links":{"self":[{"href":"https:\/\/lecercleetlecarre.fr\/index.php\/wp-json\/wp\/v2\/pages\/2625","targetHints":{"allow":["GET"]}}],"collection":[{"href":"https:\/\/lecercleetlecarre.fr\/index.php\/wp-json\/wp\/v2\/pages"}],"about":[{"href":"https:\/\/lecercleetlecarre.fr\/index.php\/wp-json\/wp\/v2\/types\/page"}],"author":[{"embeddable":true,"href":"https:\/\/lecercleetlecarre.fr\/index.php\/wp-json\/wp\/v2\/users\/3"}],"replies":[{"embeddable":true,"href":"https:\/\/lecercleetlecarre.fr\/index.php\/wp-json\/wp\/v2\/comments?post=2625"}],"version-history":[{"count":17,"href":"https:\/\/lecercleetlecarre.fr\/index.php\/wp-json\/wp\/v2\/pages\/2625\/revisions"}],"predecessor-version":[{"id":4829,"href":"https:\/\/lecercleetlecarre.fr\/index.php\/wp-json\/wp\/v2\/pages\/2625\/revisions\/4829"}],"wp:featuredmedia":[{"embeddable":true,"href":"https:\/\/lecercleetlecarre.fr\/index.php\/wp-json\/wp\/v2\/media\/1748"}],"wp:attachment":[{"href":"https:\/\/lecercleetlecarre.fr\/index.php\/wp-json\/wp\/v2\/media?parent=2625"}],"curies":[{"name":"wp","href":"https:\/\/api.w.org\/{rel}","templated":true}]}}