{"id":3044,"date":"2021-12-05T18:15:37","date_gmt":"2021-12-05T17:15:37","guid":{"rendered":"https:\/\/lecercleetlecarre.fr\/?page_id=3044"},"modified":"2022-01-02T17:05:59","modified_gmt":"2022-01-02T16:05:59","slug":"applications-martiales-principe-mecanique-et-energetique-des-qinna","status":"publish","type":"page","link":"https:\/\/lecercleetlecarre.fr\/index.php\/applications-martiales-principe-mecanique-et-energetique-des-qinna\/","title":{"rendered":"Applications Martiales &#8211; Principe m\u00e9canique et \u00e9nerg\u00e9tique des Q\u00ednn\u00e1\u00a0(\u64d2\u62ff)"},"content":{"rendered":"","protected":true},"excerpt":{"rendered":"","protected":true},"author":3,"featured_media":0,"parent":0,"menu_order":0,"comment_status":"closed","ping_status":"closed","template":"","meta":{"_s2mail":"yes","_EventAllDay":false,"_EventTimezone":"","_EventStartDate":"","_EventEndDate":"","_EventStartDateUTC":"","_EventEndDateUTC":"","_EventShowMap":false,"_EventShowMapLink":false,"_EventURL":"","_EventCost":"","_EventCostDescription":"","_EventCurrencySymbol":"","_EventCurrencyCode":"","_EventCurrencyPosition":"","_EventDateTimeSeparator":"","_EventTimeRangeSeparator":"","_EventOrganizerID":[],"_EventVenueID":[0],"_OrganizerEmail":"","_OrganizerPhone":"","_OrganizerWebsite":"","_VenueAddress":"","_VenueCity":"","_VenueCountry":"","_VenueProvince":"","_VenueState":"","_VenueZip":"","_VenuePhone":"","_VenueURL":"","_VenueStateProvince":"","_VenueLat":"","_VenueLng":"","_VenueShowMap":false,"_VenueShowMapLink":false,"footnotes":""},"class_list":["post-3044","page","type-page","status-publish","post-password-required","hentry"],"_links":{"self":[{"href":"https:\/\/lecercleetlecarre.fr\/index.php\/wp-json\/wp\/v2\/pages\/3044","targetHints":{"allow":["GET"]}}],"collection":[{"href":"https:\/\/lecercleetlecarre.fr\/index.php\/wp-json\/wp\/v2\/pages"}],"about":[{"href":"https:\/\/lecercleetlecarre.fr\/index.php\/wp-json\/wp\/v2\/types\/page"}],"author":[{"embeddable":true,"href":"https:\/\/lecercleetlecarre.fr\/index.php\/wp-json\/wp\/v2\/users\/3"}],"replies":[{"embeddable":true,"href":"https:\/\/lecercleetlecarre.fr\/index.php\/wp-json\/wp\/v2\/comments?post=3044"}],"version-history":[{"count":17,"href":"https:\/\/lecercleetlecarre.fr\/index.php\/wp-json\/wp\/v2\/pages\/3044\/revisions"}],"predecessor-version":[{"id":3075,"href":"https:\/\/lecercleetlecarre.fr\/index.php\/wp-json\/wp\/v2\/pages\/3044\/revisions\/3075"}],"wp:attachment":[{"href":"https:\/\/lecercleetlecarre.fr\/index.php\/wp-json\/wp\/v2\/media?parent=3044"}],"curies":[{"name":"wp","href":"https:\/\/api.w.org\/{rel}","templated":true}]}}