{"id":3165,"date":"2022-03-19T02:13:30","date_gmt":"2022-03-19T01:13:30","guid":{"rendered":"https:\/\/lecercleetlecarre.fr\/?page_id=3165"},"modified":"2023-11-29T15:31:56","modified_gmt":"2023-11-29T14:31:56","slug":"larrogance-materielle-et-spirituelle-deux-poisons-a-surmonter-pour-pouvoir-evoluer","status":"publish","type":"page","link":"https:\/\/lecercleetlecarre.fr\/index.php\/larrogance-materielle-et-spirituelle-deux-poisons-a-surmonter-pour-pouvoir-evoluer\/","title":{"rendered":"L&#8217;Arrogance mat\u00e9rielle et spirituelle : deux poisons \u00e0 surmonter pour pouvoir \u00e9voluer&#8230;"},"content":{"rendered":"\n<p>Les temps pr\u00e9sents nous ont expos\u00e9s \u00e0 de nombreuses formes d&#8217;arrogance mat\u00e9rielle et spirituelle, raison pour laquelle il n&#8217;est peut-\u00eatre pas inutile d&#8217;\u00e9crire un peu \u00e0 leur sujet, moins pour se contenter de d\u00e9noncer le n\u00e9gatif en le critiquant et en le jugeant, que pour <strong>en expliquer les m\u00e9canismes et ainsi permettre \u00e0 chacun d&#8217;agir dessus, \u00e0 son propre niveau&#8230;<\/strong> ne serait-ce qu&#8217;en sortant de certains comportements devenus conscients et en arr\u00eatant de leur pr\u00eater vie en les r\u00e9p\u00e9tant, en les reproduisant ou en les servant, ce qui permet alors d&#8217;<strong>ouvrir d&#8217;autres possibles bien plus Lumineux<\/strong>.<\/p>\n\n\n\n<h2 class=\"wp-block-heading\">Qu&#8217;est-ce que l&#8217;Arrogance ?<\/h2>\n\n\n\n<p>Le mot &#8220;arrogance&#8221; est d\u00e9riv\u00e9 du verbe latin <em>arrogare<\/em>, &#8220;<em>demander pour soi, s&#8217;arroger<\/em>&#8220;. <strong>L&#8217;Arrogant ram\u00e8ne \u00e0 lui<\/strong>, il demande ou il exige pour lui-m\u00eame&#8230; et trouve cela parfaitement naturel. Il peut donc rapidement <strong>s&#8217;arroger des droits<\/strong> (qu&#8217;il tient de lui-m\u00eame) sur des gens, des lieux, des choses qu&#8217;il peut s&#8217;approprier ou dont il peut disposer \u00e0 sa guise, et donc les monopoliser ou les exploiter \u00e0 son propre profit et au m\u00e9pris des autres et de leurs int\u00e9r\u00eats ou de leur m\u00e9rite r\u00e9els.<\/p>\n\n\n<div class=\"wp-block-image\">\n<figure class=\"aligncenter size-full\"><img loading=\"lazy\" decoding=\"async\" width=\"600\" height=\"480\" src=\"https:\/\/lecercleetlecarre.fr\/wp-content\/uploads\/2022\/03\/Arrogance-Chat.jpg\" alt=\"\" class=\"wp-image-3176\" srcset=\"https:\/\/lecercleetlecarre.fr\/wp-content\/uploads\/2022\/03\/Arrogance-Chat.jpg 600w, https:\/\/lecercleetlecarre.fr\/wp-content\/uploads\/2022\/03\/Arrogance-Chat-300x240.jpg 300w\" sizes=\"auto, (max-width: 600px) 100vw, 600px\" \/><figcaption class=\"wp-element-caption\">Posted @ Funny-Picks.com<\/figcaption><\/figure>\n<\/div>\n\n\n<p>Le dictionnaire Le Robert d\u00e9finit d&#8217;ailleurs l&#8217;arrogance comme une &#8220;<em>insolence m\u00e9prisante ou agressive<\/em>&#8220;, le Littr\u00e9 comme un &#8220;<em>orgueil accompagn\u00e9 de mani\u00e8res hautaines et de pr\u00e9tentions t\u00e9m\u00e9raires<\/em>&#8220;. L&#8217;Arrogant fait ainsi preuve d&#8217;un <strong>orgueil caract\u00e9ris\u00e9<\/strong> et son arrogance est l\u00e0 pour <strong>flatter son &#8220;petit&#8221; Ego<\/strong>, qui a toujours <strong>besoin de se sentir plus gros qu&#8217;il n&#8217;est r\u00e9ellement<\/strong>, r\u00e9v\u00e9lant un profond besoin de valorisation de soi (une forme de narcissisme) et de reconnaissance (un manque de confiance en soi). En r\u00e9sum\u00e9, son &#8220;<em>attitude hautaine et pr\u00e9somptueuse<\/em>&#8221; (wikitionnaire) le rend <strong>insolent et pr\u00e9tentieux, jusqu&#8217;\u00e0 \u00eatre brutal envers autrui<\/strong>, ce qui est une forme de d\u00e9mesure (l&#8217;hubris des grecs anciens).<\/p>\n\n\n\n<p>L&#8217;arrogant <strong>prend les gens de haut<\/strong>, puisque (par principe) les autres sont plus bas que lui, ce qui justifie \u00e0 ses yeux qu&#8217;il ait bien plus de droits qu&#8217;eux (passe-droits), en raison de sa sup\u00e9riorit\u00e9 pr\u00e9sum\u00e9e et de la hi\u00e9rarchie ou de la pr\u00e9s\u00e9ance qui va avec&#8230; bref, puisqu&#8217;il est plus haut, <em>il lui semble naturel d&#8217;\u00eatre hautain&#8230; l\u00e0 o\u00f9 il pourrait \u00eatre humble<\/em> ; il<strong> affiche du d\u00e9dain<\/strong> pour mieux <em>marquer la distance qu&#8217;il pr\u00e9sume subjectivement le s\u00e9parer des autres&#8230; l\u00e0 o\u00f9 il aurait pu essayer de la mesurer objectivement<\/em> et peut-\u00eatre se rendre compte qu&#8217;il avait pr\u00e9jug\u00e9, voire m\u00e9jug\u00e9, et qu&#8217;il faudrait sans doute d\u00e9sormais se d\u00e9juger de cette pr\u00e9tention t\u00e9m\u00e9raire ; il <strong>fait preuve d&#8217;effronterie <\/strong>et <em>manque de respect&#8230; l\u00e0 o\u00f9 il aurait pu faire preuve d&#8217;\u00e9gard et de civilit\u00e9<\/em>, plut\u00f4t que de fournir parfois sans m\u00eame s&#8217;en rendre compte ce qui n&#8217;est que provocations, dont il n&#8217;aura aucune honte parce qu&#8217;il est &#8221; d\u00e9complex\u00e9 &#8220;, comprendre &#8221; sans scrupule &#8221; et donc irresponsable ; il <strong>juge ou pr\u00e9sume par principe<\/strong> qu&#8217;Autrui est indigne d&#8217;estime, ce qui est <em>aussi imprudent qu&#8217;inconsid\u00e9r\u00e9&#8230; l\u00e0 o\u00f9 il aurait pu faire preuve de r\u00e9flexion et de plus de lucidit\u00e9 <\/em>; il <strong>attaque de fa\u00e7on brute<\/strong>, physiquement ou symboliquement, ce qu&#8217;<em>il tient pour inf\u00e9rieur&#8230; l\u00e0 o\u00f9 il aurait pu \u00eatre plus bienveillant, mod\u00e9r\u00e9 et modeste<\/em>, s&#8217;il disposait de telles capacit\u00e9s et s&#8217;il lui prenait l&#8217;id\u00e9e saugrenue de les cultiver !<\/p>\n\n\n<div class=\"wp-block-image\">\n<figure class=\"aligncenter size-full\"><img loading=\"lazy\" decoding=\"async\" width=\"539\" height=\"380\" src=\"https:\/\/lecercleetlecarre.fr\/wp-content\/uploads\/2022\/03\/Arrogance-Lion.webp\" alt=\"\" class=\"wp-image-3174\" srcset=\"https:\/\/lecercleetlecarre.fr\/wp-content\/uploads\/2022\/03\/Arrogance-Lion.webp 539w, https:\/\/lecercleetlecarre.fr\/wp-content\/uploads\/2022\/03\/Arrogance-Lion-300x212.webp 300w\" sizes=\"auto, (max-width: 539px) 100vw, 539px\" \/><\/figure>\n<\/div>\n\n\n<p><\/p>\n\n\n\n<p>Ce petit paragraphe nous permet d&#8217;identifier les comportements vertueux permettant de sortir de <strong>l&#8217;arrogance, typique des brutes<\/strong> (que ce soit physiquement, \u00e9motionnellement, intellectuellement ou spirituellement) : <strong>Humilit\u00e9, Objectivit\u00e9, Respect, Civilit\u00e9, Responsabilit\u00e9, Lucidit\u00e9, Bienveillance<\/strong>&#8230; Au fond, \u00e0 chaque fois que nous sommes arrogants, nous foulons au pieds ces diff\u00e9rentes valeurs et il y en a m\u00eame qui trouveront cela bien, parce que cela les conforte dans leur propre turpitude.<\/p>\n\n\n\n<blockquote class=\"wp-block-quote is-style-large is-layout-flow wp-block-quote-is-layout-flow\">\n<p>&#8220;<em>Tels sont surtout les com\u00e9diens, les musiciens, les orateurs et les po\u00e8tes. Moins ils ont de talent, plus ils ont d\u2019orgueil, de vanit\u00e9, d\u2019<strong>arrogance<\/strong>. Tous ces fous trouvent cependant d\u2019autres fous qui les applaudissent&#8221;<\/em><\/p>\n<cite>\u00c9rasme (1509), <em>\u00c9loge de la folie<\/em> (traduction de 1780 de Thibault de Laveaux)<\/cite><\/blockquote>\n\n\n\n<p>Bien entendu, il faudrait ajouter (depuis \u00c9rasme) bien des nouvelles professions \u00e0 cette liste, pour qu&#8217;elle ne soit qu&#8217;approximativement compl\u00e8te, \u00e0 commencer par nos hommes politiques, nos managers\/administrateurs\/gestionnaires\/directeurs, nos diff\u00e9rents repr\u00e9sentants des &#8220;professions \u00e0 ordres&#8221;, nos chercheurs acad\u00e9miques, etc.<\/p>\n\n\n<div class=\"wp-block-image\">\n<figure class=\"aligncenter size-full\"><img loading=\"lazy\" decoding=\"async\" width=\"183\" height=\"275\" src=\"https:\/\/lecercleetlecarre.fr\/wp-content\/uploads\/2022\/03\/Arrogant-Queue-de-Pie.jpg\" alt=\"\" class=\"wp-image-3178\"\/><\/figure>\n<\/div>\n\n\n<p><\/p>\n\n\n\n<h2 class=\"wp-block-heading\">Pourquoi l&#8217;arrogance est un poison mat\u00e9riel et spirituel<\/h2>\n\n\n\n<p>Humilit\u00e9, Objectivit\u00e9, Respect, Civilit\u00e9, Responsabilit\u00e9, Lucidit\u00e9, Bienveillance pointent toutes dans la m\u00eame direction, celle de <strong>la V\u00e9rit\u00e9 sur nous-m\u00eame et sur les autres<\/strong> (plus ou moins d&#8217;Objectivit\u00e9, de Lucidit\u00e9, de Responsabilit\u00e9), ainsi que sur <strong>la fa\u00e7on dont on l&#8217;ass\u00e8ne<\/strong> (plus ou moins de Respect, de Civilit\u00e9, et Bienveillance). Inutile de dire que nous ne voulons pas tout savoir et que nous aimons souvent faire l&#8217;autruche : <strong>regarder dans le miroir droit dans les yeux et sans complaisance<\/strong> n&#8217;est pas chose facile surtout quand il s&#8217;agit de nous-m\u00eame ou de nos proches ; l&#8217;on croit \u00e0 tort que c&#8217;est d&#8217;autant plus facile avec des gens avec qui on n&#8217;a pas vraiment de lien, qui sont plus loin, que l&#8217;on ne conna\u00eet pas, bref qui nous restent \u00e9trangers. Toutefois, toute V\u00e9rit\u00e9 n&#8217;est pas bonne \u00e0 dire et si aucune tradition spirituelle ne recommande de mentir, elles pr\u00e9conisent g\u00e9n\u00e9ralement de <strong>se demander s&#8217;il est N\u00e9cessaire<\/strong> <strong>de dire<\/strong> toute la V\u00e9rit\u00e9 \u00e0 ce moment-l\u00e0 : <strong>le risque peut alors \u00eatre de faire empirer les choses sur le long terme<\/strong>, plut\u00f4t que de les faire s&#8217;am\u00e9liorer&#8230; pour &#8220;aider&#8221;, il faut savoir quand et comment aider, ce qui implique usuellement d&#8217;\u00eatre personnellement capable de surmonter les obstacles en question ! Il s&#8217;ensuit que l&#8217;intention, et donc la fa\u00e7on de dire, doive <strong>se faire avec Bienveillance<\/strong> : si notre fa\u00e7on de communiquer certaines V\u00e9rit\u00e9s N\u00e9cessaires \u00e0 l&#8217;\u00e9volution sont jug\u00e9es froides, m\u00e9chantes ou autres, le message ne sera non seulement pas re\u00e7u, mais peut-\u00eatre m\u00eame rejet\u00e9 en raison de sa forme, laissant d\u00e9finitivement le fond \u00eatre pollu\u00e9 par des \u00e9motions n\u00e9gatives, ce qui risque de <strong>bloquer l&#8217;\u00e9volution<\/strong> et en fait un <strong>poison<\/strong>.<\/p>\n\n\n\n<p>L&#8217;arrogance est ainsi un poison, puisqu&#8217;elle bloque l&#8217;\u00e9volution, mais il ne faut pas que &#8220;<em>le rem\u00e8de soit pire que la maladie<\/em>&#8220;. Bref, quand on parle d&#8217;\u00e9volution, il faut <strong>s&#8217;attacher aux effets r\u00e9ellement produits<\/strong> (obligation de r\u00e9sultat li\u00e9 \u00e0 notre action) et pas seulement aux effets pr\u00e9vus ou imagin\u00e9s (obligation de moyen li\u00e9e \u00e0 notre seule bonne intention&#8230; qui ne peut donc que produire de bons r\u00e9sultats ! Il est pourtant connu que l&#8217;enfer en est pav\u00e9). Et quand aux effets r\u00e9ellement produits, <strong>l&#8217;arrogance spirituelle m\u00e8ne \u00e0 l&#8217;arrogance mat\u00e9rielle<\/strong>&#8230;<\/p>\n\n\n<div class=\"wp-block-image\">\n<figure class=\"aligncenter size-full is-resized\"><img loading=\"lazy\" decoding=\"async\" width=\"900\" height=\"889\" src=\"https:\/\/lecercleetlecarre.fr\/wp-content\/uploads\/2022\/03\/spiritual_poison_by_skycolormadness.jpg\" alt=\"\" class=\"wp-image-3180\" style=\"width:465px;height:458px\" srcset=\"https:\/\/lecercleetlecarre.fr\/wp-content\/uploads\/2022\/03\/spiritual_poison_by_skycolormadness.jpg 900w, https:\/\/lecercleetlecarre.fr\/wp-content\/uploads\/2022\/03\/spiritual_poison_by_skycolormadness-300x296.jpg 300w, https:\/\/lecercleetlecarre.fr\/wp-content\/uploads\/2022\/03\/spiritual_poison_by_skycolormadness-768x759.jpg 768w, https:\/\/lecercleetlecarre.fr\/wp-content\/uploads\/2022\/03\/spiritual_poison_by_skycolormadness-676x668.jpg 676w\" sizes=\"auto, (max-width: 900px) 100vw, 900px\" \/><figcaption class=\"wp-element-caption\">By SkyColorMadness<\/figcaption><\/figure>\n<\/div>\n\n\n<p><strong>L&#8217;Arrogance spirituelle<\/strong> (avec un grand A, forc\u00e9ment&#8230;) est expliqu\u00e9e par le Dr. J. A. Johnson (<em>The Hidden Teachings of Christian <strong><a href=\"https:\/\/lecercleetlecarre.fr\/index.php\/le-mysticisme-du-mystere-douteux-a-la-spiritualite-reelle\/\" target=\"_blank\" rel=\"noreferrer noopener\">Mysticism<\/a><\/strong><\/em>, Vol. 3, p. 26-27) comme \u00e9tant &#8220;<em>une exag\u00e9ration de sa propre importance<\/em>&#8221; (&#8220;<em>Comment \u00e7a ? Je ne suis pas le centre du monde et tout ne tourne pas autour de moi ? Mais c&#8217;est un scandale !<\/em>&#8220;) qui est une forme de <strong>narcissisme spirituel<\/strong>, de vanit\u00e9 affich\u00e9e par une personne ou un groupe d&#8217;individus, <strong>\u00e9motionnellement sur la d\u00e9fensive<\/strong>. La d\u00e9marche ne consiste plus \u00e0 \u00e9voluer spirituellement mais \u00e0 nourrir l&#8217;Ego et fait perdre la t\u00eate, au lieu de permettre \u00e0 l&#8217;Esprit de continuer de se transformer vers quelque chose de plus Lumineux. Selon le m\u00eame auteur, il y a 7 grands sch\u00e9mas d&#8217;Arrogance spirituelle :<\/p>\n\n\n\n<ol class=\"wp-block-list\">\n<li><strong>L&#8217;absence de honte<\/strong> (effronterie, impudeur, sans-g\u00eane) : le <strong>besoin d&#8217;\u00eatre &#8220;d\u00e9complex\u00e9&#8221;<\/strong> montre que, au contraire, on est fortement complex\u00e9, souvent par des \u00e9v\u00e9nements de notre vie qui nous ont traumatis\u00e9s au point de perdre l&#8217;estime de Soi, raison pour laquelle ces personnes ne se sentent plus responsables de leurs actes, ni ne sont pr\u00e9venants ou bienveillants envers Autrui. C&#8217;est ici <em>le d\u00e9but d&#8217;une attitude <strong>brutale <\/strong>envers les autres<\/em>, que l&#8217;on l\u00e9gitime souvent par le fait que nous avons \u00e9t\u00e9 brutalis\u00e9 auparavant&#8230; bien que ce ne soit pas par ces personnes-ci, ni dans cette situation pr\u00e9sente.<\/li>\n\n\n\n<li><strong>La pens\u00e9e magique<\/strong> : pensant qu&#8217;elle est elle-m\u00eame <strong>sp\u00e9ciale et unique<\/strong>, la personne projette ses distorsions mentales et ses illusions sur son environnement, elle prend pour r\u00e9alit\u00e9 des choses qui sont largement exag\u00e9r\u00e9es et excessives. On tombe ainsi dans une <em>pens\u00e9e <\/em><strong><em>caricaturale<\/em> <\/strong><em>o\u00f9 tout le monde se trompe sauf la personne en question, qui a forc\u00e9ment&#8230; raison<\/em>.<\/li>\n\n\n\n<li><strong>L&#8217;attitude arrogante<\/strong> : reposant sur un <strong>sens irr\u00e9aliste de sup\u00e9riorit\u00e9<\/strong>, on se croit intrins\u00e8quement sup\u00e9rieur aux autres, et quiconque viendrait nous faire ravaler notre superbe serait donc justiciable d&#8217;une attaque visant \u00e0 les rabaisser, les d\u00e9valoriser, les avilir. Le but est de <em>rendre les autres honteux pour <strong>se sentir mieux<\/strong>, les d\u00e9valoriser pour mieux pouvoir les utiliser, les exploiter, sans remord<\/em>.<\/li>\n\n\n\n<li><strong>La jalousie<\/strong> : afficher son <strong>m\u00e9pris face au talents ou capacit\u00e9s des autres<\/strong> permet de prot\u00e9ger le sens de sup\u00e9riorit\u00e9 de la personne arrogante tout en minimisant la jalousie qu&#8217;elle \u00e9prouve r\u00e9ellement. Il s&#8217;agit de <em>se cacher ses <strong>\u00e9motions n\u00e9gatives<\/strong> \u00e0 soi-m\u00eame afin&#8230; qu&#8217;elles (nous) passent inaper\u00e7ues<\/em> !<\/li>\n\n\n\n<li><strong>Croire que tout nous est d\u00fb ou permis<\/strong> : puisqu&#8217;elles sont &#8220;sp\u00e9ciales et uniques&#8221;, \u00e0 part, les personnes arrogantes spirituellement s&#8217;attendent tout naturellement \u00e0 un traitement de faveur excessif et \u00e0 ce <strong>que l&#8217;on se conforme automatiquement \u00e0 tous leurs caprices<\/strong>. Ne pas s&#8217;y conformer n&#8217;est qu&#8217;une forme d&#8217;attaque de leur sup\u00e9riorit\u00e9 et de mise au d\u00e9fi, qui peut imm\u00e9diatement d\u00e9clencher une forme de <strong>rage narcissique<\/strong> (&#8220;<em>Non, mais tu sais qui je suis? Qui es-tu pour oser me dire ou faire \u00e7a?<\/em>&#8220;). C&#8217;est le principe de toute attitude de type &#8220;<em>princesse<\/em>&#8221; (et pas besoin d&#8217;\u00eatre une fille pour \u00eatre une princesse quand m\u00eame&#8230;), que la personne pourra qualifier \u00e0 sa guise d&#8217;attitude &#8220;<em>forte et ind\u00e9pendante<\/em>&#8220;.<\/li>\n\n\n\n<li><strong>L&#8217;exploitation<\/strong> : c&#8217;est-\u00e0-dire \u00e9videmment des autres, sous de multiples formes, et <strong>sans consid\u00e9ration pour leurs sentiments et \u00e9motions ou pour leur propre int\u00e9r\u00eat<\/strong>. La victime se trouve souvent dans une position de subordination ou de d\u00e9pendance o\u00f9 <em>toute r\u00e9sistance lui semble difficile, voire impossible<\/em> (bien que ce ne soit souvent pas le cas : &#8220;<em>La vie est faite de choix ! Et choisir, c&#8217;est renoncer.<\/em>&#8220;). Vous avez d\u00e9j\u00e0 entendu parler des &#8220;<strong>pervers-narcissiques<\/strong>&#8221; ?<\/li>\n\n\n\n<li><strong>Les limites pourries<\/strong> : les personnes arrogantes spirituellement croient franchement que <strong>les autres n&#8217;existent que pour satisfaire leurs besoins ou qu&#8217;alors elles n&#8217;existent pas du tout<\/strong>. Savoir que tout \u00eatre humains \u00e0 ses limites, nous comme les autres, <em>tant dans le sens de limitation que de lignes \u00e0 ne pas franchir<\/em>, fait normalement partie de l&#8217;humaine condition&#8230; mais tout le monde n&#8217;est pas encore au courant, ni ne se pose de questions \u00e0 ce sujet !<\/li>\n<\/ol>\n\n\n<div class=\"wp-block-image\">\n<figure class=\"aligncenter size-large is-resized\"><img loading=\"lazy\" decoding=\"async\" width=\"1024\" height=\"683\" src=\"https:\/\/lecercleetlecarre.fr\/wp-content\/uploads\/2022\/03\/Narcissisme-Moi-je-1024x683.jpeg\" alt=\"\" class=\"wp-image-3182\" style=\"width:472px;height:315px\" srcset=\"https:\/\/lecercleetlecarre.fr\/wp-content\/uploads\/2022\/03\/Narcissisme-Moi-je-1024x683.jpeg 1024w, https:\/\/lecercleetlecarre.fr\/wp-content\/uploads\/2022\/03\/Narcissisme-Moi-je-300x200.jpeg 300w, https:\/\/lecercleetlecarre.fr\/wp-content\/uploads\/2022\/03\/Narcissisme-Moi-je-768x512.jpeg 768w, https:\/\/lecercleetlecarre.fr\/wp-content\/uploads\/2022\/03\/Narcissisme-Moi-je-1536x1024.jpeg 1536w, https:\/\/lecercleetlecarre.fr\/wp-content\/uploads\/2022\/03\/Narcissisme-Moi-je-2048x1365.jpeg 2048w, https:\/\/lecercleetlecarre.fr\/wp-content\/uploads\/2022\/03\/Narcissisme-Moi-je-676x451.jpeg 676w\" sizes=\"auto, (max-width: 1024px) 100vw, 1024px\" \/><\/figure>\n<\/div>\n\n\n<p><\/p>\n\n\n\n<p>Venant empoisonner l&#8217;Esprit, l&#8217;Arrogance spirituelle obscurcit le jugement et <strong>donne la part du lion \u00e0 notre Ego<\/strong>, avec tout ce qu&#8217;il a de mensonger, illusoire, m\u00e9chant, violent, brutal et, au final, <strong>inhumain<\/strong>. Pour paraphraser Simone de Beauvoir : &#8220;<em>on ne na\u00eet pas humain, on le devient<\/em>&#8220;, raison pour laquelle l&#8217;Homme cherche \u00e0 <strong>\u00e9voluer spirituellement<\/strong>, m\u00eame si certains et certaines s&#8217;en foutent compl\u00e8tement. Cette attitude conduit \u00e0 <strong>l&#8217;Arrogance mat\u00e9rielle<\/strong> o\u00f9 <strong>seul mes int\u00e9r\u00eats existent<\/strong> et o\u00f9 le monde n&#8217;est plus qu&#8217;un <strong>gigantesque rapport de force<\/strong>, fond\u00e9 sur la domination de ressources, le pouvoir, la manipulation, etc. Je veux plus de sous, plus de territoires, plus de privil\u00e8ges, plus et toujours plus. <strong>Cette faim d\u00e9vorante ne conna\u00eet point de fin<\/strong> : si vous obteniez toutes les richesses mat\u00e9rielles du monde, seriez-vous r\u00e9ellement combl\u00e9, c&#8217;est-\u00e0-dire heureux ? <strong>Le mat\u00e9riel peut-il remplir et combler le gros trou spirituel dans votre C\u0153ur ?<\/strong> L&#8217;argent ne fait pas le bonheur, mais il y contribue, dit-on ; pourtant, le taux de suicide chez les enfants de millionnaires et milliardaires est tr\u00e8s anormalement \u00e9lev\u00e9, et on peut \u00eatre heureux avec peu de richesses mat\u00e9rielles, pourvu que notre C\u0153ur et notre Esprit soient riches&#8230; d&#8217;Amour.<\/p>\n\n\n\n<h2 class=\"wp-block-heading\">En guise de conclusion&#8230;<\/h2>\n\n\n\n<blockquote class=\"wp-block-quote is-layout-flow wp-block-quote-is-layout-flow\">\n<p><em>Deux anciens demeuraient ensemble depuis de nombreuses ann\u00e9es, et jamais ils ne s&#8217;\u00e9taient battus. Le premier dit \u00e0 l&#8217;autre : &#8220;Faisons, nous aussi, une bataille pour faire comme tous les autres hommes&#8221;. L&#8217;autre r\u00e9pondit : &#8220;Je ne sais pas comment on fait une bataille&#8221;. Le premier dit : &#8220;Vois, je vais mettre au milieu une brique et je vais dire qu&#8217;elle est \u00e0 moi ; toi, tu diras : &#8216;Non elle est \u00e0 moi&#8217;, et ainsi commencera la bataille&#8221;. Ils mirent donc une brique au milieu d&#8217;eux, et le premier dit : &#8220;Cette brique est \u00e0 moi&#8221;. Et l&#8217;autre dit : &#8220;Non, elle est \u00e0 moi&#8221;. Et le premier reprit : &#8220;Si elle est \u00e0 toi, prends-la et va-t\u2019en&#8221;. <strong>Et ils se retir\u00e8rent sans avoir r\u00e9ussi \u00e0 se disputer<\/strong>.<\/em><\/p>\n<cite>Apophtegme anonyme des P\u00e8res du D\u00e9sert<\/cite><\/blockquote>\n\n\n\n<p>L&#8217;Arrogance mat\u00e9rielle, qui consiste \u00e0 s&#8217;arroger ce qui est \u00e0 d&#8217;autres (ou en tout cas pas \u00e0 nous), n&#8217;est qu&#8217;un sympt\u00f4me d&#8217;une cause plus profonde : l&#8217;Arrogance spirituelle. Les rem\u00e8des sont ceux qui consistent \u00e0 <strong>purifier notre C\u0153ur et nous faire cheminer vers plus d&#8217;Amour, d&#8217;Amour Inconditionnel<\/strong> : V\u00e9rit\u00e9,  Objectivit\u00e9, Lucidit\u00e9, Respect, Responsabilit\u00e9, Humilit\u00e9, Civilit\u00e9, Bienveillance&#8230; <strong>Cultiver ces vertus<\/strong> m\u00e8ne <strong>vers plus de Lumi\u00e8re<\/strong> et nous aide \u00e0 transmuter les toxines spirituelles comme l&#8217;Arrogance.<\/p>\n\n\n<div class=\"wp-block-image\">\n<figure class=\"aligncenter size-full\"><img loading=\"lazy\" decoding=\"async\" width=\"500\" height=\"500\" src=\"https:\/\/lecercleetlecarre.fr\/wp-content\/uploads\/2022\/03\/Soul-Fragments.jpg\" alt=\"\" class=\"wp-image-3184\" srcset=\"https:\/\/lecercleetlecarre.fr\/wp-content\/uploads\/2022\/03\/Soul-Fragments.jpg 500w, https:\/\/lecercleetlecarre.fr\/wp-content\/uploads\/2022\/03\/Soul-Fragments-300x300.jpg 300w, https:\/\/lecercleetlecarre.fr\/wp-content\/uploads\/2022\/03\/Soul-Fragments-150x150.jpg 150w\" sizes=\"auto, (max-width: 500px) 100vw, 500px\" \/><\/figure>\n<\/div>","protected":false},"excerpt":{"rendered":"<p>Les temps pr\u00e9sents nous ont expos\u00e9s \u00e0 de nombreuses formes d&#8217;arrogance mat\u00e9rielle et spirituelle, raison pour laquelle il n&#8217;est peut-\u00eatre pas inutile d&#8217;\u00e9crire un peu \u00e0 leur sujet, moins pour &hellip; <a href=\"https:\/\/lecercleetlecarre.fr\/index.php\/larrogance-materielle-et-spirituelle-deux-poisons-a-surmonter-pour-pouvoir-evoluer\/\" class=\"more-link\">Lire la suite de <span class=\"screen-reader-text\">L&#8217;Arrogance mat\u00e9rielle et spirituelle : deux poisons \u00e0 surmonter pour pouvoir \u00e9voluer&#8230;<\/span><\/a><\/p>\n","protected":false},"author":3,"featured_media":0,"parent":0,"menu_order":0,"comment_status":"closed","ping_status":"closed","template":"","meta":{"_s2mail":"yes","_EventAllDay":false,"_EventTimezone":"","_EventStartDate":"","_EventEndDate":"","_EventStartDateUTC":"","_EventEndDateUTC":"","_EventShowMap":false,"_EventShowMapLink":false,"_EventURL":"","_EventCost":"","_EventCostDescription":"","_EventCurrencySymbol":"","_EventCurrencyCode":"","_EventCurrencyPosition":"","_EventDateTimeSeparator":"","_EventTimeRangeSeparator":"","_EventOrganizerID":[],"_EventVenueID":[0],"_OrganizerEmail":"","_OrganizerPhone":"","_OrganizerWebsite":"","_VenueAddress":"","_VenueCity":"","_VenueCountry":"","_VenueProvince":"","_VenueState":"","_VenueZip":"","_VenuePhone":"","_VenueURL":"","_VenueStateProvince":"","_VenueLat":"","_VenueLng":"","_VenueShowMap":false,"_VenueShowMapLink":false,"footnotes":""},"class_list":["post-3165","page","type-page","status-publish","hentry"],"_links":{"self":[{"href":"https:\/\/lecercleetlecarre.fr\/index.php\/wp-json\/wp\/v2\/pages\/3165","targetHints":{"allow":["GET"]}}],"collection":[{"href":"https:\/\/lecercleetlecarre.fr\/index.php\/wp-json\/wp\/v2\/pages"}],"about":[{"href":"https:\/\/lecercleetlecarre.fr\/index.php\/wp-json\/wp\/v2\/types\/page"}],"author":[{"embeddable":true,"href":"https:\/\/lecercleetlecarre.fr\/index.php\/wp-json\/wp\/v2\/users\/3"}],"replies":[{"embeddable":true,"href":"https:\/\/lecercleetlecarre.fr\/index.php\/wp-json\/wp\/v2\/comments?post=3165"}],"version-history":[{"count":58,"href":"https:\/\/lecercleetlecarre.fr\/index.php\/wp-json\/wp\/v2\/pages\/3165\/revisions"}],"predecessor-version":[{"id":4115,"href":"https:\/\/lecercleetlecarre.fr\/index.php\/wp-json\/wp\/v2\/pages\/3165\/revisions\/4115"}],"wp:attachment":[{"href":"https:\/\/lecercleetlecarre.fr\/index.php\/wp-json\/wp\/v2\/media?parent=3165"}],"curies":[{"name":"wp","href":"https:\/\/api.w.org\/{rel}","templated":true}]}}