{"id":323,"date":"2018-11-29T16:09:46","date_gmt":"2018-11-29T15:09:46","guid":{"rendered":"https:\/\/lecercleetlecarre.wordpress.com\/?page_id=323"},"modified":"2025-09-16T16:29:01","modified_gmt":"2025-09-16T14:29:01","slug":"taijiquan","status":"publish","type":"page","link":"https:\/\/lecercleetlecarre.fr\/index.php\/taijiquan\/","title":{"rendered":"T\u00e0ij\u00edqu\u00e1n (\u592a\u6975\u62f3)"},"content":{"rendered":"\n<p>Le&nbsp;<strong><a rel=\"noreferrer noopener\" href=\"https:\/\/legacy.ymaa.com\/articles\/2013\/05\/what-is-taijiquan\" target=\"_blank\">T\u00e0ij\u00edqu\u00e1n<\/a><\/strong> (\u592a\u6975\u62f3), \u00e9crit <strong>&#8220;<em>Tai chi<\/em>&#8220;<\/strong> avant les ann\u00e9es 1980, est un <strong>Art Martial Interne chinois, souple et flexible<\/strong>, dont le principe est de <strong>ne pas s&#8217;opposer \u00e0 la force de l&#8217;adversaire<\/strong>&nbsp;(cr\u00e9er une situation de &#8220;force contre force&#8221; ou&nbsp;<em>double weighting<\/em>), mais plut\u00f4t de <strong>la neutraliser<\/strong> (\u5316\u52c1, hu\u00e0&nbsp;j\u00ecng) pour l&#8217;annuler en la guidant dans un espace vide, ou au contraire de <strong>l&#8217;emprunter<\/strong> \u00e0 l&#8217;adversaire (\u501f\u52c1, ji\u00e8 j\u00ecng) pour <strong>la retourner<\/strong> contre lui.<\/p>\n\n\n<div class=\"wp-block-image\">\n<figure class=\"aligncenter is-resized\"><img loading=\"lazy\" decoding=\"async\" width=\"516\" height=\"720\" src=\"http:\/\/lecerclecq.cluster021.hosting.ovh.net\/wp-content\/uploads\/2018\/11\/tai-chi-pushing-hands-vol-2.jpg\" alt=\"\" class=\"wp-image-331\" style=\"width:130px;height:181px\" srcset=\"https:\/\/lecercleetlecarre.fr\/wp-content\/uploads\/2018\/11\/tai-chi-pushing-hands-vol-2.jpg 516w, https:\/\/lecercleetlecarre.fr\/wp-content\/uploads\/2018\/11\/tai-chi-pushing-hands-vol-2-215x300.jpg 215w\" sizes=\"auto, (max-width: 516px) 100vw, 516px\" \/><\/figure>\n<\/div>\n\n\n<p><\/p>\n\n\n\n<p>Les personnes int\u00e9ress\u00e9es par d\u00e9couvrir et approfondir le&nbsp;<strong><a href=\"https:\/\/legacy.ymaa.com\/articles\/yang-tai-chi-family-secrets-part-1\" target=\"_blank\" rel=\"noreferrer noopener\">style&nbsp;Y\u00e1ng&nbsp;de&nbsp;T\u00e0ij\u00edqu\u00e1n<\/a><\/strong>&nbsp;(\u694a\u6c0f\u592a\u6975\u62f3, Y\u00e1ng sh\u00ec&nbsp;T\u00e0ij\u00edqu\u00e1n) pourront se reporter aux nombreux ouvrages et vid\u00e9os de&nbsp;Ma\u00eetre&nbsp;Y\u00e1ng sur cet art : ils sont de loin les plus riches et les plus d\u00e9taill\u00e9s sur ce sujet et sont disponibles en <a href=\"https:\/\/ymaa.com\/publishing\" target=\"_blank\" rel=\"noreferrer noopener\">anglais<\/a> et en <a href=\"https:\/\/www.amazon.fr\/s\/ref=nb_sb_ss_c_1_6?__mk_fr_FR=%C3%85M%C3%85%C5%BD%C3%95%C3%91&amp;url=search-alias%3Daps&amp;field-keywords=yang+jwing+ming&amp;sprefix=yang+j%2Caps%2C146\" target=\"_blank\" rel=\"noreferrer noopener\">fran\u00e7ais<\/a>. Le&nbsp;<a href=\"https:\/\/legacy.ymaa.com\/articles\/history-of-yang-style-taijiquan\" target=\"_blank\" rel=\"noreferrer noopener\">style&nbsp;Y\u00e1ng<\/a> est le style de r\u00e9f\u00e9rence dans l&#8217;enseignement du&nbsp;<a href=\"https:\/\/legacy.ymaa.com\/articles\/ymaa-taijiquan-lineage\">T\u00e0ij\u00edqu\u00e1n de l&#8217;\u00e9cole YMAA<\/a>. Vous trouverez plus de d\u00e9tail sur le d\u00e9roulement du curriculum propos\u00e9 par la YMAA <a href=\"https:\/\/legacy.ymaa.com\/articles\/steps-in-learning-taijiquan\" target=\"_blank\" rel=\"noreferrer noopener\">en cliquant ici<\/a>.<\/p>\n\n\n<div class=\"wp-block-image\">\n<figure class=\"aligncenter is-resized\"><img loading=\"lazy\" decoding=\"async\" width=\"600\" height=\"850\" src=\"http:\/\/lecerclecq.cluster021.hosting.ovh.net\/wp-content\/uploads\/2018\/11\/livre-le-chi-kung-du-tac3afchi.jpg\" alt=\"\" class=\"wp-image-330\" style=\"width:130px;height:184px\" srcset=\"https:\/\/lecercleetlecarre.fr\/wp-content\/uploads\/2018\/11\/livre-le-chi-kung-du-tac3afchi.jpg 600w, https:\/\/lecercleetlecarre.fr\/wp-content\/uploads\/2018\/11\/livre-le-chi-kung-du-tac3afchi-212x300.jpg 212w\" sizes=\"auto, (max-width: 600px) 100vw, 600px\" \/><\/figure>\n<\/div>\n\n\n<p><\/p>\n\n\n\n<p>L&#8217;Association <strong><em>le Cercle et le Carr\u00e9<\/em><\/strong> est depuis septembre 2019 une \u00e9cole officielle de la YMAA : <strong><span style=\"text-decoration: underline;\">la YMAA Paris Nord<\/span><\/strong>. La YMAA Paris Nord dispense un <strong><a href=\"https:\/\/lecercleetlecarre.fr\/index.php\/cours-hebdo-de-taijiquan-ecole-ymaa-paris-nord\/\" target=\"_blank\" rel=\"noreferrer noopener\">cours hebdomadaire de&nbsp;T\u00e0ij\u00edqu\u00e1n<\/a><\/strong>, et propose <em><strong>des stages d&#8217;initiation \u00e0 la forme de  T\u00e0ij\u00edqu\u00e1n transmise par Ma\u00eetre Y\u00e1ng<\/strong><\/em> (entrainement fondamental, pratique du T\u00e0ij\u00ed Q\u00ecg\u014dng<em>,<\/em> s\u00e9quence en trois parties, pouss\u00e9es de mains, travail \u00e0 deux&#8230;). Une part importante <em><strong>des enseignements de&nbsp;Q\u00ecg\u014dng<\/strong><\/em> dispens\u00e9s par la YMAA Paris Nord est d&#8217;ailleurs directement consacr\u00e9e au&nbsp;<strong><a href=\"https:\/\/legacy.ymaa.com\/articles\/2015\/08\/qi-and-taijiquan\" target=\"_blank\" rel=\"noreferrer noopener\">Q\u00ecg\u014dng martial souple et doux du&nbsp;T\u00e0ij\u00edqu\u00e1n<\/a><\/strong>, dont la pratique est excellente pour la sant\u00e9 et pour le d\u00e9veloppement corporel et articulaire.<\/p>\n\n\n\n<p>Nous sugg\u00e9rons aux <strong>personnes int\u00e9ress\u00e9es par le&nbsp;T\u00e0ij\u00edqu\u00e1n<\/strong>&nbsp;de participer \u00e0 des&nbsp;<strong>cours&nbsp;<\/strong>ou des&nbsp;<strong>stages organis\u00e9s par l&#8217;une des \u00e9coles YMAA proches de chez elles<\/strong> (voir les sites des diff\u00e9rentes \u00e9coles, en cliquant sur les liens suivants :&nbsp;<a href=\"http:\/\/www.ymaafrance.com\/\" target=\"_blank\" rel=\"noreferrer noopener\">YMAA France<\/a>&nbsp;et&nbsp;<a href=\"https:\/\/legacy.ymaa.com\/training\/schools\" target=\"_blank\" rel=\"noreferrer noopener\">YMAA International<\/a>)<\/p>\n\n\n<div class=\"wp-block-image\">\n<figure class=\"aligncenter is-resized\"><img loading=\"lazy\" decoding=\"async\" width=\"685\" height=\"730\" src=\"http:\/\/lecerclecq.cluster021.hosting.ovh.net\/wp-content\/uploads\/2018\/11\/ymaa-logo-france.jpg\" alt=\"\" class=\"wp-image-449\" style=\"width:128px;height:136px\" srcset=\"https:\/\/lecercleetlecarre.fr\/wp-content\/uploads\/2018\/11\/ymaa-logo-france.jpg 685w, https:\/\/lecercleetlecarre.fr\/wp-content\/uploads\/2018\/11\/ymaa-logo-france-282x300.jpg 282w, https:\/\/lecercleetlecarre.fr\/wp-content\/uploads\/2018\/11\/ymaa-logo-france-676x720.jpg 676w\" sizes=\"auto, (max-width: 685px) 100vw, 685px\" \/><\/figure>\n<\/div>\n\n\n<p>L&#8217;\u00e9cole YMAA offre typiquement les contenus suivants dans ses enseignements de <strong>T\u00e0ij\u00edqu\u00e1n<\/strong>&nbsp;:&nbsp;<\/p>\n\n\n\n<ul class=\"wp-block-list\">\n<li>la pratique de la&nbsp;<strong><a href=\"https:\/\/legacy.ymaa.com\/articles\/2017\/03\/learning-training-sequences-of-taijiquan\" target=\"_blank\" rel=\"noreferrer noopener\">s\u00e9quence<\/a>&nbsp;<\/strong>(\u9577\u62f3, ch\u00e1ngqu\u00e1n) : grand encha\u00eenement ou longue forme en environ 108 mouvements (tout d\u00e9pend de la fa\u00e7on de les regrouper pour les compter). C&#8217;est la <strong><a href=\"https:\/\/legacy.ymaa.com\/articles\/2016\/08\/analysis-of-taijiquan-techniques\" target=\"_blank\" rel=\"noreferrer noopener\">biblioth\u00e8que de techniques<\/a> <\/strong>(37 <a href=\"https:\/\/legacy.ymaa.com\/articles\/2016\/11\/the-importance-of-posture-in-taijiquan\">postures<\/a>), construites sur <a href=\"https:\/\/legacy.ymaa.com\/articles\/2015\/3\/basic-taiji-theory\" target=\"_blank\" rel=\"noreferrer noopener\">8 j\u00ecng&nbsp;fondamentaux<\/a>&nbsp;(<a href=\"https:\/\/legacy.ymaa.com\/articles\/2015\/03\/about-pushing-hands-part-1\">P\u00e9ng, \u63a4 ; L\u01da, \u624c+ \u5c65 ; J\u01d0, \u64e0<\/a> ; <a href=\"https:\/\/legacy.ymaa.com\/articles\/2015\/03\/about-pushing-hands-part-2\">\u00c0n, \u6309 ; C\u01cei, \u63a1 ; Li\u00e8, \u6312 ; Zh\u01d2u, \u8098 ; K\u00e0o, \u9760<\/a>)<strong>, de tactiques\/strat\u00e9gies <\/strong>(5 mouvements\/d\u00e9placements)<strong> et de principes propres au style&nbsp;Y\u00e1ng<\/strong>. L&#8217;entra\u00eenement au T\u00e0ij\u00edqu\u00e1n&nbsp;va cependant bien <a href=\"https:\/\/legacy.ymaa.com\/articles\/beyond-your-barehand-taiji-form\" target=\"_blank\" rel=\"noreferrer noopener\">au-del\u00e0 de cette seule forme<\/a> pratiqu\u00e9e lentement au d\u00e9but.<\/li>\n<\/ul>\n\n\n<div class=\"wp-block-image\">\n<figure class=\"aligncenter is-resized\"><img loading=\"lazy\" decoding=\"async\" width=\"560\" height=\"270\" src=\"http:\/\/lecerclecq.cluster021.hosting.ovh.net\/wp-content\/uploads\/2018\/11\/tjq-practice-rw1.jpg\" alt=\"\" class=\"wp-image-345\" style=\"width:263px;height:127px\" srcset=\"https:\/\/lecercleetlecarre.fr\/wp-content\/uploads\/2018\/11\/tjq-practice-rw1.jpg 560w, https:\/\/lecercleetlecarre.fr\/wp-content\/uploads\/2018\/11\/tjq-practice-rw1-300x145.jpg 300w\" sizes=\"auto, (max-width: 560px) 100vw, 560px\" \/><\/figure>\n<\/div>\n\n\n<ul class=\"wp-block-list\">\n<li>la pratique des <a href=\"https:\/\/legacy.ymaa.com\/articles\/2016\/03\/key-points-in-taiji-pushing-hands\" target=\"_blank\" rel=\"noreferrer noopener\">pouss\u00e9es de mains<\/a>&nbsp;(\u63a8\u624b, tu\u012bsh\u01d2u) : on apprend \u00e0 utiliser la structure de son corps pour <strong>manifester les&nbsp;j\u00ecng<\/strong> (\u52c1) classiques du&nbsp;T\u00e0ij\u00edqu\u00e1n dans diff\u00e9rentes situations : <em><a href=\"https:\/\/legacy.ymaa.com\/articles\/reaching-enlightenment\" target=\"_blank\" rel=\"noreferrer noopener\">\u00e9couter<\/a><\/em><a href=\"https:\/\/legacy.ymaa.com\/articles\/reaching-enlightenment\"> (\u807d, t\u012bng), <\/a><em><a href=\"https:\/\/legacy.ymaa.com\/articles\/reaching-enlightenment\">comprendre<\/a><\/em><a href=\"https:\/\/legacy.ymaa.com\/articles\/reaching-enlightenment\"> (\u61c2, d\u01d2ng), <\/a><em><a href=\"https:\/\/legacy.ymaa.com\/articles\/reaching-enlightenment\">toucher<\/a><\/em><a href=\"https:\/\/legacy.ymaa.com\/articles\/reaching-enlightenment\">\/<\/a><em><a href=\"https:\/\/legacy.ymaa.com\/articles\/reaching-enlightenment\">agir par le toucher<\/a><\/em><a href=\"https:\/\/legacy.ymaa.com\/articles\/reaching-enlightenment\"> (\u6cbe, zh\u0101n), <\/a><em><a href=\"https:\/\/legacy.ymaa.com\/articles\/reaching-enlightenment\">adh\u00e9rer\/coller<\/a><\/em><a href=\"https:\/\/legacy.ymaa.com\/articles\/reaching-enlightenment\"> (\u9ecf, ni\u00e1n)<\/a> ; <em><a href=\"https:\/\/legacy.ymaa.com\/articles\/martial-arts\/taijiquan-pushing-hands\">c\u00e9der\/partir<\/a><\/em><a href=\"https:\/\/legacy.ymaa.com\/articles\/martial-arts\/taijiquan-pushing-hands\"> (\u8d70, z\u01d2u), <\/a><em><a href=\"https:\/\/legacy.ymaa.com\/articles\/martial-arts\/taijiquan-pushing-hands\">neutraliser\/transformer<\/a><\/em><a href=\"https:\/\/legacy.ymaa.com\/articles\/martial-arts\/taijiquan-pushing-hands\">&nbsp;(\u5316, hu\u00e0), <\/a><em><a href=\"https:\/\/legacy.ymaa.com\/articles\/martial-arts\/taijiquan-pushing-hands\">guider<\/a><\/em><a href=\"https:\/\/legacy.ymaa.com\/articles\/martial-arts\/taijiquan-pushing-hands\"> (\u5f15, y\u01d0n) ; <\/a><em><a href=\"https:\/\/legacy.ymaa.com\/articles\/martial-arts\/taijiquan-pushing-hands\">stocker<\/a><\/em><a href=\"https:\/\/legacy.ymaa.com\/articles\/martial-arts\/taijiquan-pushing-hands\"> (\u84c4, x\u00f9), <\/a><em><a href=\"https:\/\/legacy.ymaa.com\/articles\/martial-arts\/taijiquan-pushing-hands\">\u00e9mettre<\/a><\/em><a href=\"https:\/\/legacy.ymaa.com\/articles\/martial-arts\/taijiquan-pushing-hands\"> (\u767c, f\u0101)<\/a>.&nbsp;Tout d&#8217;abord sur un partenaire relativement coop\u00e9ratif et dans un <strong>cadre impos\u00e9 <\/strong>(pouss\u00e9es de main simple, puis double, puis mobiles, etc.), avant de passer \u00e0 une <strong>pratique plus libre et spontan\u00e9e<\/strong>&nbsp;qui est celle du centrage (\u4e2d\u5b9a, zh\u014dng d\u00ecng).<\/li>\n<\/ul>\n\n\n<div class=\"wp-block-image\">\n<figure class=\"aligncenter is-resized\"><img loading=\"lazy\" decoding=\"async\" width=\"333\" height=\"480\" src=\"http:\/\/lecerclecq.cluster021.hosting.ovh.net\/wp-content\/uploads\/2018\/11\/centering-on-bricks-rw5.jpg\" alt=\"\" class=\"wp-image-346\" style=\"width:110px;height:159px\" srcset=\"https:\/\/lecercleetlecarre.fr\/wp-content\/uploads\/2018\/11\/centering-on-bricks-rw5.jpg 333w, https:\/\/lecercleetlecarre.fr\/wp-content\/uploads\/2018\/11\/centering-on-bricks-rw5-208x300.jpg 208w\" sizes=\"auto, (max-width: 333px) 100vw, 333px\" \/><\/figure>\n<\/div>\n\n\n<ul class=\"wp-block-list\">\n<li>l&#8217;\u00e9tude des <strong>applications martiales<\/strong> (\u6b66\u5b78\u61c9\u7528, w\u01d4 xu\u00e9 y\u00ecng y\u00f2ng) : comment utiliser les techniques et les&nbsp;j\u00ecng appris dans la s\u00e9quence de fa\u00e7on pratique, dans un combat. Outre les techniques de <strong>frappe avec les pieds<\/strong> (\u8e22, t\u012b) <strong>et les mains<\/strong> (\u6253, d\u01ce), on retrouve dans cette rubrique le travail du&nbsp;<strong><a href=\"https:\/\/legacy.ymaa.com\/articles\/kung-fu-wrestling-shuai-jiao\" target=\"_blank\" rel=\"noreferrer noopener\">shu\u0101i ji\u0101o<\/a><\/strong><a href=\"https:\/\/legacy.ymaa.com\/articles\/kung-fu-wrestling-shuai-jiao\"> (\u6454\u8de4)<\/a>, pour d\u00e9s\u00e9quilibrer et faire tr\u00e9bucher\/tomber\/chuter, et des <strong><a href=\"https:\/\/legacy.ymaa.com\/articles\/taiji-chin-na\">q\u00ednn\u00e1<\/a><\/strong><a href=\"https:\/\/legacy.ymaa.com\/articles\/taiji-chin-na\" target=\"_blank\" rel=\"noreferrer noopener\"> (\u64d2\u62ff)<\/a>, pour contraindre et immobiliser.<\/li>\n<\/ul>\n\n\n<div class=\"wp-block-image\">\n<figure class=\"aligncenter is-resized\"><img loading=\"lazy\" decoding=\"async\" width=\"1005\" height=\"720\" src=\"http:\/\/lecerclecq.cluster021.hosting.ovh.net\/wp-content\/uploads\/2018\/11\/taijiquan-ma-yjm-pr2.jpg\" alt=\"\" class=\"wp-image-349\" style=\"width:166px;height:118px\" srcset=\"https:\/\/lecercleetlecarre.fr\/wp-content\/uploads\/2018\/11\/taijiquan-ma-yjm-pr2.jpg 1005w, https:\/\/lecercleetlecarre.fr\/wp-content\/uploads\/2018\/11\/taijiquan-ma-yjm-pr2-300x215.jpg 300w, https:\/\/lecercleetlecarre.fr\/wp-content\/uploads\/2018\/11\/taijiquan-ma-yjm-pr2-768x550.jpg 768w, https:\/\/lecercleetlecarre.fr\/wp-content\/uploads\/2018\/11\/taijiquan-ma-yjm-pr2-676x484.jpg 676w\" sizes=\"auto, (max-width: 1005px) 100vw, 1005px\" \/><\/figure>\n<\/div>\n\n\n<ul class=\"wp-block-list\">\n<li>la pratique de la&nbsp;<strong>s\u00e9quence de combat \u00e0 deux<\/strong> (\u6563\u624b, s\u01censh\u01d2u) : l&#8217;apprentissage progressif de la <strong>distance<\/strong> et du <strong>rythme<\/strong>, de la <strong>combinaison permanente de l&#8217;attaque et de la d\u00e9fense<\/strong>, dans des <a href=\"https:\/\/legacy.ymaa.com\/articles\/2017\/02\/about-a-real-fight\" target=\"_blank\" rel=\"noreferrer noopener\">situations de combat<\/a> usuelles et <a href=\"https:\/\/legacy.ymaa.com\/articles\/2016\/04\/some-remarks-about-sparring\" target=\"_blank\" rel=\"noreferrer noopener\">de plus en plus r\u00e9alistes<\/a>.<\/li>\n<\/ul>\n\n\n<div class=\"wp-block-image\">\n<figure class=\"aligncenter size-full is-resized\"><img loading=\"lazy\" decoding=\"async\" width=\"297\" height=\"300\" src=\"https:\/\/lecercleetlecarre.fr\/wp-content\/uploads\/2018\/11\/tjq-ma-yjm-et-jc1.jpg\" alt=\"\" class=\"wp-image-347\" style=\"width:144px;height:auto\"\/><\/figure>\n<\/div>\n\n\n<ul class=\"wp-block-list\">\n<li>le <strong>maniement des armes<\/strong>&nbsp;<strong>traditionnelles<\/strong> (\u5175\u5668, b\u012bng q\u00ec) en T\u00e0ij\u00edqu\u00e1n de style&nbsp;Y\u00e1ng : le <em>sabre <\/em>(\u5200, d\u0101o), <a href=\"https:\/\/legacy.ymaa.com\/articles\/2015\/09\/tai-chi-swords-for-beginners\">l&#8217;<\/a><em><a href=\"https:\/\/legacy.ymaa.com\/articles\/2015\/09\/tai-chi-swords-for-beginners\">\u00e9p\u00e9e<\/a><\/em><a href=\"https:\/\/legacy.ymaa.com\/articles\/2015\/09\/tai-chi-swords-for-beginners\" target=\"_blank\" rel=\"noreferrer noopener\"> (\u528d, ji\u00e0n)<\/a>, le <em>b\u00e2ton long<\/em> (\u68cd, g\u00f9n) ou la <em>perche<\/em> (\u687f, g\u01cen) et la <em>lance<\/em> (\u69cd, qi\u0101ng).<\/li>\n<\/ul>\n\n\n<div class=\"wp-block-image\">\n<figure class=\"aligncenter is-resized\"><img loading=\"lazy\" decoding=\"async\" width=\"1502\" height=\"1472\" src=\"http:\/\/lecerclecq.cluster021.hosting.ovh.net\/wp-content\/uploads\/2018\/11\/tjq-sword-vm.jpg\" alt=\"\" class=\"wp-image-348\" style=\"width:157px;height:153px\" srcset=\"https:\/\/lecercleetlecarre.fr\/wp-content\/uploads\/2018\/11\/tjq-sword-vm.jpg 1502w, https:\/\/lecercleetlecarre.fr\/wp-content\/uploads\/2018\/11\/tjq-sword-vm-300x294.jpg 300w, https:\/\/lecercleetlecarre.fr\/wp-content\/uploads\/2018\/11\/tjq-sword-vm-768x753.jpg 768w, https:\/\/lecercleetlecarre.fr\/wp-content\/uploads\/2018\/11\/tjq-sword-vm-1024x1004.jpg 1024w, https:\/\/lecercleetlecarre.fr\/wp-content\/uploads\/2018\/11\/tjq-sword-vm-676x662.jpg 676w\" sizes=\"auto, (max-width: 1502px) 100vw, 1502px\" \/><\/figure>\n<\/div>\n\n\n<p><\/p>\n\n\n\n<p>La pratique du&nbsp;<strong>T\u00e0ij\u00edqu\u00e1n<\/strong>&nbsp;comporte de nombreux bienfaits physiques, \u00e9motionnels et m\u00eame spirituels. De plus en plus d&#8217;\u00e9tudes m\u00e9dicales en attestent d&#8217;ailleurs. Nous ne pouvons que <strong>vous recommander chaudement cette merveilleuse pratique<\/strong> qui saura vous accompagner tant dans vos <strong>moments solitaires<\/strong>&nbsp;(pratique individuelle et recherche int\u00e9rieure) et que lors d&#8217;une <strong>pratique de groupe<\/strong> (pratique collective et recherche d&#8217;harmonie avec le ou les partenaires).<\/p>\n\n\n<div class=\"wp-block-image\">\n<figure class=\"aligncenter is-resized\"><img loading=\"lazy\" decoding=\"async\" width=\"400\" height=\"298\" src=\"http:\/\/lecerclecq.cluster021.hosting.ovh.net\/wp-content\/uploads\/2018\/11\/ymaa-rc-taijiquan-practice.jpg\" alt=\"\" class=\"wp-image-332\" style=\"width:503px;height:375px\" srcset=\"https:\/\/lecercleetlecarre.fr\/wp-content\/uploads\/2018\/11\/ymaa-rc-taijiquan-practice.jpg 400w, https:\/\/lecercleetlecarre.fr\/wp-content\/uploads\/2018\/11\/ymaa-rc-taijiquan-practice-300x224.jpg 300w\" sizes=\"auto, (max-width: 400px) 100vw, 400px\" \/><\/figure>\n<\/div>\n\n<div class=\"wp-block-image\">\n<figure class=\"aligncenter\"><img loading=\"lazy\" decoding=\"async\" width=\"502\" height=\"331\" src=\"http:\/\/lecerclecq.cluster021.hosting.ovh.net\/wp-content\/uploads\/2018\/11\/ymaa-rc-fv-taha-erik-lm.jpg\" alt=\"\" class=\"wp-image-385\" srcset=\"https:\/\/lecercleetlecarre.fr\/wp-content\/uploads\/2018\/11\/ymaa-rc-fv-taha-erik-lm.jpg 502w, https:\/\/lecercleetlecarre.fr\/wp-content\/uploads\/2018\/11\/ymaa-rc-fv-taha-erik-lm-300x198.jpg 300w\" sizes=\"auto, (max-width: 502px) 100vw, 502px\" \/><\/figure>\n<\/div>","protected":false},"excerpt":{"rendered":"<p>Le&nbsp;T\u00e0ij\u00edqu\u00e1n (\u592a\u6975\u62f3), \u00e9crit &#8220;Tai chi&#8220; avant les ann\u00e9es 1980, est un Art Martial Interne chinois, souple et flexible, dont le principe est de ne pas s&#8217;opposer \u00e0 la force de &hellip; <a href=\"https:\/\/lecercleetlecarre.fr\/index.php\/taijiquan\/\" class=\"more-link\">Lire la suite de <span class=\"screen-reader-text\">T\u00e0ij\u00edqu\u00e1n (\u592a\u6975\u62f3)<\/span><\/a><\/p>\n","protected":false},"author":3,"featured_media":107,"parent":0,"menu_order":0,"comment_status":"closed","ping_status":"closed","template":"","meta":{"_s2mail":"yes","_EventAllDay":false,"_EventTimezone":"","_EventStartDate":"","_EventEndDate":"","_EventStartDateUTC":"","_EventEndDateUTC":"","_EventShowMap":false,"_EventShowMapLink":false,"_EventURL":"","_EventCost":"","_EventCostDescription":"","_EventCurrencySymbol":"","_EventCurrencyCode":"","_EventCurrencyPosition":"","_EventDateTimeSeparator":"","_EventTimeRangeSeparator":"","_EventOrganizerID":[],"_EventVenueID":[],"_OrganizerEmail":"","_OrganizerPhone":"","_OrganizerWebsite":"","_VenueAddress":"","_VenueCity":"","_VenueCountry":"","_VenueProvince":"","_VenueState":"","_VenueZip":"","_VenuePhone":"","_VenueURL":"","_VenueStateProvince":"","_VenueLat":"","_VenueLng":"","_VenueShowMap":false,"_VenueShowMapLink":false,"footnotes":""},"class_list":["post-323","page","type-page","status-publish","has-post-thumbnail","hentry"],"_links":{"self":[{"href":"https:\/\/lecercleetlecarre.fr\/index.php\/wp-json\/wp\/v2\/pages\/323","targetHints":{"allow":["GET"]}}],"collection":[{"href":"https:\/\/lecercleetlecarre.fr\/index.php\/wp-json\/wp\/v2\/pages"}],"about":[{"href":"https:\/\/lecercleetlecarre.fr\/index.php\/wp-json\/wp\/v2\/types\/page"}],"author":[{"embeddable":true,"href":"https:\/\/lecercleetlecarre.fr\/index.php\/wp-json\/wp\/v2\/users\/3"}],"replies":[{"embeddable":true,"href":"https:\/\/lecercleetlecarre.fr\/index.php\/wp-json\/wp\/v2\/comments?post=323"}],"version-history":[{"count":10,"href":"https:\/\/lecercleetlecarre.fr\/index.php\/wp-json\/wp\/v2\/pages\/323\/revisions"}],"predecessor-version":[{"id":5078,"href":"https:\/\/lecercleetlecarre.fr\/index.php\/wp-json\/wp\/v2\/pages\/323\/revisions\/5078"}],"wp:featuredmedia":[{"embeddable":true,"href":"https:\/\/lecercleetlecarre.fr\/index.php\/wp-json\/wp\/v2\/media\/107"}],"wp:attachment":[{"href":"https:\/\/lecercleetlecarre.fr\/index.php\/wp-json\/wp\/v2\/media?parent=323"}],"curies":[{"name":"wp","href":"https:\/\/api.w.org\/{rel}","templated":true}]}}