{"id":3574,"date":"2023-03-27T16:14:32","date_gmt":"2023-03-27T14:14:32","guid":{"rendered":"https:\/\/lecercleetlecarre.fr\/?page_id=3574"},"modified":"2023-09-29T03:39:50","modified_gmt":"2023-09-29T01:39:50","slug":"les-differentes-formes-de-mysticisme","status":"publish","type":"page","link":"https:\/\/lecercleetlecarre.fr\/index.php\/les-differentes-formes-de-mysticisme\/","title":{"rendered":"Les diff\u00e9rentes formes de Mysticisme"},"content":{"rendered":"<div class=\"wp-block-image\">\n<figure class=\"aligncenter size-full is-resized\"><img loading=\"lazy\" decoding=\"async\" src=\"https:\/\/lecercleetlecarre.fr\/wp-content\/uploads\/2023\/03\/World-Religions.jpg\" alt=\"\" class=\"wp-image-3596\" style=\"width:273px;height:271px\" width=\"273\" height=\"271\" srcset=\"https:\/\/lecercleetlecarre.fr\/wp-content\/uploads\/2023\/03\/World-Religions.jpg 768w, https:\/\/lecercleetlecarre.fr\/wp-content\/uploads\/2023\/03\/World-Religions-300x298.jpg 300w, https:\/\/lecercleetlecarre.fr\/wp-content\/uploads\/2023\/03\/World-Religions-150x150.jpg 150w, https:\/\/lecercleetlecarre.fr\/wp-content\/uploads\/2023\/03\/World-Religions-676x672.jpg 676w\" sizes=\"auto, (max-width: 273px) 100vw, 273px\" \/><\/figure>\n<\/div>\n\n\n<p><\/p>\n\n\n\n<h2 class=\"wp-block-heading has-vivid-red-color has-text-color\">&#8220;<em>Les mystiques ne forment qu&#8217;une seule famille de C\u0153ur<\/em>&#8220;<\/h2>\n\n\n\n<p><strong>Pourquoi les formes de Mysticisme sont-elles diff\u00e9rentes<\/strong>, si elles m\u00e8nent toutes vers le Divin ? Parce qu&#8217;il y a <strong>plusieurs chemins qui permettent d&#8217;acc\u00e9der au sommet de la montagne<\/strong> : c&#8217;est une question d&#8217;<strong>histoire personnelle <\/strong>(vous \u00eates n\u00e9 \u00e0 tel endroit, \u00e0 tel moment, et avec telle famille, donc vous avez \u00e9t\u00e9 expos\u00e9 \u00e0 telle Tradition plut\u00f4t qu&#8217;\u00e0 telle autre), mais aussi de <strong>go\u00fbts<\/strong> (vous avez plus d&#8217;affinit\u00e9 avec telle(s) Tradition(s) plut\u00f4t que telle(s) autre(s), parce qu&#8217;elle(s) vous parle(nt) plus ou que vous n&#8217;en avez pas \u00e9t\u00e9 d\u00e9go\u00fbt\u00e9(es) par une socialisation pr\u00e9alable n\u00e9gative ou des exp\u00e9riences malheureuses). Pourquoi n&#8217;auriez-vous pas <strong>votre itin\u00e9raire ou votre versant pr\u00e9f\u00e9r\u00e9<\/strong> de la montagne ? Ce qui compte, c&#8217;est de <strong><a rel=\"noreferrer noopener\" href=\"https:\/\/lecercleetlecarre.fr\/index.php\/cheminer-spirituellement\/\" target=\"_blank\">cheminer<\/a> vers le sommet<\/strong>.<\/p>\n\n\n<div class=\"wp-block-image\">\n<figure class=\"aligncenter size-large is-resized\"><img loading=\"lazy\" decoding=\"async\" src=\"https:\/\/lecercleetlecarre.fr\/wp-content\/uploads\/2023\/03\/Portes-1024x768.jpg\" alt=\"\" class=\"wp-image-3575\" style=\"width:472px;height:354px\" width=\"472\" height=\"354\" srcset=\"https:\/\/lecercleetlecarre.fr\/wp-content\/uploads\/2023\/03\/Portes-1024x768.jpg 1024w, https:\/\/lecercleetlecarre.fr\/wp-content\/uploads\/2023\/03\/Portes-300x225.jpg 300w, https:\/\/lecercleetlecarre.fr\/wp-content\/uploads\/2023\/03\/Portes-768x576.jpg 768w, https:\/\/lecercleetlecarre.fr\/wp-content\/uploads\/2023\/03\/Portes-1536x1152.jpg 1536w, https:\/\/lecercleetlecarre.fr\/wp-content\/uploads\/2023\/03\/Portes-676x507.jpg 676w, https:\/\/lecercleetlecarre.fr\/wp-content\/uploads\/2023\/03\/Portes.jpg 1600w\" sizes=\"auto, (max-width: 472px) 100vw, 472px\" \/><figcaption class=\"wp-element-caption\">La bonne porte vers le Ciel ? La v\u00f4tre !<\/figcaption><\/figure>\n<\/div>\n\n\n<p>Tout <a rel=\"noreferrer noopener\" href=\"https:\/\/lecercleetlecarre.fr\/index.php\/le-mysticisme-du-mystere-douteux-a-la-spiritualite-reelle\/\" target=\"_blank\">Mysticisme<\/a> d&#8217;une Tradition particuli\u00e8re aura sa propre coloration, son point de vue ou sa perspective, ses sp\u00e9cificit\u00e9s. Choisissez selon votre C\u0153ur ! Les Mysticismes <strong>les plus connus<\/strong> sont, par ordre alphab\u00e9tique, les mysticismes <strong>bouddhiste, chamanique, <a href=\"https:\/\/lecercleetlecarre.fr\/index.php\/mysticisme-chretien\/\">chr\u00e9tien<\/a>, h\u00e9bra\u00efque, hindou, islamique, tao\u00efste, shint\u014d, zoroastre&#8230; <\/strong>Bonne nouvelle : plus les mystiques cheminent, et plus ils <strong>convergent vers l&#8217;Amour et la Lumi\u00e8re<\/strong> ! Les mystiques ne forment qu&#8217;<strong>une seule famille de C\u0153ur.<\/strong> <\/p>\n\n\n<div class=\"wp-block-image\">\n<figure class=\"aligncenter size-full\"><img loading=\"lazy\" decoding=\"async\" width=\"300\" height=\"225\" src=\"https:\/\/lecercleetlecarre.fr\/wp-content\/uploads\/2023\/03\/Amour-et-Lumiere.jpg\" alt=\"\" class=\"wp-image-3581\"\/><\/figure>\n<\/div>","protected":false},"excerpt":{"rendered":"<p>&#8220;Les mystiques ne forment qu&#8217;une seule famille de C\u0153ur&#8220; Pourquoi les formes de Mysticisme sont-elles diff\u00e9rentes, si elles m\u00e8nent toutes vers le Divin ? Parce qu&#8217;il y a plusieurs chemins &hellip; <a href=\"https:\/\/lecercleetlecarre.fr\/index.php\/les-differentes-formes-de-mysticisme\/\" class=\"more-link\">Lire la suite de <span class=\"screen-reader-text\">Les diff\u00e9rentes formes de Mysticisme<\/span><\/a><\/p>\n","protected":false},"author":3,"featured_media":0,"parent":0,"menu_order":0,"comment_status":"closed","ping_status":"closed","template":"","meta":{"_s2mail":"yes","_EventAllDay":false,"_EventTimezone":"","_EventStartDate":"","_EventEndDate":"","_EventStartDateUTC":"","_EventEndDateUTC":"","_EventShowMap":false,"_EventShowMapLink":false,"_EventURL":"","_EventCost":"","_EventCostDescription":"","_EventCurrencySymbol":"","_EventCurrencyCode":"","_EventCurrencyPosition":"","_EventDateTimeSeparator":"","_EventTimeRangeSeparator":"","_EventOrganizerID":[],"_EventVenueID":[0],"_OrganizerEmail":"","_OrganizerPhone":"","_OrganizerWebsite":"","_VenueAddress":"","_VenueCity":"","_VenueCountry":"","_VenueProvince":"","_VenueState":"","_VenueZip":"","_VenuePhone":"","_VenueURL":"","_VenueStateProvince":"","_VenueLat":"","_VenueLng":"","_VenueShowMap":false,"_VenueShowMapLink":false,"footnotes":""},"class_list":["post-3574","page","type-page","status-publish","hentry"],"_links":{"self":[{"href":"https:\/\/lecercleetlecarre.fr\/index.php\/wp-json\/wp\/v2\/pages\/3574","targetHints":{"allow":["GET"]}}],"collection":[{"href":"https:\/\/lecercleetlecarre.fr\/index.php\/wp-json\/wp\/v2\/pages"}],"about":[{"href":"https:\/\/lecercleetlecarre.fr\/index.php\/wp-json\/wp\/v2\/types\/page"}],"author":[{"embeddable":true,"href":"https:\/\/lecercleetlecarre.fr\/index.php\/wp-json\/wp\/v2\/users\/3"}],"replies":[{"embeddable":true,"href":"https:\/\/lecercleetlecarre.fr\/index.php\/wp-json\/wp\/v2\/comments?post=3574"}],"version-history":[{"count":23,"href":"https:\/\/lecercleetlecarre.fr\/index.php\/wp-json\/wp\/v2\/pages\/3574\/revisions"}],"predecessor-version":[{"id":3963,"href":"https:\/\/lecercleetlecarre.fr\/index.php\/wp-json\/wp\/v2\/pages\/3574\/revisions\/3963"}],"wp:attachment":[{"href":"https:\/\/lecercleetlecarre.fr\/index.php\/wp-json\/wp\/v2\/media?parent=3574"}],"curies":[{"name":"wp","href":"https:\/\/api.w.org\/{rel}","templated":true}]}}