{"id":3642,"date":"2023-06-06T15:34:15","date_gmt":"2023-06-06T13:34:15","guid":{"rendered":"https:\/\/lecercleetlecarre.fr\/?page_id=3642"},"modified":"2024-09-18T16:12:54","modified_gmt":"2024-09-18T14:12:54","slug":"cheminer-spirituellement","status":"publish","type":"page","link":"https:\/\/lecercleetlecarre.fr\/index.php\/cheminer-spirituellement\/","title":{"rendered":"Cheminer spirituellement&#8230;"},"content":{"rendered":"\n<p>Si l&#8217;on \u00e9tait <strong><a href=\"https:\/\/lecercleetlecarre.fr\/index.php\/faites-vous-partie-de-lelite-spirituelle-croix-croire-mais-surtout-faire-ce-quil-faut\/\">d\u00e9j\u00e0 arriv\u00e9 au bon endroit<\/a><\/strong>, on aurait le loisir d&#8217;y rester. Toutefois, un peu de lucidit\u00e9 nous fait vite nous apercevoir que <strong><a href=\"https:\/\/lecercleetlecarre.fr\/index.php\/larrogance-materielle-et-spirituelle-deux-poisons-a-surmonter-pour-pouvoir-evoluer\/\">nous n&#8217;y sommes pas<\/a> <\/strong>(constat abrupte) ou pas encore (constat plus optimiste). C&#8217;est par le contraste entre l\u00e0 o\u00f9 nous sommes et l\u00e0 o\u00f9 nous devrions \u00eatre spirituellement, que na\u00eet le d\u00e9sir spirituel, le d\u00e9sir de devenir un \u00eatre meilleur, tant pour soi que pour les autres, un <strong>d\u00e9sir d&#8217;\u00e9volution spirituelle<\/strong>. La solution est simple : <strong>cheminer spirituellement&#8230; et ne plus s&#8217;arr\u00eater<\/strong> (ou du moins, de moins en moins longtemps et de moins en moins fr\u00e9quemment).<\/p>\n\n\n<div class=\"wp-block-image\">\n<figure class=\"aligncenter size-large is-resized\"><img loading=\"lazy\" decoding=\"async\" width=\"1024\" height=\"780\" src=\"https:\/\/lecercleetlecarre.fr\/wp-content\/uploads\/2023\/06\/image-1024x780.png\" alt=\"\" class=\"wp-image-3643\" style=\"width:300px;height:228px\" srcset=\"https:\/\/lecercleetlecarre.fr\/wp-content\/uploads\/2023\/06\/image-1024x780.png 1024w, https:\/\/lecercleetlecarre.fr\/wp-content\/uploads\/2023\/06\/image-300x229.png 300w, https:\/\/lecercleetlecarre.fr\/wp-content\/uploads\/2023\/06\/image-768x585.png 768w, https:\/\/lecercleetlecarre.fr\/wp-content\/uploads\/2023\/06\/image-676x515.png 676w, https:\/\/lecercleetlecarre.fr\/wp-content\/uploads\/2023\/06\/image.png 1200w\" sizes=\"auto, (max-width: 1024px) 100vw, 1024px\" \/><\/figure>\n<\/div>\n\n\n<p><\/p>\n\n\n\n<p>Les articles que nous proposons dans cette cat\u00e9gorie ont pour but de <strong>vous donner envie de cheminer<\/strong>, ainsi que d&#8217;<strong>\u00e9clairer certains aspects de ce cheminement<\/strong>, tant dans ce qu&#8217;ils ont de <strong>b\u00e9n\u00e9fique pour vous (Joie et Gratitude) et pour les autres (Service)<\/strong>, que de ce qu&#8217;il en co\u00fbte pour <strong><a href=\"https:\/\/lecercleetlecarre.fr\/index.php\/juste-pour-aujourdhui-je-fais-un-petit-effort\/\">d\u00e9passer le n\u00e9gatif et sauter les obstacles<\/a> <\/strong>(dont certains sont si classiques que&#8230; tout le monde y passe), pour pouvoir d\u00e9finitivement les d\u00e9passer et qu&#8217;ils ne soient plus d\u00e9sormais pour nous des facteurs limitants.<\/p>\n\n\n<div class=\"wp-block-image\">\n<figure class=\"aligncenter size-full is-resized\"><img loading=\"lazy\" decoding=\"async\" width=\"720\" height=\"479\" src=\"https:\/\/lecercleetlecarre.fr\/wp-content\/uploads\/2023\/06\/image-1.png\" alt=\"\" class=\"wp-image-3644\" style=\"width:310px;height:206px\" srcset=\"https:\/\/lecercleetlecarre.fr\/wp-content\/uploads\/2023\/06\/image-1.png 720w, https:\/\/lecercleetlecarre.fr\/wp-content\/uploads\/2023\/06\/image-1-300x200.png 300w, https:\/\/lecercleetlecarre.fr\/wp-content\/uploads\/2023\/06\/image-1-676x450.png 676w\" sizes=\"auto, (max-width: 720px) 100vw, 720px\" \/><\/figure>\n<\/div>\n\n\n<p><\/p>\n\n\n\n<p>Le <strong>chemin qui m\u00e8ne vers le Ciel<\/strong> est une recherche de Soi, de l&#8217;autre, du Divin et de leurs rapports. Certains pr\u00e9f\u00e9reront effectuer ce cheminement dans <strong>l&#8217;aridit\u00e9 solitaire<\/strong> (voies \u00e9r\u00e9mitiques) <strong>ou en commun <\/strong>(voies monastiques) d&#8217;une <strong>R\u00e8gle librement choisie et auto-impos\u00e9e <\/strong>(\u00eatre trop doux ou trop dur avec vous-m\u00eames et\/ou les autres ne vous fera s\u00fbrement pas cheminer rapidement&#8230;), d&#8217;autres <strong><a href=\"https:\/\/lecercleetlecarre.fr\/index.php\/je-veux-et-jexige-que-vous-arretiez-de-vous-saboter\/\">en immersion dans le monde profane<\/a> <\/strong>(ceux qui sont &#8220;devant le Temple&#8221; et n&#8217;y sont donc pas encore vraiment entr\u00e9s), <strong>&#8220;dans le si\u00e8cle&#8221; pour ouvrir les hommes les uns aux autres et donc au Divin<\/strong> (voie de la pr\u00eatrise, qui ne se limite gu\u00e8re \u00e0 quelques c\u00e9r\u00e9monies r\u00e9guli\u00e8res dans des lieux de culte), que ce soit par le pr\u00eache et son exp\u00e9rience intellectuelle et \u00e9motionnelle, ou par le <strong><a rel=\"noreferrer noopener\" href=\"https:\/\/lecercleetlecarre.fr\/index.php\/le-mysticisme-du-mystere-douteux-a-la-spiritualite-reelle\/\" target=\"_blank\">mysticisme<\/a><\/strong> et son <strong>exp\u00e9rience directe<\/strong>&#8230; que certains mystiques <strong>partagent avec d&#8217;autres pour les inspirer \u00e0 cheminer !<\/strong> <\/p>\n","protected":false},"excerpt":{"rendered":"<p>Si l&#8217;on \u00e9tait d\u00e9j\u00e0 arriv\u00e9 au bon endroit, on aurait le loisir d&#8217;y rester. Toutefois, un peu de lucidit\u00e9 nous fait vite nous apercevoir que nous n&#8217;y sommes pas (constat &hellip; <a href=\"https:\/\/lecercleetlecarre.fr\/index.php\/cheminer-spirituellement\/\" class=\"more-link\">Lire la suite de <span class=\"screen-reader-text\">Cheminer spirituellement&#8230;<\/span><\/a><\/p>\n","protected":false},"author":3,"featured_media":0,"parent":0,"menu_order":0,"comment_status":"closed","ping_status":"closed","template":"","meta":{"_s2mail":"yes","_EventAllDay":false,"_EventTimezone":"","_EventStartDate":"","_EventEndDate":"","_EventStartDateUTC":"","_EventEndDateUTC":"","_EventShowMap":false,"_EventShowMapLink":false,"_EventURL":"","_EventCost":"","_EventCostDescription":"","_EventCurrencySymbol":"","_EventCurrencyCode":"","_EventCurrencyPosition":"","_EventDateTimeSeparator":"","_EventTimeRangeSeparator":"","_EventOrganizerID":[],"_EventVenueID":[0],"_OrganizerEmail":"","_OrganizerPhone":"","_OrganizerWebsite":"","_VenueAddress":"","_VenueCity":"","_VenueCountry":"","_VenueProvince":"","_VenueState":"","_VenueZip":"","_VenuePhone":"","_VenueURL":"","_VenueStateProvince":"","_VenueLat":"","_VenueLng":"","_VenueShowMap":false,"_VenueShowMapLink":false,"footnotes":""},"class_list":["post-3642","page","type-page","status-publish","hentry"],"_links":{"self":[{"href":"https:\/\/lecercleetlecarre.fr\/index.php\/wp-json\/wp\/v2\/pages\/3642","targetHints":{"allow":["GET"]}}],"collection":[{"href":"https:\/\/lecercleetlecarre.fr\/index.php\/wp-json\/wp\/v2\/pages"}],"about":[{"href":"https:\/\/lecercleetlecarre.fr\/index.php\/wp-json\/wp\/v2\/types\/page"}],"author":[{"embeddable":true,"href":"https:\/\/lecercleetlecarre.fr\/index.php\/wp-json\/wp\/v2\/users\/3"}],"replies":[{"embeddable":true,"href":"https:\/\/lecercleetlecarre.fr\/index.php\/wp-json\/wp\/v2\/comments?post=3642"}],"version-history":[{"count":12,"href":"https:\/\/lecercleetlecarre.fr\/index.php\/wp-json\/wp\/v2\/pages\/3642\/revisions"}],"predecessor-version":[{"id":4590,"href":"https:\/\/lecercleetlecarre.fr\/index.php\/wp-json\/wp\/v2\/pages\/3642\/revisions\/4590"}],"wp:attachment":[{"href":"https:\/\/lecercleetlecarre.fr\/index.php\/wp-json\/wp\/v2\/media?parent=3642"}],"curies":[{"name":"wp","href":"https:\/\/api.w.org\/{rel}","templated":true}]}}