{"id":3784,"date":"2023-09-10T01:48:45","date_gmt":"2023-09-09T23:48:45","guid":{"rendered":"https:\/\/lecercleetlecarre.fr\/?page_id=3784"},"modified":"2023-09-10T22:02:30","modified_gmt":"2023-09-10T20:02:30","slug":"reik-onciliation","status":"publish","type":"page","link":"https:\/\/lecercleetlecarre.fr\/index.php\/reik-onciliation\/","title":{"rendered":"Reik&#8230;onciliation !"},"content":{"rendered":"<div class=\"wp-block-image\">\n<figure class=\"aligncenter size-full\"><img loading=\"lazy\" decoding=\"async\" width=\"330\" height=\"291\" src=\"https:\/\/lecercleetlecarre.fr\/wp-content\/uploads\/2023\/09\/Reconciliation.jpg\" alt=\"\" class=\"wp-image-3788\" srcset=\"https:\/\/lecercleetlecarre.fr\/wp-content\/uploads\/2023\/09\/Reconciliation.jpg 330w, https:\/\/lecercleetlecarre.fr\/wp-content\/uploads\/2023\/09\/Reconciliation-300x265.jpg 300w\" sizes=\"auto, (max-width: 330px) 100vw, 330px\" \/><\/figure>\n<\/div>\n\n\n<p><\/p>\n\n\n\n<p>M\u00eame si l&#8217;actuelle vague de chaleur 2023 ne le laisse peut-\u00eatre pas encore sentir, <strong>l&#8217;Automne<\/strong> est d\u00e9j\u00e0 l\u00e0, avec les feuilles qui tombent et sa <strong>tendance \u00e0 l&#8217;Int\u00e9riorisation<\/strong>, propice \u00e0 une rentr\u00e9e \u00e0 l&#8217;int\u00e9rieur de soi, o\u00f9 se trouve <strong>nombre de choses \u00e0 d\u00e9couvrir&#8230; et \u00e0 r\u00e9gler !<\/strong> Entre vous et vous-m\u00eame, avant de pouvoir r\u00e9ellement le faire entre vous et les autres (apprendre \u00e0 <strong>demander pardon<\/strong> et apprendre \u00e0 <strong>pardonner<\/strong>), ce qui est la base de tout <strong><a href=\"https:\/\/lecercleetlecarre.fr\/index.php\/cheminer-spirituellement\/\">cheminement spirituel<\/a><\/strong>. <\/p>\n\n\n\n<p>Le <strong><a href=\"https:\/\/lecercleetlecarre.fr\/index.php\/reiki\/\">Reiki<\/a>, pratique de gu\u00e9rison spirituelle<\/strong>, est l\u00e0 pour vous y aider, que ce soit sous forme de soin de <strong>vous-m\u00eame<\/strong> (auto-traitement) ou d&#8217;<strong>autrui<\/strong> (relaxation sur table ou soin mental), que ce soit pour approfondir votre compr\u00e9hension et votre pratique quel que soit votre Degr\u00e9 en Reiki, et surtout si vous vous dirigez sur le <strong>Chemin de la Ma\u00eetrise<\/strong>, si vous avez la <strong>vocation<\/strong> \u00e0 devenir &#8220;<strong>Ma\u00eetre-Enseignant<\/strong>&#8220;.<\/p>\n\n\n\n<p><strong><a href=\"https:\/\/lecercleetlecarre.fr\/index.php\/un-peu-dhistoire\/\">L&#8217;histoire du Reiki<\/a><\/strong>, au moins depuis les ann\u00e9es 1980 en occident, est faite de divergences, de s\u00e9parations, de cr\u00e9ation de nouveaux &#8220;styles de Reiki&#8221; et d&#8217;<strong>un \u00e9talage de diff\u00e9rences qui peuvent susciter des conflits<\/strong>, alors que le <strong>Reiki<\/strong> est <strong>force d&#8217;apaisement par l&#8217;Amour Inconditionnel<\/strong>. C&#8217;est dans cet esprit qu&#8217;il est int\u00e9ressant d&#8217;\u00e9couter <strong>la petite fille de Takata <\/strong>(1900-1980), <strong>m\u00e8re du Reiki en Occident<\/strong> et dont plus de 95% des pratiquants sont de fait issus, qu&#8217;ils en soient conscients ou non&#8230;<\/p>\n\n\n\n<p><strong>Phyllis Furumoto<\/strong> (1948-2019) fut ainsi d\u00e9sign\u00e9e pour prendre la suite de sa grand-m\u00e8re (ce qu&#8217;elle accepta de faire par devoir familial, bien que jeune et inexp\u00e9riment\u00e9e selon ses propres dire), cr\u00e9ant au fil des ann\u00e9es <strong>une v\u00e9ritable communaut\u00e9 Reiki autour de <a href=\"https:\/\/lecercleetlecarre.fr\/index.php\/les-grands-courants-du-reiki-aujourdhui\/\">son style de Reiki<\/a><\/strong> : le &#8220;<em>Usui shiki Ry\u014dh\u014d&#8221;<\/em> (le style transmis par sa grand-m\u00e8re, Takata, qu&#8217;elle s&#8217;attacha naturellement \u00e0 d\u00e9velopper et \u00e0 pr\u00e9server). <strong>La d\u00e9couvrir par la vid\u00e9o gratuite ci-dessous<\/strong> vous donnera un aper\u00e7u de qui elle \u00e9tait, et de <strong>comment elle vivait le Reiki<\/strong>, ce qui est riche d&#8217;enseignements pour tous le monde : <strong>Reiki, conciliation, Reikonciliation<\/strong>&#8230; <strong>&#8220;<em>dans l&#8217;unit\u00e9 ou l&#8217;unicit\u00e9 du Reiki<\/em>&#8220;<\/strong>, comme elle le disait. Une le\u00e7on d&#8217;humilit\u00e9, de lucidit\u00e9 et un exemple inspirant.<\/p>\n\n\n\n<figure class=\"wp-block-embed is-type-video is-provider-vimeo wp-block-embed-vimeo wp-embed-aspect-16-9 wp-has-aspect-ratio\"><div class=\"wp-block-embed__wrapper\">\n<iframe loading=\"lazy\" title=\"RECONCILIATION - Along the Path of Mastery\" src=\"https:\/\/player.vimeo.com\/video\/197552850?dnt=1&amp;app_id=122963\" width=\"676\" height=\"380\" frameborder=\"0\" allow=\"autoplay; fullscreen; picture-in-picture\"><\/iframe>\n<\/div><\/figure>\n\n\n\n<p>Pour avoir plus qu&#8217;un aper\u00e7u (et plus de dix heures de contenu au total), vous pouvez acheter la ou les vid\u00e9os suivantes (prix modique sur lequel je n&#8217;ai aucune commission), que <strong>je recommande \u00e0 toute personne souhaitant transmettre le Reiki<\/strong>, apr\u00e8s leur 4\u00e8me Degr\u00e9, par exemple.<\/p>\n\n\n\n<figure class=\"wp-block-embed is-type-video is-provider-vimeo wp-block-embed-vimeo wp-embed-aspect-16-9 wp-has-aspect-ratio\"><div class=\"wp-block-embed__wrapper\">\n<iframe loading=\"lazy\" title=\"66 Steps on the Path to Reconciliation\" src=\"https:\/\/player.vimeo.com\/video\/197578950?dnt=1&amp;app_id=122963\" width=\"676\" height=\"380\" frameborder=\"0\" allow=\"autoplay; fullscreen; picture-in-picture\"><\/iframe>\n<\/div><\/figure>\n","protected":false},"excerpt":{"rendered":"<p>M\u00eame si l&#8217;actuelle vague de chaleur 2023 ne le laisse peut-\u00eatre pas encore sentir, l&#8217;Automne est d\u00e9j\u00e0 l\u00e0, avec les feuilles qui tombent et sa tendance \u00e0 l&#8217;Int\u00e9riorisation, propice \u00e0 &hellip; <a href=\"https:\/\/lecercleetlecarre.fr\/index.php\/reik-onciliation\/\" class=\"more-link\">Lire la suite de <span class=\"screen-reader-text\">Reik&#8230;onciliation !<\/span><\/a><\/p>\n","protected":false},"author":3,"featured_media":0,"parent":0,"menu_order":0,"comment_status":"closed","ping_status":"closed","template":"","meta":{"_s2mail":"yes","_EventAllDay":false,"_EventTimezone":"","_EventStartDate":"","_EventEndDate":"","_EventStartDateUTC":"","_EventEndDateUTC":"","_EventShowMap":false,"_EventShowMapLink":false,"_EventURL":"","_EventCost":"","_EventCostDescription":"","_EventCurrencySymbol":"","_EventCurrencyCode":"","_EventCurrencyPosition":"","_EventDateTimeSeparator":"","_EventTimeRangeSeparator":"","_EventOrganizerID":[],"_EventVenueID":[],"_OrganizerEmail":"","_OrganizerPhone":"","_OrganizerWebsite":"","_VenueAddress":"","_VenueCity":"","_VenueCountry":"","_VenueProvince":"","_VenueState":"","_VenueZip":"","_VenuePhone":"","_VenueURL":"","_VenueStateProvince":"","_VenueLat":"","_VenueLng":"","_VenueShowMap":false,"_VenueShowMapLink":false,"footnotes":""},"class_list":["post-3784","page","type-page","status-publish","hentry"],"_links":{"self":[{"href":"https:\/\/lecercleetlecarre.fr\/index.php\/wp-json\/wp\/v2\/pages\/3784","targetHints":{"allow":["GET"]}}],"collection":[{"href":"https:\/\/lecercleetlecarre.fr\/index.php\/wp-json\/wp\/v2\/pages"}],"about":[{"href":"https:\/\/lecercleetlecarre.fr\/index.php\/wp-json\/wp\/v2\/types\/page"}],"author":[{"embeddable":true,"href":"https:\/\/lecercleetlecarre.fr\/index.php\/wp-json\/wp\/v2\/users\/3"}],"replies":[{"embeddable":true,"href":"https:\/\/lecercleetlecarre.fr\/index.php\/wp-json\/wp\/v2\/comments?post=3784"}],"version-history":[{"count":9,"href":"https:\/\/lecercleetlecarre.fr\/index.php\/wp-json\/wp\/v2\/pages\/3784\/revisions"}],"predecessor-version":[{"id":3838,"href":"https:\/\/lecercleetlecarre.fr\/index.php\/wp-json\/wp\/v2\/pages\/3784\/revisions\/3838"}],"wp:attachment":[{"href":"https:\/\/lecercleetlecarre.fr\/index.php\/wp-json\/wp\/v2\/media?parent=3784"}],"curies":[{"name":"wp","href":"https:\/\/api.w.org\/{rel}","templated":true}]}}