{"id":3938,"date":"2023-09-29T03:06:31","date_gmt":"2023-09-29T01:06:31","guid":{"rendered":"https:\/\/lecercleetlecarre.fr\/?page_id=3938"},"modified":"2024-09-13T14:46:26","modified_gmt":"2024-09-13T12:46:26","slug":"mysticisme-chretien","status":"publish","type":"page","link":"https:\/\/lecercleetlecarre.fr\/index.php\/mysticisme-chretien\/","title":{"rendered":"Mysticisme Chr\u00e9tien"},"content":{"rendered":"\n<p>Le Mysticisme chr\u00e9tien est \u00e0 <strong>l&#8217;origine de la spiritualit\u00e9 chr\u00e9tienne<\/strong>, c&#8217;est-\u00e0-dire d&#8217;une <strong>Spiritualit\u00e9 qui suit le message du Christ<\/strong> afin de nous permettre de <strong><a href=\"https:\/\/lecercleetlecarre.fr\/index.php\/cheminer-spirituellement\/\">cheminer vers Dieu<\/a><\/strong> : le Fils, nous permettant de rejoindre le P\u00e8re. Si <strong>les \u00e9vangiles et la Bible<\/strong> peuvent nous guider, c&#8217;est dans la mesure o\u00f9 ils nous conduisent vers Dieu<strong> <\/strong>et non en tant que moyen de contr\u00f4le social et de pouvoir sur une quelconque communaut\u00e9 : une \u00e9glise chr\u00e9tienne doit \u00eatre une assembl\u00e9e de Fr\u00e8res et S\u0153urs aidant \u00e0 <strong>cheminer sur le sentier du Christ, qui m\u00e8ne vers le Ciel&#8230; plut\u00f4t que vers la Terre<\/strong>.<\/p>\n\n\n\n<p><strong>Le <a href=\"https:\/\/lecercleetlecarre.fr\/index.php\/le-mysticisme-du-mystere-douteux-a-la-spiritualite-reelle\/\">Mysticisme <\/a>chr\u00e9tien demande \u00e0 chaque chr\u00e9tien de prendre son \u00c2me en charge<\/strong> et d&#8217;effectuer le Chemin de Croix menant vers Dieu, m\u00eame s&#8217;il est &#8220;difficile&#8221;, car souvent, par Ego, la V\u00e9rit\u00e9 n&#8217;est pas notre meilleure amie&#8230; au moins au d\u00e9but, o\u00f9 nous avons des choses \u00e0 cacher, surtout \u00e0 nous-m\u00eame, ce qui est simplement <strong>une bonne phase de d\u00e9ni<\/strong>, c&#8217;est-\u00e0-dire de T\u00e9n\u00e8bres dans lesquels nous sommes tomb\u00e9s. Les <strong>exercices spirituels<\/strong> du Mysticisme chr\u00e9tien sont l\u00e0 pour <strong>nous en faire sortir<\/strong> et nous aider \u00e0 <strong>retrouver et \u00e0 parcourir le chemin vers Dieu<\/strong>.<\/p>\n\n\n<div class=\"wp-block-image\">\n<figure class=\"aligncenter size-large is-resized\"><img loading=\"lazy\" decoding=\"async\" width=\"1024\" height=\"535\" src=\"https:\/\/lecercleetlecarre.fr\/wp-content\/uploads\/2023\/09\/Manque-Coeur-Croix-1024x535.webp\" alt=\"\" class=\"wp-image-3920\" style=\"width:570px;height:298px\" srcset=\"https:\/\/lecercleetlecarre.fr\/wp-content\/uploads\/2023\/09\/Manque-Coeur-Croix-1024x535.webp 1024w, https:\/\/lecercleetlecarre.fr\/wp-content\/uploads\/2023\/09\/Manque-Coeur-Croix-300x157.webp 300w, https:\/\/lecercleetlecarre.fr\/wp-content\/uploads\/2023\/09\/Manque-Coeur-Croix-768x401.webp 768w, https:\/\/lecercleetlecarre.fr\/wp-content\/uploads\/2023\/09\/Manque-Coeur-Croix-1536x803.webp 1536w, https:\/\/lecercleetlecarre.fr\/wp-content\/uploads\/2023\/09\/Manque-Coeur-Croix-676x353.webp 676w, https:\/\/lecercleetlecarre.fr\/wp-content\/uploads\/2023\/09\/Manque-Coeur-Croix.webp 1600w\" sizes=\"auto, (max-width: 1024px) 100vw, 1024px\" \/><\/figure>\n<\/div>\n\n\n<h2 class=\"wp-block-heading\">Le message spirituel du Christ : un message d&#8217;Espoir et d&#8217;Amour<\/h2>\n\n\n\n<h3 class=\"wp-block-heading\">&#8220;<em>Le Royaume des Cieux est \u00e0 l&#8217;int\u00e9rieur de vous<\/em>&#8220;<\/h3>\n\n\n\n<p>Cette phrase ne va pas sans poser des probl\u00e8mes de transmission&#8230; parce que <strong>la traduction est facilement une forme de trahison<\/strong> : si vous regardez bien les versions \u00e9crites les plus anciennes de l&#8217;\u00e9vangile de Luc (17:21), c&#8217;est-\u00e0-dire celles \u00e9crites en <strong>grec <\/strong>(mais \u00e9galement la Vulgate en <strong>latin<\/strong>), il n&#8217;y a <strong>aucune ambigu\u00eft\u00e9<\/strong> sur ce passage ; non, il n&#8217;est pas \u00e9crit &#8220;<em>au milieu de vous<\/em>&#8221; et encore moins &#8220;<em>parmi vous<\/em>&#8221; ou &#8220;<em>entre vous<\/em>&#8221; (ce qui pointe \u00e9ventuellement vers un tissu de relations sociales), mais bel et bien &#8220;<em>\u00e0 l&#8217;int\u00e9rieur de vous<\/em>&#8221; ou &#8220;<em>au-dedans de vous<\/em>&#8220;. La <strong>signification<\/strong> n&#8217;est plus superficielle et ext\u00e9rieure, mais <strong>profonde et int\u00e9rieure<\/strong>&#8230; Oui, c&#8217;est bien de votre vrai Soi que l&#8217;on parle, pas des apparences physiques ou sociales, mais de <strong>ce qu&#8217;il y a tout au fond de votre C\u0153ur, et donc de votre \u00c2me<\/strong>.<\/p>\n\n\n\n<p>Il faut comprendre que quand J\u00e9sus parle du <strong>Royaume des Cieux<\/strong>, il ne <strong>parle pas d&#8217;un lieu physique<\/strong> qui se trouverait &#8220;ici&#8221; ou &#8220;l\u00e0&#8221; (la question que lui pose les pharisiens, revenant presque \u00e0 d\u00e9signer l&#8217;endroit le plus &#8220;saint&#8221; de ce monde et donc \u00e0 \u00e9tablir un classement ou une hi\u00e9rarchie), mais comme <strong>un \u00e9tat d&#8217;\u00eatre, un \u00e9tat de C\u0153ur<\/strong>, que chacun d&#8217;entre nous peut (re)trouver&#8230; apr\u00e8s notre chute du Jardin d&#8217;Eden, apr\u00e8s ce Paradis perdu o\u00f9 l&#8217;Homme faisait <strong>Un avec la vibration originelle de Dieu<\/strong>, notre Cr\u00e9ateur avec qui nous pouvons vibrer \u00e0 l&#8217;unisson, et qu&#8217;il <strong>perdit en acc\u00e9dant \u00e0 une connaissance duale<\/strong> (connaissance du bien et du mal). Si vous voulez acc\u00e9der au Royaume du P\u00e8re, J\u00e9sus a indiqu\u00e9 le chemin du retour : il faut <strong>chercher \u00e0 l&#8217;int\u00e9rieur de vous-m\u00eame<\/strong>, pas \u00e0 l&#8217;ext\u00e9rieur. La question n&#8217;est <strong>pas celles des m\u0153urs ext\u00e9rieures<\/strong> que les Religions aiment souvent r\u00e9genter, comme autant de <strong>garde-fous pour des enfants incapables de comportements matures<\/strong> (et il faut dire que nombre d&#8217;humains ont une maturit\u00e9 bien infantile) ; la question est plut\u00f4t celle de la maturit\u00e9 de votre C\u0153ur, qu&#8217;il va falloir cultiver et faire grandir pour \u00e9voluer spirituellement en se mettant r\u00e9ellement <strong>au Service du Divin<\/strong>, et non de quelques hommes, surtout si l&#8217;on sait que &#8220;<em>les voies du Seigneur sont imp\u00e9n\u00e9trables<\/em>&#8220;. <\/p>\n\n\n\n<p>En cela, on retrouve des principes depuis longtemps mis en avant par les <strong><a href=\"https:\/\/lecercleetlecarre.fr\/index.php\/le-mysticisme-du-mystere-douteux-a-la-spiritualite-reelle\/\">Mystiques de nombreuses traditions<\/a><\/strong> : &#8220;<em><strong>connais-toi toi-m\u00eame<\/strong><\/em>&#8220;, parce que &#8220;<em>la porte est en-dedans<\/em>&#8220;, &#8220;<em>visite l&#8217;int\u00e9rieur de la Terre et tu trouveras la pierre cach\u00e9e<\/em>&#8220;. <strong>Chacun d&#8217;entre nous est le Temple<\/strong>, dont le Saint-des-Saints, <strong>notre C\u0153ur<\/strong>, peut <strong>manifester la flamme vivante <\/strong>de Dieu (sa <strong>Pr\u00e9sence<\/strong>) et o\u00f9 <strong>la garder allum\u00e9e <\/strong>(\u00ab <em>votre corps est le temple du Saint-Esprit qui est en vous <\/em>\u00bb, 1 Co 6:19). L\u00e0 o\u00f9 <strong>nos \u00e9motions n\u00e9gatives et notre Ego <\/strong>viennent le plus souvent apporter des nuages <strong>r\u00e9duisant cette clart\u00e9<\/strong>, \u00e0 un point o\u00f9 <strong>l&#8217;obscurit\u00e9 qui r\u00e8gne autour de notre C\u0153ur<\/strong> est devenue si importante que l&#8217;on peut parler de T\u00e9n\u00e8bres. Le <strong>Chemin de Croix<\/strong> que nous propose le Christ est justement de <strong>sortir des T\u00e9n\u00e8bres<\/strong> pour se tourner toujours plus <strong>vers la Lumi\u00e8re de Dieu<\/strong> et cela par pur Amour, c&#8217;est-\u00e0-dire par <strong>Amour Inconditionnel<\/strong>. <\/p>\n\n\n<div class=\"wp-block-image\">\n<figure class=\"aligncenter size-full\"><img loading=\"lazy\" decoding=\"async\" width=\"241\" height=\"320\" src=\"https:\/\/lecercleetlecarre.fr\/wp-content\/uploads\/2023\/09\/image-2.jpeg\" alt=\"\" class=\"wp-image-3922\" srcset=\"https:\/\/lecercleetlecarre.fr\/wp-content\/uploads\/2023\/09\/image-2.jpeg 241w, https:\/\/lecercleetlecarre.fr\/wp-content\/uploads\/2023\/09\/image-2-226x300.jpeg 226w\" sizes=\"auto, (max-width: 241px) 100vw, 241px\" \/><\/figure>\n<\/div>\n\n\n<p><\/p>\n\n\n\n<p>J\u00e9sus est venu <strong>proclamer une bonne nouvelle (\u00c9vangile)<\/strong> et cette nouvelle est que <strong>le chemin de retour vers le P\u00e8re est toujours disponible<\/strong> pour celles et ceux qui le cherchent, que la Vie \u00c9ternelle aupr\u00e8s du P\u00e8re est possible et donc que l&#8217;Espoir est plus que jamais de mise. <strong>Le Salut vous appartient<\/strong>, \u00e0 condition que vous cheminiez r\u00e9ellement vers Lui. C&#8217;est vous qui voyez&#8230; si vous voulez <strong>conqu\u00e9rir le Royaume des Cieux<\/strong>, ce qui commence par <strong>vous conqu\u00e9rir vous-m\u00eame<\/strong>, par changer vos mauvaises habitudes, \u00e9duquer votre mental et vos \u00e9motions pour <strong>trouver la Paix du Christ<\/strong>, qui est une Paix du C\u0153ur vers lequel l&#8217;iconographie pointe fr\u00e9quemment. Alors, la Joie et l&#8217;Amour peuvent advenir. Tel est l&#8217;<strong>Espoir radieux<\/strong> qu&#8217;Il nous promet.<\/p>\n\n\n\n<h3 class=\"wp-block-heading\">&#8220;<em>Aimez-vous les uns les autres comme je vous ai aim\u00e9&#8230;<\/em>&#8220;<\/h3>\n\n\n\n<p>Savez-vous vraiment <strong>comment J\u00e9sus a aim\u00e9 le genre humain ?<\/strong> Il n&#8217;a pas forc\u00e9ment toujours \u00e9t\u00e9 ravi de ce qu&#8217;il y a vu, mais il les a aim\u00e9s quand m\u00eame, malgr\u00e9 une r\u00e9elle lucidit\u00e9 sur leur degr\u00e9 d&#8217;\u00e9volution et de maturit\u00e9 spirituels, de r\u00e9sistance \u00e0 la V\u00e9rit\u00e9, \u00e0 l&#8217;Esprit, \u00e0 l&#8217;Amour. Il a accept\u00e9 de mourir pour le <strong>Salut du genre humain<\/strong> sur la croix, tel un agneau sacrificiel. Pourrait-on s&#8217;offrir plus enti\u00e8rement \u00e0 Dieu ? Ainsi le leg spirituel de J\u00e9sus est <strong>un commandement d&#8217;Amour<\/strong> <strong>r\u00e9ciproque<\/strong>&#8230; Tout chr\u00e9tien n&#8217;est-il pas cens\u00e9 aimer son prochain ? <strong>Mais de quelle fa\u00e7on<\/strong> : un peu, beaucoup, passionn\u00e9ment, \u00e0 la folie&#8230; ou pas du tout ? J\u00e9sus savait bien que ses contemporains risquaient de passer \u00e0 c\u00f4t\u00e9 de son <strong>message Spirituel<\/strong>, qui \u00e9tait si <strong>radical <\/strong>en termes de changement d&#8217;attitude et donc de vie. Ce qui appelle une pr\u00e9cision suppl\u00e9mentaire un peu plus &#8220;subtile&#8221;, <strong>pour que ceux qui ont des oreilles pour entendre entendent !<\/strong><\/p>\n\n\n\n<p><strong>Y en a-t-il un seul que J\u00e9sus n&#8217;ai pas aim\u00e9 ?<\/strong> Si vous suivez le commandement de J\u00e9sus, vous n&#8217;aimerez pas seulement votre Prochain comme vous-m\u00eame&#8230; avec cette part d&#8217;Ego, d&#8217;<strong><a href=\"https:\/\/lecercleetlecarre.fr\/index.php\/larrogance-materielle-et-spirituelle-deux-poisons-a-surmonter-pour-pouvoir-evoluer\/\">arrogance<\/a><\/strong> et de suffisance. Vous ne vous limiterez pas \u00e0 vos proches, ou \u00e0 ceux faisant partie des m\u00eames cercles ou populations que vous. <strong>Vous les aimerez Toutes et Tous, c&#8217;est-\u00e0-dire inconditionnellement !<\/strong> Se demander comment J\u00e9sus nous a Aim\u00e9 nous (ra)m\u00e8ne sur le chemin de Dieu. En tant que chr\u00e9tien, <strong>pourquoi ne pas faire comme J\u00e9sus ?<\/strong> Pas facile d&#8217;aimer son prochain comme soi-m\u00eame, parce que l&#8217;on est souvent <strong><a href=\"https:\/\/lecercleetlecarre.fr\/index.php\/juste-pour-aujourdhui-je-fais-un-petit-effort\/\">paresseux<\/a><\/strong> spirituellement et qu&#8217;il est facile de rejeter ce qui est diff\u00e9rent de nous et de s&#8217;en distancier, en cr\u00e9ant une <strong>s\u00e9paration dans notre C\u0153ur<\/strong>, plut\u00f4t que de <strong>s&#8217;ouvrir \u00e0 sa diff\u00e9rence<\/strong>, de la &#8220;tol\u00e9rer&#8221; (ce qui est encore une forme de rejet passif), puis de l&#8217;accepter (<em>a minima<\/em> passivement), tel qu&#8217;il ou elle est, parce qu&#8217;il ou elle sont notre Fr\u00e8re ou notre S\u0153ur, comme tout ce qui existe ici et ailleurs (ce qui peut d\u00e9boucher sur une acceptation active, c&#8217;est-\u00e0-dire aimante). C&#8217;est justement ce qui fait que le <strong>Royaume des Cieux<\/strong> nous semble si loin et si inaccessible, si l&#8217;on ne travaille pas sur soi, par <strong>la M\u00e9ditation et la Pri\u00e8re<\/strong>, exercices spirituels fondamentaux du <a href=\"https:\/\/lecercleetlecarre.fr\/index.php\/les-differentes-formes-de-mysticisme\/\"><strong>Mysticisme, chr\u00e9tien ou non<\/strong><\/a>.<\/p>\n\n\n\n<p>Allons encore un peu plus loin dans notre compr\u00e9hension du message Spirituel du Christ. <strong>Y a-t-il quelqu&#8217;un que J\u00e9sus ait excommuni\u00e9 ou r\u00e9pudi\u00e9 ? <\/strong>Non, <strong>il n&#8217;en rejeta pas un seul<\/strong> (m\u00eame s&#8217;il n&#8217;\u00e9tait gu\u00e8re content des marchands du temple), et il alla m\u00eame r\u00e9guli\u00e8rement \u00e0 la rencontre des rejet\u00e9s (les indigents, les parias, les malades, les tra\u00eetres, etc.), comme \u00e0 celle des <a href=\"https:\/\/lecercleetlecarre.fr\/index.php\/faites-vous-partie-de-lelite-spirituelle-croix-croire-mais-surtout-faire-ce-quil-faut\/\"><strong>&#8220;\u00e9lites&#8221;<\/strong><\/a> plus nanties et bien \u00e9tablies (pharisiens, riches, rois, samaritains, etc.). <strong>Il fit lui-m\u00eame l&#8217;exp\u00e9rience humaine du rejet par tous<\/strong> (y compris son propre disciple Pierre), lors de son Chemin de Croix et de sa Passion, <strong>par Amour pour nous<\/strong>, au point de se demander si m\u00eame le P\u00e8re l&#8217;avait abandonn\u00e9&#8230; avant de <strong>retrouver l&#8217;Essence de la Lumi\u00e8re au milieu des T\u00e9n\u00e8bres<\/strong> et ainsi de <strong>Ressusciter<\/strong>.<\/p>\n\n\n\n<p>Le <strong>message Spirituel du Christ<\/strong> n&#8217;est <strong>\u00e9videmment pas celui de la haine et de la ranc\u0153ur<\/strong>, mais <strong>celui de l&#8217;Amour et du Pardon<\/strong> : &#8220;<em>pardonne-leur P\u00e8re, parce qu&#8217;ils ne savent pas ce qu&#8217;ils font<\/em>&#8220;, c&#8217;est-\u00e0-dire parce qu&#8217;ils sont <strong>immatures <\/strong>et agissent comme des enfants, malgr\u00e9 leurs positions d&#8217;adultes, les pouvoirs et les responsabilit\u00e9s qui vont avec. <strong>Abolir ce qui s\u00e9pare en pardonnant<\/strong>, pour <strong>permettre \u00e0 l&#8217;Amour de grandir dans nos C\u0153urs<\/strong>, telle est <strong>la Paix que le Christ nous promet<\/strong>.<\/p>\n\n\n<div class=\"wp-block-image\">\n<figure class=\"aligncenter size-full is-resized\"><img loading=\"lazy\" decoding=\"async\" width=\"443\" height=\"600\" src=\"https:\/\/lecercleetlecarre.fr\/wp-content\/uploads\/2023\/09\/image-3.jpeg\" alt=\"File:Rom, Vatikan, Basilika St. Peter, Die Taube des Heiligen Geistes (Cathedra Petri, Bernini).jpg\" class=\"wp-image-3930\" style=\"width:304px;height:412px\" srcset=\"https:\/\/lecercleetlecarre.fr\/wp-content\/uploads\/2023\/09\/image-3.jpeg 443w, https:\/\/lecercleetlecarre.fr\/wp-content\/uploads\/2023\/09\/image-3-222x300.jpeg 222w\" sizes=\"auto, (max-width: 443px) 100vw, 443px\" \/><figcaption class=\"wp-element-caption\">Le Saint-Esprit repr\u00e9sent\u00e9 comme une colombe dans la basilique Saint-Pierre de Rome<\/figcaption><\/figure>\n<\/div>\n\n\n<p>Saurez-vous vous rendre disponibles pour pouvoir accueillir en vous, tel un calice, <strong>l&#8217;Esprit-Saint<\/strong>, cette colombe de Paix, qui est Dieu et la marque de <strong>notre relation directe et personnelle avec Lui ?<\/strong> Les <strong>exercices spirituels<\/strong> que proposent le Mysticisme chr\u00e9tien sont l\u00e0 pour vous y aider. Ils travailleront sur la <strong>Ruah <\/strong>de l&#8217;Ancien Testament h\u00e9bra\u00efque, traduite en <strong>Pneuma <\/strong>dans le Nouveau Testament, c&#8217;est-\u00e0-dire sur le <strong>Souffle<\/strong>, ce que l&#8217;on nomme <strong>Q\u00ecg\u014dng&nbsp;<\/strong>en chinois. Le travail sur le souffle nous permet de travailler sur nous-m\u00eame et, partant, de nous <strong>purifier <\/strong>pour recevoir l&#8217;Esprit et le <strong>cultiver<\/strong> en nous, en tournant notre C\u0153ur vers le Seigneur. \u00ab <em>J\u00e9sus r\u00e9pondit : En v\u00e9rit\u00e9, en v\u00e9rit\u00e9, je te le dis, si un homme ne na\u00eet d&#8217;eau et d&#8217;Esprit, il ne peut entrer dans le Royaume de Dieu<\/em> \u00bb (Jean 3:5), ce qui explique l&#8217;importance de la <strong>Pri\u00e8re<\/strong> et de la <strong>M\u00e9ditation<\/strong>. En fonction des diff\u00e9rentes traditions de l&#8217;\u00e9sot\u00e9risme chr\u00e9tien (h\u00e9sychasme, gnostiques coptes ou d&#8217;ailleurs, etc.), ces exercices prendront des formes diff\u00e9rentes, mais leur finalit\u00e9 restera la m\u00eame : vous permettre de <strong>retrouver le Dieu de votre C\u0153ur<\/strong>. <\/p>\n\n\n\n<p>Vous pouvez d\u00e9couvrir le Mysticisme Chr\u00e9tien (dont des h\u00e9ritages de la lign\u00e9e gnostique copte) au travers des <strong><a href=\"https:\/\/www.christianmysticism.online\/\">enseignements de la lign\u00e9e de Jerry Alan Johnson, actuellement port\u00e9e par Sifu \/ Dr Chris Holder<\/a><\/strong>. <\/p>\n","protected":false},"excerpt":{"rendered":"<p>Le Mysticisme chr\u00e9tien est \u00e0 l&#8217;origine de la spiritualit\u00e9 chr\u00e9tienne, c&#8217;est-\u00e0-dire d&#8217;une Spiritualit\u00e9 qui suit le message du Christ afin de nous permettre de cheminer vers Dieu : le Fils, &hellip; <a href=\"https:\/\/lecercleetlecarre.fr\/index.php\/mysticisme-chretien\/\" class=\"more-link\">Lire la suite de <span class=\"screen-reader-text\">Mysticisme Chr\u00e9tien<\/span><\/a><\/p>\n","protected":false},"author":3,"featured_media":0,"parent":0,"menu_order":0,"comment_status":"closed","ping_status":"closed","template":"","meta":{"_s2mail":"yes","_EventAllDay":false,"_EventTimezone":"","_EventStartDate":"","_EventEndDate":"","_EventStartDateUTC":"","_EventEndDateUTC":"","_EventShowMap":false,"_EventShowMapLink":false,"_EventURL":"","_EventCost":"","_EventCostDescription":"","_EventCurrencySymbol":"","_EventCurrencyCode":"","_EventCurrencyPosition":"","_EventDateTimeSeparator":"","_EventTimeRangeSeparator":"","_EventOrganizerID":[],"_EventVenueID":[],"_OrganizerEmail":"","_OrganizerPhone":"","_OrganizerWebsite":"","_VenueAddress":"","_VenueCity":"","_VenueCountry":"","_VenueProvince":"","_VenueState":"","_VenueZip":"","_VenuePhone":"","_VenueURL":"","_VenueStateProvince":"","_VenueLat":"","_VenueLng":"","_VenueShowMap":false,"_VenueShowMapLink":false,"footnotes":""},"class_list":["post-3938","page","type-page","status-publish","hentry"],"_links":{"self":[{"href":"https:\/\/lecercleetlecarre.fr\/index.php\/wp-json\/wp\/v2\/pages\/3938","targetHints":{"allow":["GET"]}}],"collection":[{"href":"https:\/\/lecercleetlecarre.fr\/index.php\/wp-json\/wp\/v2\/pages"}],"about":[{"href":"https:\/\/lecercleetlecarre.fr\/index.php\/wp-json\/wp\/v2\/types\/page"}],"author":[{"embeddable":true,"href":"https:\/\/lecercleetlecarre.fr\/index.php\/wp-json\/wp\/v2\/users\/3"}],"replies":[{"embeddable":true,"href":"https:\/\/lecercleetlecarre.fr\/index.php\/wp-json\/wp\/v2\/comments?post=3938"}],"version-history":[{"count":31,"href":"https:\/\/lecercleetlecarre.fr\/index.php\/wp-json\/wp\/v2\/pages\/3938\/revisions"}],"predecessor-version":[{"id":4525,"href":"https:\/\/lecercleetlecarre.fr\/index.php\/wp-json\/wp\/v2\/pages\/3938\/revisions\/4525"}],"wp:attachment":[{"href":"https:\/\/lecercleetlecarre.fr\/index.php\/wp-json\/wp\/v2\/media?parent=3938"}],"curies":[{"name":"wp","href":"https:\/\/api.w.org\/{rel}","templated":true}]}}