{"id":408,"date":"2018-11-30T02:42:47","date_gmt":"2018-11-30T01:42:47","guid":{"rendered":"https:\/\/lecercleetlecarre.wordpress.com\/?page_id=408"},"modified":"2020-04-21T20:17:12","modified_gmt":"2020-04-21T18:17:12","slug":"peut-on-commencer-un-niveau-sans-avoir-fait-ou-fini-le-precedent","status":"publish","type":"page","link":"https:\/\/lecercleetlecarre.fr\/index.php\/peut-on-commencer-un-niveau-sans-avoir-fait-ou-fini-le-precedent\/","title":{"rendered":"Peut-on commencer un niveau sans avoir fait ou fini le pr\u00e9c\u00e9dent ?"},"content":{"rendered":"\n<h2 class=\"wp-block-heading\">Le Niveau 1 : le socle fondamental et donc indispensable pour passer \u00e0 la suite&#8230;<\/h2>\n\n\n\n<p>Le <strong>Niveau 1<\/strong> contient, en effet,\u00a0<strong>tous les fondements th\u00e9oriques et pratiques de l\u2019\u00e9cole YMAA<\/strong>, que l&#8217;on va <strong>mobiliser dans les Niveaux 2 \u00e0 8<\/strong>. Ces fondements constituent ainsi des\u00a0<em>pr\u00e9-requis<\/em>\u00a0: nous ne pourrons pas les couvrir \u00e0 nouveau et en profondeur dans les Niveaux ult\u00e9rieurs. Des rappels des fondamentaux seront cependant faits, lorsque n\u00e9cessaires.<\/p>\n\n\n\n<p>Dans l&#8217;id\u00e9al, il faudrait \u00e9videmment <strong>avoir suffisamment assimil\u00e9 le Niveau 1<\/strong> avant d&#8217;entamer un autre niveau. Cependant, d&#8217;exp\u00e9rience et vu sa richesse et sa densit\u00e9, <strong>sa bonne assimilation prend un certain temps<\/strong>&#8230; C&#8217;est pourquoi <strong><span style=\"text-decoration: underline;\">il est sugg\u00e9r\u00e9 de faire plusieurs fois le Niveau 1<\/span><\/strong>, pour bien s&#8217;en impr\u00e9gner. Bien entendu, ce Niveau est aussi fortement recommand\u00e9 aux personnes ayant d\u00e9j\u00e0 des connaissances en\u00a0Q\u00ecg\u014dng, mais provenant d\u2019autres \u00e9coles, de suivre l&#8217;int\u00e9gralit\u00e9 du Niveau 1 : elles y trouvent tr\u00e8s souvent un contenu qu&#8217;elles ne trouvent pas ailleurs. Toutefois, chaque personne sera laiss\u00e9e libre et responsable de son choix de participer ou non au Niveau 1. On ne passera pas de temps, dans les niveaux ult\u00e9rieurs \u00e0 reprendre ce qui est consid\u00e9r\u00e9 comme un acquis du Niveau 1.<\/p>\n\n\n\n<h2 class=\"wp-block-heading\">Les Niveaux 2 \u00e0 7 : constructions sur le socle du Niveau 1<\/h2>\n\n\n\n<p><strong>Peut-on commencer l&#8217;un des <strong>Niveaux 2 \u00e0 7<\/strong><\/strong> <strong>sans avoir fait ou fini le pr\u00e9c\u00e9dent ?<\/strong><\/p>\n\n\n\n<p><strong>OUI !&#8230; \u00e0 condition d&#8217;avoir termin\u00e9 le Niveau 1<\/strong> (cad N1P1 &amp; N1P2, dans notre programme) ! Tel est le <strong>principe simple pos\u00e9 par Ma\u00eetre\u00a0Y\u00e1ng<\/strong> : pour que le contenu soit r\u00e9ellement assimilable, un d\u00e9butant devrait\u00a0avoir particip\u00e9 \u00e0 au moins un Niveau 1 complet, avant de pouvoir s\u2019inscrire \u00e0 l\u2019un des autres niveaux.<\/p>\n\n\n\n<p>Mais <strong><span style=\"text-decoration: underline;\">les Niveaux 2 \u00e0 7 ne n\u00e9cessitent que les fondations du Niveau 1 pour pouvoir \u00eatre abord\u00e9s<\/span><\/strong> et ils peuvent donc l&#8217;\u00eatre directement \u00e0 sa suite. \u00c9videmment, plus le num\u00e9ro des Niveaux s&#8217;\u00e9l\u00e8ve et plus la technicit\u00e9 va \u00e9galement croissant.<\/p>\n\n\n\n<h2 class=\"wp-block-heading\">Le cas sp\u00e9cifique du Niveau 8<\/h2>\n\n\n\n<p>Seul le&nbsp;<strong>Niveau 8<\/strong>,&nbsp;qui est r\u00e9ellement un cran au-dessus en termes de difficult\u00e9s et de technicit\u00e9, n\u00e9cessitera une&nbsp;<strong>autorisation d\u2019inscription<\/strong>.&nbsp;Elle sera accord\u00e9e d\u00e8s que la personne pr\u00e9sentera une connaissance satisfaisante des autres niveaux de l\u2019\u00e9cole, et notamment&nbsp;<strong>une bonne assimilation du Niveau 1<\/strong>&nbsp;(fondements du Q\u00ecg\u014dng) et <strong>du Niveau 7<\/strong> (fondements de l&#8217;Alchimie Interne), tant dans leurs aspects th\u00e9oriques que pratiques.<\/p>\n","protected":false},"excerpt":{"rendered":"<p>Le Niveau 1 : le socle fondamental et donc indispensable pour passer \u00e0 la suite&#8230; Le Niveau 1 contient, en effet,\u00a0tous les fondements th\u00e9oriques et pratiques de l\u2019\u00e9cole YMAA, que &hellip; <a href=\"https:\/\/lecercleetlecarre.fr\/index.php\/peut-on-commencer-un-niveau-sans-avoir-fait-ou-fini-le-precedent\/\" class=\"more-link\">Lire la suite de <span class=\"screen-reader-text\">Peut-on commencer un niveau sans avoir fait ou fini le pr\u00e9c\u00e9dent ?<\/span><\/a><\/p>\n","protected":false},"author":3,"featured_media":41,"parent":0,"menu_order":0,"comment_status":"closed","ping_status":"closed","template":"","meta":{"_s2mail":"yes","_EventAllDay":false,"_EventTimezone":"","_EventStartDate":"","_EventEndDate":"","_EventStartDateUTC":"","_EventEndDateUTC":"","_EventShowMap":false,"_EventShowMapLink":false,"_EventURL":"","_EventCost":"","_EventCostDescription":"","_EventCurrencySymbol":"","_EventCurrencyCode":"","_EventCurrencyPosition":"","_EventDateTimeSeparator":"","_EventTimeRangeSeparator":"","_EventOrganizerID":[],"_EventVenueID":[],"_OrganizerEmail":"","_OrganizerPhone":"","_OrganizerWebsite":"","_VenueAddress":"","_VenueCity":"","_VenueCountry":"","_VenueProvince":"","_VenueState":"","_VenueZip":"","_VenuePhone":"","_VenueURL":"","_VenueStateProvince":"","_VenueLat":"","_VenueLng":"","_VenueShowMap":false,"_VenueShowMapLink":false,"footnotes":""},"class_list":["post-408","page","type-page","status-publish","has-post-thumbnail","hentry"],"_links":{"self":[{"href":"https:\/\/lecercleetlecarre.fr\/index.php\/wp-json\/wp\/v2\/pages\/408","targetHints":{"allow":["GET"]}}],"collection":[{"href":"https:\/\/lecercleetlecarre.fr\/index.php\/wp-json\/wp\/v2\/pages"}],"about":[{"href":"https:\/\/lecercleetlecarre.fr\/index.php\/wp-json\/wp\/v2\/types\/page"}],"author":[{"embeddable":true,"href":"https:\/\/lecercleetlecarre.fr\/index.php\/wp-json\/wp\/v2\/users\/3"}],"replies":[{"embeddable":true,"href":"https:\/\/lecercleetlecarre.fr\/index.php\/wp-json\/wp\/v2\/comments?post=408"}],"version-history":[{"count":11,"href":"https:\/\/lecercleetlecarre.fr\/index.php\/wp-json\/wp\/v2\/pages\/408\/revisions"}],"predecessor-version":[{"id":2159,"href":"https:\/\/lecercleetlecarre.fr\/index.php\/wp-json\/wp\/v2\/pages\/408\/revisions\/2159"}],"wp:featuredmedia":[{"embeddable":true,"href":"https:\/\/lecercleetlecarre.fr\/index.php\/wp-json\/wp\/v2\/media\/41"}],"wp:attachment":[{"href":"https:\/\/lecercleetlecarre.fr\/index.php\/wp-json\/wp\/v2\/media?parent=408"}],"curies":[{"name":"wp","href":"https:\/\/api.w.org\/{rel}","templated":true}]}}