{"id":4481,"date":"2024-09-11T18:01:50","date_gmt":"2024-09-11T16:01:50","guid":{"rendered":"https:\/\/lecercleetlecarre.fr\/?page_id=4481"},"modified":"2024-09-11T18:14:44","modified_gmt":"2024-09-11T16:14:44","slug":"la-licence-federale-ffaemc","status":"publish","type":"page","link":"https:\/\/lecercleetlecarre.fr\/index.php\/la-licence-federale-ffaemc\/","title":{"rendered":"La licence f\u00e9d\u00e9rale FFAEMC"},"content":{"rendered":"\n<p>En vous inscrivant \u00e0 nos cours hebdomadaires et s\u00e9minaires, vous \u00eates tenu de prendre une <strong><a href=\"https:\/\/www.ffaemc.fr\/la-licence-2024-2025\/\">licence f\u00e9d\u00e9rale pour la saison 2024-2025<\/a><\/strong> aupr\u00e8s de la <strong><a href=\"https:\/\/www.ffaemc.fr\/\">FFAEMC<\/a><\/strong> au tarif de 35\u20ac \u00e0 ce jour. <strong>C&#8217;est votre Club, l&#8217;<em>Association Le Cercle et Le Carr\u00e9 &#8211; YMAA Paris Nord<\/em> <em>(YMAA PN)<\/em>, qui se chargera de la d\u00e9marche administrative aupr\u00e8s de la FFAEMC<\/strong>, apr\u00e8s que vous lui aurez transmis les informations n\u00e9cessaires et apr\u00e8s vous \u00eatre acquitt\u00e9 des frais correspondants.<\/p>\n\n\n<div class=\"wp-block-image\">\n<figure class=\"aligncenter size-full is-resized\"><img loading=\"lazy\" decoding=\"async\" width=\"700\" height=\"1000\" src=\"https:\/\/lecercleetlecarre.fr\/wp-content\/uploads\/2024\/09\/image.png\" alt=\"\" class=\"wp-image-4501\" style=\"aspect-ratio:0.7;width:111px;height:auto\" srcset=\"https:\/\/lecercleetlecarre.fr\/wp-content\/uploads\/2024\/09\/image.png 700w, https:\/\/lecercleetlecarre.fr\/wp-content\/uploads\/2024\/09\/image-210x300.png 210w, https:\/\/lecercleetlecarre.fr\/wp-content\/uploads\/2024\/09\/image-676x966.png 676w\" sizes=\"auto, (max-width: 700px) 100vw, 700px\" \/><\/figure>\n<\/div>\n\n\n<h2 class=\"wp-block-heading\">Quel est l&#8217;int\u00e9r\u00eat de prendre une licence aupr\u00e8s de la FFAEMC ?<\/h2>\n\n\n\n<p>L&#8217;int\u00e9r\u00eat de la licence est 1) d&#8217;avoir une assurance, 2) de pouvoir participer aux diff\u00e9rentes activit\u00e9s f\u00e9d\u00e9rales que ce soit en Q\u00ecg\u014dng ou en T\u00e0ij\u00edqu\u00e1n, 3) de contribuer \u00e0 promouvoir les Arts \u00c9nerg\u00e9tiques et Martiaux Chinois au travers de l&#8217;activit\u00e9 de la F\u00e9d\u00e9rations et de ses membres.<\/p>\n\n\n\n<h3 class=\"wp-block-heading\">1) B\u00e9n\u00e9ficier de l\u2019assurance f\u00e9d\u00e9rale !<\/h3>\n\n\n\n<p>C&#8217;est \u00e9videmment quelque chose de recommand\u00e9, car le jour o\u00f9 survient un malencontreux accident (aussi simple que de glisser sur le sol et faire une chute et qui parfois occasionne une fracture&#8230; n&#8217;ayant rien \u00e0 voir avec la pratique !), vous serez bien contents de pouvoir b\u00e9n\u00e9ficier d&#8217;une prise en charge imm\u00e9diate ! La FFAEMC, compte tenu de son volume de participants, a n\u00e9goci\u00e9 un contrat d&#8217;<strong><a href=\"https:\/\/www.ffaemc.fr\/clubs-et-licencies\/licencies\/assurances\/\">assurance<\/a><\/strong> au tarifs avantageux en comparaison d&#8217;une assurance individuelle : tous les licenci\u00e9s de la FFAEMC sont <strong>assur\u00e9s en responsabilit\u00e9 civile et individuelle accident<\/strong> (sauf en cas de refus de leur part).<\/p>\n\n\n\n<h3 class=\"wp-block-heading\">2) Participer aux \u00e9v\u00e8nements et formations de la F\u00e9d\u00e9ration, que ce soit en Q\u00ecg\u014dng ou en T\u00e0ij\u00edqu\u00e1n !<\/h3>\n\n\n\n<p>La f\u00e9d\u00e9ration organise r\u00e9guli\u00e8rement des <strong><a href=\"https:\/\/www.ffaemc.fr\/calendrier-des-evenements\/?searchEvent%5Btype%5D%5B0%5D=137\">\u00e9v\u00e9nements<\/a><\/strong> auxquels vous pouvez vous joindre \u00e0 <strong>tarif gratuit ou modique<\/strong>, si vous \u00eates licenci\u00e9s : conf\u00e9rences et colloques, festival, journ\u00e9e tuishou, universit\u00e9 d\u2019\u00e9t\u00e9, comp\u00e9titions.<\/p>\n\n\n\n<p>Chaque licenci\u00e9 a acc\u00e8s aux <strong><a href=\"https:\/\/www.ffaemc.fr\/calendrier-des-evenements\/?searchEvent%5Btype%5D%5B0%5D=19\">formations r\u00e9f\u00e9renc\u00e9es<\/a><\/strong>, b\u00e9n\u00e9voles et professionnelles (reconnues par l\u2019\u00c9tat), mais \u00e9galement aux formations compl\u00e9mentaires sant\u00e9, \u00e9nerg\u00e9tique chinoise, entreprise\u2026<\/p>\n\n\n\n<h3 class=\"wp-block-heading\">3) Contribuer \u00e0 promouvoir les Arts \u00c9nerg\u00e9tiques et Martiaux Chinois au travers de l&#8217;activit\u00e9 de la F\u00e9d\u00e9rations et de ses membres !<\/h3>\n\n\n\n<p>Les Arts \u00c9nerg\u00e9tiques et Martiaux Chinois (AEMC) ne sont pas encore bien install\u00e9s en France et le grand public nous conna\u00eet mal, malgr\u00e9 tout l&#8217;int\u00e9r\u00eat et les bienfaits que ces pratiques peuvent apporter. Avoir une grande organisation visible pour nous repr\u00e9senter, diffuser nos pratiques et permettre ainsi de perp\u00e9tuer nos AEMC est ainsi quelque chose d&#8217;important pour transmettre l&#8217;Art aux g\u00e9n\u00e9rations futures.<\/p>\n\n\n\n<p>Vous pouvez \u00e9galement devenir acteur de la FFAEMC : une licence pour contribuer \u00e0 l\u2019\u00e9volution de la F\u00e9d\u00e9ration. Par exemple, \u00eatre \u00e9lu au sein d\u2019un comit\u00e9, contribuer \u00e0 une commission de travail, int\u00e9grer un coll\u00e8ge technique, devenir juge et arbitre, s\u2019impliquer\u2026<\/p>\n\n\n<div class=\"wp-block-image\">\n<figure class=\"aligncenter size-full is-resized\"><img loading=\"lazy\" decoding=\"async\" width=\"300\" height=\"466\" src=\"https:\/\/lecercleetlecarre.fr\/wp-content\/uploads\/2023\/12\/YMAA-PN-Logo-mini.jpg\" alt=\"\" class=\"wp-image-4188\" style=\"aspect-ratio:0.6437768240343348;width:105px;height:auto\" srcset=\"https:\/\/lecercleetlecarre.fr\/wp-content\/uploads\/2023\/12\/YMAA-PN-Logo-mini.jpg 300w, https:\/\/lecercleetlecarre.fr\/wp-content\/uploads\/2023\/12\/YMAA-PN-Logo-mini-193x300.jpg 193w\" sizes=\"auto, (max-width: 300px) 100vw, 300px\" \/><\/figure>\n<\/div>\n\n\n<h2 class=\"wp-block-heading\">Les d\u00e9marches annuelles pour obtenir votre licence<\/h2>\n\n\n\n<p>Vous trouverez ci-dessous l&#8217;ensemble des informations qu&#8217;il vous faudra avoir \u00e0 l&#8217;esprit lors du processus annuel de renouvellement de votre licence. Comme dit pr\u00e9c\u00e9demment, <strong>c&#8217;est votre Club, l&#8217;<em>Association Le Cercle et Le Carr\u00e9 &#8211; YMAA Paris Nord<\/em> <em>(YMAA PN)<\/em>, qui se chargera de la d\u00e9marche administrative aupr\u00e8s de la FFAEMC<\/strong>, apr\u00e8s que vous lui aurez <strong>transmis les informations n\u00e9cessaires<\/strong> et apr\u00e8s <strong>vous \u00eatre acquitt\u00e9 des frais correspondants<\/strong>.<\/p>\n\n\n\n<h3 class=\"wp-block-heading\">Conditions l\u00e9gales et commerciales<\/h3>\n\n\n\n<p>Lors de votre inscription, plusieurs choix s&#8217;offrent \u00e0 vous quant aux donn\u00e9es personnelles que la YMAA PN est en droit de partager avec la <strong><a href=\"https:\/\/www.ffaemc.fr\/\">FFAEMC<\/a><\/strong>, la <strong><a href=\"https:\/\/www.ymaafrance.com\/\">YMAA France<\/a><\/strong> et la <strong><a href=\"https:\/\/ymaainternational.com\/\">YMAA International<\/a><\/strong>. Les donn\u00e9es que vous partagez seront d\u00fbment enregistr\u00e9e par la <strong><a href=\"https:\/\/www.cnil.fr\/fr\">CNIL<\/a><\/strong> du c\u00f4t\u00e9 fran\u00e7ais et en conformit\u00e9 avec le <strong><a href=\"https:\/\/www.cnil.fr\/fr\/rgpd-de-quoi-parle-t-on\">RGPD<\/a><\/strong> du c\u00f4t\u00e9 europ\u00e9en. Ces diff\u00e9rents dispositifs sont destin\u00e9s \u00e0 <strong>prot\u00e9ger vos donn\u00e9es personnelles<\/strong> pour qu&#8217;elles ne puissent <strong>PAS \u00eatre utilis\u00e9es sans votre consentement \u00e9clair\u00e9<\/strong>. Vous devrez ainsi choisir et notifier la YMAA PN (pour l&#8217;instant au format papier, plus tard au format num\u00e9rique) quant aux rubriques suivantes :<\/p>\n\n\n\n<ol class=\"wp-block-list\">\n<li><strong>Droit \u00e0 l&#8217;image <strong><strong>(OPTIONNEL)<\/strong><\/strong><\/strong> <strong>:&nbsp;<\/strong>Je soussign\u00e9 le Responsable de la structure LE CERCLE ET LE CARR\u00c9 &#8211; YMAA PARIS NORD, reconna\u00eet que l\u2019adh\u00e9rent pour lequel j\u2019effectue la saisie m\u2019autorise \u00e0 <strong>ins\u00e9rer sa photo d\u2019identit\u00e9 sur sa licence<\/strong> et qu\u2019il <strong>autorise la FFAEMC \u00e0 exploiter toutes les photos et vid\u00e9os prises dans le cadre des activit\u00e9s f\u00e9d\u00e9rales pour des actions publicitaires ou promotionnelles<\/strong>. Cette autorisation est consentie pour le territoire fran\u00e7ais et une dur\u00e9e de 10 ans \u00e0 compter de la captation de mon image. Je reconnais avoir inform\u00e9 l\u2019adh\u00e9rent qu\u2019il disposait d\u2019un <strong>droit d\u2019acc\u00e8s, de modification, de rectification et de suppression des donn\u00e9es qui le concerne (art. 34 de la loi \u201d Informatique et Libert\u00e9s \u201c)<\/strong>, soit par son espace personnel, soit en contactant directement la F\u00e9d\u00e9ration Fran\u00e7aise des Arts \u00c9nerg\u00e9tiques et Martiaux Chinois. Cocher la case pour confirmer ce choix.<\/li>\n\n\n\n<li><strong>Conditions d&#8217;utilisation des donn\u00e9es&nbsp;<strong>(<em>OBLIGATOIRE<\/em>)<\/strong>&nbsp;:&nbsp;<\/strong>Je soussign\u00e9 le Repr\u00e9sentant de la structure LE CERCLE ET LE CARR\u00c9 &#8211; YMAA PARIS NORD, d\u00e9clare que la personne physique pour le compte de laquelle j\u2019effectue la pr\u00e9sente saisie (son repr\u00e9sentant l\u00e9gal le cas \u00e9ch\u00e9ant) <strong>a pris connaissance de la <a href=\"https:\/\/www.ffaemc.fr\/la-federation\/textes-officiels\/\">r\u00e9glementation f\u00e9d\u00e9rale<\/a> et s\u2019engage \u00e0 la respecter<\/strong>.<\/li>\n\n\n\n<li><strong>Offres commerciales <strong>(OPTIONNEL)<\/strong><\/strong> <strong>:&nbsp;<\/strong>Je soussign\u00e9 le Repr\u00e9sentant atteste que <strong>l\u2019adh\u00e9rent autorise la FFAEMC \u00e0 lui adresser des offres commerciales<\/strong>. Cocher la case pour confirmer ce choix.<\/li>\n\n\n\n<li><strong>Lettre d&#8217;informations (OPTIONNEL) :&nbsp;<\/strong>Je souhaite <strong>m&#8217;abonner \u00e0 la newsletter f\u00e9d\u00e9rale<\/strong>.<\/li>\n<\/ol>\n\n\n\n<p><strong>Ces choix sont \u00e9galement \u00e0 indiquer pour les diff\u00e9rentes branches de la YMAA<\/strong> (YMAA PN, YMAA France et YMAA International).<\/p>\n\n\n\n<p>\u00c0 l&#8217;issue du processus, vous recevrez un message, \u00e0 l&#8217;adresse email que vous nous aurez communiqu\u00e9, vous donnant vos identifiants pour pouvoir vous connecter sur <strong><a href=\"https:\/\/monespace.ffaemc.fr\/auth\/login\">votre Espace Personnel sur le site de la FFAEMC<\/a><\/strong>. Vous pourrez <strong>y t\u00e9l\u00e9charger votre Licence<\/strong> (et l&#8217;imprimer, si vous le souhaitez, au format carte de cr\u00e9dit ; elle porte mention de votre assurance), ainsi qu&#8217;une attestation r\u00e9capitulative de toutes les licences que vous avez souscrites aupr\u00e8s de la FFAEMC au cours des ann\u00e9es. Vous y trouverez \u00e9galement tout un ensemble de documents relatifs \u00e0 la FFAEMC (statuts, r\u00e8glements, etc.).<\/p>\n","protected":false},"excerpt":{"rendered":"<p>En vous inscrivant \u00e0 nos cours hebdomadaires et s\u00e9minaires, vous \u00eates tenu de prendre une licence f\u00e9d\u00e9rale pour la saison 2024-2025 aupr\u00e8s de la FFAEMC au tarif de 35\u20ac \u00e0 &hellip; <a href=\"https:\/\/lecercleetlecarre.fr\/index.php\/la-licence-federale-ffaemc\/\" class=\"more-link\">Lire la suite de <span class=\"screen-reader-text\">La licence f\u00e9d\u00e9rale FFAEMC<\/span><\/a><\/p>\n","protected":false},"author":3,"featured_media":0,"parent":0,"menu_order":0,"comment_status":"closed","ping_status":"closed","template":"","meta":{"_s2mail":"yes","_EventAllDay":false,"_EventTimezone":"","_EventStartDate":"","_EventEndDate":"","_EventStartDateUTC":"","_EventEndDateUTC":"","_EventShowMap":false,"_EventShowMapLink":false,"_EventURL":"","_EventCost":"","_EventCostDescription":"","_EventCurrencySymbol":"","_EventCurrencyCode":"","_EventCurrencyPosition":"","_EventDateTimeSeparator":"","_EventTimeRangeSeparator":"","_EventOrganizerID":[],"_EventVenueID":[],"_OrganizerEmail":"","_OrganizerPhone":"","_OrganizerWebsite":"","_VenueAddress":"","_VenueCity":"","_VenueCountry":"","_VenueProvince":"","_VenueState":"","_VenueZip":"","_VenuePhone":"","_VenueURL":"","_VenueStateProvince":"","_VenueLat":"","_VenueLng":"","_VenueShowMap":false,"_VenueShowMapLink":false,"footnotes":""},"class_list":["post-4481","page","type-page","status-publish","hentry"],"_links":{"self":[{"href":"https:\/\/lecercleetlecarre.fr\/index.php\/wp-json\/wp\/v2\/pages\/4481","targetHints":{"allow":["GET"]}}],"collection":[{"href":"https:\/\/lecercleetlecarre.fr\/index.php\/wp-json\/wp\/v2\/pages"}],"about":[{"href":"https:\/\/lecercleetlecarre.fr\/index.php\/wp-json\/wp\/v2\/types\/page"}],"author":[{"embeddable":true,"href":"https:\/\/lecercleetlecarre.fr\/index.php\/wp-json\/wp\/v2\/users\/3"}],"replies":[{"embeddable":true,"href":"https:\/\/lecercleetlecarre.fr\/index.php\/wp-json\/wp\/v2\/comments?post=4481"}],"version-history":[{"count":23,"href":"https:\/\/lecercleetlecarre.fr\/index.php\/wp-json\/wp\/v2\/pages\/4481\/revisions"}],"predecessor-version":[{"id":4510,"href":"https:\/\/lecercleetlecarre.fr\/index.php\/wp-json\/wp\/v2\/pages\/4481\/revisions\/4510"}],"wp:attachment":[{"href":"https:\/\/lecercleetlecarre.fr\/index.php\/wp-json\/wp\/v2\/media?parent=4481"}],"curies":[{"name":"wp","href":"https:\/\/api.w.org\/{rel}","templated":true}]}}