{"id":4560,"date":"2024-09-18T15:55:51","date_gmt":"2024-09-18T13:55:51","guid":{"rendered":"https:\/\/lecercleetlecarre.fr\/?page_id=4560"},"modified":"2024-09-18T17:14:05","modified_gmt":"2024-09-18T15:14:05","slug":"quel-endroit-mystique-pour-prier-et-mediter","status":"publish","type":"page","link":"https:\/\/lecercleetlecarre.fr\/index.php\/quel-endroit-mystique-pour-prier-et-mediter\/","title":{"rendered":"Quel endroit Mystique pour Prier et M\u00e9diter ?"},"content":{"rendered":"<div class=\"wp-block-image\">\n<figure class=\"aligncenter size-full is-resized\"><img loading=\"lazy\" decoding=\"async\" width=\"626\" height=\"416\" src=\"https:\/\/lecercleetlecarre.fr\/wp-content\/uploads\/2024\/09\/meditation-priere-paix.jpg\" alt=\"\" class=\"wp-image-4567\" style=\"aspect-ratio:1.5048076923076923;width:609px;height:auto\" srcset=\"https:\/\/lecercleetlecarre.fr\/wp-content\/uploads\/2024\/09\/meditation-priere-paix.jpg 626w, https:\/\/lecercleetlecarre.fr\/wp-content\/uploads\/2024\/09\/meditation-priere-paix-300x199.jpg 300w\" sizes=\"auto, (max-width: 626px) 100vw, 626px\" \/><\/figure>\n<\/div>\n\n\n<p><\/p>\n\n\n\n<p>Le concept d'&#8221;<strong><em>endroit <a href=\"https:\/\/lecercleetlecarre.fr\/index.php\/le-mysticisme-du-mystere-douteux-a-la-spiritualite-reelle\/\">Mystique<\/a><\/em><\/strong>&#8221; peut surprendre, mais est une <strong>partie inh\u00e9rente de la pratique spirituelle<\/strong>. Son principe est simple : pour favoriser au mieux sa d\u00e9marche spirituelle, le Mystique va utiliser une sorte de bulle spatio-temporelle sp\u00e9ciale, r\u00e9serv\u00e9e \u00e0 sa pratique ; elle va consister \u00e0 <strong>sacraliser le Temps<\/strong> (le moment de pratique) <strong>et l&#8217;Espace<\/strong> (le lieu de pratique) pour <strong>les consacrer au Divin<\/strong>.<\/p>\n\n\n\n<h2 class=\"wp-block-heading\">Pourquoi cr\u00e9er un &#8220;endroit Mystique&#8221; ?<\/h2>\n\n\n\n<p>Le moment et le lieu seront alors <strong>propices \u00e0 des activit\u00e9s spirituelles comme la Pri\u00e8re ou la M\u00e9ditation<\/strong>. Une telle <strong>cons\u00e9cration<\/strong> peut-\u00eatre <strong>temporaire et partielle<\/strong> (on consacre une portion d&#8217;espace pour la dur\u00e9e de la pratique), ce qui est usuellement le cas des pratiques Mystiques, ou bien <strong>plus permanente et totale<\/strong> (on consacre tout un espace pour une dur\u00e9e ind\u00e9termin\u00e9e, et potentiellement &#8220;\u00e9ternelle&#8221;) ; ceci est le cas de tout espace d\u00e9di\u00e9, voire ayant re\u00e7u une d\u00e9dicace religieuse, comme par exemple pour les \u00c9glises, les Temples ou les Cath\u00e9drales. Quand un tel lieu est destin\u00e9 \u00e0 <strong>recevoir du public<\/strong> dans un <strong>espace d\u00e9di\u00e9<\/strong> et proprement consacr\u00e9 afin d&#8217;<strong>exercer un culte<\/strong>, on parle de &#8220;<em><strong>lieu de culte<\/strong><\/em>&#8220;, m\u00eame lorsque le public est restreint, comme dans le cas d&#8217;une chapelle ou d&#8217;un oratoire publiques (ils sont consid\u00e9r\u00e9s normalement comme une \u00e9glise en Droit Canon).<\/p>\n\n\n\n<p>Ces derniers sont <strong>typiques de l&#8217;approche religieuse, mais non de <a href=\"https:\/\/lecercleetlecarre.fr\/index.php\/cheminer-spirituellement\/\">l&#8217;approche Mystique<\/a><\/strong> : le Divin est accessible partout, par tous, sans monopole ni interm\u00e9diation obligatoire. Toutefois, ce serait une grosse erreur que de croire que les Mystiques d\u00e9daignent les lieux de culte, car <strong>tout endroit o\u00f9 la Pr\u00e9sence Divine est facilement perceptible est d&#8217;un int\u00e9r\u00eat certain pour cultiver sa relation avec le Ciel<\/strong>. Le Mystique s&#8217;int\u00e9ressera donc \u00e0 <strong>la vibration pr\u00e9sente du lieu<\/strong> et qui devra correspondre avec ses pratiques. Ainsi, la plupart des grands \u00e9difices religieux d&#8217;avant l&#8217;\u00e9poque moderne ont \u00e9t\u00e9 construits selon les principes de la <strong><a href=\"https:\/\/lecercleetlecarre.fr\/index.php\/geobiologie\/\">G\u00e9obiologie<\/a><\/strong> en occident (Cath\u00e9drales, etc.) ou du F\u0113ngshu\u01d0 (dans la sph\u00e8re d&#8217;influence de la culture chinoise) en orient (Temples, etc.), afin de pouvoir <strong>construire au mieux un lieu sacr\u00e9<\/strong> sur l&#8217;endroit choisi, en favorisant la communication entre le Ciel et la Terre.<\/p>\n\n\n<div class=\"wp-block-image\">\n<figure class=\"aligncenter size-full is-resized\"><img loading=\"lazy\" decoding=\"async\" width=\"474\" height=\"206\" src=\"https:\/\/lecercleetlecarre.fr\/wp-content\/uploads\/2024\/09\/Bretagne-Mystique.webp\" alt=\"\" class=\"wp-image-4569\" style=\"aspect-ratio:2.3009708737864076;width:557px;height:auto\" srcset=\"https:\/\/lecercleetlecarre.fr\/wp-content\/uploads\/2024\/09\/Bretagne-Mystique.webp 474w, https:\/\/lecercleetlecarre.fr\/wp-content\/uploads\/2024\/09\/Bretagne-Mystique-300x130.webp 300w\" sizes=\"auto, (max-width: 474px) 100vw, 474px\" \/><\/figure>\n<\/div>\n\n\n<p><\/p>\n\n\n\n<h2 class=\"wp-block-heading\">Peut-on Prier et M\u00e9diter en dehors d&#8217;un lieu de culte ?<\/h2>\n\n\n\n<p>&#8220;<em>La <\/em><strong><em>France<\/em><\/strong><em> est une <\/em><strong><em>R\u00e9publique la\u00efque<\/em><\/strong><em> qui <\/em><strong><em>respecte toutes les croyances<\/em><\/strong><em>, comme le proclame solennellement l\u2019article 1er de la Constitution ; l\u2019une des <\/em><strong><em>expressions de la libert\u00e9 de conscience<\/em><\/strong><em> est le <\/em><strong><em>libre exercice des cultes<\/em><\/strong>&#8221; nous dit <strong><a href=\"https:\/\/www.interieur.gouv.fr\/fr\/Publications\/Cultes-et-laicite\/Guide-pratique-pour-la-gestion-et-la-construction-des-lieux-de-culte\">le Minist\u00e8re de l&#8217;Int\u00e9rieur<\/a><\/strong>. Pour le Mystique, l&#8217;activit\u00e9 cultuelle peut-\u00eatre int\u00e9ressante mais n&#8217;est pas indispensable ; les pratiques mystiques, elles, le sont : <strong>pas de mysticisme sans Pri\u00e8re ou M\u00e9ditation<\/strong>, qui nous aident \u00e0 <strong>nous relier toujours plus et mieux au Divin<\/strong>.<\/p>\n\n\n<div class=\"wp-block-image\">\n<figure class=\"aligncenter size-full is-resized\"><a href=\"https:\/\/echomagazine.ch\/item\/511-priere-et-meditation-se-rejoignent\"><img loading=\"lazy\" decoding=\"async\" width=\"700\" height=\"467\" src=\"https:\/\/lecercleetlecarre.fr\/wp-content\/uploads\/2024\/09\/Priere-et-meditation-se-rejoignent.jpg\" alt=\"\" class=\"wp-image-4570\" style=\"aspect-ratio:1.4989293361884368;width:423px;height:auto\" srcset=\"https:\/\/lecercleetlecarre.fr\/wp-content\/uploads\/2024\/09\/Priere-et-meditation-se-rejoignent.jpg 700w, https:\/\/lecercleetlecarre.fr\/wp-content\/uploads\/2024\/09\/Priere-et-meditation-se-rejoignent-300x200.jpg 300w, https:\/\/lecercleetlecarre.fr\/wp-content\/uploads\/2024\/09\/Priere-et-meditation-se-rejoignent-676x451.jpg 676w\" sizes=\"auto, (max-width: 700px) 100vw, 700px\" \/><\/a><figcaption class=\"wp-element-caption\"><em>La Pri\u00e8re est un dialogue avec Dieu<\/em>.<\/figcaption><\/figure>\n<\/div>\n\n\n<p><\/p>\n\n\n\n<p>Dans le Mysticisme, on insiste, en effet, en premier sur la connexion personnelle au Ciel et <strong>la d\u00e9marche spirituelle est d&#8217;abord personnelle et le plus souvent priv\u00e9e<\/strong> ; cela ne signifie pas qu&#8217;il ne peut y avoir de pratiques spirituelles collectives, mais elles ne sont <strong>par nature en aucun cas des pratiques liturgiques publiques<\/strong> (pas d&#8217;office r\u00e9gulier, pas de c\u00e9r\u00e9monies r\u00e9gl\u00e9es par le calendrier, etc.). La d\u00e9marche mystique n&#8217;est donc pas celle du clerg\u00e9, qu&#8217;il soit r\u00e9gulier (monachisme religieux) ou s\u00e9culier (officiants d&#8217;une religion sp\u00e9cifique). <strong>La pratique mystique ne consiste pas \u00e0 conduire des offices<\/strong>, m\u00eame si ces derniers peuvent \u00e9videmment contribuer \u00e0 s&#8217;\u00e9lever spirituellement, \u00e0 condition que la fa\u00e7on de vivre la Religion soit celle qui m\u00e8ne au Ciel (dimension verticale et essence spirituelle) et non un dogme religieux souvent connot\u00e9 politiquement (dimension horizontale et essence temporelle). D&#8217;o\u00f9 la question : &#8220;<em>Peut-on <strong>Prier et M\u00e9diter en dehors d&#8217;un lieu de culte ?<\/strong><\/em>&#8221; ; un lieu de pri\u00e8re d\u00e9di\u00e9 est un <strong>oratoire<\/strong>, mais, tout comme pour une chapelle, celui-ci n&#8217;est pas n\u00e9cessairement publique et n&#8217;est donc pas \u00e0 proprement parler un &#8220;lieu de culte&#8221;. On peut ainsi, bien \u00e9videmment Prier et M\u00e9diter en dehors d&#8217;un lieu de culte, mais il sera toujours <strong>mieux de le faire dans un espace sacr\u00e9 ou sacralis\u00e9<\/strong>.<\/p>\n\n\n<div class=\"wp-block-image\">\n<figure class=\"aligncenter size-large is-resized\"><img loading=\"lazy\" decoding=\"async\" width=\"1024\" height=\"706\" src=\"https:\/\/lecercleetlecarre.fr\/wp-content\/uploads\/2024\/09\/Parthenon-durant-la-Pleine-Lune-1-1024x706.png\" alt=\"\" class=\"wp-image-4575\" style=\"aspect-ratio:1.4504249291784703;width:307px;height:auto\" srcset=\"https:\/\/lecercleetlecarre.fr\/wp-content\/uploads\/2024\/09\/Parthenon-durant-la-Pleine-Lune-1-1024x706.png 1024w, https:\/\/lecercleetlecarre.fr\/wp-content\/uploads\/2024\/09\/Parthenon-durant-la-Pleine-Lune-1-300x207.png 300w, https:\/\/lecercleetlecarre.fr\/wp-content\/uploads\/2024\/09\/Parthenon-durant-la-Pleine-Lune-1-768x530.png 768w, https:\/\/lecercleetlecarre.fr\/wp-content\/uploads\/2024\/09\/Parthenon-durant-la-Pleine-Lune-1-1536x1059.png 1536w, https:\/\/lecercleetlecarre.fr\/wp-content\/uploads\/2024\/09\/Parthenon-durant-la-Pleine-Lune-1-2048x1412.png 2048w, https:\/\/lecercleetlecarre.fr\/wp-content\/uploads\/2024\/09\/Parthenon-durant-la-Pleine-Lune-1-676x466.png 676w\" sizes=\"auto, (max-width: 1024px) 100vw, 1024px\" \/><\/figure>\n<\/div>\n\n\n<p><\/p>\n\n\n\n<p>Les Mystiques ont <strong>ainsi souvent un autel<\/strong> (mobile ou non) qui <strong>consacre leur lieu de pratique<\/strong> et, de ce fait, un <strong>endroit d\u00e9di\u00e9 pour Prier et M\u00e9diter<\/strong>. Cette &#8220;<strong>salle de pri\u00e8re<\/strong>&#8221; (oratoire priv\u00e9) ou &#8220;<strong>salle des autels<\/strong>&#8221; est un endroit priv\u00e9, dont la vocation est seulement d&#8217;accueillir des pratiques mystiques et <strong>non de recevoir du public<\/strong>, m\u00eame si l&#8217;on peut venir s&#8217;y recueillir. En ce sens, on ne peut qualifier cet endroit de lieu de culte (&#8220;<em>\u00e9difice con\u00e7u pour la pratique collective des rites d\u2019une religion<\/em>&#8220;) : <strong>aucun culte religieux n&#8217;y est exerc\u00e9<\/strong>, la d\u00e9marche est spirituelle et non religieuse, priv\u00e9e et non publique.<\/p>\n\n\n\n<h2 class=\"wp-block-heading\">O\u00f9 donc situer cet &#8220;<em>endroit Mystique pour Prier et M\u00e9diter<\/em>&#8221; ?<\/h2>\n\n\n<div class=\"wp-block-image\">\n<figure class=\"aligncenter size-full\"><img loading=\"lazy\" decoding=\"async\" width=\"474\" height=\"266\" src=\"https:\/\/lecercleetlecarre.fr\/wp-content\/uploads\/2024\/09\/Endroit-Mystique-Naturel.webp\" alt=\"\" class=\"wp-image-4566\" srcset=\"https:\/\/lecercleetlecarre.fr\/wp-content\/uploads\/2024\/09\/Endroit-Mystique-Naturel.webp 474w, https:\/\/lecercleetlecarre.fr\/wp-content\/uploads\/2024\/09\/Endroit-Mystique-Naturel-300x168.webp 300w\" sizes=\"auto, (max-width: 474px) 100vw, 474px\" \/><\/figure>\n<\/div>\n\n\n<p><\/p>\n\n\n\n<p>Si vous \u00eates sensible \u00e9nerg\u00e9tiquement et spirituellement, <strong>trouvez un lieu qui fait vibrer votre \u00catre, votre \u00c2me<\/strong> (et pas seulement votre c\u0153ur \u00e9motionnel ou votre t\u00eate intellectuelle&#8230;). Trouvez un Lieu qui vous aide \u00e0 amplifier votre connexion avec le Ciel, avec le Divin : <strong>un lieu qui vous transporte de la Terre vers le Ciel<\/strong> ; un tel Lieu sera litt\u00e9ralement propice \u00e0 <strong>l&#8217;\u00e9l\u00e9vation spirituelle<\/strong>. Ce sont les hautes vibrations spirituelles du Lieu qui vous guideront et dont vous ressentirez l&#8217;effet spirituel sur vous-m\u00eame. On peut trouver ce genre d&#8217;endroit naturellement <strong>dans la Nature<\/strong> (les Temples \u00e0 ciel ouvert), mais \u00e9galement <strong>dans des \u00e9difices religieux cr\u00e9es de fa\u00e7on spirituelle<\/strong>. Toutefois, tous les temples ou toutes les \u00e9glises <strong>ne vibrent pas n\u00e9cessairement tr\u00e8s haut, ou ne vibrent plus n\u00e9cessairement tr\u00e8s haut<\/strong>, notamment lorsque les pratiquants du lieu de culte perdent la relation au Ciel ou bien ne sont plus en capacit\u00e9 de nettoyer spirituellement le Lieu, qui devient <strong>charg\u00e9<\/strong>, si ce n&#8217;est <strong>plomb\u00e9<\/strong>, et retombe doucement de sacr\u00e9 \u00e0 en r\u00e9alit\u00e9 profane.<\/p>\n\n\n\n<p>Si vous n&#8217;avez pas la chance d&#8217;avoir \u00e0 disposition un tel endroit Mystique pour pratiquer spirituellement, il reste la solution la plus commune pour <strong><a href=\"https:\/\/lecercleetlecarre.fr\/index.php\/les-differentes-formes-de-mysticisme\/\">les Mystiques de toute tradition<\/a><\/strong> : <strong>cr\u00e9er vous-m\u00eame cet espace et ce temps sacr\u00e9<\/strong>, sans doute de fa\u00e7on temporaire si vous \u00eates d\u00e9butant.<\/p>\n\n\n<div class=\"wp-block-image\">\n<figure class=\"aligncenter size-full is-resized\"><img loading=\"lazy\" decoding=\"async\" width=\"986\" height=\"1022\" src=\"https:\/\/lecercleetlecarre.fr\/wp-content\/uploads\/2024\/09\/Encens-et-Bougies.png\" alt=\"\" class=\"wp-image-4577\" style=\"aspect-ratio:0.9647749510763209;width:245px;height:auto\" srcset=\"https:\/\/lecercleetlecarre.fr\/wp-content\/uploads\/2024\/09\/Encens-et-Bougies.png 986w, https:\/\/lecercleetlecarre.fr\/wp-content\/uploads\/2024\/09\/Encens-et-Bougies-289x300.png 289w, https:\/\/lecercleetlecarre.fr\/wp-content\/uploads\/2024\/09\/Encens-et-Bougies-768x796.png 768w, https:\/\/lecercleetlecarre.fr\/wp-content\/uploads\/2024\/09\/Encens-et-Bougies-676x701.png 676w\" sizes=\"auto, (max-width: 986px) 100vw, 986px\" \/><\/figure>\n<\/div>\n\n\n<p><\/p>\n\n\n\n<p>Comment faire ? En utilisant des pratiques spirituelles simples, reprises par toutes les grandes religions : <strong>nettoyer physiquement le lieu<\/strong> <strong>avec de l&#8217;eau<\/strong> pour chasser poussi\u00e8res, salet\u00e9 et toute forme de stagnation \u00e9nerg\u00e9tique ; <strong>faire br\u00fbler de l&#8217;encens<\/strong> pour \u00e9lever vibratoirement l&#8217;air pr\u00e9sent dans le Lieu et en le mettre spirituellement au diapason correspondant ; <strong>allumer une bougie pour accueillir et manifester la Pr\u00e9sence Divine<\/strong> au sein de l&#8217;endroit Mystique. Vous pourrez alors <strong>pratiquer la Pri\u00e8re ou la M\u00e9ditation<\/strong>, ce qui contribuera \u00e0 son tour \u00e0 vous \u00e9lever spirituellement et, incidemment \u00e0 continuer \u00e0 \u00e9lever la vibration du Lieu, de ce qui est devenu un v\u00e9ritable &#8220;endroit Mystique&#8221;. Et ce, qu&#8217;il soit chez vous, dans un placard ou sur une \u00e9tag\u00e8re, \u00e0 l&#8217;ext\u00e9rieur, sur votre lieu de travail, etc. car <strong>tout endroit de la Cr\u00e9ation peut bien \u00e9videmment accueillir la Pr\u00e9sence Divine<\/strong>.<\/p>\n\n\n<div class=\"wp-block-image\">\n<figure class=\"aligncenter size-full is-resized\"><img loading=\"lazy\" decoding=\"async\" width=\"474\" height=\"474\" src=\"https:\/\/lecercleetlecarre.fr\/wp-content\/uploads\/2024\/09\/Moai.jpg\" alt=\"\" class=\"wp-image-4579\" style=\"aspect-ratio:1;width:285px;height:auto\" srcset=\"https:\/\/lecercleetlecarre.fr\/wp-content\/uploads\/2024\/09\/Moai.jpg 474w, https:\/\/lecercleetlecarre.fr\/wp-content\/uploads\/2024\/09\/Moai-300x300.jpg 300w, https:\/\/lecercleetlecarre.fr\/wp-content\/uploads\/2024\/09\/Moai-150x150.jpg 150w\" sizes=\"auto, (max-width: 474px) 100vw, 474px\" \/><\/figure>\n<\/div>","protected":false},"excerpt":{"rendered":"<p>Le concept d&#8217;&#8221;endroit Mystique&#8221; peut surprendre, mais est une partie inh\u00e9rente de la pratique spirituelle. Son principe est simple : pour favoriser au mieux sa d\u00e9marche spirituelle, le Mystique va &hellip; <a href=\"https:\/\/lecercleetlecarre.fr\/index.php\/quel-endroit-mystique-pour-prier-et-mediter\/\" class=\"more-link\">Lire la suite de <span class=\"screen-reader-text\">Quel endroit Mystique pour Prier et M\u00e9diter ?<\/span><\/a><\/p>\n","protected":false},"author":3,"featured_media":0,"parent":0,"menu_order":0,"comment_status":"closed","ping_status":"closed","template":"","meta":{"_s2mail":"yes","_EventAllDay":false,"_EventTimezone":"","_EventStartDate":"","_EventEndDate":"","_EventStartDateUTC":"","_EventEndDateUTC":"","_EventShowMap":false,"_EventShowMapLink":false,"_EventURL":"","_EventCost":"","_EventCostDescription":"","_EventCurrencySymbol":"","_EventCurrencyCode":"","_EventCurrencyPosition":"","_EventDateTimeSeparator":"","_EventTimeRangeSeparator":"","_EventOrganizerID":[],"_EventVenueID":[],"_OrganizerEmail":"","_OrganizerPhone":"","_OrganizerWebsite":"","_VenueAddress":"","_VenueCity":"","_VenueCountry":"","_VenueProvince":"","_VenueState":"","_VenueZip":"","_VenuePhone":"","_VenueURL":"","_VenueStateProvince":"","_VenueLat":"","_VenueLng":"","_VenueShowMap":false,"_VenueShowMapLink":false,"footnotes":""},"class_list":["post-4560","page","type-page","status-publish","hentry"],"_links":{"self":[{"href":"https:\/\/lecercleetlecarre.fr\/index.php\/wp-json\/wp\/v2\/pages\/4560","targetHints":{"allow":["GET"]}}],"collection":[{"href":"https:\/\/lecercleetlecarre.fr\/index.php\/wp-json\/wp\/v2\/pages"}],"about":[{"href":"https:\/\/lecercleetlecarre.fr\/index.php\/wp-json\/wp\/v2\/types\/page"}],"author":[{"embeddable":true,"href":"https:\/\/lecercleetlecarre.fr\/index.php\/wp-json\/wp\/v2\/users\/3"}],"replies":[{"embeddable":true,"href":"https:\/\/lecercleetlecarre.fr\/index.php\/wp-json\/wp\/v2\/comments?post=4560"}],"version-history":[{"count":38,"href":"https:\/\/lecercleetlecarre.fr\/index.php\/wp-json\/wp\/v2\/pages\/4560\/revisions"}],"predecessor-version":[{"id":4610,"href":"https:\/\/lecercleetlecarre.fr\/index.php\/wp-json\/wp\/v2\/pages\/4560\/revisions\/4610"}],"wp:attachment":[{"href":"https:\/\/lecercleetlecarre.fr\/index.php\/wp-json\/wp\/v2\/media?parent=4560"}],"curies":[{"name":"wp","href":"https:\/\/api.w.org\/{rel}","templated":true}]}}