{"id":461,"date":"2018-11-30T16:55:09","date_gmt":"2018-11-30T15:55:09","guid":{"rendered":"https:\/\/lecercleetlecarre.wordpress.com\/?page_id=461"},"modified":"2019-09-16T16:56:49","modified_gmt":"2019-09-16T14:56:49","slug":"nos-maitres","status":"publish","type":"page","link":"https:\/\/lecercleetlecarre.fr\/index.php\/nos-maitres\/","title":{"rendered":"Nos Ma\u00eetres"},"content":{"rendered":"\n<div class=\"wp-block-image\"><figure class=\"aligncenter is-resized\"><img loading=\"lazy\" decoding=\"async\" src=\"http:\/\/lecerclecq.cluster021.hosting.ovh.net\/wp-content\/uploads\/2018\/11\/kungfupanda-master-shifu.jpg\" alt=\"\" class=\"wp-image-477\" width=\"243\" height=\"219\" srcset=\"https:\/\/lecercleetlecarre.fr\/wp-content\/uploads\/2018\/11\/kungfupanda-master-shifu.jpg 1501w, https:\/\/lecercleetlecarre.fr\/wp-content\/uploads\/2018\/11\/kungfupanda-master-shifu-300x271.jpg 300w, https:\/\/lecercleetlecarre.fr\/wp-content\/uploads\/2018\/11\/kungfupanda-master-shifu-768x694.jpg 768w, https:\/\/lecercleetlecarre.fr\/wp-content\/uploads\/2018\/11\/kungfupanda-master-shifu-1024x926.jpg 1024w, https:\/\/lecercleetlecarre.fr\/wp-content\/uploads\/2018\/11\/kungfupanda-master-shifu-676x611.jpg 676w\" sizes=\"auto, (max-width: 243px) 100vw, 243px\" \/><\/figure><\/div>\n\n\n\n<p>Personne ne s&#8217;est fait tout seul : nous avons tous eu des enseignants, des professeurs, des guides, des aides parfois discr\u00e8tes, des lectures,&nbsp;<strong>qui nous ont permis de devenir ce que nous sommes aujourd&#8217;hui<\/strong>, et qui nous permettront de <strong>continuer \u00e0 progresser demain et les jours suivants<\/strong>.<\/p>\n\n\n\n<figure class=\"wp-block-image\"><img loading=\"lazy\" decoding=\"async\" width=\"640\" height=\"273\" src=\"http:\/\/lecerclecq.cluster021.hosting.ovh.net\/wp-content\/uploads\/2018\/11\/master-shifus-qinna-on-po.jpg\" alt=\"\" class=\"wp-image-478\" srcset=\"https:\/\/lecercleetlecarre.fr\/wp-content\/uploads\/2018\/11\/master-shifus-qinna-on-po.jpg 640w, https:\/\/lecercleetlecarre.fr\/wp-content\/uploads\/2018\/11\/master-shifus-qinna-on-po-300x128.jpg 300w\" sizes=\"auto, (max-width: 640px) 100vw, 640px\" \/><\/figure>\n\n\n\n<p>Ces personnes nous ayant pouss\u00e9 sur la Voie, nous ayant guid\u00e9 pendant tout ou partie du cheminement, sont <strong>ceux que nous appelons affectueusement &#8220;Ma\u00eetre&#8221;<\/strong>. Aucun vrai Ma\u00eetre n&#8217;exige d&#8217;ailleurs d&#8217;\u00eatre appel\u00e9 ainsi et, s&#8217;ils finissent souvent par se r\u00e9signer \u00e0 cette appellation qui leur r\u00e9pugne un peu (ils sont bien conscients de leurs propres limites et de tout ce sur quoi ils n&#8217;ont pas encore r\u00e9ussi \u00e0 atteindre un r\u00e9el niveau de ma\u00eetrise), c&#8217;est \u00e9galement par <strong>affection pour leurs \u00e9l\u00e8ves<\/strong>&#8230; Certains d&#8217;entre eux deviendront, peut-\u00eatre, des <strong>Disciples<\/strong>, s&#8217;ils \u00e9coutent et mettent en pratique r\u00e9ellement ce que leur Ma\u00eetre leur conseille de faire, lorsqu&#8217;ils le lui demandent, afin de <strong>les aider \u00e0 s&#8217;\u00e9lever !<\/strong><\/p>\n\n\n\n<figure class=\"wp-block-image\"><img loading=\"lazy\" decoding=\"async\" width=\"640\" height=\"320\" src=\"http:\/\/lecerclecq.cluster021.hosting.ovh.net\/wp-content\/uploads\/2018\/11\/kung-fu-panda-3-master-shifu-and-po.jpg\" alt=\"\" class=\"wp-image-479\" srcset=\"https:\/\/lecercleetlecarre.fr\/wp-content\/uploads\/2018\/11\/kung-fu-panda-3-master-shifu-and-po.jpg 640w, https:\/\/lecercleetlecarre.fr\/wp-content\/uploads\/2018\/11\/kung-fu-panda-3-master-shifu-and-po-300x150.jpg 300w\" sizes=\"auto, (max-width: 640px) 100vw, 640px\" \/><\/figure>\n\n\n\n<p>Il est vrai que le Ma\u00eetre authentique est d&#8217;abord&nbsp;<strong>ma\u00eetre de lui-m\u00eame<\/strong>, ce qu&#8217;il a acquis au travers du processus lui ayant permis la ma\u00eetrise de son art. Tout comme le disciple est celui qui a choisi de&nbsp;<strong>suivre la discipline<\/strong>&nbsp;indiqu\u00e9e par son Ma\u00eetre (ce qui implique naturellement respect et humilit\u00e9)&#8230; afin justement de cheminer vers la ma\u00eetrise int\u00e9rieure (de soi-m\u00eame, de notre Ego), gr\u00e2ce \u00e0 la ma\u00eetrise ext\u00e9rieure (de l&#8217;art pratiqu\u00e9, de la m\u00e9thode utilis\u00e9e). Il n&#8217;est nul ma\u00eetre qui n&#8217;a \u00e9t\u00e9 d&#8217;abord Disciple.<\/p>\n\n\n\n<p> <strong>La Voie (\u9053, d\u00e0o) m\u00e8ne \u00e0 la Vertu&nbsp;(\u5fb7, d\u00e9)<\/strong>&nbsp;: ainsi, l&#8217;Art Martial, potentiellement source de violence, devient&nbsp;<a href=\"https:\/\/legacy.ymaa.com\/articles\/the-dao-of-kung-fu\">un outil de paix int\u00e9rieure,<\/a>&nbsp;d\u00e9bouchant sur non violence et compassion&#8230; L&#8217;asc\u00e8se de la forme ext\u00e9rieure des postures ou de la m\u00e9ditation se transforme d&#8217;un carcan en un moule, un terreau fertile nous permettant de nous d\u00e9velopper et de grandir, <strong>afin de nous lib\u00e9rer<\/strong>&nbsp;<strong>durablement<\/strong>. Notre \u00catre croit et se d\u00e9veloppe pour appr\u00e9hender et d\u00e9couvrir des dimensions autrefois m\u00e9connues. C&#8217;est l\u00e0 le d\u00e9but de la <strong>Spiritualit\u00e9<\/strong>.<\/p>\n\n\n\n<figure class=\"wp-block-image\"><img loading=\"lazy\" decoding=\"async\" width=\"1792\" height=\"1045\" src=\"http:\/\/lecerclecq.cluster021.hosting.ovh.net\/wp-content\/uploads\/2018\/11\/kfp-master-oogway.png\" alt=\"\" class=\"wp-image-489\" srcset=\"https:\/\/lecercleetlecarre.fr\/wp-content\/uploads\/2018\/11\/kfp-master-oogway.png 1792w, https:\/\/lecercleetlecarre.fr\/wp-content\/uploads\/2018\/11\/kfp-master-oogway-300x175.png 300w, https:\/\/lecercleetlecarre.fr\/wp-content\/uploads\/2018\/11\/kfp-master-oogway-768x448.png 768w, https:\/\/lecercleetlecarre.fr\/wp-content\/uploads\/2018\/11\/kfp-master-oogway-1024x597.png 1024w, https:\/\/lecercleetlecarre.fr\/wp-content\/uploads\/2018\/11\/kfp-master-oogway-676x394.png 676w\" sizes=\"auto, (max-width: 1792px) 100vw, 1792px\" \/><\/figure>\n\n\n\n<p><\/p>\n\n\n\n<p>Cette section est d\u00e9di\u00e9e \u00e0 <strong>celles et ceux qui nous ont durablement touch\u00e9s<\/strong>, qui ont \u00e9t\u00e9 des sources d&#8217;inspiration profonde et durable, parce qu&#8217;ils ou elles proposaient des enseignements \u00e0 m\u00eame de <strong>nous faire \u00e9voluer<\/strong>, de <strong>nous transformer en mieux<\/strong>. Bien s\u00fbr la liste des personnes inscrites ici est loin d&#8217;\u00eatre exhaustive, afin de ne pas trop surcharger, mais leur pr\u00e9sence ici n&#8217;est qu&#8217;<strong>un humble t\u00e9moignage de notre reconnaissance et de notre gratitude pour tout ce qu&#8217;ils nous ont transmis<\/strong>&#8230; et souvent sur bien plus qu&#8217;un seul plan ! (petites larmes&#8230; s&#8217;ils nous ont touch\u00e9, c&#8217;est qu&#8217;ils ont touch\u00e9 notre c\u0153ur)<\/p>\n\n\n\n<div class=\"wp-block-image\"><figure class=\"aligncenter is-resized\"><img loading=\"lazy\" decoding=\"async\" src=\"http:\/\/lecerclecq.cluster021.hosting.ovh.net\/wp-content\/uploads\/2018\/11\/spirituality-speak-silence.png\" alt=\"\" class=\"wp-image-488\" width=\"253\" height=\"251\" srcset=\"https:\/\/lecercleetlecarre.fr\/wp-content\/uploads\/2018\/11\/spirituality-speak-silence.png 466w, https:\/\/lecercleetlecarre.fr\/wp-content\/uploads\/2018\/11\/spirituality-speak-silence-150x150.png 150w, https:\/\/lecercleetlecarre.fr\/wp-content\/uploads\/2018\/11\/spirituality-speak-silence-300x298.png 300w\" sizes=\"auto, (max-width: 253px) 100vw, 253px\" \/><\/figure><\/div>\n\n\n\n<p>Bien entendu, nous ne pourrons jamais vraiment &#8220;rendre&#8221; directement \u00e0 nos Ma\u00eetres tout ce qu&#8217;ils nous ont donn\u00e9 ou l\u00e9gu\u00e9. La mani\u00e8re d&#8217;honorer ce qu&#8217;ils nous ont transmis et ce qu&#8217;ils ont fait pour nous est de, <strong>\u00e0 notre tour, transmettre et faire pour d&#8217;autres, afin que la Tradition se perp\u00e9tue, de g\u00e9n\u00e9ration en g\u00e9n\u00e9ration&nbsp;<\/strong>et que l&#8217;Humanit\u00e9 continue de s&#8217;am\u00e9liorer et trouve sa place entre Ciel et Terre.<\/p>\n\n\n\n<div class=\"wp-block-image\"><figure class=\"aligncenter\"><img loading=\"lazy\" decoding=\"async\" width=\"500\" height=\"212\" src=\"http:\/\/lecerclecq.cluster021.hosting.ovh.net\/wp-content\/uploads\/2018\/11\/kfp-shifu-inner-peace.jpg\" alt=\"\" class=\"wp-image-490\" srcset=\"https:\/\/lecercleetlecarre.fr\/wp-content\/uploads\/2018\/11\/kfp-shifu-inner-peace.jpg 500w, https:\/\/lecercleetlecarre.fr\/wp-content\/uploads\/2018\/11\/kfp-shifu-inner-peace-300x127.jpg 300w\" sizes=\"auto, (max-width: 500px) 100vw, 500px\" \/><\/figure><\/div>\n","protected":false},"excerpt":{"rendered":"<p>Personne ne s&#8217;est fait tout seul : nous avons tous eu des enseignants, des professeurs, des guides, des aides parfois discr\u00e8tes, des lectures,&nbsp;qui nous ont permis de devenir ce que &hellip; <a href=\"https:\/\/lecercleetlecarre.fr\/index.php\/nos-maitres\/\" class=\"more-link\">Lire la suite de <span class=\"screen-reader-text\">Nos Ma\u00eetres<\/span><\/a><\/p>\n","protected":false},"author":3,"featured_media":50,"parent":0,"menu_order":0,"comment_status":"closed","ping_status":"closed","template":"","meta":{"_s2mail":"yes","_EventAllDay":false,"_EventTimezone":"","_EventStartDate":"","_EventEndDate":"","_EventStartDateUTC":"","_EventEndDateUTC":"","_EventShowMap":false,"_EventShowMapLink":false,"_EventURL":"","_EventCost":"","_EventCostDescription":"","_EventCurrencySymbol":"","_EventCurrencyCode":"","_EventCurrencyPosition":"","_EventDateTimeSeparator":"","_EventTimeRangeSeparator":"","_EventOrganizerID":[],"_EventVenueID":[],"_OrganizerEmail":"","_OrganizerPhone":"","_OrganizerWebsite":"","_VenueAddress":"","_VenueCity":"","_VenueCountry":"","_VenueProvince":"","_VenueState":"","_VenueZip":"","_VenuePhone":"","_VenueURL":"","_VenueStateProvince":"","_VenueLat":"","_VenueLng":"","_VenueShowMap":false,"_VenueShowMapLink":false,"footnotes":""},"class_list":["post-461","page","type-page","status-publish","has-post-thumbnail","hentry"],"_links":{"self":[{"href":"https:\/\/lecercleetlecarre.fr\/index.php\/wp-json\/wp\/v2\/pages\/461","targetHints":{"allow":["GET"]}}],"collection":[{"href":"https:\/\/lecercleetlecarre.fr\/index.php\/wp-json\/wp\/v2\/pages"}],"about":[{"href":"https:\/\/lecercleetlecarre.fr\/index.php\/wp-json\/wp\/v2\/types\/page"}],"author":[{"embeddable":true,"href":"https:\/\/lecercleetlecarre.fr\/index.php\/wp-json\/wp\/v2\/users\/3"}],"replies":[{"embeddable":true,"href":"https:\/\/lecercleetlecarre.fr\/index.php\/wp-json\/wp\/v2\/comments?post=461"}],"version-history":[{"count":1,"href":"https:\/\/lecercleetlecarre.fr\/index.php\/wp-json\/wp\/v2\/pages\/461\/revisions"}],"predecessor-version":[{"id":1215,"href":"https:\/\/lecercleetlecarre.fr\/index.php\/wp-json\/wp\/v2\/pages\/461\/revisions\/1215"}],"wp:featuredmedia":[{"embeddable":true,"href":"https:\/\/lecercleetlecarre.fr\/index.php\/wp-json\/wp\/v2\/media\/50"}],"wp:attachment":[{"href":"https:\/\/lecercleetlecarre.fr\/index.php\/wp-json\/wp\/v2\/media?parent=461"}],"curies":[{"name":"wp","href":"https:\/\/api.w.org\/{rel}","templated":true}]}}