{"id":4679,"date":"2024-11-07T21:14:57","date_gmt":"2024-11-07T20:14:57","guid":{"rendered":"https:\/\/lecercleetlecarre.fr\/?page_id=4679"},"modified":"2024-11-07T22:34:40","modified_gmt":"2024-11-07T21:34:40","slug":"josiane-pichet-professeure-de-danse-de-foret","status":"publish","type":"page","link":"https:\/\/lecercleetlecarre.fr\/index.php\/josiane-pichet-professeure-de-danse-de-foret\/","title":{"rendered":"Josiane Pichet, Professeure de Danse de For\u00eat"},"content":{"rendered":"\n<p>Suite \u00e0 l&#8217;int\u00e9r\u00eat que vous avez toutes et tous manifest\u00e9 pour la g\u00e9obiologie et le n\u00e9ochamanisme, nous ne pouvions manquer l&#8217;occasion de vous informer sur les derni\u00e8res vid\u00e9os de Josiane, consoeur \u00e9clair\u00e9e et \u00e9clairante, si ce n&#8217;est plus, qui promeut depuis quelques mois, sur Tiktok, <strong>la Danse de For\u00eat<\/strong> et son pouvoir salvateur. Sans plus attendre, nous vous livrons sa vid\u00e9o d&#8217;introduction, o\u00f9 elle nous narre avec \u00e9loquence l&#8217;histoire de sa d\u00e9construction spirituelle en toute simplicit\u00e9 et se livre \u00e0 <strong>des confessions bouleversantes sur ses trois passions<\/strong>.<\/p>\n\n\n\n<figure class=\"wp-block-embed is-type-video is-provider-youtube wp-block-embed-youtube wp-embed-aspect-16-9 wp-has-aspect-ratio\"><div class=\"wp-block-embed__wrapper\">\n<iframe loading=\"lazy\" title=\"Danse de fore\u0302t de Josiane Pichet  - &quot; Version Originale &quot;\" width=\"676\" height=\"380\" src=\"https:\/\/www.youtube.com\/embed\/tNkDzxyQ0Q0?feature=oembed\" frameborder=\"0\" allow=\"accelerometer; autoplay; clipboard-write; encrypted-media; gyroscope; picture-in-picture; web-share\" referrerpolicy=\"strict-origin-when-cross-origin\" allowfullscreen><\/iframe>\n<\/div><\/figure>\n\n\n\n<p><\/p>\n\n\n\n<p>En exclusivit\u00e9, nous vous livrons la technique impressionnante de Josiane pour <strong>revitaliser son ch\u00e2taignier<\/strong> :<\/p>\n\n\n\n<figure class=\"wp-block-embed is-type-video is-provider-youtube wp-block-embed-youtube wp-embed-aspect-16-9 wp-has-aspect-ratio\"><div class=\"wp-block-embed__wrapper\">\n<iframe loading=\"lazy\" title=\"Josiane pichet, danseuses exotique d\u2019arbre. #josianepichet #meme #memes #foryou\" width=\"676\" height=\"380\" src=\"https:\/\/www.youtube.com\/embed\/SYf1ppE70UM?feature=oembed\" frameborder=\"0\" allow=\"accelerometer; autoplay; clipboard-write; encrypted-media; gyroscope; picture-in-picture; web-share\" referrerpolicy=\"strict-origin-when-cross-origin\" allowfullscreen><\/iframe>\n<\/div><\/figure>\n\n\n\n<p><\/p>\n\n\n\n<p>Devenue une star des r\u00e9seaux sociaux, Josiane a m\u00eame lou\u00e9 les services d&#8217;un DJ, qui a tenu \u00e0 lui rendre hommage, \u00e0 elle et \u00e0 son art. <strong>Attention, vous aussi, vous allez danser&#8230;<\/strong> et vous direz avec elle : &#8220;<em>je vais beaucoup mieux !<\/em>&#8220;, tout en partageant ses nombreuses astuces de danse de for\u00eat, notamment la &#8220;pas steak&#8221;.<\/p>\n\n\n\n<figure class=\"wp-block-embed is-type-video is-provider-youtube wp-block-embed-youtube wp-embed-aspect-16-9 wp-has-aspect-ratio\"><div class=\"wp-block-embed__wrapper\">\n<iframe loading=\"lazy\" title=\"Peyruis feat. Josiane Pichet - La Danse de For\u00eat\" width=\"676\" height=\"380\" src=\"https:\/\/www.youtube.com\/embed\/4ki78E0fZFY?feature=oembed\" frameborder=\"0\" allow=\"accelerometer; autoplay; clipboard-write; encrypted-media; gyroscope; picture-in-picture; web-share\" referrerpolicy=\"strict-origin-when-cross-origin\" allowfullscreen><\/iframe>\n<\/div><\/figure>\n\n\n\n<p><\/p>\n\n\n\n<p>C&#8217;\u00e9tait quand m\u00eame une tr\u00e8s belle agrafeuse&#8230; Merci J\u00e9r\u00f4me ! Sp\u00e9ciale d\u00e9dicace \u00e0 ClonyIA et Christine, pour sa voix charmeuse.<\/p>\n\n\n\n<p>Et n&#8217;oublions pas le proverbe inspirant que Josiane r\u00e9p\u00e8te \u00e0 son entourage : &#8220;<em>pour sauver un arbre, mangez un castor !<\/em>&#8220;.<\/p>\n\n\n<div class=\"wp-block-image\">\n<figure class=\"aligncenter size-full\"><img loading=\"lazy\" decoding=\"async\" width=\"474\" height=\"248\" src=\"https:\/\/lecercleetlecarre.fr\/wp-content\/uploads\/2024\/11\/Castor.webp\" alt=\"\" class=\"wp-image-4697\" srcset=\"https:\/\/lecercleetlecarre.fr\/wp-content\/uploads\/2024\/11\/Castor.webp 474w, https:\/\/lecercleetlecarre.fr\/wp-content\/uploads\/2024\/11\/Castor-300x157.webp 300w\" sizes=\"auto, (max-width: 474px) 100vw, 474px\" \/><\/figure>\n<\/div>","protected":false},"excerpt":{"rendered":"<p>Suite \u00e0 l&#8217;int\u00e9r\u00eat que vous avez toutes et tous manifest\u00e9 pour la g\u00e9obiologie et le n\u00e9ochamanisme, nous ne pouvions manquer l&#8217;occasion de vous informer sur les derni\u00e8res vid\u00e9os de Josiane, &hellip; <a href=\"https:\/\/lecercleetlecarre.fr\/index.php\/josiane-pichet-professeure-de-danse-de-foret\/\" class=\"more-link\">Lire la suite de <span class=\"screen-reader-text\">Josiane Pichet, Professeure de Danse de For\u00eat<\/span><\/a><\/p>\n","protected":false},"author":3,"featured_media":0,"parent":0,"menu_order":0,"comment_status":"closed","ping_status":"closed","template":"","meta":{"_s2mail":"yes","_EventAllDay":false,"_EventTimezone":"","_EventStartDate":"","_EventEndDate":"","_EventStartDateUTC":"","_EventEndDateUTC":"","_EventShowMap":false,"_EventShowMapLink":false,"_EventURL":"","_EventCost":"","_EventCostDescription":"","_EventCurrencySymbol":"","_EventCurrencyCode":"","_EventCurrencyPosition":"","_EventDateTimeSeparator":"","_EventTimeRangeSeparator":"","_EventOrganizerID":[],"_EventVenueID":[],"_OrganizerEmail":"","_OrganizerPhone":"","_OrganizerWebsite":"","_VenueAddress":"","_VenueCity":"","_VenueCountry":"","_VenueProvince":"","_VenueState":"","_VenueZip":"","_VenuePhone":"","_VenueURL":"","_VenueStateProvince":"","_VenueLat":"","_VenueLng":"","_VenueShowMap":false,"_VenueShowMapLink":false,"footnotes":""},"class_list":["post-4679","page","type-page","status-publish","hentry"],"_links":{"self":[{"href":"https:\/\/lecercleetlecarre.fr\/index.php\/wp-json\/wp\/v2\/pages\/4679","targetHints":{"allow":["GET"]}}],"collection":[{"href":"https:\/\/lecercleetlecarre.fr\/index.php\/wp-json\/wp\/v2\/pages"}],"about":[{"href":"https:\/\/lecercleetlecarre.fr\/index.php\/wp-json\/wp\/v2\/types\/page"}],"author":[{"embeddable":true,"href":"https:\/\/lecercleetlecarre.fr\/index.php\/wp-json\/wp\/v2\/users\/3"}],"replies":[{"embeddable":true,"href":"https:\/\/lecercleetlecarre.fr\/index.php\/wp-json\/wp\/v2\/comments?post=4679"}],"version-history":[{"count":11,"href":"https:\/\/lecercleetlecarre.fr\/index.php\/wp-json\/wp\/v2\/pages\/4679\/revisions"}],"predecessor-version":[{"id":4701,"href":"https:\/\/lecercleetlecarre.fr\/index.php\/wp-json\/wp\/v2\/pages\/4679\/revisions\/4701"}],"wp:attachment":[{"href":"https:\/\/lecercleetlecarre.fr\/index.php\/wp-json\/wp\/v2\/media?parent=4679"}],"curies":[{"name":"wp","href":"https:\/\/api.w.org\/{rel}","templated":true}]}}