{"id":4879,"date":"2025-06-10T01:07:43","date_gmt":"2025-06-09T23:07:43","guid":{"rendered":"https:\/\/lecercleetlecarre.fr\/?page_id=4879"},"modified":"2025-06-19T02:03:51","modified_gmt":"2025-06-19T00:03:51","slug":"faq-jai-deja-fait-2-3-ans-de-qigong-dans-une-autre-ecole-puis-je-venir-vous-voir","status":"publish","type":"page","link":"https:\/\/lecercleetlecarre.fr\/index.php\/faq-jai-deja-fait-2-3-ans-de-qigong-dans-une-autre-ecole-puis-je-venir-vous-voir\/","title":{"rendered":"FAQ : J&#8217;ai d\u00e9j\u00e0 fait 2-3 ans de Q\u00ecg\u014dng dans une autre \u00e9cole, puis-je venir vous voir ?"},"content":{"rendered":"\n<p>Cette question revient fr\u00e9quemment (l&#8217;\u00e9criture de cette page a \u00e9t\u00e9 motiv\u00e9e par un r\u00e9cent appel que nous avons re\u00e7u d&#8217;une personne sympathique, investie et manifestement en recherche) et la r\u00e9ponse \u00e0 cette question est \u00e9videmment oui. Elle appelle toutefois un certain nombre de commentaires, permettant de pr\u00e9ciser l&#8217;\u00e9tat d&#8217;esprit de notre \u00e9cole et, plus g\u00e9n\u00e9ralement, <strong><a href=\"https:\/\/lecercleetlecarre.fr\/index.php\/les-specificites-du-qigong-de-lecole-ymaa\/\">notre approche<\/a><\/strong> du <strong><a href=\"https:\/\/lecercleetlecarre.fr\/index.php\/qi-gong\/\">Q\u00ecg\u014dng<\/a><\/strong> et de sa transmission. Ceci vous permettra de savoir si vous avez envie de venir nous voir !<\/p>\n\n\n<div class=\"wp-block-image\">\n<figure class=\"aligncenter size-large is-resized\"><img loading=\"lazy\" decoding=\"async\" width=\"1024\" height=\"533\" src=\"https:\/\/lecercleetlecarre.fr\/wp-content\/uploads\/2025\/06\/Droit-de-rever-et-de-chanter-1024x533.jpg\" alt=\"\" class=\"wp-image-4884\" style=\"width:561px;height:auto\" srcset=\"https:\/\/lecercleetlecarre.fr\/wp-content\/uploads\/2025\/06\/Droit-de-rever-et-de-chanter-1024x533.jpg 1024w, https:\/\/lecercleetlecarre.fr\/wp-content\/uploads\/2025\/06\/Droit-de-rever-et-de-chanter-300x156.jpg 300w, https:\/\/lecercleetlecarre.fr\/wp-content\/uploads\/2025\/06\/Droit-de-rever-et-de-chanter-768x400.jpg 768w, https:\/\/lecercleetlecarre.fr\/wp-content\/uploads\/2025\/06\/Droit-de-rever-et-de-chanter-1536x800.jpg 1536w, https:\/\/lecercleetlecarre.fr\/wp-content\/uploads\/2025\/06\/Droit-de-rever-et-de-chanter-2048x1067.jpg 2048w, https:\/\/lecercleetlecarre.fr\/wp-content\/uploads\/2025\/06\/Droit-de-rever-et-de-chanter-676x352.jpg 676w\" sizes=\"auto, (max-width: 1024px) 100vw, 1024px\" \/><figcaption class=\"wp-element-caption\">Le Q\u00ecg\u014dng est l\u00e0 pour vous aider \u00e0 vous ouvrir, pas pour enfermer !<\/figcaption><\/figure>\n<\/div>\n\n\n<p><\/p>\n\n\n\n<h3 class=\"wp-block-heading\">1) &#8220;<em>Comme j&#8217;ai fait une autre \u00e9cole, <strong>est-ce que j&#8217;ai le droit de venir vous voir ?<\/strong><\/em>&#8220;<\/h3>\n\n\n\n<p>\u00c9videmment ! Tout comme <strong>nos \u00e9l\u00e8ves ont parfaitement le droit d&#8217;aller suivre d&#8217;autres cours, d&#8217;autres s\u00e9minaires, de d\u00e9couvrir et de pratiquer d&#8217;autre choses que ce que nous proposons, avec d&#8217;autres professeurs<\/strong>, vous avez, bien entendu, le droit de venir passer un moment avec nous et de rester, si le coeur vous en dit. Il est <strong>important que vous soyez en phase avec l&#8217;\u00e9cole dans laquelle vous \u00e9tudiez<\/strong>, car cela conditionnera en bonne partie la <strong>qualit\u00e9 de votre apprentissage<\/strong>. Si vous avez des doutes ou des r\u00e9ticences sur vos professeurs, vous serez subconsciemment ferm\u00e9s (\u00e0 tort ou \u00e0 raison) \u00e0 une partie de ce qu&#8217;ils pourront vous transmettre. Soyez conscient(e)s de cela pour faire vos choix en connaissance de cause et soyez francs et clairs : en r\u00e9alit\u00e9, tout le monde y gagnera. Ceci am\u00e8ne quelques remarques compl\u00e9mentaires&#8230;<\/p>\n\n\n\n<p><strong>Aucune bonne \u00e9cole, s\u00fbre de la qualit\u00e9 de ce qu&#8217;elle propose, n&#8217;est une \u00e9cole sectaire<\/strong>, car elle n&#8217;a pas besoin de \u00e7a : si je propose quelque chose de qualit\u00e9, je n&#8217;ai rien \u00e0 craindre de la comparaison avec l&#8217;ext\u00e9rieur ! De trop nombreuses \u00e9coles (de Q\u00ecg\u014dng ou dans tant d&#8217;autres disciplines) ne jurent que par elle-m\u00eame (<strong>&#8220;<em>vous ne trouverez pas mieux ailleurs !<\/em>&#8220;<\/strong> ; rien ne le prouve tant que vous n&#8217;avez pas s\u00e9rieusement &#8220;bourlingu\u00e9&#8221; ailleurs, ce qui n&#8217;est \u00e9videmment pas le cas d&#8217;une personne nouvellement venue \u00e0 qui l&#8217;on impose imm\u00e9diatement sa vision des choses), ou par la personnalit\u00e9 de leur &#8220;Ma\u00eetre&#8221; (<strong>&#8220;<em>le\/la seul(e), le\/la vrai(e), l&#8217;unique<\/em>&#8220;<\/strong> ; m\u00eame commentaire que pr\u00e9c\u00e9demment, il y a des gens bien, voire tr\u00e8s bien, \u00e0 plus d&#8217;un endroit&#8230; et pas ceux qui sont forc\u00e9ment les plus m\u00e9diatiques), qui doit \u00eatre la r\u00e9f\u00e9rence exclusive, la ligne du parti (c&#8217;est le <strong>r\u00e8gne du &#8220;<em>Moi, Je<\/em>&#8221; intempestif<\/strong>, ce qui est spirituellement d\u00e9cevant)&#8230;<\/p>\n\n\n<div class=\"wp-block-image\">\n<figure class=\"aligncenter size-full\"><img loading=\"lazy\" decoding=\"async\" width=\"474\" height=\"266\" src=\"https:\/\/lecercleetlecarre.fr\/wp-content\/uploads\/2025\/06\/Taiwan-Parc-National-de-Taroko.webp\" alt=\"\" class=\"wp-image-4891\" srcset=\"https:\/\/lecercleetlecarre.fr\/wp-content\/uploads\/2025\/06\/Taiwan-Parc-National-de-Taroko.webp 474w, https:\/\/lecercleetlecarre.fr\/wp-content\/uploads\/2025\/06\/Taiwan-Parc-National-de-Taroko-300x168.webp 300w\" sizes=\"auto, (max-width: 474px) 100vw, 474px\" \/><\/figure>\n<\/div>\n\n\n<p><\/p>\n\n\n\n<p>Si nous sommes \u00e9videmment fiers d&#8217;avoir re\u00e7u l&#8217;enseignement de <strong><a href=\"https:\/\/lecercleetlecarre.fr\/index.php\/lecole-de-maitre-yang-ymaa\/\">Ma\u00eetre Y\u00e1ng<\/a><\/strong>, ce n&#8217;est pas parce que c&#8217;est <em>son<\/em> enseignement, ou parce que c&#8217;est <em>sa<\/em> lign\u00e9e personnelle avec une tradition enracin\u00e9e dans les montagnes de Taiwan (ce qui ferait chic et serait tr\u00e8s bon d&#8217;un point de vue marketing), mais parce que c&#8217;est <strong><a href=\"https:\/\/lecercleetlecarre.fr\/index.php\/les-specificites-du-qigong-de-lecole-ymaa\/\">un enseignement raisonn\u00e9 et structur\u00e9<\/a> et surtout dont on peut s&#8217;assurer de la qualit\u00e9<\/strong> <strong>th\u00e9orique<\/strong> par ses nombreux livres, ainsi que des <strong>effets pratiques<\/strong> sur des d\u00e9cennies au travers de l&#8217;exp\u00e9rience personnelle de nombreux \u00e9l\u00e8ves de cette \u00e9cole. Un bon Q\u00ecg\u014dng est un Q\u00ecg\u014dng dont on conna\u00eet les <strong>objectifs pr\u00e9cis<\/strong>, qui marche, qui <strong>produit des r\u00e9sultats concrets<\/strong>, et dont <strong>on sait th\u00e9oriquement pourquoi et pratiquement comment il fonctionne<\/strong>, ce qui nous donne une <strong>assurance raisonnable de r\u00e9sultats fiables<\/strong> (si on le pratique correctement et dans la dur\u00e9e prescrite). Si on vous a appris une forme de Q\u00ecg\u014dng comme une chor\u00e9graphie plus ou moins souple et dans\u00e9e, il y a erreur sur la discipline et sur son potentiel, car le Q\u00ecg\u014dng authentique va bien plus loin que cette seule surface.<\/p>\n\n\n\n<p>C&#8217;est le principe m\u00eame de fonctionnement du <a href=\"https:\/\/lecercleetlecarre.fr\/index.php\/formations-en-qigong-ymaa\/\">Cursus de Q\u00ecg\u014dng YMAA que nous proposons<\/a>, centr\u00e9 sur l&#8217;enseignement et la pratique, <strong>pas sur la personne du &#8220;Ma\u00eetre&#8221;<\/strong> (un titre souvent auto-d\u00e9cern\u00e9 et relay\u00e9 par des &#8220;groupies&#8221;, sans d\u00e9montrer s\u00e9rieusement les comp\u00e9tences qui attestent de la ma\u00eetrise r\u00e9elle), <strong>ni ses id\u00e9es New Age<\/strong> (inspir\u00e9es de ce qui est populaire en ce moment et sur les r\u00e9seaux sociaux), <strong>ni sa rh\u00e9torique cosm\u00e9tique<\/strong> (comme de vagues r\u00e9f\u00e9rences &#8220;symboliques&#8221; et peu intelligibles \u00e0 un Tao abstrait et intellectualisant, l\u00e0 o\u00f9 la culture chinoise est toujours pratique et applicable en profondeur&#8230; ce qui se voit d&#8217;ailleurs naturellement dans tous les aspects de la vie et donc de la personnalit\u00e9 du &#8220;Ma\u00eetre&#8221;), <strong>ni sa couleur de peau<\/strong> (il y a des enseignants formidables ET catastrophiques de toutes couleurs et on est parfois tr\u00e8s choqu\u00e9 que des chinois connaissent si mal le Q\u00ecg\u014dng et la culture ancestrale r\u00e9elle de leur pays, mais la &#8220;modernit\u00e9&#8221; est pass\u00e9e par l\u00e0 ; ce fut la m\u00eame chose aux Etats-Unis dans les ann\u00e9es 1970, o\u00f9 un certain nombre de &#8220;Ma\u00eetres de Kung Fu&#8221; \u00e9taient surtout chauffeur de taxi le jour et utilisaient leur apparence pour faire croire qu&#8217;ils y connaissaient quelque chose&#8230; en imitant ce qu&#8217;ils avaient vu dans les films, notamment de Bruce Lee), ou que sais-je encore. <strong>L&#8217;\u00c9nerg\u00e9tique et la Spiritualit\u00e9 se pratiquent s\u00e9rieusement ; ne faire qu&#8217;en parler n&#8217;est qu&#8217;une illusion de comp\u00e9tence<\/strong> ; <strong>le Q\u00ecg\u014dng n&#8217;est ni de la danse, ni de la gymnastique douce<\/strong> (ce qui serait affreusement trompeur et r\u00e9ducteur). Toutefois, la danse et la gymnastique douce peuvent donner des bases pour d\u00e9buter, \u00e0 condition que l&#8217;on ne s&#8217;y arr\u00eate pas et que l&#8217;on acqui\u00e8re bien d&#8217;autres choses&#8230; ce n&#8217;est qu&#8217;alors que le Q\u00ecg\u014dng commencera vraiment (nous expliquons tout cela en d\u00e9tail, en le justifiant, dans les deux s\u00e9minaires correspondant au Niveau 1 de notre cursus).<\/p>\n\n\n\n<p>Le fait que Ma\u00eetre Y\u00e1ng est le Ma\u00eetre de r\u00e9f\u00e9rence de notre \u00e9cole YMAA (j&#8217;ai commenc\u00e9 avec lui en 1999 et je suis Instructeur niveau 2 en Q\u00ecg\u014dng, en plus d&#8217;avoir fond\u00e9 la YMAA Paris Nord \u00e0 sa demande) ne fait pas de nous une \u00e9cole sectaire, mais, au contraire, une \u00e9cole ouverte : en effet, il nous a toujours autoris\u00e9, si ce n&#8217;est encourag\u00e9, \u00e0 aller voir ailleurs pour faire et compl\u00e9ter notre exp\u00e9rience. C&#8217;est ce qui nous a permis de <strong>nous apercevoir de la qualit\u00e9 de l&#8217;enseignement transmis<\/strong> (et de comprendre, par comparaison, la chance que nous avions de l&#8217;avoir), mais aussi d&#8217;<strong>ouvrir notre esprit<\/strong>, de <strong>voir diff\u00e9rentes approches<\/strong>&#8230; qui nous ont parfois aid\u00e9s \u00e0 mieux comprendre les subtilit\u00e9s de l&#8217;enseignement de Ma\u00eetre Y\u00e1ng et de r\u00e9aliser son degr\u00e9 de profondeur, notamment quand on ne la retrouvait pas ailleurs. <strong>Personne de vraiment int\u00e9ress\u00e9 par le Q\u00ecg\u014dng ne devrait \u00eatre une grenouille qui n&#8217;est jamais sortie de son puits<\/strong>. En tout cas, \u00e7a n&#8217;est pas l&#8217;approche qu&#8217;il nous a transmise.<\/p>\n\n\n<div class=\"wp-block-image\">\n<figure class=\"aligncenter size-full is-resized\"><img loading=\"lazy\" decoding=\"async\" width=\"600\" height=\"548\" src=\"https:\/\/lecercleetlecarre.fr\/wp-content\/uploads\/2025\/06\/grenouille-qui-ne-savait-pas-qu-elle-etait-cuite-600x548-1.jpg\" alt=\"\" class=\"wp-image-4882\" style=\"width:278px;height:auto\" srcset=\"https:\/\/lecercleetlecarre.fr\/wp-content\/uploads\/2025\/06\/grenouille-qui-ne-savait-pas-qu-elle-etait-cuite-600x548-1.jpg 600w, https:\/\/lecercleetlecarre.fr\/wp-content\/uploads\/2025\/06\/grenouille-qui-ne-savait-pas-qu-elle-etait-cuite-600x548-1-300x274.jpg 300w\" sizes=\"auto, (max-width: 600px) 100vw, 600px\" \/><figcaption class=\"wp-element-caption\">Illustrations de R. Soulci\u00e9<\/figcaption><\/figure>\n<\/div>\n\n\n<p><\/p>\n\n\n\n<h3 class=\"wp-block-heading\">2) &#8220;<em>Je ne suis pas s\u00fbr(e) que j&#8217;ai le niveau&#8230;<\/em>&#8220;<\/h3>\n\n\n\n<p>Peu importe ce que vous avez fait avant en Q\u00ecg\u014dng, ou m\u00eame que vous n&#8217;en ayez jamais fait, vous pouvez venir nous voir : <strong>nous nous ajustons \u00e0 VOTRE niveau<\/strong>. C&#8217;est ce que fait d&#8217;ailleurs naturellement tout professeur qualifi\u00e9 : si le professeur n&#8217;est pas capable d&#8217;ajuster son enseignement et de vous guider en fonction de votre situation sp\u00e9cifique, il y a un probl\u00e8me&#8230; Certes, parfois, le probl\u00e8me, c&#8217;est l&#8217;\u00e9l\u00e8ve, mais l&#8217;excuse est souvent un peu trop facile.<\/p>\n\n\n\n<p>Si vous pensez qu&#8217;apr\u00e8s 2-3 ans d&#8217;un cursus de Q\u00ecg\u014dng, vous n&#8217;avez pas encore vraiment <strong>les bases<\/strong>, que vous n&#8217;avez pas re\u00e7u un <strong>enseignement suffisamment structur\u00e9<\/strong> et approfondi, que vous n&#8217;avez pas \u00e9t\u00e9 <strong>r\u00e9guli\u00e8rement corrig\u00e9(e) individuellement<\/strong>, il est certain que, en revanche, vous trouverez cela chez nous. La progression p\u00e9dagogique et le d\u00e9veloppement graduel de vos capacit\u00e9s est la cl\u00e9 de votre r\u00e9ussite, ce qui passe par l<strong>&#8216;acquisition de la capacit\u00e9 \u00e0 vous auto-\u00e9valuer<\/strong> (ce qui suppose que vous connaissiez les crit\u00e8res, que vous compreniez pourquoi ce sont des crit\u00e8res, et que vous connaissiez les actions \u00e0 mettre en \u0153uvre pour am\u00e9liorer votre pratique). C&#8217;est ce que nous transmettons dans <strong><a href=\"https:\/\/lecercleetlecarre.fr\/index.php\/le-programme-de-notre-cursus-complet-de-qigong-ymaa\/\">notre cursus<\/a><\/strong> afin de <strong>vous rendre autonome<\/strong> et de vous permettre progressivement de vous prendre en charge et d&#8217;organiser \u00e0 terme vous-m\u00eame votre parcours de progression ; <strong>notre cursus vous servira de tuteur initial, mais la suite vous appartient<\/strong> : c&#8217;est ce que vous ferez avec tout ce que l&#8217;on vous a appris d&#8217;utile qui fera la diff\u00e9rence dans la dur\u00e9e ; certaines personnes n&#8217;en feront rien ou pas grand chose, d&#8217;autres y trouveront de quoi transformer leur vie en profondeur : c&#8217;est vous qui voyez ! Si un bout de papier attestant de quelque chose en fin de cursus est rassurant, et si passer des examens officiels permet d&#8217;obtenir une plus grande reconnaissance publique, c&#8217;est votre travail r\u00e9el et <strong>les capacit\u00e9s th\u00e9oriques et pratiques que vous aurez acquis dans la dur\u00e9e<\/strong> (en <strong>faisant de ces acquis une seconde nature<\/strong>), qui feront vraiment la diff\u00e9rence et le succ\u00e8s de vos \u00e9ventuels cours, si vous vous d\u00e9cidez un jour \u00e0 enseigner. Et l&#8217;enseignement, \u00e7a n&#8217;est pas pour tout le monde : pratiquer pour son propre plaisir, sa bonne humeur et sa bonne sant\u00e9, c&#8217;est d\u00e9j\u00e0 pas mal du tout !<\/p>\n\n\n<div class=\"wp-block-image\">\n<figure class=\"aligncenter size-large is-resized\"><img loading=\"lazy\" decoding=\"async\" width=\"1024\" height=\"787\" src=\"https:\/\/lecercleetlecarre.fr\/wp-content\/uploads\/2025\/06\/Diplome-Felicitations-1024x787.png\" alt=\"\" class=\"wp-image-4886\" style=\"width:372px;height:auto\" srcset=\"https:\/\/lecercleetlecarre.fr\/wp-content\/uploads\/2025\/06\/Diplome-Felicitations-1024x787.png 1024w, https:\/\/lecercleetlecarre.fr\/wp-content\/uploads\/2025\/06\/Diplome-Felicitations-300x231.png 300w, https:\/\/lecercleetlecarre.fr\/wp-content\/uploads\/2025\/06\/Diplome-Felicitations-768x591.png 768w, https:\/\/lecercleetlecarre.fr\/wp-content\/uploads\/2025\/06\/Diplome-Felicitations-1536x1181.png 1536w, https:\/\/lecercleetlecarre.fr\/wp-content\/uploads\/2025\/06\/Diplome-Felicitations-676x520.png 676w, https:\/\/lecercleetlecarre.fr\/wp-content\/uploads\/2025\/06\/Diplome-Felicitations.png 1602w\" sizes=\"auto, (max-width: 1024px) 100vw, 1024px\" \/><\/figure>\n<\/div>\n\n\n<p><\/p>\n\n\n\n<h3 class=\"wp-block-heading\">3) &#8220;<em>Je souhaite avoir un dipl\u00f4me \u00e0 la fin du cursus !<\/em>&#8220;<\/h3>\n\n\n\n<p><strong>Oui, si vous r\u00e9ussissez nos examens <\/strong>(incluant du contr\u00f4le continu), qui sont <strong>\u00e0 la fois th\u00e9oriques et pratiques<\/strong>, vous recevrez alors le dipl\u00f4me de la YMAA Paris Nord, attestant de <strong>votre comp\u00e9tence<\/strong> dans le Q\u00ecg\u014dng que vous aurez pratiqu\u00e9 avec nous ; la YMAA Intercontinentale est en train de finaliser, en 2025, un cursus et un syllabus complet en 5 Niveaux de comp\u00e9tences, permettant une \u00e9valuation sous forme d&#8217;apprentissage et des examens devant un groupe d&#8217;instructeurs qualifi\u00e9s, fournissant ainsi une reconnaissance et une visibilit\u00e9 \u00e0 l&#8217;international.<\/p>\n\n\n\n<p>\u00c0 l&#8217;issue de notre cursus, vous aurez une <strong>bonne compr\u00e9hension th\u00e9orique ET pratique de ce que nous faisons<\/strong> (dans le Q\u00ecg\u014dng YMAA, l&#8217;un ne va jamais sans l&#8217;autre) et saurez r\u00e9pondre aux questions suivantes : quel(s) sont les objectif(s) de cette pratique et son contexte d&#8217;origine ? Pourquoi et comment marche-t-elle ? Dans quel cadre et quelle progression p\u00e9dagogique s&#8217;ins\u00e8re-t-elle ? Vous serez \u00e9galement capable d&#8217;illustrer votre r\u00e9ponse par des d\u00e9monstrations de pratique et de guider une m\u00e9ditation ou une pratique. <strong>Vous serez donc en parfaite capacit\u00e9 d&#8217;enseigner ce que vous aurez pratiqu\u00e9 avec comp\u00e9tence<\/strong>. Notre cursus est fait pour \u00e7a.<\/p>\n\n\n<div class=\"wp-block-image\">\n<figure class=\"aligncenter size-full is-resized\"><img loading=\"lazy\" decoding=\"async\" width=\"474\" height=\"474\" src=\"https:\/\/lecercleetlecarre.fr\/wp-content\/uploads\/2025\/06\/CQP-AEC-Macon.webp\" alt=\"\" class=\"wp-image-4897\" style=\"width:406px;height:auto\" srcset=\"https:\/\/lecercleetlecarre.fr\/wp-content\/uploads\/2025\/06\/CQP-AEC-Macon.webp 474w, https:\/\/lecercleetlecarre.fr\/wp-content\/uploads\/2025\/06\/CQP-AEC-Macon-300x300.webp 300w, https:\/\/lecercleetlecarre.fr\/wp-content\/uploads\/2025\/06\/CQP-AEC-Macon-150x150.webp 150w\" sizes=\"auto, (max-width: 474px) 100vw, 474px\" \/><\/figure>\n<\/div>\n\n\n<p><\/p>\n\n\n\n<p>Si vous souhaitez <strong>un dipl\u00f4me professionnel reconnu par l&#8217;\u00c9tat<\/strong>, le seul qui existe <strong>en France<\/strong> pour enseigner le Q\u00ecg\u014dng est le <strong><a href=\"https:\/\/www.ffaemc.fr\/formation\/cqp-moniteur-arts-martiaux\/\">CQP MAM AEC<\/a><\/strong> ; nous sommes affili\u00e9s \u00e0 la <strong><a href=\"https:\/\/www.ffaemc.fr\/la-federation\/presentation-federation\/\">FFAEMC<\/a><\/strong> et recommandons donc celui-ci. Le <strong><a href=\"https:\/\/lecercleetlecarre.fr\/index.php\/le-programme-de-notre-cursus-complet-de-qigong-ymaa\/\">cursus de la YMAA PN<\/a><\/strong> vous donne le contenu n\u00e9cessaire \u00e0 la pr\u00e9paration du CQP. Toutefois, nous n&#8217;avons pas le temps, compte tenu de la densit\u00e9 de notre programme, de vous pr\u00e9parer sp\u00e9cifiquement au CQP, mais vous aurez <strong>tout ce qu&#8217;il faut dans le cursus pour passer <a href=\"https:\/\/www.ffaemc.fr\/formation\/pour-enseigner\/les-attestations-de-test-technique\/\">l&#8217;ATT2 en Q\u00ecg\u014dng<\/a><\/strong>, qui est le <strong>pr\u00e9requis \u00e0 l&#8217;inscription au CQP<\/strong> ; cette pr\u00e9paration sera donc sous votre responsabilit\u00e9, mais nous vous y aideront, bien \u00e9videmment.<\/p>\n\n\n\n<p>N&#8217;oubliez pas qu&#8217;<strong>un dipl\u00f4me ne vaut que la Comp\u00e9tence th\u00e9orique et pratique qu&#8217;il vous a permis d&#8217;acqu\u00e9rir<\/strong>&#8230; C&#8217;est un point de d\u00e9part, pas un point culminant. Puisse votre aventure Q\u00ecg\u014dng \u00eatre belle et le Souffle vous \u00eatre favorable !<\/p>\n\n\n<div class=\"wp-block-image\">\n<figure class=\"aligncenter size-full is-resized\"><img loading=\"lazy\" decoding=\"async\" width=\"736\" height=\"736\" src=\"https:\/\/lecercleetlecarre.fr\/wp-content\/uploads\/2025\/06\/Seneque-Vent-favorable.jpg\" alt=\"\" class=\"wp-image-5032\" style=\"width:438px;height:auto\" srcset=\"https:\/\/lecercleetlecarre.fr\/wp-content\/uploads\/2025\/06\/Seneque-Vent-favorable.jpg 736w, https:\/\/lecercleetlecarre.fr\/wp-content\/uploads\/2025\/06\/Seneque-Vent-favorable-300x300.jpg 300w, https:\/\/lecercleetlecarre.fr\/wp-content\/uploads\/2025\/06\/Seneque-Vent-favorable-150x150.jpg 150w, https:\/\/lecercleetlecarre.fr\/wp-content\/uploads\/2025\/06\/Seneque-Vent-favorable-676x676.jpg 676w\" sizes=\"auto, (max-width: 736px) 100vw, 736px\" \/><\/figure>\n<\/div>","protected":false},"excerpt":{"rendered":"<p>Cette question revient fr\u00e9quemment (l&#8217;\u00e9criture de cette page a \u00e9t\u00e9 motiv\u00e9e par un r\u00e9cent appel que nous avons re\u00e7u d&#8217;une personne sympathique, investie et manifestement en recherche) et la r\u00e9ponse &hellip; <a href=\"https:\/\/lecercleetlecarre.fr\/index.php\/faq-jai-deja-fait-2-3-ans-de-qigong-dans-une-autre-ecole-puis-je-venir-vous-voir\/\" class=\"more-link\">Lire la suite de <span class=\"screen-reader-text\">FAQ : J&#8217;ai d\u00e9j\u00e0 fait 2-3 ans de Q\u00ecg\u014dng dans une autre \u00e9cole, puis-je venir vous voir ?<\/span><\/a><\/p>\n","protected":false},"author":3,"featured_media":0,"parent":0,"menu_order":0,"comment_status":"closed","ping_status":"closed","template":"","meta":{"_s2mail":"yes","_EventAllDay":false,"_EventTimezone":"","_EventStartDate":"","_EventEndDate":"","_EventStartDateUTC":"","_EventEndDateUTC":"","_EventShowMap":false,"_EventShowMapLink":false,"_EventURL":"","_EventCost":"","_EventCostDescription":"","_EventCurrencySymbol":"","_EventCurrencyCode":"","_EventCurrencyPosition":"","_EventDateTimeSeparator":"","_EventTimeRangeSeparator":"","_EventOrganizerID":[],"_EventVenueID":[],"_OrganizerEmail":"","_OrganizerPhone":"","_OrganizerWebsite":"","_VenueAddress":"","_VenueCity":"","_VenueCountry":"","_VenueProvince":"","_VenueState":"","_VenueZip":"","_VenuePhone":"","_VenueURL":"","_VenueStateProvince":"","_VenueLat":"","_VenueLng":"","_VenueShowMap":false,"_VenueShowMapLink":false,"footnotes":""},"class_list":["post-4879","page","type-page","status-publish","hentry"],"_links":{"self":[{"href":"https:\/\/lecercleetlecarre.fr\/index.php\/wp-json\/wp\/v2\/pages\/4879","targetHints":{"allow":["GET"]}}],"collection":[{"href":"https:\/\/lecercleetlecarre.fr\/index.php\/wp-json\/wp\/v2\/pages"}],"about":[{"href":"https:\/\/lecercleetlecarre.fr\/index.php\/wp-json\/wp\/v2\/types\/page"}],"author":[{"embeddable":true,"href":"https:\/\/lecercleetlecarre.fr\/index.php\/wp-json\/wp\/v2\/users\/3"}],"replies":[{"embeddable":true,"href":"https:\/\/lecercleetlecarre.fr\/index.php\/wp-json\/wp\/v2\/comments?post=4879"}],"version-history":[{"count":57,"href":"https:\/\/lecercleetlecarre.fr\/index.php\/wp-json\/wp\/v2\/pages\/4879\/revisions"}],"predecessor-version":[{"id":5033,"href":"https:\/\/lecercleetlecarre.fr\/index.php\/wp-json\/wp\/v2\/pages\/4879\/revisions\/5033"}],"wp:attachment":[{"href":"https:\/\/lecercleetlecarre.fr\/index.php\/wp-json\/wp\/v2\/media?parent=4879"}],"curies":[{"name":"wp","href":"https:\/\/api.w.org\/{rel}","templated":true}]}}