{"id":5,"date":"2018-11-17T01:44:00","date_gmt":"2018-11-17T00:44:00","guid":{"rendered":"https:\/\/lecercleetlecarre.wordpress.com\/?page_id=5"},"modified":"2019-09-17T00:42:30","modified_gmt":"2019-09-16T22:42:30","slug":"accueil","status":"publish","type":"page","link":"https:\/\/lecercleetlecarre.fr\/index.php\/accueil\/","title":{"rendered":"Accueil"},"content":{"rendered":"<p>Bienvenue sur le site de l&#8217;Association <strong>le Cercle et le Carr\u00e9.\u00a0<\/strong><\/p>\n<p>L&#8217;Association vous propose de <strong>d\u00e9couvrir diff\u00e9rentes activit\u00e9s \u00e9nerg\u00e9tiques, physiques et spirituelles<\/strong>, telles que le <a href=\"https:\/\/lecercleetlecarre.fr\/index.php\/qi-gong\/\">Q\u00ecg\u014dng<\/a>, le <a href=\"https:\/\/lecercleetlecarre.fr\/index.php\/reiki\/\">Reiki<\/a>, la <a href=\"https:\/\/lecercleetlecarre.fr\/index.php\/geobiologie\/\">G\u00e9obiologie<\/a>&#8230;<\/p>\n<p>Si vous souhaitez vous y initier ou vous y former, venez nous rencontrer et d\u00e9couvrez nos\u00a0programmes !<\/p>\n\n\n<div class=\"wp-block-image\"><figure class=\"aligncenter is-resized\"><img loading=\"lazy\" decoding=\"async\" src=\"http:\/\/lecerclecq.cluster021.hosting.ovh.net\/wp-content\/uploads\/2018\/11\/logo-lcc2b2-mini-2.png\" alt=\"\" class=\"wp-image-374\" width=\"261\" height=\"257\" srcset=\"https:\/\/lecercleetlecarre.fr\/wp-content\/uploads\/2018\/11\/logo-lcc2b2-mini-2.png 994w, https:\/\/lecercleetlecarre.fr\/wp-content\/uploads\/2018\/11\/logo-lcc2b2-mini-2-300x297.png 300w, https:\/\/lecercleetlecarre.fr\/wp-content\/uploads\/2018\/11\/logo-lcc2b2-mini-2-768x760.png 768w, https:\/\/lecercleetlecarre.fr\/wp-content\/uploads\/2018\/11\/logo-lcc2b2-mini-2-676x669.png 676w\" sizes=\"auto, (max-width: 261px) 100vw, 261px\" \/><\/figure><\/div>\n","protected":false},"excerpt":{"rendered":"<p>Bienvenue sur le site de l&#8217;Association le Cercle et le Carr\u00e9.\u00a0 L&#8217;Association vous propose de d\u00e9couvrir diff\u00e9rentes activit\u00e9s \u00e9nerg\u00e9tiques, physiques et spirituelles, telles que le Q\u00ecg\u014dng, le Reiki, la G\u00e9obiologie&#8230; &hellip; <a href=\"https:\/\/lecercleetlecarre.fr\/index.php\/accueil\/\" class=\"more-link\">Lire la suite de <span class=\"screen-reader-text\">Accueil<\/span><\/a><\/p>\n","protected":false},"author":1,"featured_media":102,"parent":0,"menu_order":1,"comment_status":"closed","ping_status":"closed","template":"","meta":{"_s2mail":"yes","_EventAllDay":false,"_EventTimezone":"","_EventStartDate":"","_EventEndDate":"","_EventStartDateUTC":"","_EventEndDateUTC":"","_EventShowMap":false,"_EventShowMapLink":false,"_EventURL":"","_EventCost":"","_EventCostDescription":"","_EventCurrencySymbol":"","_EventCurrencyCode":"","_EventCurrencyPosition":"","_EventDateTimeSeparator":"","_EventTimeRangeSeparator":"","_EventOrganizerID":[],"_EventVenueID":[],"_OrganizerEmail":"","_OrganizerPhone":"","_OrganizerWebsite":"","_VenueAddress":"","_VenueCity":"","_VenueCountry":"","_VenueProvince":"","_VenueState":"","_VenueZip":"","_VenuePhone":"","_VenueURL":"","_VenueStateProvince":"","_VenueLat":"","_VenueLng":"","_VenueShowMap":false,"_VenueShowMapLink":false,"footnotes":""},"class_list":["post-5","page","type-page","status-publish","has-post-thumbnail","hentry"],"_links":{"self":[{"href":"https:\/\/lecercleetlecarre.fr\/index.php\/wp-json\/wp\/v2\/pages\/5","targetHints":{"allow":["GET"]}}],"collection":[{"href":"https:\/\/lecercleetlecarre.fr\/index.php\/wp-json\/wp\/v2\/pages"}],"about":[{"href":"https:\/\/lecercleetlecarre.fr\/index.php\/wp-json\/wp\/v2\/types\/page"}],"author":[{"embeddable":true,"href":"https:\/\/lecercleetlecarre.fr\/index.php\/wp-json\/wp\/v2\/users\/1"}],"replies":[{"embeddable":true,"href":"https:\/\/lecercleetlecarre.fr\/index.php\/wp-json\/wp\/v2\/comments?post=5"}],"version-history":[{"count":4,"href":"https:\/\/lecercleetlecarre.fr\/index.php\/wp-json\/wp\/v2\/pages\/5\/revisions"}],"predecessor-version":[{"id":1239,"href":"https:\/\/lecercleetlecarre.fr\/index.php\/wp-json\/wp\/v2\/pages\/5\/revisions\/1239"}],"wp:featuredmedia":[{"embeddable":true,"href":"https:\/\/lecercleetlecarre.fr\/index.php\/wp-json\/wp\/v2\/media\/102"}],"wp:attachment":[{"href":"https:\/\/lecercleetlecarre.fr\/index.php\/wp-json\/wp\/v2\/media?parent=5"}],"curies":[{"name":"wp","href":"https:\/\/api.w.org\/{rel}","templated":true}]}}