{"id":518,"date":"2018-12-02T16:18:59","date_gmt":"2018-12-02T15:18:59","guid":{"rendered":"https:\/\/lecercleetlecarre.wordpress.com\/?page_id=518"},"modified":"2023-10-03T15:33:32","modified_gmt":"2023-10-03T13:33:32","slug":"liens","status":"publish","type":"page","link":"https:\/\/lecercleetlecarre.fr\/index.php\/liens\/","title":{"rendered":"Liens"},"content":{"rendered":"\n<p class=\"has-medium-font-size\">Vous trouverez ci-dessous diff\u00e9rents liens Internet vous permettant de vous relier avec ceux qui sont \u00e0 l&#8217;origine ou au c\u0153ur de ce que propose notre Association :<\/p>\n\n\n\n<ul class=\"wp-block-list\">\n<li>Arts martiaux chinois et&nbsp;Q\u00ecg\u014dng de Sant\u00e9, Th\u00e9rapeutique, Martial et Spirituel :&nbsp;<a href=\"https:\/\/legacy.ymaa.com\/news-events\">YMAA<\/a>,&nbsp;<a href=\"https:\/\/www.ymaafrance.com\/\">YMAA France<\/a>&nbsp;et <a href=\"http:\/\/ymaatrainingcamp.wixsite.com\/ymaaparis\">YMAA Paris<\/a>, mais aussi (en anglais) l&#8217;excellent site de deux des disciples du Retreat Center de Ma\u00eetre Y\u00e1ng : <a href=\"https:\/\/www.barkingrabbit.com\/\">https:\/\/www.barkingrabbit.com\/<\/a>, sur lequel vous trouverez de nombreuses vid\u00e9os d&#8217;information<\/li>\n\n\n\n<li>Sh\u00e8ng Zh\u0113n Meditation et Q\u00ecg\u014dng Spirituel :&nbsp;<a href=\"https:\/\/shengzhen.org\/\">Sheng Zhen<\/a>, <a href=\"https:\/\/www.shengzhenfrance.org\/\">Sheng Zhen France<\/a>, <a rel=\"noreferrer noopener\" href=\"http:\/\/www.ladansedudragon.fr\/qigong\/en\/\" target=\"_blank\">La danse du Dragon<\/a><\/li>\n\n\n\n<li>Q\u00ecg\u014dng Th\u00e9rapeutique (approche de sant\u00e9) :\u00a0<a href=\"https:\/\/www.linggui.org\/\">Ling Gui US<\/a>, <a href=\"https:\/\/www.linggui.fr\/qi-gong-paris.html\">Ling Gui France<\/a><\/li>\n\n\n\n<li>Q\u00ecg\u014dng &#8220;hospitalier&#8221; (approche r\u00e9solument clinique) : <a href=\"https:\/\/drjerryalanjohnson.mykajabi.com\/\">Jerry A. Johnson<\/a> et ses disciples<\/li>\n\n\n\n<li>M\u00e9decine Chinoise (approche r\u00e9solument clinique) :\u00a0<a href=\"https:\/\/www.chuzhen.com\/\">Institut Chuzhen<\/a>, <a rel=\"noreferrer noopener\" href=\"http:\/\/www.acudoc2.com\/\" target=\"_blank\">AcuDoc2<\/a>, <a href=\"https:\/\/www.coursdemedecinechinoise.fr\/\">\u00c9ric Mari\u00e9<\/a><\/li>\n\n\n\n<li>G\u00e9obiologie :&nbsp;<a href=\"https:\/\/www.facebook.com\/DidierCoupritGeobiologie\/\">Didier Couprit<\/a>,&nbsp;<a href=\"https:\/\/www.mosaique.tm.fr\/\">Les \u00e9ditions Mosa\u00efques<\/a>,&nbsp;<a href=\"http:\/\/www.academie-geobiologie.fr\/\">l&#8217;A.N.G.E<\/a><\/li>\n<\/ul>\n\n\n\n<p>Autres liens (un site dont le contenu et l&#8217;\u00e9tat d&#8217;esprit nous a touch\u00e9) :<\/p>\n\n\n\n<ul class=\"wp-block-list\">\n<li>Q\u00ecg\u014dng Th\u00e9rapeutique :&nbsp;<a href=\"https:\/\/sites.google.com\/site\/souffle568478\/home\/qi-gong\/vision-du-qi-gong-par-le-dr-liu-dong\">Le Souffle du Menhir<\/a> (beaucoup d&#8217;enseignements, en Bretagne, de l&#8217;\u00e9cole Ling Gui)<\/li>\n\n\n\n<li>M\u00e9decine Chinoise :&nbsp;<a href=\"https:\/\/lesouffledumenhir.blogspot.com\/\">Le Souffle du Menhir<\/a> (une recherche patiente et constante sur les bases pratiques de la M\u00e9decine chinoise)<\/li>\n\n\n\n<li>Reiki : <a href=\"https:\/\/lesouffledumenhir.blogspot.com\/p\/reiki.html\">Le Souffle du Menhir<\/a> (des mots inspirants sur le Reiki), <a rel=\"noreferrer noopener\" href=\"https:\/\/www.lafederationdereiki.org\/\" target=\"_blank\">La F\u00e9d\u00e9ration de Reiki Usui \u2013 LFRU<\/a> (un \u00e9tat d&#8217;esprit assez proche du n\u00f4tre, avec toutefois quelques diff\u00e9rences notables), <a rel=\"noreferrer noopener\" href=\"https:\/\/www.reiki.group\/\" target=\"_blank\">European Reiki Group &#8211; ERG<\/a> (une volont\u00e9 de recherche s\u00e9rieuse et rationnelle qui nous convient tr\u00e8s bien)<\/li>\n<\/ul>\n","protected":false},"excerpt":{"rendered":"<p>Vous trouverez ci-dessous diff\u00e9rents liens Internet vous permettant de vous relier avec ceux qui sont \u00e0 l&#8217;origine ou au c\u0153ur de ce que propose notre Association : Autres liens (un &hellip; <a href=\"https:\/\/lecercleetlecarre.fr\/index.php\/liens\/\" class=\"more-link\">Lire la suite de <span class=\"screen-reader-text\">Liens<\/span><\/a><\/p>\n","protected":false},"author":3,"featured_media":44,"parent":0,"menu_order":0,"comment_status":"closed","ping_status":"closed","template":"","meta":{"_s2mail":"yes","_EventAllDay":false,"_EventTimezone":"","_EventStartDate":"","_EventEndDate":"","_EventStartDateUTC":"","_EventEndDateUTC":"","_EventShowMap":false,"_EventShowMapLink":false,"_EventURL":"","_EventCost":"","_EventCostDescription":"","_EventCurrencySymbol":"","_EventCurrencyCode":"","_EventCurrencyPosition":"","_EventDateTimeSeparator":"","_EventTimeRangeSeparator":"","_EventOrganizerID":[],"_EventVenueID":[],"_OrganizerEmail":"","_OrganizerPhone":"","_OrganizerWebsite":"","_VenueAddress":"","_VenueCity":"","_VenueCountry":"","_VenueProvince":"","_VenueState":"","_VenueZip":"","_VenuePhone":"","_VenueURL":"","_VenueStateProvince":"","_VenueLat":"","_VenueLng":"","_VenueShowMap":false,"_VenueShowMapLink":false,"footnotes":""},"class_list":["post-518","page","type-page","status-publish","has-post-thumbnail","hentry"],"_links":{"self":[{"href":"https:\/\/lecercleetlecarre.fr\/index.php\/wp-json\/wp\/v2\/pages\/518","targetHints":{"allow":["GET"]}}],"collection":[{"href":"https:\/\/lecercleetlecarre.fr\/index.php\/wp-json\/wp\/v2\/pages"}],"about":[{"href":"https:\/\/lecercleetlecarre.fr\/index.php\/wp-json\/wp\/v2\/types\/page"}],"author":[{"embeddable":true,"href":"https:\/\/lecercleetlecarre.fr\/index.php\/wp-json\/wp\/v2\/users\/3"}],"replies":[{"embeddable":true,"href":"https:\/\/lecercleetlecarre.fr\/index.php\/wp-json\/wp\/v2\/comments?post=518"}],"version-history":[{"count":9,"href":"https:\/\/lecercleetlecarre.fr\/index.php\/wp-json\/wp\/v2\/pages\/518\/revisions"}],"predecessor-version":[{"id":4002,"href":"https:\/\/lecercleetlecarre.fr\/index.php\/wp-json\/wp\/v2\/pages\/518\/revisions\/4002"}],"wp:featuredmedia":[{"embeddable":true,"href":"https:\/\/lecercleetlecarre.fr\/index.php\/wp-json\/wp\/v2\/media\/44"}],"wp:attachment":[{"href":"https:\/\/lecercleetlecarre.fr\/index.php\/wp-json\/wp\/v2\/media?parent=518"}],"curies":[{"name":"wp","href":"https:\/\/api.w.org\/{rel}","templated":true}]}}