{"id":5212,"date":"2026-03-02T22:14:58","date_gmt":"2026-03-02T21:14:58","guid":{"rendered":"https:\/\/lecercleetlecarre.fr\/?page_id=5212"},"modified":"2026-03-31T20:05:58","modified_gmt":"2026-03-31T18:05:58","slug":"au-coeur-du-reiki-un-voyage-documentaire-inedit-vers-la-verite-et-la-reconciliation-avec-arjava-sensei","status":"publish","type":"page","link":"https:\/\/lecercleetlecarre.fr\/index.php\/au-coeur-du-reiki-un-voyage-documentaire-inedit-vers-la-verite-et-la-reconciliation-avec-arjava-sensei\/","title":{"rendered":"Au C\u0153ur du Reiki : un voyage documentaire in\u00e9dit avec Arjava Sensei"},"content":{"rendered":"<div class=\"wp-block-image\">\n<figure class=\"aligncenter size-full is-resized\"><img loading=\"lazy\" decoding=\"async\" width=\"550\" height=\"814\" src=\"https:\/\/lecercleetlecarre.fr\/wp-content\/uploads\/2026\/03\/Reconciliation-Arjava.jpeg\" alt=\"\" class=\"wp-image-5218\" style=\"width:352px;height:auto\" srcset=\"https:\/\/lecercleetlecarre.fr\/wp-content\/uploads\/2026\/03\/Reconciliation-Arjava.jpeg 550w, https:\/\/lecercleetlecarre.fr\/wp-content\/uploads\/2026\/03\/Reconciliation-Arjava-203x300.jpeg 203w\" sizes=\"auto, (max-width: 550px) 100vw, 550px\" \/><\/figure>\n<\/div>\n\n\n<p><\/p>\n\n\n\n<p>Avez-vous d\u00e9j\u00e0 ressenti le besoin de <strong>remonter aux sources de votre pratique du Reiki<\/strong>, de d\u00e9passer les mythes et de comprendre <strong>les v\u00e9ritables racines de cet art de gu\u00e9rison spirituelle<\/strong> ? Aujourd&#8217;hui, je souhaite partager avec vous un projet documentaire vid\u00e9o fascinant que j&#8217;ai sponsoris\u00e9 et qui a le potentiel de transformer votre vision du Reiki. Il s&#8217;agit d&#8217;une s\u00e9rie d&#8217;entretiens profonds et intimes men\u00e9s par Ren\u00e9 V\u00f6gtli avec l&#8217;une des figures les plus influentes et parfois controvers\u00e9es du monde du Reiki : <strong>Frank Arjava Petter<\/strong>.<\/p>\n\n\n\n<p>Si vous pratiquez le Reiki ou vous y int\u00e9ressez, ce contenu (disponible sur <a href=\"https:\/\/vimeo.com\/ondemand\/provokeandevolve\/\"><strong>Vimeo<\/strong><\/a>) est u<strong>ne v\u00e9ritable mine d&#8217;or<\/strong>. Voici pourquoi je vous encourage vivement \u00e0 le d\u00e9couvrir : en tant qu&#8217;\u00e9l\u00e8ve et lecteur ayant eu le privil\u00e8ge de recevoir les enseignements d&#8217;Arjava sensei, je peux t\u00e9moigner de la profondeur et de la sinc\u00e9rit\u00e9 de sa d\u00e9marche ; ces vid\u00e9os refl\u00e8tent l&#8217;humilit\u00e9 et la qu\u00eate de v\u00e9rit\u00e9 qu&#8217;il transmet au quotidien. Cet entretien au long cours vous permettra d&#8217;aborder s\u00e9rieusement <strong>l&#8217;essence spirituelle du Reiki<\/strong>, malgr\u00e9 les affres de l&#8217;histoire, pour d\u00e9passer l&#8217;Ego et <strong>cheminer ensemble vers l&#8217;Amour Inconditionnel !<\/strong><\/p>\n\n\n\n<figure class=\"wp-block-embed is-type-video is-provider-youtube wp-block-embed-youtube wp-embed-aspect-16-9 wp-has-aspect-ratio\"><div class=\"wp-block-embed__wrapper\">\n<iframe loading=\"lazy\" title=\"RECONCILIATION - Provoke and Evolve | Trailer\" width=\"676\" height=\"380\" src=\"https:\/\/www.youtube.com\/embed\/zKQnRA1Gj24?feature=oembed\" frameborder=\"0\" allow=\"accelerometer; autoplay; clipboard-write; encrypted-media; gyroscope; picture-in-picture; web-share\" referrerpolicy=\"strict-origin-when-cross-origin\" allowfullscreen><\/iframe>\n<\/div><\/figure>\n\n\n\n<p><\/p>\n\n\n\n<h2 class=\"wp-block-heading\">1) De la qu\u00eate de la v\u00e9rit\u00e9 historique d\u00e9rangeante \u00e0 la r\u00e9conciliation<\/h2>\n\n\n\n<p>Dans les ann\u00e9es 1990, le monde occidental du Reiki \u00e9tait domin\u00e9 par des r\u00e9cits historiques souvent inexacts, mais largement accept\u00e9s comme des v\u00e9rit\u00e9s absolues, sous forme d&#8217;<strong>une &#8220;l\u00e9gende dor\u00e9e&#8221; qu&#8217;Arjava sensei est venu bousculer<\/strong> : pouss\u00e9 par ses propres doutes et vivant au Japon, il a boulevers\u00e9 ces certitudes en red\u00e9couvrant <strong>la tombe et la st\u00e8le comm\u00e9morative du fondateur Mikao Usui \u00e0 Tokyo<\/strong>. Dans ces vid\u00e9os, Arjava raconte avec passion les coulisses de ses recherches et le choc provoqu\u00e9 par la publication de son c\u00e9l\u00e8bre livre <em>Reiki Fire<\/em>, en 1997. Face \u00e0 ce qui a parfois ressembl\u00e9 \u00e0 un v\u00e9ritable &#8220;autodaf\u00e9&#8221; de la part de l&#8217;establishment du Reiki de l&#8217;\u00e9poque, il est rest\u00e9 fid\u00e8le \u00e0 une seule qu\u00eate : la v\u00e9rit\u00e9 factuelle. Visionner ces \u00e9changes, c&#8217;est revivre de l&#8217;int\u00e9rieur ce tournant historique majeur.<\/p>\n\n\n<div class=\"wp-block-image\">\n<figure class=\"aligncenter size-large is-resized\"><img loading=\"lazy\" decoding=\"async\" width=\"1024\" height=\"559\" src=\"https:\/\/lecercleetlecarre.fr\/wp-content\/uploads\/2026\/03\/Retisser-la-toile-Reiki-1024x559.png\" alt=\"\" class=\"wp-image-5225\" style=\"width:703px;height:auto\" srcset=\"https:\/\/lecercleetlecarre.fr\/wp-content\/uploads\/2026\/03\/Retisser-la-toile-Reiki-1024x559.png 1024w, https:\/\/lecercleetlecarre.fr\/wp-content\/uploads\/2026\/03\/Retisser-la-toile-Reiki-300x164.png 300w, https:\/\/lecercleetlecarre.fr\/wp-content\/uploads\/2026\/03\/Retisser-la-toile-Reiki-768x419.png 768w, https:\/\/lecercleetlecarre.fr\/wp-content\/uploads\/2026\/03\/Retisser-la-toile-Reiki-1536x838.png 1536w, https:\/\/lecercleetlecarre.fr\/wp-content\/uploads\/2026\/03\/Retisser-la-toile-Reiki-2048x1117.png 2048w, https:\/\/lecercleetlecarre.fr\/wp-content\/uploads\/2026\/03\/Retisser-la-toile-Reiki-676x369.png 676w\" sizes=\"auto, (max-width: 1024px) 100vw, 1024px\" \/><\/figure>\n<\/div>\n\n\n<p><\/p>\n\n\n\n<p>Le v\u00e9ritable c\u0153ur de ce projet vid\u00e9o n&#8217;est pas tant de rouvrir d&#8217;anciennes blessures, que de <strong>nourrir un processus de r\u00e9conciliation mondiale<\/strong> au sein de la communaut\u00e9 du Reiki, gr\u00e2ce \u00e0 Ren\u00e9 V\u00f6gtli qui avait d\u00e9j\u00e0 men\u00e9 un <strong><a href=\"https:\/\/lecercleetlecarre.fr\/index.php\/reik-onciliation\/\">projet similaire avec Phyllis Furumoto<\/a><\/strong>, petite fille de Takata et t\u00eate de l&#8217;Alliance Reiki \u00e0 l&#8217;\u00e9poque. Ici, les deux hommes abordent sans tabou les querelles d&#8217;ego, la concurrence entre le Reiki occidental et le Reiki traditionnel japonais, ou encore les tentatives de s&#8217;approprier la pratique \u00e0 des fins purement lucratives, tout comme <strong>l&#8217;importance de fait de l&#8217;ouverture du C\u0153ur<\/strong>.<\/p>\n\n\n\n<p>Arjava y livre une sagesse lib\u00e9ratrice : l&#8217;\u00e9nergie qui sort de nos mains n&#8217;a pas d&#8217;\u00e9tiquette, elle n&#8217;est ni &#8220;occidentale&#8221;, ni &#8220;orientale&#8221;. Il nous rappelle avec humilit\u00e9 que Mikao Usui n&#8217;a pas voulu cr\u00e9er une religion exclusive, mais <strong>un outil spirituel pour l&#8217;ensemble de l&#8217;Humanit\u00e9<\/strong>. Comme il le r\u00e9sume magnifiquement : <em>&#8220;Si vous vous sentez \u00e0 l&#8217;aise dans votre pratique, c&#8217;est tout ce dont vous avez besoin. Ne vous inqui\u00e9tez pas de ce que font les autres&#8221;<\/em>. <strong>Le Reiki que nous canalisons est le m\u00eame pour tout le monde<\/strong>, quelle que soit l&#8217;\u00e9tiquette que vous utilisez pour votre pratique&#8230; si vous avez choisi de toujours faire du Reiki, sans l&#8217;avoir transform\u00e9 en autre chose, ce qui est le cas g\u00e9n\u00e9ral.<\/p>\n\n\n\n<h2 class=\"wp-block-heading\">2) Pourquoi je soutiens ce projet : un retour \u00e0 l&#8217;essentiel<\/h2>\n\n\n\n<p>Ce documentaire est d&#8217;autant plus pr\u00e9cieux qu&#8217;il capture un moment de bascule personnelle. Au fil des \u00e9pisodes (qui nous am\u00e8nent jusqu&#8217;au d\u00e9but de l&#8217;ann\u00e9e 2025), Arjava r\u00e9v\u00e8le sa d\u00e9cision toute r\u00e9cente de d\u00e9missionner de son poste de vice-pr\u00e9sident de l&#8217;Institut Reiki Jikiden. Fatigu\u00e9 d&#8217;\u00eatre constamment tiraill\u00e9, &#8220;assis entre deux chaises&#8221; \u00e0 devoir faire le pont entre les cultures japonaise et occidentale dans les deux sens, il a choisi de <strong>faire un <em>reset<\/em> pour revenir \u00e0 l&#8217;essence m\u00eame de son cheminement<\/strong>.<\/p>\n\n\n<div class=\"wp-block-image\">\n<figure class=\"aligncenter size-large is-resized\"><img loading=\"lazy\" decoding=\"async\" width=\"1024\" height=\"559\" src=\"https:\/\/lecercleetlecarre.fr\/wp-content\/uploads\/2026\/03\/Boire-a-la-source-originelle-1024x559.png\" alt=\"\" class=\"wp-image-5227\" style=\"width:630px;height:auto\" srcset=\"https:\/\/lecercleetlecarre.fr\/wp-content\/uploads\/2026\/03\/Boire-a-la-source-originelle-1024x559.png 1024w, https:\/\/lecercleetlecarre.fr\/wp-content\/uploads\/2026\/03\/Boire-a-la-source-originelle-300x164.png 300w, https:\/\/lecercleetlecarre.fr\/wp-content\/uploads\/2026\/03\/Boire-a-la-source-originelle-768x419.png 768w, https:\/\/lecercleetlecarre.fr\/wp-content\/uploads\/2026\/03\/Boire-a-la-source-originelle-1536x838.png 1536w, https:\/\/lecercleetlecarre.fr\/wp-content\/uploads\/2026\/03\/Boire-a-la-source-originelle-2048x1117.png 2048w, https:\/\/lecercleetlecarre.fr\/wp-content\/uploads\/2026\/03\/Boire-a-la-source-originelle-676x369.png 676w\" sizes=\"auto, (max-width: 1024px) 100vw, 1024px\" \/><\/figure>\n<\/div>\n\n\n<p><\/p>\n\n\n\n<p>Ce documentaire r\u00e9sonne si profond\u00e9ment avec les valeurs de notre communaut\u00e9 que j&#8217;ai choisi de m&#8217;y impliquer personnellement en devenant un <strong>sponsor majeur<\/strong> de cette initiative ind\u00e9pendante. Ce projet unique a pu voir le jour gr\u00e2ce \u00e0 <strong>un effort collectif, financ\u00e9 par des donateurs et des sponsors issus de 15 pays diff\u00e9rents<\/strong>. Frank Arjava Petter a offert son temps b\u00e9n\u00e9volement, et tous les b\u00e9n\u00e9fices issus du visionnage de ces vid\u00e9os sont int\u00e9gralement destin\u00e9s \u00e0 financer d&#8217;autres actions de r\u00e9conciliation dans le monde du Reiki. <strong>D\u00e9couvrez cette s\u00e9rie documentaire in\u00e9dite, soutenez une belle cause et laissez-vous inspirer :<\/strong> \ud83d\udc49 <em><a href=\"https:\/\/vimeo.com\/ondemand\/provokeandevolve\/\">https:\/\/vimeo.com\/ondemand\/provokeandevolve\/<\/a><\/em>. En tant que sponsor, vous pourrez visionner pr\u00e8s d&#8217;une heure de contenu sur les 11h dans la vid\u00e9o ci-dessous :<\/p>\n\n\n\n<figure class=\"wp-block-embed is-type-video is-provider-youtube wp-block-embed-youtube wp-embed-aspect-16-9 wp-has-aspect-ratio\"><div class=\"wp-block-embed__wrapper\">\n<iframe loading=\"lazy\" title=\"RECONCILIATION - Provoke and Evolve\" width=\"676\" height=\"380\" src=\"https:\/\/www.youtube.com\/embed\/j7qSlt-ZyB0?feature=oembed\" frameborder=\"0\" allow=\"accelerometer; autoplay; clipboard-write; encrypted-media; gyroscope; picture-in-picture; web-share\" referrerpolicy=\"strict-origin-when-cross-origin\" allowfullscreen><\/iframe>\n<\/div><\/figure>\n\n\n\n<p><\/p>\n\n\n\n<p>Ce n&#8217;est pas juste une interview, c&#8217;est un s\u00e9minaire spirituel et historique. Je vous invite \u00e0 plonger dans ces vid\u00e9os selon l&#8217;ordre chronologique sugg\u00e9r\u00e9. Vous y trouverez <strong>un voyage qui, au-del\u00e0 de l&#8217;histoire du Reiki, nous enseigne \u00e0 garder le c\u0153ur ouvert, peu importent les circonstances<\/strong>. Bon visionnage et bonne pratique \u00e0 toutes et \u00e0 tous !<\/p>\n","protected":false},"excerpt":{"rendered":"<p>Avez-vous d\u00e9j\u00e0 ressenti le besoin de remonter aux sources de votre pratique du Reiki, de d\u00e9passer les mythes et de comprendre les v\u00e9ritables racines de cet art de gu\u00e9rison spirituelle &hellip; <a href=\"https:\/\/lecercleetlecarre.fr\/index.php\/au-coeur-du-reiki-un-voyage-documentaire-inedit-vers-la-verite-et-la-reconciliation-avec-arjava-sensei\/\" class=\"more-link\">Lire la suite de <span class=\"screen-reader-text\">Au C\u0153ur du Reiki : un voyage documentaire in\u00e9dit avec Arjava Sensei<\/span><\/a><\/p>\n","protected":false},"author":3,"featured_media":0,"parent":0,"menu_order":0,"comment_status":"closed","ping_status":"closed","template":"","meta":{"_s2mail":"yes","_EventAllDay":false,"_EventTimezone":"","_EventStartDate":"","_EventEndDate":"","_EventStartDateUTC":"","_EventEndDateUTC":"","_EventShowMap":false,"_EventShowMapLink":false,"_EventURL":"","_EventCost":"","_EventCostDescription":"","_EventCurrencySymbol":"","_EventCurrencyCode":"","_EventCurrencyPosition":"","_EventDateTimeSeparator":"","_EventTimeRangeSeparator":"","_EventOrganizerID":[],"_EventVenueID":[],"_OrganizerEmail":"","_OrganizerPhone":"","_OrganizerWebsite":"","_VenueAddress":"","_VenueCity":"","_VenueCountry":"","_VenueProvince":"","_VenueState":"","_VenueZip":"","_VenuePhone":"","_VenueURL":"","_VenueStateProvince":"","_VenueLat":"","_VenueLng":"","_VenueShowMap":false,"_VenueShowMapLink":false,"footnotes":""},"class_list":["post-5212","page","type-page","status-publish","hentry"],"_links":{"self":[{"href":"https:\/\/lecercleetlecarre.fr\/index.php\/wp-json\/wp\/v2\/pages\/5212","targetHints":{"allow":["GET"]}}],"collection":[{"href":"https:\/\/lecercleetlecarre.fr\/index.php\/wp-json\/wp\/v2\/pages"}],"about":[{"href":"https:\/\/lecercleetlecarre.fr\/index.php\/wp-json\/wp\/v2\/types\/page"}],"author":[{"embeddable":true,"href":"https:\/\/lecercleetlecarre.fr\/index.php\/wp-json\/wp\/v2\/users\/3"}],"replies":[{"embeddable":true,"href":"https:\/\/lecercleetlecarre.fr\/index.php\/wp-json\/wp\/v2\/comments?post=5212"}],"version-history":[{"count":23,"href":"https:\/\/lecercleetlecarre.fr\/index.php\/wp-json\/wp\/v2\/pages\/5212\/revisions"}],"predecessor-version":[{"id":5295,"href":"https:\/\/lecercleetlecarre.fr\/index.php\/wp-json\/wp\/v2\/pages\/5212\/revisions\/5295"}],"wp:attachment":[{"href":"https:\/\/lecercleetlecarre.fr\/index.php\/wp-json\/wp\/v2\/media?parent=5212"}],"curies":[{"name":"wp","href":"https:\/\/api.w.org\/{rel}","templated":true}]}}