{"id":5238,"date":"2026-03-31T18:08:23","date_gmt":"2026-03-31T16:08:23","guid":{"rendered":"https:\/\/lecercleetlecarre.fr\/?page_id=5238"},"modified":"2026-04-06T11:53:20","modified_gmt":"2026-04-06T09:53:20","slug":"yverdon-2026-retour-sur-un-congres-reiki-inspirant-et-prometteur","status":"publish","type":"page","link":"https:\/\/lecercleetlecarre.fr\/index.php\/yverdon-2026-retour-sur-un-congres-reiki-inspirant-et-prometteur\/","title":{"rendered":"Yverdon 2026 : retours sur un congr\u00e8s Reiki inspirant et prometteur !"},"content":{"rendered":"<div class=\"wp-block-image\">\n<figure class=\"aligncenter size-large is-resized\"><img loading=\"lazy\" decoding=\"async\" width=\"1024\" height=\"768\" src=\"https:\/\/lecercleetlecarre.fr\/wp-content\/uploads\/2026\/03\/2026-03-07-22.13.39-3-1024x768.jpg\" alt=\"\" class=\"wp-image-5261\" style=\"width:587px;height:auto\" srcset=\"https:\/\/lecercleetlecarre.fr\/wp-content\/uploads\/2026\/03\/2026-03-07-22.13.39-3-1024x768.jpg 1024w, https:\/\/lecercleetlecarre.fr\/wp-content\/uploads\/2026\/03\/2026-03-07-22.13.39-3-300x225.jpg 300w, https:\/\/lecercleetlecarre.fr\/wp-content\/uploads\/2026\/03\/2026-03-07-22.13.39-3-768x576.jpg 768w, https:\/\/lecercleetlecarre.fr\/wp-content\/uploads\/2026\/03\/2026-03-07-22.13.39-3-1536x1152.jpg 1536w, https:\/\/lecercleetlecarre.fr\/wp-content\/uploads\/2026\/03\/2026-03-07-22.13.39-3-676x507.jpg 676w, https:\/\/lecercleetlecarre.fr\/wp-content\/uploads\/2026\/03\/2026-03-07-22.13.39-3.jpg 2048w\" sizes=\"auto, (max-width: 1024px) 100vw, 1024px\" \/><\/figure>\n<\/div>\n\n\n<p><\/p>\n\n\n\n<p>L&#8217;association <a href=\"https:\/\/www.reiki.swiss\/\">SwissReiki<\/a> et <a href=\"https:\/\/usui-reiki-verein.org\/\">Usui Reiki Verein<\/a> ont organis\u00e9, d\u00e9but mars, <strong>un magnifique congr\u00e8s <a href=\"https:\/\/lecercleetlecarre.fr\/index.php\/reiki\/\">Reiki<\/a> \u00e0 Yverdon en Suisse<\/strong>, que tous les participants ont grandement appr\u00e9ci\u00e9 : un programme de haut niveau, \u00e0 la fois <strong>acad\u00e9mique et spirituel<\/strong>, des intervenants de qualit\u00e9, une logistique impeccable&#8230; et une <strong>ambiance incroyable de partage serein<\/strong>, de<strong> d\u00e9couverte joyeuse <\/strong>et de<strong> plaisir de la rencontre d&#8217;autrui<\/strong>, dans un <strong>respect naturel de l&#8217;Amour et de la diversit\u00e9 !<\/strong><\/p>\n\n\n<div class=\"wp-block-image\">\n<figure class=\"aligncenter size-full is-resized\"><img loading=\"lazy\" decoding=\"async\" width=\"768\" height=\"1024\" src=\"https:\/\/lecercleetlecarre.fr\/wp-content\/uploads\/2026\/03\/2026-03-07-22.13.41-768x1024-1.jpg\" alt=\"\" class=\"wp-image-5263\" style=\"width:379px;height:auto\" srcset=\"https:\/\/lecercleetlecarre.fr\/wp-content\/uploads\/2026\/03\/2026-03-07-22.13.41-768x1024-1.jpg 768w, https:\/\/lecercleetlecarre.fr\/wp-content\/uploads\/2026\/03\/2026-03-07-22.13.41-768x1024-1-225x300.jpg 225w, https:\/\/lecercleetlecarre.fr\/wp-content\/uploads\/2026\/03\/2026-03-07-22.13.41-768x1024-1-676x901.jpg 676w\" sizes=\"auto, (max-width: 768px) 100vw, 768px\" \/><\/figure>\n<\/div>\n\n\n<p><\/p>\n\n\n\n<p>Autant le dire tout de suite, l&#8217;\u00e9v\u00e9nement a \u00e9t\u00e9 <strong>un franc succ\u00e8s<\/strong> et augure bien pour la continuation de la <strong><a href=\"https:\/\/lecercleetlecarre.fr\/index.php\/un-peu-dhistoire\/\">diffusion du Reiki Usui<\/a><\/strong> en langue fran\u00e7aise, allemande, anglaise, espagnole, portugaise et italienne&#8230; et telle \u00e9tait bien l&#8217;ambition de ce congr\u00e8s : <strong>rassembler toutes les bonnes volont\u00e9s pour avancer ensemble &#8220;<em><a href=\"https:\/\/congress.reiki.swiss\/bienvenue\/\">Sur le chemin d&#8217;Usui Sensei<\/a><\/em>&#8220;<\/strong>, ce qui \u00e9tait justement le titre du Congr\u00e8s. Un tr\u00e8s grand merci \u00e0 nos principaux organisateurs en la personne de Christine et Francis : ce congr\u00e8s, c&#8217;est \u00e0 vous qu&#8217;on le doit, bravo du fond du c\u0153ur !<\/p>\n\n\n<div class=\"wp-block-image\">\n<figure class=\"aligncenter size-large is-resized\"><img loading=\"lazy\" decoding=\"async\" width=\"647\" height=\"1024\" src=\"https:\/\/lecercleetlecarre.fr\/wp-content\/uploads\/2026\/03\/WhatsApp-Image-2026-03-31-at-18.39.20-647x1024.jpeg\" alt=\"\" class=\"wp-image-5279\" style=\"width:305px;height:auto\" srcset=\"https:\/\/lecercleetlecarre.fr\/wp-content\/uploads\/2026\/03\/WhatsApp-Image-2026-03-31-at-18.39.20-647x1024.jpeg 647w, https:\/\/lecercleetlecarre.fr\/wp-content\/uploads\/2026\/03\/WhatsApp-Image-2026-03-31-at-18.39.20-190x300.jpeg 190w, https:\/\/lecercleetlecarre.fr\/wp-content\/uploads\/2026\/03\/WhatsApp-Image-2026-03-31-at-18.39.20-632x999.jpeg 632w, https:\/\/lecercleetlecarre.fr\/wp-content\/uploads\/2026\/03\/WhatsApp-Image-2026-03-31-at-18.39.20.jpeg 758w\" sizes=\"auto, (max-width: 647px) 100vw, 647px\" \/><\/figure>\n<\/div>\n\n\n<p><\/p>\n\n\n\n<h2 class=\"wp-block-heading\">Inspirant<\/h2>\n\n\n\n<p>D\u00e8s les premi\u00e8res minutes, le ton \u00e9tait donn\u00e9 par Arjava Sensei, mettant en avant <strong>les aspects universels du Reiki<\/strong>, devant s&#8217;\u00e9tendre bien au-del\u00e0 de la seule tradition ou de sa culture japonaise d&#8217;origine, pour <strong>s&#8217;ouvrir \u00e0 tous<\/strong> : <strong>&#8220;<em>chacun d&#8217;entre nous est Reiki !<\/em>&#8220;<\/strong>, dira Arjava, le Reiki a selon lui pour but de <strong>permettre \u00e0 tout un chacun de <a href=\"https:\/\/lecercleetlecarre.fr\/index.php\/reiki-trahison-ou-tradition\/\">reproduire l&#8217;exp\u00e9rience spirituelle d&#8217;Usui Sensei d&#8217;unit\u00e9 avec Tout<\/a><\/strong>, d&#8217;o\u00f9 le qualificatif pour le Reiki de <strong>&#8220;<em>satori no michi<\/em>&#8220;<\/strong>, c&#8217;est-\u00e0-dire de<strong>voie d&#8217;\u00c9veil<\/strong>, au travers du <strong>Grand Amour<\/strong>. Cette introduction inaugurale a donn\u00e9 naissance \u00e0 une ambiance g\u00e9n\u00e9rale r\u00e9ceptive et attentive, l&#8217;auditoire \u00e9tant r\u00e9guli\u00e8rement invit\u00e9 \u00e0 interagir avec les diff\u00e9rents conf\u00e9renciers : des <strong>questions de fond<\/strong>, des <strong>partages d&#8217;exp\u00e9rience<\/strong>, un <strong>foisonnement de r\u00e9flexions d&#8217;\u00e9tape et d&#8217;id\u00e9es pour l&#8217;avenir du Reiki Usui<\/strong>, \u00e9tonnamment convergentes, malgr\u00e9 l&#8217;absence de coordination pr\u00e9alable des intervenants sur une quelconque ligne \u00e0 tenir lors du Congr\u00e8s. <strong>L&#8217;Unit\u00e9 \u00e9tait naturellement pr\u00e9sente, sans effort<\/strong>. Telle est la voie de la &#8220;Reikonciliation&#8221; (<em><a href=\"https:\/\/reiki-conciliation.org\/\"><strong>Reiki conciliation<\/strong><\/a><\/em>) entre les <strong><a href=\"https:\/\/lecercleetlecarre.fr\/index.php\/les-grands-courants-du-reiki-aujourdhui\/\">diff\u00e9rents courants du Reiki<\/a><\/strong>, ouverte notamment par deux documentaires <strong><a href=\"https:\/\/lecercleetlecarre.fr\/index.php\/reik-onciliation\/\">l&#8217;un sur Phyllis Furomoto<\/a><\/strong> (petite fille de Takata ayant repris le flambeau), <strong><a href=\"https:\/\/lecercleetlecarre.fr\/index.php\/au-coeur-du-reiki-un-voyage-documentaire-inedit-vers-la-verite-et-la-reconciliation-avec-arjava-sensei\/\">l&#8217;autre sur Arjava Sensei<\/a><\/strong> (ayant secou\u00e9 la l\u00e9gende dor\u00e9e pour se rapprocher au plus pr\u00e8s qu&#8217;il le pouvait de la source qu&#8217;a \u00e9t\u00e9 Usui Sensei ; vous pouvez me voir avec mon second Ma\u00eetre en Reiki ci-dessous, c&#8217;est toujours un moment riche en \u00e9motions quand je le vois).<\/p>\n\n\n<div class=\"wp-block-image\">\n<figure class=\"aligncenter size-large is-resized\"><img loading=\"lazy\" decoding=\"async\" width=\"1024\" height=\"785\" src=\"https:\/\/lecercleetlecarre.fr\/wp-content\/uploads\/2026\/03\/IMG_6502-1024x785.jpg\" alt=\"\" class=\"wp-image-5267\" style=\"width:441px;height:auto\" srcset=\"https:\/\/lecercleetlecarre.fr\/wp-content\/uploads\/2026\/03\/IMG_6502-1024x785.jpg 1024w, https:\/\/lecercleetlecarre.fr\/wp-content\/uploads\/2026\/03\/IMG_6502-300x230.jpg 300w, https:\/\/lecercleetlecarre.fr\/wp-content\/uploads\/2026\/03\/IMG_6502-768x589.jpg 768w, https:\/\/lecercleetlecarre.fr\/wp-content\/uploads\/2026\/03\/IMG_6502-1536x1177.jpg 1536w, https:\/\/lecercleetlecarre.fr\/wp-content\/uploads\/2026\/03\/IMG_6502-2048x1570.jpg 2048w, https:\/\/lecercleetlecarre.fr\/wp-content\/uploads\/2026\/03\/IMG_6502-676x518.jpg 676w\" sizes=\"auto, (max-width: 1024px) 100vw, 1024px\" \/><\/figure>\n<\/div>\n\n\n<p><\/p>\n\n\n\n<p>Cet \u00e9v\u00e9nement d&#8217;une grande richesse et d&#8217;une qualit\u00e9 certaine a mis la barre haut pour le plus grand bonheur des participants, qui ont pu <strong>se recueillir en un chemin de procession sur pas moins de quatre autels symbolisant les diff\u00e9rentes \u00e9tapes de la vie d&#8217;Usui Sensei<\/strong> (naissance, illumination, mort et legs) et <strong>y d\u00e9poser une modeste offrande symbolique assortie d&#8217;une pri\u00e8re de gratitude<\/strong> pour celui sans lequel nous n&#8217;aurions pas \u00e9t\u00e9 r\u00e9unis tous ensemble (vous pouvez apercevoir deux des quatre autels derri\u00e8re Graziano, Stephan et moi, repr\u00e9sentant l&#8217;Italie, la France, l&#8217;Allemagne et l&#8217;Espagne sur la photo ci-dessous). Cet \u00e9v\u00e9nement a su <strong>allumer une flamme internationale renouvel\u00e9e<\/strong> chez les participants dans un esprit en harmonie compl\u00e8te avec ce que nous transmettons sur ce site <a href=\"http:\/\/lecercleetlecarre.fr\">lecercleetlecarre.fr<\/a> et lors de nos initiations aux diff\u00e9rents degr\u00e9s du Reiki. Les participants ont m\u00eame pu d\u00e9couvrir le <strong><a href=\"https:\/\/lecercleetlecarre.fr\/index.php\/qi-gong\/\">Q\u00ecg\u014dng<\/a><\/strong> lors d&#8217;une s\u00e9ance d&#8217;une heure que l&#8217;on m&#8217;avait demand\u00e9 d&#8217;organiser, et que j&#8217;avais con\u00e7u comme un &#8220;buffet&#8221; des diff\u00e9rents aspects du Q\u00ecg\u014dng leur permettant de d\u00e9couvrir diff\u00e9rentes facettes de cette discipline utilement compl\u00e9mentaire.<\/p>\n\n\n\n<figure class=\"wp-block-image size-large is-style-rounded\"><img loading=\"lazy\" decoding=\"async\" width=\"1024\" height=\"525\" src=\"https:\/\/lecercleetlecarre.fr\/wp-content\/uploads\/2026\/03\/WhatsApp-Image-2026-03-10-at-18.15.20-2-1024x525.jpeg\" alt=\"\" class=\"wp-image-5252\" srcset=\"https:\/\/lecercleetlecarre.fr\/wp-content\/uploads\/2026\/03\/WhatsApp-Image-2026-03-10-at-18.15.20-2-1024x525.jpeg 1024w, https:\/\/lecercleetlecarre.fr\/wp-content\/uploads\/2026\/03\/WhatsApp-Image-2026-03-10-at-18.15.20-2-300x154.jpeg 300w, https:\/\/lecercleetlecarre.fr\/wp-content\/uploads\/2026\/03\/WhatsApp-Image-2026-03-10-at-18.15.20-2-768x394.jpeg 768w, https:\/\/lecercleetlecarre.fr\/wp-content\/uploads\/2026\/03\/WhatsApp-Image-2026-03-10-at-18.15.20-2-676x347.jpeg 676w, https:\/\/lecercleetlecarre.fr\/wp-content\/uploads\/2026\/03\/WhatsApp-Image-2026-03-10-at-18.15.20-2.jpeg 1061w\" sizes=\"auto, (max-width: 1024px) 100vw, 1024px\" \/><\/figure>\n\n\n\n<p><\/p>\n\n\n\n<h2 class=\"wp-block-heading\">Prometteur<\/h2>\n\n\n\n<p>Par ce souffle nouveau, ce congr\u00e8s a su <strong>redynamiser la communaut\u00e9<\/strong> apr\u00e8s une p\u00e9riode Covid qui en avait perturb\u00e9 plus d&#8217;un, ce qui annonce un renouveau des plus prometteurs ! La direction a \u00e9t\u00e9 clairement indiqu\u00e9e par les diff\u00e9rent(e)s intervenant(e)s du congr\u00e8s : reconna\u00eetre et tirer les cons\u00e9quences correspondantes de <strong>l&#8217;essence spirituelle du Reiki<\/strong>, ce qui m\u00e8ne au paradoxe de la spiritualit\u00e9 : <strong>plus on progresse spirituellement et moins ce que l&#8217;on a \u00e0 transmettre est attrayant et s\u00e9duisant<\/strong>&#8230; puisque le <strong>travail r\u00e9el sur soi que l&#8217;on demande est de plus en plus exigeant<\/strong> ! Le Reiki peut de fa\u00e7on surprenante \u00eatre <strong><a href=\"https:\/\/lecercleetlecarre.fr\/index.php\/faut-il-avoir-peur-du-reiki\/\">per\u00e7u de fa\u00e7on antagoniste<\/a>, malgr\u00e9 son message d&#8217;Amour Inconditionnel<\/strong>, notamment par certaines confessions religieuses : au Portugal, c&#8217;est une approche de <strong><a href=\"https:\/\/lecercleetlecarre.fr\/index.php\/questions-frequentes-sur-le-reiki\/\">fr\u00e9quentation ouverte<\/a><\/strong>, anim\u00e9e par un dialogue religieux constant qui a permis de <strong>passer de la m\u00e9fiance \u00e0 l&#8217;acceptation<\/strong> (voir la photo ci-dessous de Jo\u0101o et moi). Ceci nous am\u00e8ne \u00e0 nous poser la question de savoir quelle est la <strong>boussole \u00e9thique<\/strong> qui nous est n\u00e9cessaire pour nos orienter dans notre vie conform\u00e9ment au Reiki, et cette boussole est \u00e9videmment constitu\u00e9e par les <strong>5 pr\u00e9ceptes (Gokai)<\/strong>, destin\u00e9s \u00e0 <strong>nous aider \u00e0 cheminer<\/strong> et qui constituent un formidable outil de clarification tant de nos objectifs que de l&#8217;action.<\/p>\n\n\n<div class=\"wp-block-image\">\n<figure class=\"aligncenter size-large is-resized\"><img loading=\"lazy\" decoding=\"async\" width=\"1024\" height=\"886\" src=\"https:\/\/lecercleetlecarre.fr\/wp-content\/uploads\/2026\/03\/WhatsApp-Image-2026-03-08-at-08.31.39-1024x886.jpeg\" alt=\"\" class=\"wp-image-5257\" style=\"width:407px;height:auto\" srcset=\"https:\/\/lecercleetlecarre.fr\/wp-content\/uploads\/2026\/03\/WhatsApp-Image-2026-03-08-at-08.31.39-1024x886.jpeg 1024w, https:\/\/lecercleetlecarre.fr\/wp-content\/uploads\/2026\/03\/WhatsApp-Image-2026-03-08-at-08.31.39-300x260.jpeg 300w, https:\/\/lecercleetlecarre.fr\/wp-content\/uploads\/2026\/03\/WhatsApp-Image-2026-03-08-at-08.31.39-768x665.jpeg 768w, https:\/\/lecercleetlecarre.fr\/wp-content\/uploads\/2026\/03\/WhatsApp-Image-2026-03-08-at-08.31.39-676x585.jpeg 676w, https:\/\/lecercleetlecarre.fr\/wp-content\/uploads\/2026\/03\/WhatsApp-Image-2026-03-08-at-08.31.39.jpeg 1536w\" sizes=\"auto, (max-width: 1024px) 100vw, 1024px\" \/><\/figure>\n<\/div>\n\n\n<p><\/p>\n\n\n\n<p>Le <strong>Reiki<\/strong> n&#8217;est pas exclusivement une pratique \u00e0 aborder sous l&#8217;angle spirituel : c&#8217;est aussi <strong>une pratique que l&#8217;on peut interroger sous l&#8217;angle manag\u00e9rial, sous l&#8217;angle anthropologique et sous l&#8217;angle m\u00e9dical<\/strong>, autrement dit sous <strong><a href=\"https:\/\/lecercleetlecarre.fr\/index.php\/reiki-bases-scientifiques-et-ou-spirituelles\/\">des angles volontairement scientifiques<\/a><\/strong>, comme en t\u00e9moigne par exemple le projet international <em><a href=\"https:\/\/research.reiki.world\/\"><strong>World Reiki Research<\/strong><\/a><\/em>. Une <strong>ethnographie<\/strong> d&#8217;un voyage touristique et spirituel sur le mont Kurama (berceau de l&#8217;exp\u00e9rience spirituelle de Mikao Usui) permet de prendre conscience de la <strong>dimension collective et sociale de notre pratique<\/strong>. Cette derni\u00e8re peut \u00eatre appliqu\u00e9e cliniquement \u00e0 l&#8217;h\u00f4pital, d&#8217;une part pour <strong>aider les personnels soignants dans leur quotidien des plus stressants et exigeants<\/strong> conform\u00e9ment \u00e0 une exp\u00e9rimentation italienne, mais \u00e9galement en accompagnant les <strong>patients en oncologie<\/strong>, avec une am\u00e9lioration de la qualit\u00e9 de vie et un impact positif mesurable sur certains sympt\u00f4mes, conform\u00e9ment \u00e0 une projet th\u00e9rapeutique men\u00e9 en Suisse.<\/p>\n\n\n<div class=\"wp-block-image\">\n<figure class=\"aligncenter size-full is-resized\"><img loading=\"lazy\" decoding=\"async\" width=\"926\" height=\"990\" src=\"https:\/\/lecercleetlecarre.fr\/wp-content\/uploads\/2026\/03\/WhatsApp-Image-2026-03-31-at-18.46.03.jpeg\" alt=\"\" class=\"wp-image-5284\" style=\"width:589px;height:auto\" srcset=\"https:\/\/lecercleetlecarre.fr\/wp-content\/uploads\/2026\/03\/WhatsApp-Image-2026-03-31-at-18.46.03.jpeg 926w, https:\/\/lecercleetlecarre.fr\/wp-content\/uploads\/2026\/03\/WhatsApp-Image-2026-03-31-at-18.46.03-281x300.jpeg 281w, https:\/\/lecercleetlecarre.fr\/wp-content\/uploads\/2026\/03\/WhatsApp-Image-2026-03-31-at-18.46.03-768x821.jpeg 768w, https:\/\/lecercleetlecarre.fr\/wp-content\/uploads\/2026\/03\/WhatsApp-Image-2026-03-31-at-18.46.03-676x723.jpeg 676w\" sizes=\"auto, (max-width: 926px) 100vw, 926px\" \/><\/figure>\n<\/div>\n\n\n<p><\/p>\n\n\n\n<p>Un point historiquement important est de <strong>bien prendre la mesure de tout ce que les femmes ont fait pour la pr\u00e9servation et la transmission du Reiki<\/strong> : Koyama sensei (redynamisation de la Gakkai et du &#8220;Reiki japonais&#8221;), Chie Hayashi (veuve d&#8217;Hayashi sensei) et Chiyoko Yamaguchi (transmission du Jikiden Reiki), Hawayo Takata (transmission fondamentale du Reiki en occident et source de l&#8217;enseignement re\u00e7u par plus de 90% des pratiquants de Reiki dans le monde)&#8230; et bien d&#8217;autres (dont nos ch\u00e8res organisatrices que vous pouvez voir dans l&#8217;image ci-dessus) ! Elles ont toutes \u00e9t\u00e9<strong>d&#8217;inestimables &#8220;points de connexion&#8221;, des \u00e9l\u00e9ments structurants et indispensables de la pr\u00e9servation et de la transmission du Reiki Usui dans le monde<\/strong>, favorisant ainsi <strong>&#8220;<em>l&#8217;\u00eatre ensemble dans le Reiki<\/em>&#8220;, o\u00f9 chacun a sa place, o\u00f9 le Reiki est pour toutes et tous<\/strong>.<\/p>\n\n\n<div class=\"wp-block-image\">\n<figure class=\"aligncenter size-large is-resized\"><img loading=\"lazy\" decoding=\"async\" width=\"1024\" height=\"576\" src=\"https:\/\/lecercleetlecarre.fr\/wp-content\/uploads\/2026\/03\/WhatsApp-Image-2026-03-08-at-21.22.53-1024x576.jpeg\" alt=\"\" class=\"wp-image-5247\" style=\"width:708px;height:auto\" srcset=\"https:\/\/lecercleetlecarre.fr\/wp-content\/uploads\/2026\/03\/WhatsApp-Image-2026-03-08-at-21.22.53-1024x576.jpeg 1024w, https:\/\/lecercleetlecarre.fr\/wp-content\/uploads\/2026\/03\/WhatsApp-Image-2026-03-08-at-21.22.53-300x169.jpeg 300w, https:\/\/lecercleetlecarre.fr\/wp-content\/uploads\/2026\/03\/WhatsApp-Image-2026-03-08-at-21.22.53-768x432.jpeg 768w, https:\/\/lecercleetlecarre.fr\/wp-content\/uploads\/2026\/03\/WhatsApp-Image-2026-03-08-at-21.22.53-1536x864.jpeg 1536w, https:\/\/lecercleetlecarre.fr\/wp-content\/uploads\/2026\/03\/WhatsApp-Image-2026-03-08-at-21.22.53-676x380.jpeg 676w, https:\/\/lecercleetlecarre.fr\/wp-content\/uploads\/2026\/03\/WhatsApp-Image-2026-03-08-at-21.22.53.jpeg 2048w\" sizes=\"auto, (max-width: 1024px) 100vw, 1024px\" \/><\/figure>\n<\/div>\n\n\n<p><\/p>\n\n\n\n<p>Sur ces bases, l&#8217;assistance a finalement pu poser des questions pl\u00e9ni\u00e8res aux intervenant(e)s r\u00e9unis en <strong>Table Ronde de cl\u00f4ture<\/strong>, r\u00e9pondant toutes et tous successivement \u00e0 la question pos\u00e9e, afin de <strong>partager leurs exp\u00e9riences et id\u00e9es autour de &#8220;<em>La contribution d\u2019Usui Sensei et du Reiki \u00e0 la civilisation : pass\u00e9, pr\u00e9sent et futur<\/em>&#8220;<\/strong>. Si les diff\u00e9rents protagonistes n&#8217;ont pas r\u00e9ellement \u00e9t\u00e9 &#8220;visionnaires&#8221; (au sens o\u00f9 ils n&#8217;ont pas propos\u00e9 un unique futur de fa\u00e7on volontariste et unilat\u00e9rale), ils ont au contraire esquiss\u00e9s <strong>des voies vari\u00e9es mais concordantes de construire notre avenir en commun, dans la grande famille du Reiki Usui !<\/strong> Ce congr\u00e8s restera indubitablement dans les annales comme un <strong>tr\u00e8s beau congr\u00e8s fondateur<\/strong>. La suite&#8230; dans deux ans ? On esp\u00e8re vous y voir nombreuses et nombreux !<\/p>\n\n\n\n<figure class=\"wp-block-image size-large is-style-rounded\"><img loading=\"lazy\" decoding=\"async\" width=\"1024\" height=\"384\" src=\"https:\/\/lecercleetlecarre.fr\/wp-content\/uploads\/2026\/03\/WhatsApp-Image-2026-03-10-at-18.23.36-1024x384.jpeg\" alt=\"\" class=\"wp-image-5249\" srcset=\"https:\/\/lecercleetlecarre.fr\/wp-content\/uploads\/2026\/03\/WhatsApp-Image-2026-03-10-at-18.23.36-1024x384.jpeg 1024w, https:\/\/lecercleetlecarre.fr\/wp-content\/uploads\/2026\/03\/WhatsApp-Image-2026-03-10-at-18.23.36-300x112.jpeg 300w, https:\/\/lecercleetlecarre.fr\/wp-content\/uploads\/2026\/03\/WhatsApp-Image-2026-03-10-at-18.23.36-768x288.jpeg 768w, https:\/\/lecercleetlecarre.fr\/wp-content\/uploads\/2026\/03\/WhatsApp-Image-2026-03-10-at-18.23.36-1536x576.jpeg 1536w, https:\/\/lecercleetlecarre.fr\/wp-content\/uploads\/2026\/03\/WhatsApp-Image-2026-03-10-at-18.23.36-676x253.jpeg 676w, https:\/\/lecercleetlecarre.fr\/wp-content\/uploads\/2026\/03\/WhatsApp-Image-2026-03-10-at-18.23.36.jpeg 1579w\" sizes=\"auto, (max-width: 1024px) 100vw, 1024px\" \/><\/figure>\n","protected":false},"excerpt":{"rendered":"<p>L&#8217;association SwissReiki et Usui Reiki Verein ont organis\u00e9, d\u00e9but mars, un magnifique congr\u00e8s Reiki \u00e0 Yverdon en Suisse, que tous les participants ont grandement appr\u00e9ci\u00e9 : un programme de haut &hellip; <a href=\"https:\/\/lecercleetlecarre.fr\/index.php\/yverdon-2026-retour-sur-un-congres-reiki-inspirant-et-prometteur\/\" class=\"more-link\">Lire la suite de <span class=\"screen-reader-text\">Yverdon 2026 : retours sur un congr\u00e8s Reiki inspirant et prometteur !<\/span><\/a><\/p>\n","protected":false},"author":3,"featured_media":0,"parent":0,"menu_order":0,"comment_status":"closed","ping_status":"closed","template":"","meta":{"_s2mail":"yes","_EventAllDay":false,"_EventTimezone":"","_EventStartDate":"","_EventEndDate":"","_EventStartDateUTC":"","_EventEndDateUTC":"","_EventShowMap":false,"_EventShowMapLink":false,"_EventURL":"","_EventCost":"","_EventCostDescription":"","_EventCurrencySymbol":"","_EventCurrencyCode":"","_EventCurrencyPosition":"","_EventDateTimeSeparator":"","_EventTimeRangeSeparator":"","_EventOrganizerID":[],"_EventVenueID":[],"_OrganizerEmail":"","_OrganizerPhone":"","_OrganizerWebsite":"","_VenueAddress":"","_VenueCity":"","_VenueCountry":"","_VenueProvince":"","_VenueState":"","_VenueZip":"","_VenuePhone":"","_VenueURL":"","_VenueStateProvince":"","_VenueLat":"","_VenueLng":"","_VenueShowMap":false,"_VenueShowMapLink":false,"footnotes":""},"class_list":["post-5238","page","type-page","status-publish","hentry"],"_links":{"self":[{"href":"https:\/\/lecercleetlecarre.fr\/index.php\/wp-json\/wp\/v2\/pages\/5238","targetHints":{"allow":["GET"]}}],"collection":[{"href":"https:\/\/lecercleetlecarre.fr\/index.php\/wp-json\/wp\/v2\/pages"}],"about":[{"href":"https:\/\/lecercleetlecarre.fr\/index.php\/wp-json\/wp\/v2\/types\/page"}],"author":[{"embeddable":true,"href":"https:\/\/lecercleetlecarre.fr\/index.php\/wp-json\/wp\/v2\/users\/3"}],"replies":[{"embeddable":true,"href":"https:\/\/lecercleetlecarre.fr\/index.php\/wp-json\/wp\/v2\/comments?post=5238"}],"version-history":[{"count":41,"href":"https:\/\/lecercleetlecarre.fr\/index.php\/wp-json\/wp\/v2\/pages\/5238\/revisions"}],"predecessor-version":[{"id":5313,"href":"https:\/\/lecercleetlecarre.fr\/index.php\/wp-json\/wp\/v2\/pages\/5238\/revisions\/5313"}],"wp:attachment":[{"href":"https:\/\/lecercleetlecarre.fr\/index.php\/wp-json\/wp\/v2\/media?parent=5238"}],"curies":[{"name":"wp","href":"https:\/\/api.w.org\/{rel}","templated":true}]}}