{"id":60,"date":"2018-11-17T01:06:42","date_gmt":"2018-11-17T00:06:42","guid":{"rendered":"https:\/\/lecercleetlecarre.wordpress.com\/?page_id=60"},"modified":"2020-06-24T15:37:59","modified_gmt":"2020-06-24T13:37:59","slug":"f-a-q","status":"publish","type":"page","link":"https:\/\/lecercleetlecarre.fr\/index.php\/f-a-q\/","title":{"rendered":"Questions fr\u00e9quentes sur notre style de T\u00e0ij\u00edqu\u00e1n"},"content":{"rendered":"\n<ul class=\"wp-block-list\"><li>Q1 : le site de l\u2019Association\u00a0<strong>le Cercle et le Carr\u00e9<\/strong>\u00a0met en avant le\u00a0<strong><a href=\"https:\/\/lecercleetlecarre.fr\/index.php\/taijiquan\/\">T\u00e0ij\u00edqu\u00e1n<\/a><\/strong>\u00a0<strong>de style Y\u00e1ng<\/strong>\u00a0(\u694a\u6c0f\u592a\u6975\u62f3), ainsi que\u00a0<strong>l\u2019\u00e9cole YMAA<\/strong>\u00a0de\u00a0<strong><a href=\"https:\/\/ymaa.com\/publishing\/author\/dr-yang-jwing-ming\">Y\u00e1ng\u00a0Jwing-Ming<\/a><\/strong>\u00a0(\u694a\u4fca\u654f). Puisqu\u2019il s\u2019agit du m\u00eame id\u00e9ogramme\u00a0(\u694a, Y\u00e1ng) dans les deux cas, le style Y\u00e1ng de T\u00e0ij\u00edqu\u00e1n enseign\u00e9 par la YMAA Paris Nord n\u2019est-il, en fait, que le\u00a0<strong>style propre \u00e0 Ma\u00eetre\u00a0Y\u00e1ng ?\u00a0<\/strong>Ce style n&#8217;est-il que sa propre cr\u00e9ation ?<\/li><\/ul>\n\n\n\n<p class=\"has-text-align-center\"><strong>Et bien non ! C&#8217;est un style traditionnel<\/strong><\/p>\n\n\n\n<p>Mais pour expliquer pourquoi, commen\u00e7ons par revenir sur la signification du caract\u00e8re \u694a (<strong>y\u00e1ng<\/strong>). Il d\u00e9signe un arbre : <strong>le peuplier<\/strong>. La plupart des noms de familles chinois ont \u00e9t\u00e9 choisis en fonction d&#8217;\u00e9l\u00e9ments naturels et le patronyme Y\u00e1ng (\u694a) ne fait pas exception. Il est vrai que ce qui &#8220;peut plier&#8221; est toujours un bel avantage pour la pratique souple et ronde du&nbsp;T\u00e0ij\u00edqu\u00e1n&#8230;&nbsp;<\/p>\n\n\n\n<p><strong>En chinois<\/strong>, il y a en fait relativement <strong>peu de noms de famille diff\u00e9rents<\/strong> (un h\u00e9ritage des clans) malgr\u00e9 la forte population et il n&#8217;est pas rare que l&#8217;essentiel des personnes d&#8217;un village portent tous le m\u00eame nom de famille (c&#8217;\u00e9tait le cas, par exemple, du village de naissance de Ma\u00eetre Y\u00e1ng, qui s&#8217;appelait tout naturellement &#8220;village Y\u00e1ng&#8221; !). <strong>Tout comme<\/strong> <strong>en Fran\u00e7ais<\/strong> quand on parle des <strong>Martin, Durand ou Dupont<\/strong>, ils ne sont pas n\u00e9cessairement tous des parents directs. Le nom &#8220;Y\u00e1ng&#8221; est simplement tr\u00e8s courant, tout comme le sont les patronymes&nbsp;L\u01d0 (\u674e) ou Li\u00fa (\u5289) en chinois, ou encore <strong>Smith ou Johnson en anglais<\/strong>.<\/p>\n\n\n\n<p>Le style pratiqu\u00e9 par&nbsp;<strong><a rel=\"noreferrer noopener\" href=\"https:\/\/lecercleetlecarre.fr\/index.php\/lecole-de-maitre-yang-ymaa\/\" target=\"_blank\">Y\u00e1ng Jwing-Ming<\/a> <\/strong>(\u694a\u4fca\u654f) est <strong>directement issu du style martial de la c\u00e9l\u00e8bre famille&nbsp;Y\u00e1ng de&nbsp;T\u00e0ij\u00edqu\u00e1n<\/strong> (voir la <a href=\"https:\/\/legacy.ymaa.com\/articles\/ymaa-taijiquan-lineage\">lign\u00e9e de transmission jusqu&#8217;\u00e0 Ma\u00eetre Y\u00e1ng<\/a>). <\/p>\n\n\n\n<div class=\"wp-block-image\"><figure class=\"aligncenter size-large is-resized\"><img loading=\"lazy\" decoding=\"async\" src=\"https:\/\/lecercleetlecarre.fr\/wp-content\/uploads\/2020\/02\/YMAA-PN-Logo-mini.jpg\" alt=\"\" class=\"wp-image-1966\" width=\"94\" height=\"146\" srcset=\"https:\/\/lecercleetlecarre.fr\/wp-content\/uploads\/2020\/02\/YMAA-PN-Logo-mini.jpg 300w, https:\/\/lecercleetlecarre.fr\/wp-content\/uploads\/2020\/02\/YMAA-PN-Logo-mini-193x300.jpg 193w\" sizes=\"auto, (max-width: 94px) 100vw, 94px\" \/><\/figure><\/div>\n\n\n\n<ul class=\"wp-block-list\"><li>Q2 : Quel est <strong>l&#8217;int\u00e9r\u00eat d&#8217;apprendre la forme martiale plut\u00f4t qu&#8217;une forme de sant\u00e9<\/strong>, surtout si l&#8217;on ne souhaite pas utiliser le <strong><a rel=\"noreferrer noopener\" href=\"https:\/\/lecercleetlecarre.fr\/index.php\/taijiquan\/\" target=\"_blank\">T\u00e0ij\u00edqu\u00e1n<\/a><\/strong> pour se d\u00e9fendre ?<\/li><\/ul>\n\n\n\n<p class=\"has-text-align-center\"><strong>La forme martiale est bien meilleure pour la sant\u00e9 !!!<\/strong><\/p>\n\n\n\n<p>Le mot cl\u00e9 \u00e0 bien comprendre est &#8220;<strong>martial<\/strong>&#8221; : un art martial doit nous aider \u00e0 <strong>survivre sur un champ de bataille<\/strong>, ce qui semble bien loin d&#8217;une simple &#8220;promenade de sant\u00e9&#8221; ! Mais <strong>qui peut le plus, peut le moins<\/strong>&#8230;<\/p>\n\n\n\n<p>Tout ce qui est profond n\u00e9cessite un investissement r\u00e9el en temps et en \u00e9nergie, c&#8217;est d&#8217;ailleurs cela que l&#8217;on nomme Kungfu\u00a0(\u529f\u592b, g\u014dngfu). <strong>Les r\u00e9sultats sont \u00e0 la hauteur du s\u00e9rieux de votre investissement<\/strong>, si l&#8217;on vous guide correctement sur la voie. Alors, graduellement, les <strong>aspects purement physiques et m\u00e9caniques<\/strong> s&#8217;estompent pour laisser la place au fait de <strong>se cultiver soi-m\u00eame<\/strong>, \u00e0 la <strong>Paix int\u00e9rieure<\/strong>, c&#8217;est-\u00e0-dire faire place au <strong>d\u00e9veloppement spirituel de votre \u00eatre<\/strong>, qui est bien au-del\u00e0 d&#8217;un apprentissage de la relaxation dans le mouvement, mais qui commence bien par <strong>la relaxation dans le mouvement<\/strong>.<\/p>\n\n\n\n<p>Si les pratiques lentes sont essentielles pour <strong>savourer la D\u00e9tente et la Souplesse<\/strong>, former le corps et la circulation \u00e9nerg\u00e9tique du d\u00e9butant (ce qui est <strong>excellent pour sa sant\u00e9, son \u00e9quilibre et ses articulations<\/strong>), on ne s&#8217;arr\u00eatera cependant pas, en Art Martial, \u00e0 une simple &#8220;<strong><em>forme de sant\u00e9<\/em><\/strong>&#8221; (gymnastique douce) ! En effet, la perspective de survivre \u00e0 un combat n\u00e9cessite bien plus de qualit\u00e9s : \u00eatre souple\/flexible, rapide\/mobile, endurant\/efficient dans ses mouvements. La &#8220;<strong><em>forme martiale<\/em><\/strong>&#8221; est ainsi bien plus exigeante que la forme de sant\u00e9&#8230; mais ses <strong>bienfaits<\/strong> sont \u00e9galement <strong>nettement sup\u00e9rieurs et plus profonds pour la sant\u00e9 !<\/strong><\/p>\n\n\n\n<p>Bref, m\u00eame si l&#8217;aspect martial du\u00a0T\u00e0ij\u00edqu\u00e1n n&#8217;est pas ce qui vous int\u00e9resse le plus et que vous souhaitez privil\u00e9gier <strong>le maintien et l&#8217;am\u00e9lioration de votre sant\u00e9<\/strong>, il sera cependant encore plus b\u00e9n\u00e9fique de <strong>pratiquer la forme martiale<\/strong> (justement <strong>celle issue du fondateur du style Y\u00e1ng<\/strong> et <strong>celle enseign\u00e9e par l&#8217;\u00e9cole cr\u00e9e par Ma\u00eetre\u00a0Y\u00e1ng<\/strong>, la YMAA)&#8230; que l&#8217;une des nombreuses &#8220;formes de sant\u00e9&#8221; qui a ont souvent \u00e9t\u00e9 tr\u00e8s all\u00e9g\u00e9es et simplifi\u00e9es, ce qui en facilite cependant l&#8217;acc\u00e8s aux tout d\u00e9butants. Le style de\u00a0T\u00e0ij\u00edqu\u00e1n enseign\u00e9 par la YMAA est <strong>un style martial, classique et traditionnel<\/strong>, cherchant \u00e0 pr\u00e9server les racines de l&#8217;art, sans ajout de la moindre fioriture moderne et en cherchant toujours \u00e0 <strong>remonter au plus pr\u00e8s de la source<\/strong>.<\/p>\n\n\n\n<p>La forme martiale du T\u00e0ij\u00edqu\u00e1n inclut notamment un certain nombres d&#8217;<strong>\u00e9ducatifs ludiques et souples<\/strong> (et en g\u00e9n\u00e9ral assez addictifs&#8230;) comme les <strong>pouss\u00e9es de main<\/strong> : essayez, vous ne serez pas d\u00e9\u00e7u ! En plus d&#8217;\u00eatre amusant quand on fait du <strong>Centrage<\/strong>, c&#8217;est <strong>excellent pour le dos, les articulations et la relaxation profonde<\/strong>.<\/p>\n\n\n\n<div class=\"wp-block-image\"><figure class=\"aligncenter size-large is-resized\"><img loading=\"lazy\" decoding=\"async\" src=\"https:\/\/lecercleetlecarre.fr\/wp-content\/uploads\/2020\/02\/YMAA-PN-Logo-mini.jpg\" alt=\"\" class=\"wp-image-1966\" width=\"100\" height=\"156\" srcset=\"https:\/\/lecercleetlecarre.fr\/wp-content\/uploads\/2020\/02\/YMAA-PN-Logo-mini.jpg 300w, https:\/\/lecercleetlecarre.fr\/wp-content\/uploads\/2020\/02\/YMAA-PN-Logo-mini-193x300.jpg 193w\" sizes=\"auto, (max-width: 100px) 100vw, 100px\" \/><\/figure><\/div>\n","protected":false},"excerpt":{"rendered":"<p>Q1 : le site de l\u2019Association\u00a0le Cercle et le Carr\u00e9\u00a0met en avant le\u00a0T\u00e0ij\u00edqu\u00e1n\u00a0de style Y\u00e1ng\u00a0(\u694a\u6c0f\u592a\u6975\u62f3), ainsi que\u00a0l\u2019\u00e9cole YMAA\u00a0de\u00a0Y\u00e1ng\u00a0Jwing-Ming\u00a0(\u694a\u4fca\u654f). Puisqu\u2019il s\u2019agit du m\u00eame id\u00e9ogramme\u00a0(\u694a, Y\u00e1ng) dans les deux cas, le style &hellip; <a href=\"https:\/\/lecercleetlecarre.fr\/index.php\/f-a-q\/\" class=\"more-link\">Lire la suite de <span class=\"screen-reader-text\">Questions fr\u00e9quentes sur notre style de T\u00e0ij\u00edqu\u00e1n<\/span><\/a><\/p>\n","protected":false},"author":1,"featured_media":49,"parent":0,"menu_order":0,"comment_status":"closed","ping_status":"closed","template":"","meta":{"_s2mail":"yes","_EventAllDay":false,"_EventTimezone":"","_EventStartDate":"","_EventEndDate":"","_EventStartDateUTC":"","_EventEndDateUTC":"","_EventShowMap":false,"_EventShowMapLink":false,"_EventURL":"","_EventCost":"","_EventCostDescription":"","_EventCurrencySymbol":"","_EventCurrencyCode":"","_EventCurrencyPosition":"","_EventDateTimeSeparator":"","_EventTimeRangeSeparator":"","_EventOrganizerID":[],"_EventVenueID":[],"_OrganizerEmail":"","_OrganizerPhone":"","_OrganizerWebsite":"","_VenueAddress":"","_VenueCity":"","_VenueCountry":"","_VenueProvince":"","_VenueState":"","_VenueZip":"","_VenuePhone":"","_VenueURL":"","_VenueStateProvince":"","_VenueLat":"","_VenueLng":"","_VenueShowMap":false,"_VenueShowMapLink":false,"footnotes":""},"class_list":["post-60","page","type-page","status-publish","has-post-thumbnail","hentry"],"_links":{"self":[{"href":"https:\/\/lecercleetlecarre.fr\/index.php\/wp-json\/wp\/v2\/pages\/60","targetHints":{"allow":["GET"]}}],"collection":[{"href":"https:\/\/lecercleetlecarre.fr\/index.php\/wp-json\/wp\/v2\/pages"}],"about":[{"href":"https:\/\/lecercleetlecarre.fr\/index.php\/wp-json\/wp\/v2\/types\/page"}],"author":[{"embeddable":true,"href":"https:\/\/lecercleetlecarre.fr\/index.php\/wp-json\/wp\/v2\/users\/1"}],"replies":[{"embeddable":true,"href":"https:\/\/lecercleetlecarre.fr\/index.php\/wp-json\/wp\/v2\/comments?post=60"}],"version-history":[{"count":11,"href":"https:\/\/lecercleetlecarre.fr\/index.php\/wp-json\/wp\/v2\/pages\/60\/revisions"}],"predecessor-version":[{"id":2259,"href":"https:\/\/lecercleetlecarre.fr\/index.php\/wp-json\/wp\/v2\/pages\/60\/revisions\/2259"}],"wp:featuredmedia":[{"embeddable":true,"href":"https:\/\/lecercleetlecarre.fr\/index.php\/wp-json\/wp\/v2\/media\/49"}],"wp:attachment":[{"href":"https:\/\/lecercleetlecarre.fr\/index.php\/wp-json\/wp\/v2\/media?parent=60"}],"curies":[{"name":"wp","href":"https:\/\/api.w.org\/{rel}","templated":true}]}}