{"id":78,"date":"2018-11-17T01:21:55","date_gmt":"2018-11-17T00:21:55","guid":{"rendered":"https:\/\/lecercleetlecarre.wordpress.com\/?page_id=78"},"modified":"2020-10-26T14:16:21","modified_gmt":"2020-10-26T13:16:21","slug":"reiki","status":"publish","type":"page","link":"https:\/\/lecercleetlecarre.fr\/index.php\/reiki\/","title":{"rendered":"Reiki (\u9748\u6c23)"},"content":{"rendered":"\n<p>Le <strong>Reiki <\/strong>(\u970a\u6c17, en graphie moderne ; \u9748\u6c23, en graphie traditionnelle) est un <strong>une m\u00e9thode et une discipline \u00e9nerg\u00e9tique et spirituelle <\/strong>d&#8217;origine japonaise, qui s&#8217;est d\u00e9velopp\u00e9e \u00e0 partir des ann\u00e9es 1920 (cliquer ici pour d\u00e9couvrir un peu <a href=\"https:\/\/lecercleetlecarre.fr\/index.php\/un-peu-dhistoire\/\">l&#8217;histoire du Reiki<\/a>).<\/p>\n\n\n\n<p class=\"has-white-color has-vivid-purple-background-color has-text-color has-background\">Le<strong> Reiki<\/strong> a pour but <strong>le d\u00e9veloppement et la gu\u00e9rison spirituels<\/strong>, au moyen d&#8217;<strong>une \u00e9nergie d&#8217;Amour que l&#8217;on partage et que l&#8217;on transmet<\/strong>. <\/p>\n\n\n\n<p class=\"has-vivid-red-color has-text-color\">Il se pratique, le plus souvent, en <strong>posant ses mains (\u00e0 pleines mains et de fa\u00e7on douce et l\u00e9g\u00e8re) \u00e0 une douzaine d&#8217;endroits sp\u00e9cifiques<\/strong>, sur son propre corps ou sur le corps d&#8217;un receveur, allong\u00e9 sur une table de massage ou assis sur une chaise ; les praticiens de Reiki ont normalement tous et toujours <strong><span style=\"text-decoration: underline;\">les mains chaudes<\/span><\/strong> (voire tr\u00e8s chaudes, en fonction de leur niveau d&#8217;avancement, usuellement \u00e9valu\u00e9 en 6 classes ou t\u014d) et <strong><span style=\"text-decoration: underline;\">la sensation est agr\u00e9able et rapidement apaisante<\/span><\/strong>. Il s&#8217;ensuit une <strong>relaxation <\/strong>du Corps, du C\u0153ur et de l&#8217;Esprit, produisant une forme de <strong>bien-\u00eatre<\/strong>, propice \u00e0 la gu\u00e9rison (stimulation de vos capacit\u00e9s d&#8217;autogu\u00e9rison) et \u00e0 l&#8217;\u00e9volution spirituelle. <\/p>\n\n\n\n<figure class=\"wp-block-image\"><img loading=\"lazy\" decoding=\"async\" width=\"1024\" height=\"627\" src=\"https:\/\/lecercleetlecarre.fr\/wp-content\/uploads\/2018\/11\/hand-open-light-bear-love-finger-1207555-pxhere-com-1024x627.jpg\" alt=\"\" class=\"wp-image-39\" srcset=\"https:\/\/lecercleetlecarre.fr\/wp-content\/uploads\/2018\/11\/hand-open-light-bear-love-finger-1207555-pxhere-com-1024x627.jpg 1024w, https:\/\/lecercleetlecarre.fr\/wp-content\/uploads\/2018\/11\/hand-open-light-bear-love-finger-1207555-pxhere-com-300x184.jpg 300w, https:\/\/lecercleetlecarre.fr\/wp-content\/uploads\/2018\/11\/hand-open-light-bear-love-finger-1207555-pxhere-com-768x470.jpg 768w, https:\/\/lecercleetlecarre.fr\/wp-content\/uploads\/2018\/11\/hand-open-light-bear-love-finger-1207555-pxhere-com-676x414.jpg 676w\" sizes=\"auto, (max-width: 1024px) 100vw, 1024px\" \/><figcaption>Allumer une petite flamme, plut\u00f4t que de maudire continuellement l&#8217;obscurit\u00e9&#8230; <\/figcaption><\/figure>\n\n\n\n<p>Fond\u00e9 sur <strong>l&#8217;Amour inconditionnel<\/strong>, le <strong>Reiki<\/strong> ne donne cependant aucun pouvoir sur qui que ce soit (<a rel=\"noreferrer noopener\" href=\"https:\/\/lecercleetlecarre.fr\/index.php\/faut-il-avoir-peur-du-reiki\/\" target=\"_blank\">ni secte, ni gourou<\/a>), si ce n&#8217;est celui d&#8217;accompagner celles et ceux qui le souhaitent dans <strong>un soin spirituel relaxant<\/strong>, permettant le d\u00e9veloppement personnel. <strong>Le Reiki fait du bien<\/strong>, mais il n&#8217;est cependant <em><strong>pas<\/strong><\/em><strong> <\/strong><em><strong>consid\u00e9r\u00e9 en France comme une pratique m\u00e9dicale<\/strong><\/em>, pas plus du temps de son fondateur (Mikao Usui, au Japon) que de nos jours ici : il s&#8217;agit simplement d&#8217;une pratique spirituelle. En France, contrairement \u00e0 la Suisse ou aux \u00c9tats-Unis par exemple, c&#8217;est la m\u00e9decine occidentale qui est la seule reconnue l\u00e9galement et qui poss\u00e8de juridiquement le monopole sur toutes les pratiques m\u00e9dicales ; <strong>en cas de probl\u00e8me de sant\u00e9, c&#8217;est donc son m\u00e9decin traitant qu&#8217;il faut consulter<\/strong> <strong>l\u00e9galement<\/strong>. <strong>Nous dirigeons toute personne qui semblerait avoir besoin de soins psychologiques et\/ou m\u00e9dicaux vers un professionnel de sant\u00e9 comp\u00e9tent<\/strong>. Le Reiki r\u00e9pond \u00e0 d&#8217;autres besoins.<\/p>\n\n\n\n<div class=\"wp-block-image\"><figure class=\"aligncenter is-resized\"><img loading=\"lazy\" decoding=\"async\" src=\"https:\/\/lecercleetlecarre.fr\/wp-content\/uploads\/2019\/09\/reiki-chat.jpg\" alt=\"\" class=\"wp-image-1386\" width=\"356\" height=\"279\" srcset=\"https:\/\/lecercleetlecarre.fr\/wp-content\/uploads\/2019\/09\/reiki-chat.jpg 504w, https:\/\/lecercleetlecarre.fr\/wp-content\/uploads\/2019\/09\/reiki-chat-300x235.jpg 300w\" sizes=\"auto, (max-width: 356px) 100vw, 356px\" \/><figcaption>Image trouv\u00e9e sur Internet : plut\u00f4t que de se concentrer, faites comme le chaton et laissez-vous aller \u00e0 la d\u00e9tente profonde&#8230;<\/figcaption><\/figure><\/div>\n\n\n\n<p>Le Reiki va bien au-del\u00e0 de ces simples b\u00e9n\u00e9fices physiques de <strong>relaxation<\/strong> (<em>1er Degr\u00e9<\/em>)&#8230; il nous permet d&#8217;aller plus loin, afin de <strong>lib\u00e9rer et purifier nos \u00e9motions<\/strong> (<em>2\u00e8me Degr\u00e9<\/em>), d&#8217;ouvrir notre C\u0153ur et notre Esprit \u00e0 notre propre <strong>Spiritualit\u00e9<\/strong> <strong>choisie<\/strong> (<em>3\u00e8me Degr\u00e9<\/em>), ainsi que de <strong>transmettre<\/strong> <strong>l&#8217;essence spirituelle du Reiki<\/strong> <strong>par l&#8217;initiation<\/strong> (<em>4\u00e8me Degr\u00e9<\/em>).<\/p>\n\n\n\n<blockquote class=\"wp-block-quote is-layout-flow wp-block-quote-is-layout-flow\"><p>&#8220;<em>Even the Enlightened ones like Buddha or Jesus understood that themselves were but a small part of a greater divine presence. This divine presence is Reiki. Please don&#8217;t misunderstand Reiki as a healing method for physical ailments. <strong>The basis of Reiki is love and we have to work upon this daily with all of our heart<\/strong><\/em>&#8221; (Conversation with <em>Koyama sensei<\/em>, 1994)<\/p><cite>Frank Arjava PETTER (2012, p. 92-93), <em>This is Reiki<\/em>, Lotus Press<\/cite><\/blockquote>\n\n\n\n<p><strong>L&#8217;essence du Reiki<\/strong>, c&#8217;est justement <strong><em>l&#8217;\u00e9tat de C\u0153ur<\/em> <\/strong>: l&#8217;\u00e9tat d&#8217;<strong>Amour inconditionnel<\/strong>, qui nous porte dans <strong>une d\u00e9marche d&#8217;\u00e9l\u00e9vation de notre Esprit<\/strong>, au-del\u00e0 de l&#8217;humaine condition et plus proche du Ciel, tout en gardant les pieds sur Terre.&nbsp;Un Amour que l&#8217;on souhaite d\u00e9velopper, r\u00e9pandre et partager <strong>pour le bien et le d\u00e9veloppement spirituel de tous<\/strong>.<\/p>\n\n\n\n<div class=\"wp-block-image\"><figure class=\"aligncenter\"><img loading=\"lazy\" decoding=\"async\" width=\"604\" height=\"432\" src=\"https:\/\/lecercleetlecarre.fr\/wp-content\/uploads\/2019\/09\/amour-inconditionnel.jpg\" alt=\"\" class=\"wp-image-1336\" srcset=\"https:\/\/lecercleetlecarre.fr\/wp-content\/uploads\/2019\/09\/amour-inconditionnel.jpg 604w, https:\/\/lecercleetlecarre.fr\/wp-content\/uploads\/2019\/09\/amour-inconditionnel-300x215.jpg 300w\" sizes=\"auto, (max-width: 604px) 100vw, 604px\" \/><\/figure><\/div>\n\n\n\n<p>Si vous souhaitez :<\/p>\n\n\n\n<ul class=\"wp-block-list\"><li> <strong>Participer \u00e0 une initiation \u00e0 l&#8217;un des quatre Degr\u00e9s du Reiki<\/strong> (\u00e0 Paris ou en Alsace)<\/li><li><strong>Recevoir un soin Reiki<\/strong> (en r\u00e9gion parisienne ou dans plusieurs r\u00e9gion de France)<\/li><\/ul>\n\n\n\n<p>&#8230;n&#8217;h\u00e9sitez pas \u00e0 consulter le <a href=\"https:\/\/lecercleetlecarre.fr\/index.php\/events\/\">calendrier des \u00e9v\u00e9nements<\/a> et \u00e0 <strong><em>nous envoyer un message<\/em><\/strong> sur <a rel=\"noreferrer noopener\" href=\"mailto:contact@lecercleetlecarre.fr\" target=\"_blank\">contact@lecercleetlecarre.fr<\/a>, pour que nous puissions <strong>vous renseigner<\/strong> et <strong>vous orienter<\/strong> si vous le souhaitez (notamment vers des praticiens proches de chez vous et form\u00e9s par notre association).<\/p>\n\n\n\n<h4 class=\"wp-block-heading\">Pour en savoir plus :<\/h4>\n\n\n\n<ul class=\"wp-block-list\"><li><a href=\"https:\/\/lecercleetlecarre.fr\/index.php\/un-peu-dhistoire\/\">Un peu d\u2019histoire\u2026<\/a><\/li><li><a href=\"https:\/\/lecercleetlecarre.fr\/index.php\/les-grands-courants-du-reiki-aujourdhui\/\">Les grands courants du Reiki aujourd\u2019hui<\/a><\/li><li><a href=\"https:\/\/lecercleetlecarre.fr\/index.php\/reiki-bases-scientifiques-et-ou-spirituelles\/\">Reiki : des bases scientifiques et\/ou spirituelles ?<\/a><\/li><li><a href=\"https:\/\/lecercleetlecarre.fr\/index.php\/questions-frequentes-sur-le-reiki\/\">5 questions fr\u00e9quentes sur le Reiki<\/a><\/li><li><a href=\"https:\/\/lecercleetlecarre.fr\/index.php\/faut-il-avoir-peur-du-reiki\/\" target=\"_blank\" rel=\"noreferrer noopener\">Faut-il avoir peur du Reiki ?<\/a><\/li><\/ul>\n\n\n\n<p><\/p>\n","protected":false},"excerpt":{"rendered":"<p>Le Reiki (\u970a\u6c17, en graphie moderne ; \u9748\u6c23, en graphie traditionnelle) est un une m\u00e9thode et une discipline \u00e9nerg\u00e9tique et spirituelle d&#8217;origine japonaise, qui s&#8217;est d\u00e9velopp\u00e9e \u00e0 partir des ann\u00e9es &hellip; <a href=\"https:\/\/lecercleetlecarre.fr\/index.php\/reiki\/\" class=\"more-link\">Lire la suite de <span class=\"screen-reader-text\">Reiki (\u9748\u6c23)<\/span><\/a><\/p>\n","protected":false},"author":1,"featured_media":1374,"parent":0,"menu_order":0,"comment_status":"closed","ping_status":"closed","template":"","meta":{"_s2mail":"yes","_EventAllDay":false,"_EventTimezone":"","_EventStartDate":"","_EventEndDate":"","_EventStartDateUTC":"","_EventEndDateUTC":"","_EventShowMap":false,"_EventShowMapLink":false,"_EventURL":"","_EventCost":"","_EventCostDescription":"","_EventCurrencySymbol":"","_EventCurrencyCode":"","_EventCurrencyPosition":"","_EventDateTimeSeparator":"","_EventTimeRangeSeparator":"","_EventOrganizerID":[],"_EventVenueID":[],"_OrganizerEmail":"","_OrganizerPhone":"","_OrganizerWebsite":"","_VenueAddress":"","_VenueCity":"","_VenueCountry":"","_VenueProvince":"","_VenueState":"","_VenueZip":"","_VenuePhone":"","_VenueURL":"","_VenueStateProvince":"","_VenueLat":"","_VenueLng":"","_VenueShowMap":false,"_VenueShowMapLink":false,"footnotes":""},"class_list":["post-78","page","type-page","status-publish","has-post-thumbnail","hentry"],"_links":{"self":[{"href":"https:\/\/lecercleetlecarre.fr\/index.php\/wp-json\/wp\/v2\/pages\/78","targetHints":{"allow":["GET"]}}],"collection":[{"href":"https:\/\/lecercleetlecarre.fr\/index.php\/wp-json\/wp\/v2\/pages"}],"about":[{"href":"https:\/\/lecercleetlecarre.fr\/index.php\/wp-json\/wp\/v2\/types\/page"}],"author":[{"embeddable":true,"href":"https:\/\/lecercleetlecarre.fr\/index.php\/wp-json\/wp\/v2\/users\/1"}],"replies":[{"embeddable":true,"href":"https:\/\/lecercleetlecarre.fr\/index.php\/wp-json\/wp\/v2\/comments?post=78"}],"version-history":[{"count":88,"href":"https:\/\/lecercleetlecarre.fr\/index.php\/wp-json\/wp\/v2\/pages\/78\/revisions"}],"predecessor-version":[{"id":2764,"href":"https:\/\/lecercleetlecarre.fr\/index.php\/wp-json\/wp\/v2\/pages\/78\/revisions\/2764"}],"wp:featuredmedia":[{"embeddable":true,"href":"https:\/\/lecercleetlecarre.fr\/index.php\/wp-json\/wp\/v2\/media\/1374"}],"wp:attachment":[{"href":"https:\/\/lecercleetlecarre.fr\/index.php\/wp-json\/wp\/v2\/media?parent=78"}],"curies":[{"name":"wp","href":"https:\/\/api.w.org\/{rel}","templated":true}]}}