{"id":81,"date":"2018-11-17T01:23:03","date_gmt":"2018-11-17T00:23:03","guid":{"rendered":"https:\/\/lecercleetlecarre.wordpress.com\/?page_id=81"},"modified":"2025-01-20T19:19:28","modified_gmt":"2025-01-20T18:19:28","slug":"geobiologie","status":"publish","type":"page","link":"https:\/\/lecercleetlecarre.fr\/index.php\/geobiologie\/","title":{"rendered":"G\u00e9obiologie"},"content":{"rendered":"\n<p>La <strong>G\u00e9obiologie<\/strong> est une discipline ancienne (datant au moins des \u00e9gyptiens, des celtes, puis des romains) et remise au go\u00fbt du jour \u00e0 partir des ann\u00e9es 1980, en France. Quand les chinois parlent du v\u00e9ritable F\u0113ngshu\u01d0 (\u98a8\u6c34), c&#8217;est ce dont ils parlent, avec bien entendu l&#8217;approche orientale par le q\u00ec, l\u00e0 o\u00f9 l&#8217;occidental parlera plut\u00f4t de (bio)\u00e9nergie.<\/p>\n\n\n\n<p>La <strong>G\u00e9obiologie<\/strong> a pour objet <strong>la Compr\u00e9hension, l&#8217;Harmonisation et l&#8217;Utilisation des \u00e9nergies Cosmiques et Telluriques :<\/strong>\u00a0<\/p>\n\n\n\n<ul class=\"wp-block-list\">\n<li>D\u00e9tection des nocivit\u00e9s \u00e9nerg\u00e9tiques d&#8217;un environnement (points g\u00e9opathog\u00e8nes), ainsi que des ressources \u00e9nerg\u00e9tiques<\/li>\n\n\n\n<li>R\u00e9harmoniser un lieu&nbsp;en prenant en compte l&#8217;habitant et son habitat : maison, propri\u00e9t\u00e9, exploitation agricole&#8230;<\/li>\n\n\n\n<li>Sacraliser un lieu pour des usages plus spirituels<\/li>\n<\/ul>\n\n\n\n<p>Les<strong> outils usuels<\/strong> du g\u00e9obiologue sont <strong>les classiques de la radiesth\u00e9sie<\/strong> (baguettes, pendule, antenne de Lecher&#8230;), mais \u00e9galement <strong>la G\u00e9om\u00e9trie sacr\u00e9e<\/strong> (trac\u00e9s r\u00e9gulateurs, etc.), ainsi que bien d&#8217;autres dispositifs.<\/p>\n\n\n\n<p> Ceux-ci nous permettent de d\u00e9tecter et de modifier la <strong>circulation de l&#8217;\u00e9nergie cosmo-tellurique<\/strong> afin qu&#8217;elle soit <strong>compatible<\/strong> avec et en <strong>harmonie <\/strong>avec le<strong> Vivant<\/strong>.&nbsp;&nbsp;<\/p>\n\n\n\n<figure class=\"wp-block-image\"><img loading=\"lazy\" decoding=\"async\" width=\"6000\" height=\"4000\" src=\"http:\/\/lecerclecq.cluster021.hosting.ovh.net\/wp-content\/uploads\/2018\/11\/man-water-waterfall-black-and-white-mist-white-109089-pxhere-com.jpg\" alt=\"\" class=\"wp-image-47\" srcset=\"https:\/\/lecercleetlecarre.fr\/wp-content\/uploads\/2018\/11\/man-water-waterfall-black-and-white-mist-white-109089-pxhere-com.jpg 6000w, https:\/\/lecercleetlecarre.fr\/wp-content\/uploads\/2018\/11\/man-water-waterfall-black-and-white-mist-white-109089-pxhere-com-300x200.jpg 300w, https:\/\/lecercleetlecarre.fr\/wp-content\/uploads\/2018\/11\/man-water-waterfall-black-and-white-mist-white-109089-pxhere-com-768x512.jpg 768w, https:\/\/lecercleetlecarre.fr\/wp-content\/uploads\/2018\/11\/man-water-waterfall-black-and-white-mist-white-109089-pxhere-com-1024x683.jpg 1024w, https:\/\/lecercleetlecarre.fr\/wp-content\/uploads\/2018\/11\/man-water-waterfall-black-and-white-mist-white-109089-pxhere-com-676x451.jpg 676w\" sizes=\"auto, (max-width: 6000px) 100vw, 6000px\" \/><\/figure>\n\n\n\n<p><\/p>\n\n\n\n<p>Si vous souhaitez rencontrer un g\u00e9obiologue ou vous initier \u00e0 la g\u00e9obiologie, n&#8217;h\u00e9sitez pas \u00e0 <a href=\"https:\/\/lecercleetlecarre.fr\/index.php\/contact\/\">nous contacter<\/a>.<\/p>\n","protected":false},"excerpt":{"rendered":"<p>La G\u00e9obiologie est une discipline ancienne (datant au moins des \u00e9gyptiens, des celtes, puis des romains) et remise au go\u00fbt du jour \u00e0 partir des ann\u00e9es 1980, en France. Quand &hellip; <a href=\"https:\/\/lecercleetlecarre.fr\/index.php\/geobiologie\/\" class=\"more-link\">Lire la suite de <span class=\"screen-reader-text\">G\u00e9obiologie<\/span><\/a><\/p>\n","protected":false},"author":1,"featured_media":0,"parent":0,"menu_order":0,"comment_status":"closed","ping_status":"closed","template":"","meta":{"_s2mail":"yes","_EventAllDay":false,"_EventTimezone":"","_EventStartDate":"","_EventEndDate":"","_EventStartDateUTC":"","_EventEndDateUTC":"","_EventShowMap":false,"_EventShowMapLink":false,"_EventURL":"","_EventCost":"","_EventCostDescription":"","_EventCurrencySymbol":"","_EventCurrencyCode":"","_EventCurrencyPosition":"","_EventDateTimeSeparator":"","_EventTimeRangeSeparator":"","_EventOrganizerID":[],"_EventVenueID":[],"_OrganizerEmail":"","_OrganizerPhone":"","_OrganizerWebsite":"","_VenueAddress":"","_VenueCity":"","_VenueCountry":"","_VenueProvince":"","_VenueState":"","_VenueZip":"","_VenuePhone":"","_VenueURL":"","_VenueStateProvince":"","_VenueLat":"","_VenueLng":"","_VenueShowMap":false,"_VenueShowMapLink":false,"footnotes":""},"class_list":["post-81","page","type-page","status-publish","hentry"],"_links":{"self":[{"href":"https:\/\/lecercleetlecarre.fr\/index.php\/wp-json\/wp\/v2\/pages\/81","targetHints":{"allow":["GET"]}}],"collection":[{"href":"https:\/\/lecercleetlecarre.fr\/index.php\/wp-json\/wp\/v2\/pages"}],"about":[{"href":"https:\/\/lecercleetlecarre.fr\/index.php\/wp-json\/wp\/v2\/types\/page"}],"author":[{"embeddable":true,"href":"https:\/\/lecercleetlecarre.fr\/index.php\/wp-json\/wp\/v2\/users\/1"}],"replies":[{"embeddable":true,"href":"https:\/\/lecercleetlecarre.fr\/index.php\/wp-json\/wp\/v2\/comments?post=81"}],"version-history":[{"count":6,"href":"https:\/\/lecercleetlecarre.fr\/index.php\/wp-json\/wp\/v2\/pages\/81\/revisions"}],"predecessor-version":[{"id":4824,"href":"https:\/\/lecercleetlecarre.fr\/index.php\/wp-json\/wp\/v2\/pages\/81\/revisions\/4824"}],"wp:attachment":[{"href":"https:\/\/lecercleetlecarre.fr\/index.php\/wp-json\/wp\/v2\/media?parent=81"}],"curies":[{"name":"wp","href":"https:\/\/api.w.org\/{rel}","templated":true}]}}