{"id":857,"date":"2019-01-06T14:47:36","date_gmt":"2019-01-06T13:47:36","guid":{"rendered":"https:\/\/lecercleetlecarre.wordpress.com\/?page_id=857"},"modified":"2024-09-03T15:39:13","modified_gmt":"2024-09-03T13:39:13","slug":"sinscrire-a-un-stage-un-seminaire-ou-au-cursus","status":"publish","type":"page","link":"https:\/\/lecercleetlecarre.fr\/index.php\/sinscrire-a-un-stage-un-seminaire-ou-au-cursus\/","title":{"rendered":"S&#8217;inscrire \u00e0 un stage, un s\u00e9minaire ou au cursus"},"content":{"rendered":"\n<p>Pour ce faire, merci de bien vouloir <strong>nous envoyer un mail demandant l&#8217;inscription<\/strong> <strong>\u00e0 <\/strong><a rel=\"noreferrer noopener\" href=\"mailto:contact@lecercleetlecarre.fr\" target=\"_blank\">contact@lecercleetlecarre.fr<\/a><strong> <\/strong>(ou directement \u00e0 Laurent s&#8217;il vous a donn\u00e9 son email). Vous pouvez consulter les d\u00e9tails pratiques du s\u00e9minaire en cliquant sur les <strong><em><span style=\"text-decoration: underline;\">\u00e9v\u00e9nements en gras dans la colonne de droite du site<\/span><\/em><\/strong> ======================>>><\/p>\n\n\n\n<p>Par ailleurs, pourriez-vous SVP :<\/p>\n\n\n\n<ul class=\"wp-block-list\">\n<li>Indiquer <strong>dans le titre de votre message<\/strong> le <strong>niveau (N)<\/strong> et sa <strong>partie (P)<\/strong>, ainsi que la date (ex. : <em>&#8220;Je souhaite m&#8217;inscrire au s\u00e9minaire N4P1 des 06-07\/04\/202X&#8221;<\/em>), sauf s&#8217;il s&#8217;agit de l&#8217;inscription au cursus de 3 ans, bien \u00e9videmment (merci de bien vouloir alors le pr\u00e9cisez pour b\u00e9n\u00e9ficier de la r\u00e9duction)<\/li>\n\n\n\n<li>Indiquer \u00e9galement votre <strong>ville<\/strong>, votre <strong>code postal<\/strong> ainsi que  <br>votre <strong>num\u00e9ro de t\u00e9l\u00e9phone<\/strong><\/li>\n<\/ul>\n\n\n\n<p>Nous vous confirmerons par retour de mail votre inscription, sous r\u00e9serve de place disponible. Merci de bien vouloir <em><strong>nous envoyer un message la semaine qui pr\u00e9c\u00e8de le s\u00e9minaire, si vous ne connaissez pas les codes d&#8217;acc\u00e8s<\/strong><\/em> du lieu du s\u00e9minaire. Les trois lieux actuellement utilis\u00e9s sont pr\u00e8s de Gare du Nord.<\/p>\n\n\n\n<p>Au plaisir de vous rencontrer ou de vous revoir, pour un beau moment \u00e0 partager ensemble !<\/p>\n\n\n\n<p>Cliquer sur le lien suivant pour en apprendre plus sur <strong><a href=\"https:\/\/lecercleetlecarre.fr\/index.php\/intervenants-lieux-horaires-et-tarifs-des-seminaires-ymaa-paris-nord\/\">les lieux, horaires, tarifs et intervenants des s\u00e9minaires YMAA Paris Nord<\/a><\/strong>.<\/p>\n","protected":false},"excerpt":{"rendered":"<p>Pour ce faire, merci de bien vouloir nous envoyer un mail demandant l&#8217;inscription \u00e0 contact@lecercleetlecarre.fr (ou directement \u00e0 Laurent s&#8217;il vous a donn\u00e9 son email). Vous pouvez consulter les d\u00e9tails &hellip; <a href=\"https:\/\/lecercleetlecarre.fr\/index.php\/sinscrire-a-un-stage-un-seminaire-ou-au-cursus\/\" class=\"more-link\">Lire la suite de <span class=\"screen-reader-text\">S&#8217;inscrire \u00e0 un stage, un s\u00e9minaire ou au cursus<\/span><\/a><\/p>\n","protected":false},"author":3,"featured_media":0,"parent":0,"menu_order":0,"comment_status":"closed","ping_status":"closed","template":"","meta":{"_s2mail":"yes","_EventAllDay":false,"_EventTimezone":"","_EventStartDate":"","_EventEndDate":"","_EventStartDateUTC":"","_EventEndDateUTC":"","_EventShowMap":false,"_EventShowMapLink":false,"_EventURL":"","_EventCost":"","_EventCostDescription":"","_EventCurrencySymbol":"","_EventCurrencyCode":"","_EventCurrencyPosition":"","_EventDateTimeSeparator":"","_EventTimeRangeSeparator":"","_EventOrganizerID":[],"_EventVenueID":[],"_OrganizerEmail":"","_OrganizerPhone":"","_OrganizerWebsite":"","_VenueAddress":"","_VenueCity":"","_VenueCountry":"","_VenueProvince":"","_VenueState":"","_VenueZip":"","_VenuePhone":"","_VenueURL":"","_VenueStateProvince":"","_VenueLat":"","_VenueLng":"","_VenueShowMap":false,"_VenueShowMapLink":false,"footnotes":""},"class_list":["post-857","page","type-page","status-publish","hentry"],"_links":{"self":[{"href":"https:\/\/lecercleetlecarre.fr\/index.php\/wp-json\/wp\/v2\/pages\/857","targetHints":{"allow":["GET"]}}],"collection":[{"href":"https:\/\/lecercleetlecarre.fr\/index.php\/wp-json\/wp\/v2\/pages"}],"about":[{"href":"https:\/\/lecercleetlecarre.fr\/index.php\/wp-json\/wp\/v2\/types\/page"}],"author":[{"embeddable":true,"href":"https:\/\/lecercleetlecarre.fr\/index.php\/wp-json\/wp\/v2\/users\/3"}],"replies":[{"embeddable":true,"href":"https:\/\/lecercleetlecarre.fr\/index.php\/wp-json\/wp\/v2\/comments?post=857"}],"version-history":[{"count":27,"href":"https:\/\/lecercleetlecarre.fr\/index.php\/wp-json\/wp\/v2\/pages\/857\/revisions"}],"predecessor-version":[{"id":4408,"href":"https:\/\/lecercleetlecarre.fr\/index.php\/wp-json\/wp\/v2\/pages\/857\/revisions\/4408"}],"wp:attachment":[{"href":"https:\/\/lecercleetlecarre.fr\/index.php\/wp-json\/wp\/v2\/media?parent=857"}],"curies":[{"name":"wp","href":"https:\/\/api.w.org\/{rel}","templated":true}]}}