{"id":88,"date":"2018-11-17T01:28:21","date_gmt":"2018-11-17T00:28:21","guid":{"rendered":"https:\/\/lecercleetlecarre.wordpress.com\/?page_id=88"},"modified":"2019-09-16T16:33:26","modified_gmt":"2019-09-16T14:33:26","slug":"consultations","status":"publish","type":"page","link":"https:\/\/lecercleetlecarre.fr\/index.php\/consultations\/","title":{"rendered":"Consultations"},"content":{"rendered":"\n<p>L&#8217;Association propose la possibilit\u00e9  de <strong>rencontrer des praticiens de diff\u00e9rentes disciplines<\/strong> pour des consultations  personnelles. <\/p>\n\n\n\n<ul class=\"wp-block-list\"><li> <strong>M\u00e9decine Chinoise<\/strong>\u00a0: Q\u00ecg\u014dng,\u00a0 Tu\u012bn\u00e1, Acupuncture, Pharmacop\u00e9e\u00a0<\/li><li><strong>Coaching<\/strong>\u00a0: Hypnose Ericksonienne, CNV, Sophrologie, M\u00e9thode polyvagale,&#8230; <\/li><\/ul>\n\n\n\n<p>Pour plus d&#8217;informations et une \u00e9ventuelle mise en relation, veuillez nous <strong><a href=\"https:\/\/lecercleetlecarre.fr\/index.php\/contact\/\">contacter.<\/a><\/strong><\/p>\n\n\n\n<p><\/p>\n","protected":false},"excerpt":{"rendered":"<p>L&#8217;Association propose la possibilit\u00e9 de rencontrer des praticiens de diff\u00e9rentes disciplines pour des consultations personnelles. M\u00e9decine Chinoise\u00a0: Q\u00ecg\u014dng,\u00a0 Tu\u012bn\u00e1, Acupuncture, Pharmacop\u00e9e\u00a0 Coaching\u00a0: Hypnose Ericksonienne, CNV, Sophrologie, M\u00e9thode polyvagale,&#8230; Pour plus &hellip; <a href=\"https:\/\/lecercleetlecarre.fr\/index.php\/consultations\/\" class=\"more-link\">Lire la suite de <span class=\"screen-reader-text\">Consultations<\/span><\/a><\/p>\n","protected":false},"author":1,"featured_media":0,"parent":0,"menu_order":0,"comment_status":"closed","ping_status":"closed","template":"","meta":{"_s2mail":"yes","_EventAllDay":false,"_EventTimezone":"","_EventStartDate":"","_EventEndDate":"","_EventStartDateUTC":"","_EventEndDateUTC":"","_EventShowMap":false,"_EventShowMapLink":false,"_EventURL":"","_EventCost":"","_EventCostDescription":"","_EventCurrencySymbol":"","_EventCurrencyCode":"","_EventCurrencyPosition":"","_EventDateTimeSeparator":"","_EventTimeRangeSeparator":"","_EventOrganizerID":[],"_EventVenueID":[],"_OrganizerEmail":"","_OrganizerPhone":"","_OrganizerWebsite":"","_VenueAddress":"","_VenueCity":"","_VenueCountry":"","_VenueProvince":"","_VenueState":"","_VenueZip":"","_VenuePhone":"","_VenueURL":"","_VenueStateProvince":"","_VenueLat":"","_VenueLng":"","_VenueShowMap":false,"_VenueShowMapLink":false,"footnotes":""},"class_list":["post-88","page","type-page","status-publish","hentry"],"_links":{"self":[{"href":"https:\/\/lecercleetlecarre.fr\/index.php\/wp-json\/wp\/v2\/pages\/88","targetHints":{"allow":["GET"]}}],"collection":[{"href":"https:\/\/lecercleetlecarre.fr\/index.php\/wp-json\/wp\/v2\/pages"}],"about":[{"href":"https:\/\/lecercleetlecarre.fr\/index.php\/wp-json\/wp\/v2\/types\/page"}],"author":[{"embeddable":true,"href":"https:\/\/lecercleetlecarre.fr\/index.php\/wp-json\/wp\/v2\/users\/1"}],"replies":[{"embeddable":true,"href":"https:\/\/lecercleetlecarre.fr\/index.php\/wp-json\/wp\/v2\/comments?post=88"}],"version-history":[{"count":3,"href":"https:\/\/lecercleetlecarre.fr\/index.php\/wp-json\/wp\/v2\/pages\/88\/revisions"}],"predecessor-version":[{"id":1198,"href":"https:\/\/lecercleetlecarre.fr\/index.php\/wp-json\/wp\/v2\/pages\/88\/revisions\/1198"}],"wp:attachment":[{"href":"https:\/\/lecercleetlecarre.fr\/index.php\/wp-json\/wp\/v2\/media?parent=88"}],"curies":[{"name":"wp","href":"https:\/\/api.w.org\/{rel}","templated":true}]}}